{"id":998,"date":"2024-11-06T12:43:54","date_gmt":"2024-11-06T12:43:54","guid":{"rendered":"https:\/\/tarpak.pl\/?post_type=product&#038;p=998"},"modified":"2025-01-11T08:41:34","modified_gmt":"2025-01-11T08:41:34","slug":"zaklejarka-kartonow-fpi-500","status":"publish","type":"product","link":"https:\/\/tarpak.pl\/en\/product\/zaklejarka-kartonow-fpi-500\/","title":{"rendered":"Carton sealing machine FPI-500"},"content":{"rendered":"<div class=\"row\">\nThe most advanced of the carton sealers. The carton sealer is equipped with an automatic carton flap closure system and an automatic carton width and height adjustment system. The carton is driven by two belts placed on its sides, ensuring smooth operation without interference. The automatic adjustment of the carton size excludes the need for, adjustment by the operator. The automatic machine is recommended for applications with frequent carton format changes. The case sealer is ideal for automatic packaging lines, saves costs and increases production efficiency. The machine can be used in most industries, e.g. for packaging foodstuffs, household chemicals, white goods, toys, electronics.<\/p>\n<table class=\"bordered\">\n<tbody>\n<tr>\n<th colspan=\"2\">Features<\/th>\n<\/tr>\n<tr>\n<td>\n<ul>\n<li>Automatic closing of carton flaps,<\/li>\n<li>Easy operation, automatic adjustment of carton width and height,<\/li>\n<li>Side drive belts,<\/li>\n<li>Sealing from the top and bottom with the possibility of switching off,<\/li>\n<li>Safe belt cut-off system to protect the operator's hands from accidents,<\/li>\n<li>Ability to work independently or in line with other machines.<\/li>\n<\/ul>\n<\/td>\n<\/tr>\n<\/tbody>\n<\/table>\n<div class=\"elementor-divider\">\n<img decoding=\"async\" class=\"size-full wp-image-3402\" title=\"dot separator\" src=\"https:\/\/tarpak.pl\/wp-content\/uploads\/2024\/11\/separator_dot.png\" alt=\"dot separator\" width=\"184\" height=\"50\" \/>\n<\/div>\n<table class=\"bordered\">\n<tbody>\n<tr>\n<th colspan=\"2\">Specification FPI-500<\/th>\n<th colspan=\"7\"><\/th>\n<\/tr>\n<tr>\n<td><strong>Model<\/strong><\/td>\n<td><strong>Sealing<\/strong><\/td>\n<td><strong>Drive belts<\/strong><\/td>\n<td><strong>Size adjustment<\/strong><\/td>\n<td><strong>Conveyor speed<\/strong><\/td>\n<td><strong>Performance up to<\/strong><\/td>\n<td><strong>Adhesive tape width<\/strong><\/td>\n<td><strong>Compression 0.6 (MPa)<\/strong><\/td>\n<td><strong>Working height<\/strong><\/td>\n<\/tr>\n<tr>\n<td>FPI-500<\/td>\n<td>bottom and top<\/td>\n<td>side<\/td>\n<td>automatic<\/td>\n<td>20m\/min<\/td>\n<td>6 pieces\/min<\/td>\n<td>48\/60\/75 mm<\/td>\n<td>300 Nl\/min<\/td>\n<td>600 +\/- 150 mm<\/td>\n<\/tr>\n<\/tbody>\n<\/table>\n<\/div>","protected":false},"excerpt":{"rendered":"<p>Advanced automatic carton sealer with automatic flap closure and automatic carton size adjustment system.<\/p>","protected":false},"featured_media":1036,"template":"","meta":{"_bst_post_transparent":"default","_bst_post_title":"","_bst_post_layout":"default","_bst_post_sidebar_id":"","_bst_post_content_style":"default","_bst_post_vertical_padding":"default","_bst_post_feature":"","_bst_post_feature_position":"","_bst_post_header":false,"_bst_post_footer":false},"product_cat":[103],"product_tag":[],"class_list":{"0":"post-998","1":"product","2":"type-product","3":"status-publish","4":"has-post-thumbnail","6":"product_cat-zaklejarki-kartonow","8":"first","9":"onbackorder","10":"sold-individually","11":"taxable","12":"shipping-taxable","13":"purchasable","14":"product-type-simple","15":"entry","16":"content-bg","17":"loop-entry"},"yoast_head":"<!-- This site is optimized with the Yoast SEO plugin v24.3 - https:\/\/yoast.com\/wordpress\/plugins\/seo\/ -->\n<title>Zaklejarka karton\u00f3w FPI-500 - TARPAK - Maszyny pakuj\u0105ce | kartoniarki i flowpacki<\/title>\n<meta name=\"robots\" content=\"index, follow, max-snippet:-1, max-image-preview:large, max-video-preview:-1\" \/>\n<link rel=\"canonical\" href=\"https:\/\/tarpak.pl\/en\/product\/zaklejarka-kartonow-fpi-500\/\" \/>\n<meta property=\"og:locale\" content=\"en_GB\" \/>\n<meta property=\"og:type\" content=\"article\" \/>\n<meta property=\"og:title\" content=\"Zaklejarka karton\u00f3w FPI-500 - TARPAK - Maszyny pakuj\u0105ce | kartoniarki i flowpacki\" \/>\n<meta property=\"og:description\" content=\"Zaawansowana automatyczna zaklejarka karton\u00f3w z automatycznym zamykaniem klap oraz systemem automatycznego dostosowania do rozmiaru kartonu.\" \/>\n<meta property=\"og:url\" content=\"https:\/\/tarpak.pl\/en\/product\/zaklejarka-kartonow-fpi-500\/\" \/>\n<meta property=\"og:site_name\" content=\"TARPAK - Maszyny pakuj\u0105ce | kartoniarki i flowpacki\" \/>\n<meta property=\"article:modified_time\" content=\"2025-01-11T08:41:34+00:00\" \/>\n<meta property=\"og:image\" content=\"https:\/\/tarpak.pl\/wp-content\/uploads\/2024\/11\/2FPI-500.png\" \/>\n\t<meta property=\"og:image:width\" content=\"938\" \/>\n\t<meta property=\"og:image:height\" content=\"749\" \/>\n\t<meta property=\"og:image:type\" content=\"image\/png\" \/>\n<meta name=\"twitter:card\" content=\"summary_large_image\" \/>\n<meta name=\"twitter:label1\" content=\"Estimated reading time\" \/>\n\t<meta name=\"twitter:data1\" content=\"2 minutes\" \/>\n<script type=\"application\/ld+json\" class=\"yoast-schema-graph\">{\"@context\":\"https:\/\/schema.org\",\"@graph\":[{\"@type\":\"WebPage\",\"@id\":\"https:\/\/tarpak.pl\/produkt\/zaklejarka-kartonow-fpi-500\/\",\"url\":\"https:\/\/tarpak.pl\/produkt\/zaklejarka-kartonow-fpi-500\/\",\"name\":\"Zaklejarka karton\u00f3w FPI-500 - TARPAK - Maszyny pakuj\u0105ce | kartoniarki i flowpacki\",\"isPartOf\":{\"@id\":\"https:\/\/tarpak.pl\/#website\"},\"primaryImageOfPage\":{\"@id\":\"https:\/\/tarpak.pl\/produkt\/zaklejarka-kartonow-fpi-500\/#primaryimage\"},\"image\":{\"@id\":\"https:\/\/tarpak.pl\/produkt\/zaklejarka-kartonow-fpi-500\/#primaryimage\"},\"thumbnailUrl\":\"https:\/\/tarpak.pl\/wp-content\/uploads\/2024\/11\/2FPI-500.png\",\"datePublished\":\"2024-11-06T12:43:54+00:00\",\"dateModified\":\"2025-01-11T08:41:34+00:00\",\"breadcrumb\":{\"@id\":\"https:\/\/tarpak.pl\/produkt\/zaklejarka-kartonow-fpi-500\/#breadcrumb\"},\"inLanguage\":\"en-GB\",\"potentialAction\":[{\"@type\":\"ReadAction\",\"target\":[\"https:\/\/tarpak.pl\/produkt\/zaklejarka-kartonow-fpi-500\/\"]}]},{\"@type\":\"ImageObject\",\"inLanguage\":\"en-GB\",\"@id\":\"https:\/\/tarpak.pl\/produkt\/zaklejarka-kartonow-fpi-500\/#primaryimage\",\"url\":\"https:\/\/tarpak.pl\/wp-content\/uploads\/2024\/11\/2FPI-500.png\",\"contentUrl\":\"https:\/\/tarpak.pl\/wp-content\/uploads\/2024\/11\/2FPI-500.png\",\"width\":938,\"height\":749,\"caption\":\"2FPI 500\"},{\"@type\":\"BreadcrumbList\",\"@id\":\"https:\/\/tarpak.pl\/produkt\/zaklejarka-kartonow-fpi-500\/#breadcrumb\",\"itemListElement\":[{\"@type\":\"ListItem\",\"position\":1,\"name\":\"Strona g\u0142\u00f3wna\",\"item\":\"https:\/\/tarpak.pl\/\"},{\"@type\":\"ListItem\",\"position\":2,\"name\":\"Sklep\",\"item\":\"https:\/\/tarpak.pl\/sklep\/\"},{\"@type\":\"ListItem\",\"position\":3,\"name\":\"Zaklejarka karton\u00f3w FPI-500\"}]},{\"@type\":\"WebSite\",\"@id\":\"https:\/\/tarpak.pl\/#website\",\"url\":\"https:\/\/tarpak.pl\/\",\"name\":\"TARPAK - Maszyny pakuj\u0105ce | kartoniarki i flowpacki\",\"description\":\"Maszyny pakuj\u0105ce | kartoniarki i flowpacki\",\"publisher\":{\"@id\":\"https:\/\/tarpak.pl\/#organization\"},\"potentialAction\":[{\"@type\":\"SearchAction\",\"target\":{\"@type\":\"EntryPoint\",\"urlTemplate\":\"https:\/\/tarpak.pl\/?s={search_term_string}\"},\"query-input\":{\"@type\":\"PropertyValueSpecification\",\"valueRequired\":true,\"valueName\":\"search_term_string\"}}],\"inLanguage\":\"en-GB\"},{\"@type\":\"Organization\",\"@id\":\"https:\/\/tarpak.pl\/#organization\",\"name\":\"TARPAK - Maszyny pakuj\u0105ce | kartoniarki i flowpacki\",\"url\":\"https:\/\/tarpak.pl\/\",\"logo\":{\"@type\":\"ImageObject\",\"inLanguage\":\"en-GB\",\"@id\":\"https:\/\/tarpak.pl\/#\/schema\/logo\/image\/\",\"url\":\"https:\/\/tarpak.pl\/wp-content\/uploads\/2024\/10\/logo-main-2.png\",\"contentUrl\":\"https:\/\/tarpak.pl\/wp-content\/uploads\/2024\/10\/logo-main-2.png\",\"width\":140,\"height\":47,\"caption\":\"TARPAK - Maszyny pakuj\u0105ce | kartoniarki i flowpacki\"},\"image\":{\"@id\":\"https:\/\/tarpak.pl\/#\/schema\/logo\/image\/\"}}]}<\/script>\n<!-- \/ Yoast SEO plugin. -->","yoast_head_json":{"title":"Case sealer FPI-500 - TARPAK - Packaging machines | cartoners and flowpacks","robots":{"index":"index","follow":"follow","max-snippet":"max-snippet:-1","max-image-preview":"max-image-preview:large","max-video-preview":"max-video-preview:-1"},"canonical":"https:\/\/tarpak.pl\/en\/product\/zaklejarka-kartonow-fpi-500\/","og_locale":"en_GB","og_type":"article","og_title":"Zaklejarka karton\u00f3w FPI-500 - TARPAK - Maszyny pakuj\u0105ce | kartoniarki i flowpacki","og_description":"Zaawansowana automatyczna zaklejarka karton\u00f3w z automatycznym zamykaniem klap oraz systemem automatycznego dostosowania do rozmiaru kartonu.","og_url":"https:\/\/tarpak.pl\/en\/product\/zaklejarka-kartonow-fpi-500\/","og_site_name":"TARPAK - Maszyny pakuj\u0105ce | kartoniarki i flowpacki","article_modified_time":"2025-01-11T08:41:34+00:00","og_image":[{"width":938,"height":749,"url":"https:\/\/tarpak.pl\/wp-content\/uploads\/2024\/11\/2FPI-500.png","type":"image\/png"}],"twitter_card":"summary_large_image","twitter_misc":{"Estimated reading time":"2 minutes"},"schema":{"@context":"https:\/\/schema.org","@graph":[{"@type":"WebPage","@id":"https:\/\/tarpak.pl\/produkt\/zaklejarka-kartonow-fpi-500\/","url":"https:\/\/tarpak.pl\/produkt\/zaklejarka-kartonow-fpi-500\/","name":"Case sealer FPI-500 - TARPAK - Packaging machines | cartoners and flowpacks","isPartOf":{"@id":"https:\/\/tarpak.pl\/#website"},"primaryImageOfPage":{"@id":"https:\/\/tarpak.pl\/produkt\/zaklejarka-kartonow-fpi-500\/#primaryimage"},"image":{"@id":"https:\/\/tarpak.pl\/produkt\/zaklejarka-kartonow-fpi-500\/#primaryimage"},"thumbnailUrl":"https:\/\/tarpak.pl\/wp-content\/uploads\/2024\/11\/2FPI-500.png","datePublished":"2024-11-06T12:43:54+00:00","dateModified":"2025-01-11T08:41:34+00:00","breadcrumb":{"@id":"https:\/\/tarpak.pl\/produkt\/zaklejarka-kartonow-fpi-500\/#breadcrumb"},"inLanguage":"en-GB","potentialAction":[{"@type":"ReadAction","target":["https:\/\/tarpak.pl\/produkt\/zaklejarka-kartonow-fpi-500\/"]}]},{"@type":"ImageObject","inLanguage":"en-GB","@id":"https:\/\/tarpak.pl\/produkt\/zaklejarka-kartonow-fpi-500\/#primaryimage","url":"https:\/\/tarpak.pl\/wp-content\/uploads\/2024\/11\/2FPI-500.png","contentUrl":"https:\/\/tarpak.pl\/wp-content\/uploads\/2024\/11\/2FPI-500.png","width":938,"height":749,"caption":"2FPI 500"},{"@type":"BreadcrumbList","@id":"https:\/\/tarpak.pl\/produkt\/zaklejarka-kartonow-fpi-500\/#breadcrumb","itemListElement":[{"@type":"ListItem","position":1,"name":"Strona g\u0142\u00f3wna","item":"https:\/\/tarpak.pl\/"},{"@type":"ListItem","position":2,"name":"Sklep","item":"https:\/\/tarpak.pl\/sklep\/"},{"@type":"ListItem","position":3,"name":"Zaklejarka karton\u00f3w FPI-500"}]},{"@type":"WebSite","@id":"https:\/\/tarpak.pl\/#website","url":"https:\/\/tarpak.pl\/","name":"TARPAK - Packaging machines | cartoners and flowpacks","description":"Packaging machines | cartoners and flowpacks","publisher":{"@id":"https:\/\/tarpak.pl\/#organization"},"potentialAction":[{"@type":"SearchAction","target":{"@type":"EntryPoint","urlTemplate":"https:\/\/tarpak.pl\/?s={search_term_string}"},"query-input":{"@type":"PropertyValueSpecification","valueRequired":true,"valueName":"search_term_string"}}],"inLanguage":"en-GB"},{"@type":"Organization","@id":"https:\/\/tarpak.pl\/#organization","name":"TARPAK - Packaging machines | cartoners and flowpacks","url":"https:\/\/tarpak.pl\/","logo":{"@type":"ImageObject","inLanguage":"en-GB","@id":"https:\/\/tarpak.pl\/#\/schema\/logo\/image\/","url":"https:\/\/tarpak.pl\/wp-content\/uploads\/2024\/10\/logo-main-2.png","contentUrl":"https:\/\/tarpak.pl\/wp-content\/uploads\/2024\/10\/logo-main-2.png","width":140,"height":47,"caption":"TARPAK - Maszyny pakuj\u0105ce | kartoniarki i flowpacki"},"image":{"@id":"https:\/\/tarpak.pl\/#\/schema\/logo\/image\/"}}]}},"_links":{"self":[{"href":"https:\/\/tarpak.pl\/en\/wp-json\/wp\/v2\/product\/998"}],"collection":[{"href":"https:\/\/tarpak.pl\/en\/wp-json\/wp\/v2\/product"}],"about":[{"href":"https:\/\/tarpak.pl\/en\/wp-json\/wp\/v2\/types\/product"}],"version-history":[{"count":0,"href":"https:\/\/tarpak.pl\/en\/wp-json\/wp\/v2\/product\/998\/revisions"}],"wp:featuredmedia":[{"embeddable":true,"href":"https:\/\/tarpak.pl\/en\/wp-json\/wp\/v2\/media\/1036"}],"wp:attachment":[{"href":"https:\/\/tarpak.pl\/en\/wp-json\/wp\/v2\/media?parent=998"}],"wp:term":[{"taxonomy":"product_cat","embeddable":true,"href":"https:\/\/tarpak.pl\/en\/wp-json\/wp\/v2\/product_cat?post=998"},{"taxonomy":"product_tag","embeddable":true,"href":"https:\/\/tarpak.pl\/en\/wp-json\/wp\/v2\/product_tag?post=998"}],"curies":[{"name":"wp","href":"https:\/\/api.w.org\/{rel}","templated":true}]}}