{"id":968,"date":"2024-11-06T12:43:31","date_gmt":"2024-11-06T12:43:31","guid":{"rendered":"https:\/\/tarpak.pl\/?post_type=product&#038;p=968"},"modified":"2025-01-14T08:19:39","modified_gmt":"2025-01-14T08:19:39","slug":"baza-wibracyjna-ntb-23a","status":"publish","type":"product","link":"https:\/\/tarpak.pl\/en\/product\/baza-wibracyjna-ntb-23a\/","title":{"rendered":"Vibration base NTB-23A"},"content":{"rendered":"<div class=\"row\">\n<p>Vibration base <strong>NTB-23A<\/strong> is a vibration drive model with a wide range of applications. It is characterised by the ability to vary amplitude and frequency and an increased load range. This makes it possible to use a vibration base <strong>NTB-23A<\/strong> in most applications under varying operating conditions.<\/p>\n<table class=\"bordered\">\n<tbody>\n<tr>\n<th colspan=\"2\">Features<\/th>\n<\/tr>\n<tr>\n<td>\n<ul>\n<li>Smooth and precise control of speed and stability of product feed when used with a frequency controller,<\/li>\n<li>Particularly suitable for fast and stable: positioning, sorting and feeding of fine and precision workpieces,<\/li>\n<li>The simplified design ensures convenient adjustment and maintenance,<\/li>\n<li>Manufacture from high-quality materials and comprehensive testing ensure a high level of safety and stability in operation,<\/li>\n<li>Weight (kg): 18<\/li>\n<li>Input voltage (V): 0-220<\/li>\n<li>Current intensity (A): 3<\/li>\n<li>Vibration frequency (Hz): 60-220<\/li>\n<li>Maximum diameter of bowl (mm): 370<\/li>\n<li>Maximum load weight (kg): 10<\/li>\n<li>Compatible controller: SDVC 31-M<\/li>\n<\/ul>\n<\/td>\n<\/tr>\n<\/tbody>\n<\/table>\n<div class=\"elementor-divider\"><img decoding=\"async\" class=\"size-full wp-image-3402\" title=\"dot separator\" src=\"https:\/\/tarpak.pl\/wp-content\/uploads\/2024\/11\/separator_dot.png\" alt=\"dot separator\" width=\"184\" height=\"50\" \/><\/div>\n<table class=\"bordered\">\n<tbody>\n<tr>\n<th colspan=\"2\">Specification NTB-23A<\/th>\n<th colspan=\"7\"><\/th>\n<\/tr>\n<tr>\n<td><strong>Model<\/strong><\/td>\n<td><strong>Drive type<\/strong><\/td>\n<td><strong>Supply voltage<\/strong><\/td>\n<td><strong>Current intensity<\/strong><\/td>\n<td><strong>Vibration frequency<\/strong><\/td>\n<td><strong>Maximum diameter of bowl<\/strong><\/td>\n<td><strong>Maximum load<\/strong><\/td>\n<td><strong>Compatible controller<\/strong><\/td>\n<\/tr>\n<tr>\n<td>NTB-23A<\/td>\n<td>Electromagnetic<\/td>\n<td>0-220<\/td>\n<td>3<\/td>\n<td>60-220<\/td>\n<td>370<\/td>\n<td>10<\/td>\n<td>SDVC31-M<\/td>\n<\/tr>\n<\/tbody>\n<\/table>\n<div class=\"elementor-divider\"><img decoding=\"async\" class=\"size-full wp-image-3402\" title=\"dot separator\" src=\"https:\/\/tarpak.pl\/wp-content\/uploads\/2024\/11\/separator_dot.png\" alt=\"dot separator\" width=\"184\" height=\"50\" \/><\/div>\n<div class=\"medium_title\">\n<h3>Dimensions<\/h3>\n<\/div>\n<table class=\"bordered\">\n<tbody>\n<tr>\n<td><strong>\u03d5A<\/strong><\/td>\n<td><strong>\u03d5B<\/strong><\/td>\n<td><strong>\u03d5C<\/strong><\/td>\n<td><strong>M<\/strong><\/td>\n<td><strong>D<\/strong><\/td>\n<td><strong>\u03d5D1<\/strong><\/td>\n<td><strong>\u03d5E<\/strong><\/td>\n<td><strong>F<\/strong><\/td>\n<td><strong>N<\/strong><\/td>\n<td><strong>G<\/strong><\/td>\n<td><strong>H<\/strong><\/td>\n<td><strong>I<\/strong><\/td>\n<td><strong>J<\/strong><\/td>\n<td><strong>\u03d5I<\/strong><\/td>\n<\/tr>\n<tr>\n<td>234,4<\/td>\n<td>226<\/td>\n<td>160<\/td>\n<td>12<\/td>\n<td>6,5<\/td>\n<td>8,5<\/td>\n<td>190<\/td>\n<td>65<\/td>\n<td>55<\/td>\n<td>15<\/td>\n<td>191<\/td>\n<td>40<\/td>\n<td>2<\/td>\n<td>196<\/td>\n<\/tr>\n<\/tbody>\n<\/table>\n<p><img decoding=\"async\" title=\"NTB 23A NTB 30A dimensions\"  src=\"https:\/\/tarpak.pl\/wp-content\/uploads\/2024\/11\/NTB-23A-NTB-30A-wymiary-692x1024.png\" alt=\"NTB 23A NTB 30A dimensions\" width=\"70%\" class=\"size-large wp-image-1015\" srcset=\"https:\/\/tarpak.pl\/wp-content\/uploads\/2024\/11\/NTB-23A-NTB-30A-wymiary-692x1024.png 692w, https:\/\/tarpak.pl\/wp-content\/uploads\/2024\/11\/NTB-23A-NTB-30A-wymiary-203x300.png 203w, https:\/\/tarpak.pl\/wp-content\/uploads\/2024\/11\/NTB-23A-NTB-30A-wymiary-600x888.png 600w, https:\/\/tarpak.pl\/wp-content\/uploads\/2024\/11\/NTB-23A-NTB-30A-wymiary.png 699w\" sizes=\"(max-width: 692px) 100vw, 692px\" \/>\n<\/div>","protected":false},"excerpt":{"rendered":"<p>Vibration base <strong>NTB-23A<\/strong> is a vibration drive model with a wide range of applications. It is characterised by its ability to vary amplitude and frequency and an increased load range. This allows the NTB-23A vibration base to be used in most applications under varying operating conditions.<\/p>","protected":false},"featured_media":1014,"template":"","meta":{"_bst_post_transparent":"default","_bst_post_title":"","_bst_post_layout":"default","_bst_post_sidebar_id":"","_bst_post_content_style":"default","_bst_post_vertical_padding":"default","_bst_post_feature":"","_bst_post_feature_position":"","_bst_post_header":false,"_bst_post_footer":false},"product_cat":[77,46],"product_tag":[],"class_list":{"0":"post-968","1":"product","2":"type-product","3":"status-publish","4":"has-post-thumbnail","6":"product_cat-bazy-wibracyjne-kolowe","7":"product_cat-podajniki-wibracyjne","9":"first","10":"instock","11":"taxable","12":"shipping-taxable","13":"purchasable","14":"product-type-simple","15":"entry","16":"content-bg","17":"loop-entry"},"yoast_head":"<!-- This site is optimized with the Yoast SEO plugin v24.3 - https:\/\/yoast.com\/wordpress\/plugins\/seo\/ -->\n<title>Baza wibracyjna NTB-23A - TARPAK - Maszyny pakuj\u0105ce | kartoniarki i flowpacki<\/title>\n<meta name=\"robots\" content=\"index, follow, max-snippet:-1, max-image-preview:large, max-video-preview:-1\" \/>\n<link rel=\"canonical\" href=\"https:\/\/tarpak.pl\/en\/product\/baza-wibracyjna-ntb-23a\/\" \/>\n<meta property=\"og:locale\" content=\"en_GB\" \/>\n<meta property=\"og:type\" content=\"article\" \/>\n<meta property=\"og:title\" content=\"Baza wibracyjna NTB-23A - TARPAK - Maszyny pakuj\u0105ce | kartoniarki i flowpacki\" \/>\n<meta property=\"og:description\" content=\"Baza wibracyjna NTB-23A to model nap\u0119du wibracyjnego\u00a0 o szerokim zakresie zastosowa\u0144. Charakteryzuje si\u0119 mo\u017cliwo\u015bci\u0105 zmiany amplitudy i cz\u0119stotliwo\u015bci oraz zwi\u0119kszonym zakresem obci\u0105\u017ce\u0144. Umo\u017cliwia to zastosowanie bazy wibracyjnej NTB-23A w wi\u0119kszo\u015bci aplikacji w zr\u00f3\u017cnicowanych warunkach pracy.\" \/>\n<meta property=\"og:url\" content=\"https:\/\/tarpak.pl\/en\/product\/baza-wibracyjna-ntb-23a\/\" \/>\n<meta property=\"og:site_name\" content=\"TARPAK - Maszyny pakuj\u0105ce | kartoniarki i flowpacki\" \/>\n<meta property=\"article:modified_time\" content=\"2025-01-14T08:19:39+00:00\" \/>\n<meta property=\"og:image\" content=\"https:\/\/tarpak.pl\/wp-content\/uploads\/2024\/11\/NTB-23A-NTB-30A.jpg\" \/>\n\t<meta property=\"og:image:width\" content=\"498\" \/>\n\t<meta property=\"og:image:height\" content=\"505\" \/>\n\t<meta property=\"og:image:type\" content=\"image\/jpeg\" \/>\n<meta name=\"twitter:card\" content=\"summary_large_image\" \/>\n<meta name=\"twitter:label1\" content=\"Estimated reading time\" \/>\n\t<meta name=\"twitter:data1\" content=\"2 minutes\" \/>\n<script type=\"application\/ld+json\" class=\"yoast-schema-graph\">{\"@context\":\"https:\/\/schema.org\",\"@graph\":[{\"@type\":\"WebPage\",\"@id\":\"https:\/\/tarpak.pl\/produkt\/baza-wibracyjna-ntb-23a\/\",\"url\":\"https:\/\/tarpak.pl\/produkt\/baza-wibracyjna-ntb-23a\/\",\"name\":\"Baza wibracyjna NTB-23A - TARPAK - Maszyny pakuj\u0105ce | kartoniarki i flowpacki\",\"isPartOf\":{\"@id\":\"https:\/\/tarpak.pl\/#website\"},\"primaryImageOfPage\":{\"@id\":\"https:\/\/tarpak.pl\/produkt\/baza-wibracyjna-ntb-23a\/#primaryimage\"},\"image\":{\"@id\":\"https:\/\/tarpak.pl\/produkt\/baza-wibracyjna-ntb-23a\/#primaryimage\"},\"thumbnailUrl\":\"https:\/\/tarpak.pl\/wp-content\/uploads\/2024\/11\/NTB-23A-NTB-30A.jpg\",\"datePublished\":\"2024-11-06T12:43:31+00:00\",\"dateModified\":\"2025-01-14T08:19:39+00:00\",\"breadcrumb\":{\"@id\":\"https:\/\/tarpak.pl\/produkt\/baza-wibracyjna-ntb-23a\/#breadcrumb\"},\"inLanguage\":\"en-GB\",\"potentialAction\":[{\"@type\":\"ReadAction\",\"target\":[\"https:\/\/tarpak.pl\/produkt\/baza-wibracyjna-ntb-23a\/\"]}]},{\"@type\":\"ImageObject\",\"inLanguage\":\"en-GB\",\"@id\":\"https:\/\/tarpak.pl\/produkt\/baza-wibracyjna-ntb-23a\/#primaryimage\",\"url\":\"https:\/\/tarpak.pl\/wp-content\/uploads\/2024\/11\/NTB-23A-NTB-30A.jpg\",\"contentUrl\":\"https:\/\/tarpak.pl\/wp-content\/uploads\/2024\/11\/NTB-23A-NTB-30A.jpg\",\"width\":498,\"height\":505},{\"@type\":\"BreadcrumbList\",\"@id\":\"https:\/\/tarpak.pl\/produkt\/baza-wibracyjna-ntb-23a\/#breadcrumb\",\"itemListElement\":[{\"@type\":\"ListItem\",\"position\":1,\"name\":\"Strona g\u0142\u00f3wna\",\"item\":\"https:\/\/tarpak.pl\/\"},{\"@type\":\"ListItem\",\"position\":2,\"name\":\"Sklep\",\"item\":\"https:\/\/tarpak.pl\/sklep\/\"},{\"@type\":\"ListItem\",\"position\":3,\"name\":\"Baza wibracyjna NTB-23A\"}]},{\"@type\":\"WebSite\",\"@id\":\"https:\/\/tarpak.pl\/#website\",\"url\":\"https:\/\/tarpak.pl\/\",\"name\":\"TARPAK - Maszyny pakuj\u0105ce | kartoniarki i flowpacki\",\"description\":\"Maszyny pakuj\u0105ce | kartoniarki i flowpacki\",\"publisher\":{\"@id\":\"https:\/\/tarpak.pl\/#organization\"},\"potentialAction\":[{\"@type\":\"SearchAction\",\"target\":{\"@type\":\"EntryPoint\",\"urlTemplate\":\"https:\/\/tarpak.pl\/?s={search_term_string}\"},\"query-input\":{\"@type\":\"PropertyValueSpecification\",\"valueRequired\":true,\"valueName\":\"search_term_string\"}}],\"inLanguage\":\"en-GB\"},{\"@type\":\"Organization\",\"@id\":\"https:\/\/tarpak.pl\/#organization\",\"name\":\"TARPAK - Maszyny pakuj\u0105ce | kartoniarki i flowpacki\",\"url\":\"https:\/\/tarpak.pl\/\",\"logo\":{\"@type\":\"ImageObject\",\"inLanguage\":\"en-GB\",\"@id\":\"https:\/\/tarpak.pl\/#\/schema\/logo\/image\/\",\"url\":\"https:\/\/tarpak.pl\/wp-content\/uploads\/2024\/10\/logo-main-2.png\",\"contentUrl\":\"https:\/\/tarpak.pl\/wp-content\/uploads\/2024\/10\/logo-main-2.png\",\"width\":140,\"height\":47,\"caption\":\"TARPAK - Maszyny pakuj\u0105ce | kartoniarki i flowpacki\"},\"image\":{\"@id\":\"https:\/\/tarpak.pl\/#\/schema\/logo\/image\/\"}}]}<\/script>\n<!-- \/ Yoast SEO plugin. -->","yoast_head_json":{"title":"Vibration base NTB-23A - TARPAK - Packaging machines | cartoners and flowpacks","robots":{"index":"index","follow":"follow","max-snippet":"max-snippet:-1","max-image-preview":"max-image-preview:large","max-video-preview":"max-video-preview:-1"},"canonical":"https:\/\/tarpak.pl\/en\/product\/baza-wibracyjna-ntb-23a\/","og_locale":"en_GB","og_type":"article","og_title":"Baza wibracyjna NTB-23A - TARPAK - Maszyny pakuj\u0105ce | kartoniarki i flowpacki","og_description":"Baza wibracyjna NTB-23A to model nap\u0119du wibracyjnego\u00a0 o szerokim zakresie zastosowa\u0144. Charakteryzuje si\u0119 mo\u017cliwo\u015bci\u0105 zmiany amplitudy i cz\u0119stotliwo\u015bci oraz zwi\u0119kszonym zakresem obci\u0105\u017ce\u0144. Umo\u017cliwia to zastosowanie bazy wibracyjnej NTB-23A w wi\u0119kszo\u015bci aplikacji w zr\u00f3\u017cnicowanych warunkach pracy.","og_url":"https:\/\/tarpak.pl\/en\/product\/baza-wibracyjna-ntb-23a\/","og_site_name":"TARPAK - Maszyny pakuj\u0105ce | kartoniarki i flowpacki","article_modified_time":"2025-01-14T08:19:39+00:00","og_image":[{"width":498,"height":505,"url":"https:\/\/tarpak.pl\/wp-content\/uploads\/2024\/11\/NTB-23A-NTB-30A.jpg","type":"image\/jpeg"}],"twitter_card":"summary_large_image","twitter_misc":{"Estimated reading time":"2 minutes"},"schema":{"@context":"https:\/\/schema.org","@graph":[{"@type":"WebPage","@id":"https:\/\/tarpak.pl\/produkt\/baza-wibracyjna-ntb-23a\/","url":"https:\/\/tarpak.pl\/produkt\/baza-wibracyjna-ntb-23a\/","name":"Vibration base NTB-23A - TARPAK - Packaging machines | cartoners and flowpacks","isPartOf":{"@id":"https:\/\/tarpak.pl\/#website"},"primaryImageOfPage":{"@id":"https:\/\/tarpak.pl\/produkt\/baza-wibracyjna-ntb-23a\/#primaryimage"},"image":{"@id":"https:\/\/tarpak.pl\/produkt\/baza-wibracyjna-ntb-23a\/#primaryimage"},"thumbnailUrl":"https:\/\/tarpak.pl\/wp-content\/uploads\/2024\/11\/NTB-23A-NTB-30A.jpg","datePublished":"2024-11-06T12:43:31+00:00","dateModified":"2025-01-14T08:19:39+00:00","breadcrumb":{"@id":"https:\/\/tarpak.pl\/produkt\/baza-wibracyjna-ntb-23a\/#breadcrumb"},"inLanguage":"en-GB","potentialAction":[{"@type":"ReadAction","target":["https:\/\/tarpak.pl\/produkt\/baza-wibracyjna-ntb-23a\/"]}]},{"@type":"ImageObject","inLanguage":"en-GB","@id":"https:\/\/tarpak.pl\/produkt\/baza-wibracyjna-ntb-23a\/#primaryimage","url":"https:\/\/tarpak.pl\/wp-content\/uploads\/2024\/11\/NTB-23A-NTB-30A.jpg","contentUrl":"https:\/\/tarpak.pl\/wp-content\/uploads\/2024\/11\/NTB-23A-NTB-30A.jpg","width":498,"height":505},{"@type":"BreadcrumbList","@id":"https:\/\/tarpak.pl\/produkt\/baza-wibracyjna-ntb-23a\/#breadcrumb","itemListElement":[{"@type":"ListItem","position":1,"name":"Strona g\u0142\u00f3wna","item":"https:\/\/tarpak.pl\/"},{"@type":"ListItem","position":2,"name":"Sklep","item":"https:\/\/tarpak.pl\/sklep\/"},{"@type":"ListItem","position":3,"name":"Baza wibracyjna NTB-23A"}]},{"@type":"WebSite","@id":"https:\/\/tarpak.pl\/#website","url":"https:\/\/tarpak.pl\/","name":"TARPAK - Packaging machines | cartoners and flowpacks","description":"Packaging machines | cartoners and flowpacks","publisher":{"@id":"https:\/\/tarpak.pl\/#organization"},"potentialAction":[{"@type":"SearchAction","target":{"@type":"EntryPoint","urlTemplate":"https:\/\/tarpak.pl\/?s={search_term_string}"},"query-input":{"@type":"PropertyValueSpecification","valueRequired":true,"valueName":"search_term_string"}}],"inLanguage":"en-GB"},{"@type":"Organization","@id":"https:\/\/tarpak.pl\/#organization","name":"TARPAK - Packaging machines | cartoners and flowpacks","url":"https:\/\/tarpak.pl\/","logo":{"@type":"ImageObject","inLanguage":"en-GB","@id":"https:\/\/tarpak.pl\/#\/schema\/logo\/image\/","url":"https:\/\/tarpak.pl\/wp-content\/uploads\/2024\/10\/logo-main-2.png","contentUrl":"https:\/\/tarpak.pl\/wp-content\/uploads\/2024\/10\/logo-main-2.png","width":140,"height":47,"caption":"TARPAK - Maszyny pakuj\u0105ce | kartoniarki i flowpacki"},"image":{"@id":"https:\/\/tarpak.pl\/#\/schema\/logo\/image\/"}}]}},"_links":{"self":[{"href":"https:\/\/tarpak.pl\/en\/wp-json\/wp\/v2\/product\/968"}],"collection":[{"href":"https:\/\/tarpak.pl\/en\/wp-json\/wp\/v2\/product"}],"about":[{"href":"https:\/\/tarpak.pl\/en\/wp-json\/wp\/v2\/types\/product"}],"version-history":[{"count":0,"href":"https:\/\/tarpak.pl\/en\/wp-json\/wp\/v2\/product\/968\/revisions"}],"wp:featuredmedia":[{"embeddable":true,"href":"https:\/\/tarpak.pl\/en\/wp-json\/wp\/v2\/media\/1014"}],"wp:attachment":[{"href":"https:\/\/tarpak.pl\/en\/wp-json\/wp\/v2\/media?parent=968"}],"wp:term":[{"taxonomy":"product_cat","embeddable":true,"href":"https:\/\/tarpak.pl\/en\/wp-json\/wp\/v2\/product_cat?post=968"},{"taxonomy":"product_tag","embeddable":true,"href":"https:\/\/tarpak.pl\/en\/wp-json\/wp\/v2\/product_tag?post=968"}],"curies":[{"name":"wp","href":"https:\/\/api.w.org\/{rel}","templated":true}]}}