{"id":965,"date":"2024-11-06T12:43:30","date_gmt":"2024-11-06T12:43:30","guid":{"rendered":"https:\/\/tarpak.pl\/?post_type=product&#038;p=965"},"modified":"2025-01-14T07:21:50","modified_gmt":"2025-01-14T07:21:50","slug":"baza-wibratora-liniowego-ntl-300a-2","status":"publish","type":"product","link":"https:\/\/tarpak.pl\/en\/product\/baza-wibratora-liniowego-ntl-300a-2\/","title":{"rendered":"NTL 300A-2 linear vibrator base"},"content":{"rendered":"<div class=\"row\">\n<p>Linear vibrator base <strong>NTL-300A<\/strong> is a light and quiet series of linear vibrators. It is suitable for handling small to medium-sized workpieces. This vibrating base provides stable feeding speed, freedom of vibration frequency and amplitude setting with moderate weight of the objects to be fed. It is suitable for a wide range of applications.<\/p>\n<table class=\"bordered\">\n<tbody>\n<tr>\n<th colspan=\"2\">Features<\/th>\n<\/tr>\n<tr>\n<td>\n<ul>\n<li>Smooth and precise control of speed and stability of product feed when used with a frequency controller,<\/li>\n<li>It is particularly suitable for the tasks of rapid feeding and orientation of small parts,<\/li>\n<li>The simplified design ensures convenient adjustment and maintenance,<\/li>\n<li>Manufacture from high-quality materials and comprehensive testing ensure a high level of safety and stability in operation,<\/li>\n<li>Three lines of screw holes to facilitate adjustment of the position of the linear guides.<\/li>\n<li>Weight (kg): 1.2<\/li>\n<li>Input voltage (V): 0-200<\/li>\n<li>Current intensity (A): 1.5<\/li>\n<li>Vibration frequency (Hz): 60-200<\/li>\n<li>Maximum path length (mm): 300<\/li>\n<li>Maximum load weight (kg): 0.8<\/li>\n<li>Recommended controller: SDVC31-S<\/li>\n<\/ul>\n<\/td>\n<\/tr>\n<\/tbody>\n<\/table>\n<div class=\"elementor-divider\"><img decoding=\"async\" class=\"size-full wp-image-3402\" title=\"dot separator\" src=\"https:\/\/tarpak.pl\/wp-content\/uploads\/2024\/11\/separator_dot.png\" alt=\"dot separator\" width=\"184\" height=\"50\" \/><\/div>\n<table class=\"bordered\">\n<tbody>\n<tr>\n<th colspan=\"2\">Specification NTL 300A-2<\/th>\n<th colspan=\"7\"><\/th>\n<\/tr>\n<tr>\n<td><strong>Model<\/strong><\/td>\n<td><strong>Drive type<\/strong><\/td>\n<td><strong>Supply voltage<\/strong><\/td>\n<td><strong>Current intensity<\/strong><\/td>\n<td><strong>Vibration frequency<\/strong><\/td>\n<td><strong>Maximum path length<\/strong><\/td>\n<td><strong>Maximum load<\/strong><\/td>\n<\/tr>\n<tr>\n<td>NTL-300A<\/td>\n<td>Electromagnetic<\/td>\n<td>0-200 V<\/td>\n<td>1,5 A<\/td>\n<td>60-200 Hz<\/td>\n<td>300 mm<\/td>\n<td>0.8 kg<\/td>\n<\/tr>\n<\/tbody>\n<\/table>\n<div class=\"elementor-divider\"><img decoding=\"async\" class=\"size-full wp-image-3402\" title=\"dot separator\" src=\"https:\/\/tarpak.pl\/wp-content\/uploads\/2024\/11\/separator_dot.png\" alt=\"dot separator\" width=\"184\" height=\"50\" \/><\/div>\n<div class=\"medium_title\">\n<h3>Dimensions NTL 300A-2<\/h3>\n<\/div>\n<table class=\"bordered\">\n<tbody>\n<tr>\n<td><strong>A<\/strong><\/td>\n<td><strong>A1<\/strong><\/td>\n<td><strong>B<\/strong><\/td>\n<td><strong>B1<\/strong><\/td>\n<td><strong>C<\/strong><\/td>\n<td><strong>D<\/strong><\/td>\n<td><strong>D1<\/strong><\/td>\n<td><strong>M<\/strong><\/td>\n<td><strong>M1<\/strong><\/td>\n<td><strong>E<\/strong><\/td>\n<td><strong>F<\/strong><\/td>\n<td><strong>F1<\/strong><\/td>\n<td><strong>F2<\/strong><\/td>\n<td><strong>H<\/strong><\/td>\n<td><strong>L<br \/>\nMAX<\/strong><\/td>\n<td><strong>L1<br \/>\nMAX<\/strong><\/td>\n<\/tr>\n<tr>\n<td>122<\/td>\n<td>45<\/td>\n<td>91,4<\/td>\n<td>39<\/td>\n<td>22<\/td>\n<td>70<\/td>\n<td>10<\/td>\n<td>4<\/td>\n<td>5<\/td>\n<td>25<\/td>\n<td>6<\/td>\n<td>40<\/td>\n<td>9,9<\/td>\n<td>56<\/td>\n<td>300<\/td>\n<td>100<\/td>\n<\/tr>\n<\/tbody>\n<\/table>\n<p><img fetchpriority=\"high\" decoding=\"async\" class=\"size-medium wp-image-1009\" title=\"ntl300A dimensions 1\" src=\"https:\/\/tarpak.pl\/wp-content\/uploads\/2024\/11\/ntl300A-wymiary-1-202x300.png\" alt=\"ntl300A dimensions 1\" width=\"202\" height=\"300\" srcset=\"https:\/\/tarpak.pl\/wp-content\/uploads\/2024\/11\/ntl300A-wymiary-1-202x300.png 202w, https:\/\/tarpak.pl\/wp-content\/uploads\/2024\/11\/ntl300A-wymiary-1-691x1024.png 691w, https:\/\/tarpak.pl\/wp-content\/uploads\/2024\/11\/ntl300A-wymiary-1-600x889.png 600w, https:\/\/tarpak.pl\/wp-content\/uploads\/2024\/11\/ntl300A-wymiary-1.png 697w\" sizes=\"(max-width: 202px) 100vw, 202px\" \/><\/p>\n<\/div>","protected":false},"excerpt":{"rendered":"<p>The NTL-300A linear vibrator base is a lightweight and quiet series of linear vibrators. It is suitable for handling small to medium-sized workpieces. This vibrator base provides stable feeding speed, freedom of vibration frequency and amplitude setting with moderate weight of the objects to be fed. It is suitable for a wide range of applications.<\/p>","protected":false},"featured_media":1008,"template":"","meta":{"_bst_post_transparent":"default","_bst_post_title":"","_bst_post_layout":"default","_bst_post_sidebar_id":"","_bst_post_content_style":"default","_bst_post_vertical_padding":"default","_bst_post_feature":"","_bst_post_feature_position":"","_bst_post_header":false,"_bst_post_footer":false},"product_cat":[89,46],"product_tag":[],"class_list":{"0":"post-965","1":"product","2":"type-product","3":"status-publish","4":"has-post-thumbnail","6":"product_cat-bazy-wibracyjne-liniowe","7":"product_cat-podajniki-wibracyjne","9":"first","10":"instock","11":"taxable","12":"shipping-taxable","13":"purchasable","14":"product-type-simple","15":"entry","16":"content-bg","17":"loop-entry"},"yoast_head":"<!-- This site is optimized with the Yoast SEO plugin v24.3 - https:\/\/yoast.com\/wordpress\/plugins\/seo\/ -->\n<title>Baza wibratora liniowego NTL 300A-2 - TARPAK - Maszyny pakuj\u0105ce | kartoniarki i flowpacki<\/title>\n<meta name=\"robots\" content=\"index, follow, max-snippet:-1, max-image-preview:large, max-video-preview:-1\" \/>\n<link rel=\"canonical\" href=\"https:\/\/tarpak.pl\/en\/product\/baza-wibratora-liniowego-ntl-300a-2\/\" \/>\n<meta property=\"og:locale\" content=\"en_GB\" \/>\n<meta property=\"og:type\" content=\"article\" \/>\n<meta property=\"og:title\" content=\"Baza wibratora liniowego NTL 300A-2 - TARPAK - Maszyny pakuj\u0105ce | kartoniarki i flowpacki\" \/>\n<meta property=\"og:description\" content=\"Baza wibratora liniowego NTL-300A to lekka i cicha seria wibrator\u00f3w liniowych. Jest odpowiednia do przenoszenia ma\u0142ych i \u015brednich przedmiot\u00f3w. Ta baza wibracyjna zapewnia stabiln\u0105 pr\u0119dko\u015b\u0107 podawania, dowolno\u015b\u0107 ustawienia cz\u0119stotliwo\u015bci i amplitudy drga\u0144 przy umiarkowanej wadze podawanych przedmiot\u00f3w. Jest odpowiednia do szerokiego zakresu zastosowa\u0144.\" \/>\n<meta property=\"og:url\" content=\"https:\/\/tarpak.pl\/en\/product\/baza-wibratora-liniowego-ntl-300a-2\/\" \/>\n<meta property=\"og:site_name\" content=\"TARPAK - Maszyny pakuj\u0105ce | kartoniarki i flowpacki\" \/>\n<meta property=\"article:modified_time\" content=\"2025-01-14T07:21:50+00:00\" \/>\n<meta property=\"og:image\" content=\"https:\/\/tarpak.pl\/wp-content\/uploads\/2024\/11\/ntl300A.png\" \/>\n\t<meta property=\"og:image:width\" content=\"444\" \/>\n\t<meta property=\"og:image:height\" content=\"460\" \/>\n\t<meta property=\"og:image:type\" content=\"image\/png\" \/>\n<meta name=\"twitter:card\" content=\"summary_large_image\" \/>\n<meta name=\"twitter:label1\" content=\"Estimated reading time\" \/>\n\t<meta name=\"twitter:data1\" content=\"2 minutes\" \/>\n<script type=\"application\/ld+json\" class=\"yoast-schema-graph\">{\"@context\":\"https:\/\/schema.org\",\"@graph\":[{\"@type\":\"WebPage\",\"@id\":\"https:\/\/tarpak.pl\/produkt\/baza-wibratora-liniowego-ntl-300a-2\/\",\"url\":\"https:\/\/tarpak.pl\/produkt\/baza-wibratora-liniowego-ntl-300a-2\/\",\"name\":\"Baza wibratora liniowego NTL 300A-2 - TARPAK - Maszyny pakuj\u0105ce | kartoniarki i flowpacki\",\"isPartOf\":{\"@id\":\"https:\/\/tarpak.pl\/#website\"},\"primaryImageOfPage\":{\"@id\":\"https:\/\/tarpak.pl\/produkt\/baza-wibratora-liniowego-ntl-300a-2\/#primaryimage\"},\"image\":{\"@id\":\"https:\/\/tarpak.pl\/produkt\/baza-wibratora-liniowego-ntl-300a-2\/#primaryimage\"},\"thumbnailUrl\":\"https:\/\/tarpak.pl\/wp-content\/uploads\/2024\/11\/ntl300A.png\",\"datePublished\":\"2024-11-06T12:43:30+00:00\",\"dateModified\":\"2025-01-14T07:21:50+00:00\",\"breadcrumb\":{\"@id\":\"https:\/\/tarpak.pl\/produkt\/baza-wibratora-liniowego-ntl-300a-2\/#breadcrumb\"},\"inLanguage\":\"en-GB\",\"potentialAction\":[{\"@type\":\"ReadAction\",\"target\":[\"https:\/\/tarpak.pl\/produkt\/baza-wibratora-liniowego-ntl-300a-2\/\"]}]},{\"@type\":\"ImageObject\",\"inLanguage\":\"en-GB\",\"@id\":\"https:\/\/tarpak.pl\/produkt\/baza-wibratora-liniowego-ntl-300a-2\/#primaryimage\",\"url\":\"https:\/\/tarpak.pl\/wp-content\/uploads\/2024\/11\/ntl300A.png\",\"contentUrl\":\"https:\/\/tarpak.pl\/wp-content\/uploads\/2024\/11\/ntl300A.png\",\"width\":444,\"height\":460},{\"@type\":\"BreadcrumbList\",\"@id\":\"https:\/\/tarpak.pl\/produkt\/baza-wibratora-liniowego-ntl-300a-2\/#breadcrumb\",\"itemListElement\":[{\"@type\":\"ListItem\",\"position\":1,\"name\":\"Strona g\u0142\u00f3wna\",\"item\":\"https:\/\/tarpak.pl\/\"},{\"@type\":\"ListItem\",\"position\":2,\"name\":\"Sklep\",\"item\":\"https:\/\/tarpak.pl\/sklep\/\"},{\"@type\":\"ListItem\",\"position\":3,\"name\":\"Baza wibratora liniowego NTL 300A-2\"}]},{\"@type\":\"WebSite\",\"@id\":\"https:\/\/tarpak.pl\/#website\",\"url\":\"https:\/\/tarpak.pl\/\",\"name\":\"TARPAK - Maszyny pakuj\u0105ce | kartoniarki i flowpacki\",\"description\":\"Maszyny pakuj\u0105ce | kartoniarki i flowpacki\",\"publisher\":{\"@id\":\"https:\/\/tarpak.pl\/#organization\"},\"potentialAction\":[{\"@type\":\"SearchAction\",\"target\":{\"@type\":\"EntryPoint\",\"urlTemplate\":\"https:\/\/tarpak.pl\/?s={search_term_string}\"},\"query-input\":{\"@type\":\"PropertyValueSpecification\",\"valueRequired\":true,\"valueName\":\"search_term_string\"}}],\"inLanguage\":\"en-GB\"},{\"@type\":\"Organization\",\"@id\":\"https:\/\/tarpak.pl\/#organization\",\"name\":\"TARPAK - Maszyny pakuj\u0105ce | kartoniarki i flowpacki\",\"url\":\"https:\/\/tarpak.pl\/\",\"logo\":{\"@type\":\"ImageObject\",\"inLanguage\":\"en-GB\",\"@id\":\"https:\/\/tarpak.pl\/#\/schema\/logo\/image\/\",\"url\":\"https:\/\/tarpak.pl\/wp-content\/uploads\/2024\/10\/logo-main-2.png\",\"contentUrl\":\"https:\/\/tarpak.pl\/wp-content\/uploads\/2024\/10\/logo-main-2.png\",\"width\":140,\"height\":47,\"caption\":\"TARPAK - Maszyny pakuj\u0105ce | kartoniarki i flowpacki\"},\"image\":{\"@id\":\"https:\/\/tarpak.pl\/#\/schema\/logo\/image\/\"}}]}<\/script>\n<!-- \/ Yoast SEO plugin. -->","yoast_head_json":{"title":"NTL 300A-2 linear vibrator base - TARPAK - Packaging machines | cartoners and flowpacks","robots":{"index":"index","follow":"follow","max-snippet":"max-snippet:-1","max-image-preview":"max-image-preview:large","max-video-preview":"max-video-preview:-1"},"canonical":"https:\/\/tarpak.pl\/en\/product\/baza-wibratora-liniowego-ntl-300a-2\/","og_locale":"en_GB","og_type":"article","og_title":"Baza wibratora liniowego NTL 300A-2 - TARPAK - Maszyny pakuj\u0105ce | kartoniarki i flowpacki","og_description":"Baza wibratora liniowego NTL-300A to lekka i cicha seria wibrator\u00f3w liniowych. Jest odpowiednia do przenoszenia ma\u0142ych i \u015brednich przedmiot\u00f3w. Ta baza wibracyjna zapewnia stabiln\u0105 pr\u0119dko\u015b\u0107 podawania, dowolno\u015b\u0107 ustawienia cz\u0119stotliwo\u015bci i amplitudy drga\u0144 przy umiarkowanej wadze podawanych przedmiot\u00f3w. Jest odpowiednia do szerokiego zakresu zastosowa\u0144.","og_url":"https:\/\/tarpak.pl\/en\/product\/baza-wibratora-liniowego-ntl-300a-2\/","og_site_name":"TARPAK - Maszyny pakuj\u0105ce | kartoniarki i flowpacki","article_modified_time":"2025-01-14T07:21:50+00:00","og_image":[{"width":444,"height":460,"url":"https:\/\/tarpak.pl\/wp-content\/uploads\/2024\/11\/ntl300A.png","type":"image\/png"}],"twitter_card":"summary_large_image","twitter_misc":{"Estimated reading time":"2 minutes"},"schema":{"@context":"https:\/\/schema.org","@graph":[{"@type":"WebPage","@id":"https:\/\/tarpak.pl\/produkt\/baza-wibratora-liniowego-ntl-300a-2\/","url":"https:\/\/tarpak.pl\/produkt\/baza-wibratora-liniowego-ntl-300a-2\/","name":"NTL 300A-2 linear vibrator base - TARPAK - Packaging machines | cartoners and flowpacks","isPartOf":{"@id":"https:\/\/tarpak.pl\/#website"},"primaryImageOfPage":{"@id":"https:\/\/tarpak.pl\/produkt\/baza-wibratora-liniowego-ntl-300a-2\/#primaryimage"},"image":{"@id":"https:\/\/tarpak.pl\/produkt\/baza-wibratora-liniowego-ntl-300a-2\/#primaryimage"},"thumbnailUrl":"https:\/\/tarpak.pl\/wp-content\/uploads\/2024\/11\/ntl300A.png","datePublished":"2024-11-06T12:43:30+00:00","dateModified":"2025-01-14T07:21:50+00:00","breadcrumb":{"@id":"https:\/\/tarpak.pl\/produkt\/baza-wibratora-liniowego-ntl-300a-2\/#breadcrumb"},"inLanguage":"en-GB","potentialAction":[{"@type":"ReadAction","target":["https:\/\/tarpak.pl\/produkt\/baza-wibratora-liniowego-ntl-300a-2\/"]}]},{"@type":"ImageObject","inLanguage":"en-GB","@id":"https:\/\/tarpak.pl\/produkt\/baza-wibratora-liniowego-ntl-300a-2\/#primaryimage","url":"https:\/\/tarpak.pl\/wp-content\/uploads\/2024\/11\/ntl300A.png","contentUrl":"https:\/\/tarpak.pl\/wp-content\/uploads\/2024\/11\/ntl300A.png","width":444,"height":460},{"@type":"BreadcrumbList","@id":"https:\/\/tarpak.pl\/produkt\/baza-wibratora-liniowego-ntl-300a-2\/#breadcrumb","itemListElement":[{"@type":"ListItem","position":1,"name":"Strona g\u0142\u00f3wna","item":"https:\/\/tarpak.pl\/"},{"@type":"ListItem","position":2,"name":"Sklep","item":"https:\/\/tarpak.pl\/sklep\/"},{"@type":"ListItem","position":3,"name":"Baza wibratora liniowego NTL 300A-2"}]},{"@type":"WebSite","@id":"https:\/\/tarpak.pl\/#website","url":"https:\/\/tarpak.pl\/","name":"TARPAK - Packaging machines | cartoners and flowpacks","description":"Packaging machines | cartoners and flowpacks","publisher":{"@id":"https:\/\/tarpak.pl\/#organization"},"potentialAction":[{"@type":"SearchAction","target":{"@type":"EntryPoint","urlTemplate":"https:\/\/tarpak.pl\/?s={search_term_string}"},"query-input":{"@type":"PropertyValueSpecification","valueRequired":true,"valueName":"search_term_string"}}],"inLanguage":"en-GB"},{"@type":"Organization","@id":"https:\/\/tarpak.pl\/#organization","name":"TARPAK - Packaging machines | cartoners and flowpacks","url":"https:\/\/tarpak.pl\/","logo":{"@type":"ImageObject","inLanguage":"en-GB","@id":"https:\/\/tarpak.pl\/#\/schema\/logo\/image\/","url":"https:\/\/tarpak.pl\/wp-content\/uploads\/2024\/10\/logo-main-2.png","contentUrl":"https:\/\/tarpak.pl\/wp-content\/uploads\/2024\/10\/logo-main-2.png","width":140,"height":47,"caption":"TARPAK - Maszyny pakuj\u0105ce | kartoniarki i flowpacki"},"image":{"@id":"https:\/\/tarpak.pl\/#\/schema\/logo\/image\/"}}]}},"_links":{"self":[{"href":"https:\/\/tarpak.pl\/en\/wp-json\/wp\/v2\/product\/965"}],"collection":[{"href":"https:\/\/tarpak.pl\/en\/wp-json\/wp\/v2\/product"}],"about":[{"href":"https:\/\/tarpak.pl\/en\/wp-json\/wp\/v2\/types\/product"}],"version-history":[{"count":0,"href":"https:\/\/tarpak.pl\/en\/wp-json\/wp\/v2\/product\/965\/revisions"}],"wp:featuredmedia":[{"embeddable":true,"href":"https:\/\/tarpak.pl\/en\/wp-json\/wp\/v2\/media\/1008"}],"wp:attachment":[{"href":"https:\/\/tarpak.pl\/en\/wp-json\/wp\/v2\/media?parent=965"}],"wp:term":[{"taxonomy":"product_cat","embeddable":true,"href":"https:\/\/tarpak.pl\/en\/wp-json\/wp\/v2\/product_cat?post=965"},{"taxonomy":"product_tag","embeddable":true,"href":"https:\/\/tarpak.pl\/en\/wp-json\/wp\/v2\/product_tag?post=965"}],"curies":[{"name":"wp","href":"https:\/\/api.w.org\/{rel}","templated":true}]}}