{"id":963,"date":"2024-11-06T12:43:30","date_gmt":"2024-11-06T12:43:30","guid":{"rendered":"https:\/\/tarpak.pl\/?post_type=product&#038;p=963"},"modified":"2025-01-16T07:38:05","modified_gmt":"2025-01-16T07:38:05","slug":"kontroler-sdvc40-s-do-podajnikow-piezoelektrycznych","status":"publish","type":"product","link":"https:\/\/tarpak.pl\/en\/product\/kontroler-sdvc40-s-do-podajnikow-piezoelektrycznych\/","title":{"rendered":"SDVC40-S controller for piezo feeders"},"content":{"rendered":"<div class=\"row\">\n<p>A series of controllers designed to control automated vibratory feeder systems with piezo-electric drives.<\/p>\n<p>Controller <strong>SDVC40<\/strong> allows digital regulation of the frequency and voltage of the vibrating feeder. An external switch, sensor, speed control, alarm output, solenoid valves and much more can be connected to the controller.<\/p>\n<p>Kit contents: controller, cable with mains plug, cable for connecting the vibration base, instruction manual in English.<\/p>\n<table class=\"bordered\">\n<tbody>\n<tr>\n<th colspan=\"2\">Features<\/th>\n<\/tr>\n<tr>\n<td>\n<ul>\n<li>Automatic adaptation to resistive, inductive and capacitive loads such as piezo vibrators<\/li>\n<li>Frequency control,<\/li>\n<li>Adjustable soft start,<\/li>\n<li>Possibility of remote control, e.g. via PLC<\/li>\n<li>Control output 24V DC,<\/li>\n<li>Keypad lock,<\/li>\n<li>Overvoltage, short-circuit and overload protection.<\/li>\n<li>Protection against overheating<\/li>\n<\/ul>\n<\/td>\n<\/tr>\n<\/tbody>\n<\/table>\n<div class=\"elementor-divider\"><img decoding=\"async\" class=\"size-full wp-image-3402\" title=\"dot separator\" src=\"https:\/\/tarpak.pl\/wp-content\/uploads\/2024\/11\/separator_dot.png\" alt=\"dot separator\" width=\"184\" height=\"50\" \/><\/div>\n<div class=\"medium_title\">\n<h3>Specification<\/h3>\n<\/div>\n<table class=\"bordered\">\n<tbody>\n<tr>\n<th><strong>Parameter<\/strong><\/th>\n<th><strong>Unit<\/strong><\/th>\n<th><strong>Scope<\/strong><\/th>\n<th><strong>Comments<\/strong><\/th>\n<\/tr>\n<tr>\n<td>Supply voltage<\/td>\n<td>V<\/td>\n<td>85-260<\/td>\n<td>AC RMS<\/td>\n<\/tr>\n<tr>\n<td>Output voltage<\/td>\n<td>V<\/td>\n<td>0-220<\/td>\n<td><\/td>\n<\/tr>\n<tr>\n<td>Output voltage adjustment scale<\/td>\n<td>V<\/td>\n<td>1<\/td>\n<td><\/td>\n<\/tr>\n<tr>\n<td>Accuracy of voltage regulation<\/td>\n<td>%<\/td>\n<td>0-10<\/td>\n<td>\u0394Vout\/\u0394Vin<\/td>\n<\/tr>\n<tr>\n<td>Response time for voltage regulation<\/td>\n<td>s<\/td>\n<td>0,0025-0,025<\/td>\n<td><\/td>\n<\/tr>\n<tr>\n<td>Output current<\/td>\n<td>mA<\/td>\n<td>0-150<\/td>\n<td><\/td>\n<\/tr>\n<tr>\n<td>Output power<\/td>\n<td>VA<\/td>\n<td>0-33<\/td>\n<td><\/td>\n<\/tr>\n<tr>\n<td>Output frequency<\/td>\n<td>Hz<\/td>\n<td>40-400<\/td>\n<td><\/td>\n<\/tr>\n<tr>\n<td>Adjustment pitch of the output frequency<\/td>\n<td>Hz<\/td>\n<td>0.1<\/td>\n<td><\/td>\n<\/tr>\n<tr>\n<td>Baseline<\/td>\n<td><\/td>\n<td>sinus<\/td>\n<td><\/td>\n<\/tr>\n<tr>\n<td>Soft start time<\/td>\n<td>s<\/td>\n<td>0-10<\/td>\n<td>Factory set value 0.5<\/td>\n<\/tr>\n<tr>\n<td>On\/off delay<\/td>\n<td>s<\/td>\n<td>0-20<\/td>\n<td>Factory set value 0.2<\/td>\n<\/tr>\n<tr>\n<td>Adjustment pitch for on\/off delay.<\/td>\n<td>s<\/td>\n<td>0,1<\/td>\n<td><\/td>\n<\/tr>\n<tr>\n<td>Overheating protection tripping temperature<\/td>\n<td>\u00b0C<\/td>\n<td>60-65<\/td>\n<td><\/td>\n<\/tr>\n<tr>\n<td>Output voltage of control signals<\/td>\n<td>V DC<\/td>\n<td>22-26<\/td>\n<td>typical 24<\/td>\n<\/tr>\n<tr>\n<td>Current of control signal outputs<\/td>\n<td>mA DC<\/td>\n<td>0-200<\/td>\n<td><\/td>\n<\/tr>\n<tr>\n<td>Analogue control signal<\/td>\n<td>V<\/td>\n<td>1-5<\/td>\n<td>Feeder speed adjustment signal<\/td>\n<\/tr>\n<tr>\n<td>Digital control signal<\/td>\n<td>V<\/td>\n<td>typical 24<\/td>\n<td><\/td>\n<\/tr>\n<tr>\n<td>Standby power consumption<\/td>\n<td>W<\/td>\n<td>typical 4<\/td>\n<td><\/td>\n<\/tr>\n<tr>\n<td>Ambient temperature during operation<\/td>\n<td>\u00b0C<\/td>\n<td>0-40<\/td>\n<td>typical 25<\/td>\n<\/tr>\n<tr>\n<td>Ambient humidity during operation<\/td>\n<td>%<\/td>\n<td>10-85<\/td>\n<td>No condensation<\/td>\n<\/tr>\n<\/tbody>\n<\/table>\n<\/div>","protected":false},"excerpt":{"rendered":"<div class=\"wpb_text_column wpb_content_element\">\n<div class=\"wpb_wrapper\">\n<p>A series of controllers designed to control automated vibratory feeder systems with piezo-electric drives.<\/p>\n<p>Controller <strong>SDVC40<\/strong> allows digital adjustment of the frequency and supply voltage of the vibrating feeder.<\/p>\n<\/div>\n<\/div>","protected":false},"featured_media":1007,"template":"","meta":{"_bst_post_transparent":"default","_bst_post_title":"","_bst_post_layout":"default","_bst_post_sidebar_id":"","_bst_post_content_style":"default","_bst_post_vertical_padding":"default","_bst_post_feature":"","_bst_post_feature_position":"","_bst_post_header":false,"_bst_post_footer":false},"product_cat":[91],"product_tag":[],"class_list":{"0":"post-963","1":"product","2":"type-product","3":"status-publish","4":"has-post-thumbnail","6":"product_cat-kontrolery","7":"product_shipping_class-kurier","9":"first","10":"instock","11":"taxable","12":"shipping-taxable","13":"purchasable","14":"product-type-simple","15":"entry","16":"content-bg","17":"loop-entry"},"yoast_head":"<!-- This site is optimized with the Yoast SEO plugin v24.3 - https:\/\/yoast.com\/wordpress\/plugins\/seo\/ -->\n<title>Kontroler SDVC40-S do podajnik\u00f3w piezoelektrycznych - TARPAK - Maszyny pakuj\u0105ce | kartoniarki i flowpacki<\/title>\n<meta name=\"robots\" content=\"index, follow, max-snippet:-1, max-image-preview:large, max-video-preview:-1\" \/>\n<link rel=\"canonical\" href=\"https:\/\/tarpak.pl\/en\/product\/kontroler-sdvc40-s-do-podajnikow-piezoelektrycznych\/\" \/>\n<meta property=\"og:locale\" content=\"en_GB\" \/>\n<meta property=\"og:type\" content=\"article\" \/>\n<meta property=\"og:title\" content=\"Kontroler SDVC40-S do podajnik\u00f3w piezoelektrycznych - TARPAK - Maszyny pakuj\u0105ce | kartoniarki i flowpacki\" \/>\n<meta property=\"og:description\" content=\"Seria kontroler\u00f3w przeznaczona do sterowania zautomatyzowanymi systemami podajnik\u00f3w wibracyjnych, z nap\u0119dami piezoelektrycznymi.  Kontroler SDVC40 umo\u017cliwia cyfrow\u0105 regulacj\u0119 cz\u0119stotliwo\u015bci i napi\u0119cia zasilania podajnika wibracyjnego.\" \/>\n<meta property=\"og:url\" content=\"https:\/\/tarpak.pl\/en\/product\/kontroler-sdvc40-s-do-podajnikow-piezoelektrycznych\/\" \/>\n<meta property=\"og:site_name\" content=\"TARPAK - Maszyny pakuj\u0105ce | kartoniarki i flowpacki\" \/>\n<meta property=\"article:modified_time\" content=\"2025-01-16T07:38:05+00:00\" \/>\n<meta property=\"og:image\" content=\"https:\/\/tarpak.pl\/wp-content\/uploads\/2024\/11\/SDVC40-S.png\" \/>\n\t<meta property=\"og:image:width\" content=\"502\" \/>\n\t<meta property=\"og:image:height\" content=\"520\" \/>\n\t<meta property=\"og:image:type\" content=\"image\/png\" \/>\n<meta name=\"twitter:card\" content=\"summary_large_image\" \/>\n<meta name=\"twitter:label1\" content=\"Estimated reading time\" \/>\n\t<meta name=\"twitter:data1\" content=\"1 minute\" \/>\n<script type=\"application\/ld+json\" class=\"yoast-schema-graph\">{\"@context\":\"https:\/\/schema.org\",\"@graph\":[{\"@type\":\"WebPage\",\"@id\":\"https:\/\/tarpak.pl\/produkt\/kontroler-sdvc40-s-do-podajnikow-piezoelektrycznych\/\",\"url\":\"https:\/\/tarpak.pl\/produkt\/kontroler-sdvc40-s-do-podajnikow-piezoelektrycznych\/\",\"name\":\"Kontroler SDVC40-S do podajnik\u00f3w piezoelektrycznych - TARPAK - Maszyny pakuj\u0105ce | kartoniarki i flowpacki\",\"isPartOf\":{\"@id\":\"https:\/\/tarpak.pl\/#website\"},\"primaryImageOfPage\":{\"@id\":\"https:\/\/tarpak.pl\/produkt\/kontroler-sdvc40-s-do-podajnikow-piezoelektrycznych\/#primaryimage\"},\"image\":{\"@id\":\"https:\/\/tarpak.pl\/produkt\/kontroler-sdvc40-s-do-podajnikow-piezoelektrycznych\/#primaryimage\"},\"thumbnailUrl\":\"https:\/\/tarpak.pl\/wp-content\/uploads\/2024\/11\/SDVC40-S.png\",\"datePublished\":\"2024-11-06T12:43:30+00:00\",\"dateModified\":\"2025-01-16T07:38:05+00:00\",\"breadcrumb\":{\"@id\":\"https:\/\/tarpak.pl\/produkt\/kontroler-sdvc40-s-do-podajnikow-piezoelektrycznych\/#breadcrumb\"},\"inLanguage\":\"en-GB\",\"potentialAction\":[{\"@type\":\"ReadAction\",\"target\":[\"https:\/\/tarpak.pl\/produkt\/kontroler-sdvc40-s-do-podajnikow-piezoelektrycznych\/\"]}]},{\"@type\":\"ImageObject\",\"inLanguage\":\"en-GB\",\"@id\":\"https:\/\/tarpak.pl\/produkt\/kontroler-sdvc40-s-do-podajnikow-piezoelektrycznych\/#primaryimage\",\"url\":\"https:\/\/tarpak.pl\/wp-content\/uploads\/2024\/11\/SDVC40-S.png\",\"contentUrl\":\"https:\/\/tarpak.pl\/wp-content\/uploads\/2024\/11\/SDVC40-S.png\",\"width\":502,\"height\":520,\"caption\":\"SDVC40 S\"},{\"@type\":\"BreadcrumbList\",\"@id\":\"https:\/\/tarpak.pl\/produkt\/kontroler-sdvc40-s-do-podajnikow-piezoelektrycznych\/#breadcrumb\",\"itemListElement\":[{\"@type\":\"ListItem\",\"position\":1,\"name\":\"Strona g\u0142\u00f3wna\",\"item\":\"https:\/\/tarpak.pl\/\"},{\"@type\":\"ListItem\",\"position\":2,\"name\":\"Sklep\",\"item\":\"https:\/\/tarpak.pl\/sklep\/\"},{\"@type\":\"ListItem\",\"position\":3,\"name\":\"Kontroler SDVC40-S do&nbsp;podajnik\u00f3w piezoelektrycznych\"}]},{\"@type\":\"WebSite\",\"@id\":\"https:\/\/tarpak.pl\/#website\",\"url\":\"https:\/\/tarpak.pl\/\",\"name\":\"TARPAK - Maszyny pakuj\u0105ce | kartoniarki i flowpacki\",\"description\":\"Maszyny pakuj\u0105ce | kartoniarki i flowpacki\",\"publisher\":{\"@id\":\"https:\/\/tarpak.pl\/#organization\"},\"potentialAction\":[{\"@type\":\"SearchAction\",\"target\":{\"@type\":\"EntryPoint\",\"urlTemplate\":\"https:\/\/tarpak.pl\/?s={search_term_string}\"},\"query-input\":{\"@type\":\"PropertyValueSpecification\",\"valueRequired\":true,\"valueName\":\"search_term_string\"}}],\"inLanguage\":\"en-GB\"},{\"@type\":\"Organization\",\"@id\":\"https:\/\/tarpak.pl\/#organization\",\"name\":\"TARPAK - Maszyny pakuj\u0105ce | kartoniarki i flowpacki\",\"url\":\"https:\/\/tarpak.pl\/\",\"logo\":{\"@type\":\"ImageObject\",\"inLanguage\":\"en-GB\",\"@id\":\"https:\/\/tarpak.pl\/#\/schema\/logo\/image\/\",\"url\":\"https:\/\/tarpak.pl\/wp-content\/uploads\/2024\/10\/logo-main-2.png\",\"contentUrl\":\"https:\/\/tarpak.pl\/wp-content\/uploads\/2024\/10\/logo-main-2.png\",\"width\":140,\"height\":47,\"caption\":\"TARPAK - Maszyny pakuj\u0105ce | kartoniarki i flowpacki\"},\"image\":{\"@id\":\"https:\/\/tarpak.pl\/#\/schema\/logo\/image\/\"}}]}<\/script>\n<!-- \/ Yoast SEO plugin. -->","yoast_head_json":{"title":"SDVC40-S controller for piezo feeders - TARPAK - Packaging machines | cartoners and flowpacks","robots":{"index":"index","follow":"follow","max-snippet":"max-snippet:-1","max-image-preview":"max-image-preview:large","max-video-preview":"max-video-preview:-1"},"canonical":"https:\/\/tarpak.pl\/en\/product\/kontroler-sdvc40-s-do-podajnikow-piezoelektrycznych\/","og_locale":"en_GB","og_type":"article","og_title":"Kontroler SDVC40-S do podajnik\u00f3w piezoelektrycznych - TARPAK - Maszyny pakuj\u0105ce | kartoniarki i flowpacki","og_description":"Seria kontroler\u00f3w przeznaczona do sterowania zautomatyzowanymi systemami podajnik\u00f3w wibracyjnych, z nap\u0119dami piezoelektrycznymi.  Kontroler SDVC40 umo\u017cliwia cyfrow\u0105 regulacj\u0119 cz\u0119stotliwo\u015bci i napi\u0119cia zasilania podajnika wibracyjnego.","og_url":"https:\/\/tarpak.pl\/en\/product\/kontroler-sdvc40-s-do-podajnikow-piezoelektrycznych\/","og_site_name":"TARPAK - Maszyny pakuj\u0105ce | kartoniarki i flowpacki","article_modified_time":"2025-01-16T07:38:05+00:00","og_image":[{"width":502,"height":520,"url":"https:\/\/tarpak.pl\/wp-content\/uploads\/2024\/11\/SDVC40-S.png","type":"image\/png"}],"twitter_card":"summary_large_image","twitter_misc":{"Estimated reading time":"1 minute"},"schema":{"@context":"https:\/\/schema.org","@graph":[{"@type":"WebPage","@id":"https:\/\/tarpak.pl\/produkt\/kontroler-sdvc40-s-do-podajnikow-piezoelektrycznych\/","url":"https:\/\/tarpak.pl\/produkt\/kontroler-sdvc40-s-do-podajnikow-piezoelektrycznych\/","name":"SDVC40-S controller for piezo feeders - TARPAK - Packaging machines | cartoners and flowpacks","isPartOf":{"@id":"https:\/\/tarpak.pl\/#website"},"primaryImageOfPage":{"@id":"https:\/\/tarpak.pl\/produkt\/kontroler-sdvc40-s-do-podajnikow-piezoelektrycznych\/#primaryimage"},"image":{"@id":"https:\/\/tarpak.pl\/produkt\/kontroler-sdvc40-s-do-podajnikow-piezoelektrycznych\/#primaryimage"},"thumbnailUrl":"https:\/\/tarpak.pl\/wp-content\/uploads\/2024\/11\/SDVC40-S.png","datePublished":"2024-11-06T12:43:30+00:00","dateModified":"2025-01-16T07:38:05+00:00","breadcrumb":{"@id":"https:\/\/tarpak.pl\/produkt\/kontroler-sdvc40-s-do-podajnikow-piezoelektrycznych\/#breadcrumb"},"inLanguage":"en-GB","potentialAction":[{"@type":"ReadAction","target":["https:\/\/tarpak.pl\/produkt\/kontroler-sdvc40-s-do-podajnikow-piezoelektrycznych\/"]}]},{"@type":"ImageObject","inLanguage":"en-GB","@id":"https:\/\/tarpak.pl\/produkt\/kontroler-sdvc40-s-do-podajnikow-piezoelektrycznych\/#primaryimage","url":"https:\/\/tarpak.pl\/wp-content\/uploads\/2024\/11\/SDVC40-S.png","contentUrl":"https:\/\/tarpak.pl\/wp-content\/uploads\/2024\/11\/SDVC40-S.png","width":502,"height":520,"caption":"SDVC40 S"},{"@type":"BreadcrumbList","@id":"https:\/\/tarpak.pl\/produkt\/kontroler-sdvc40-s-do-podajnikow-piezoelektrycznych\/#breadcrumb","itemListElement":[{"@type":"ListItem","position":1,"name":"Strona g\u0142\u00f3wna","item":"https:\/\/tarpak.pl\/"},{"@type":"ListItem","position":2,"name":"Sklep","item":"https:\/\/tarpak.pl\/sklep\/"},{"@type":"ListItem","position":3,"name":"Kontroler SDVC40-S do&nbsp;podajnik\u00f3w piezoelektrycznych"}]},{"@type":"WebSite","@id":"https:\/\/tarpak.pl\/#website","url":"https:\/\/tarpak.pl\/","name":"TARPAK - Packaging machines | cartoners and flowpacks","description":"Packaging machines | cartoners and flowpacks","publisher":{"@id":"https:\/\/tarpak.pl\/#organization"},"potentialAction":[{"@type":"SearchAction","target":{"@type":"EntryPoint","urlTemplate":"https:\/\/tarpak.pl\/?s={search_term_string}"},"query-input":{"@type":"PropertyValueSpecification","valueRequired":true,"valueName":"search_term_string"}}],"inLanguage":"en-GB"},{"@type":"Organization","@id":"https:\/\/tarpak.pl\/#organization","name":"TARPAK - Packaging machines | cartoners and flowpacks","url":"https:\/\/tarpak.pl\/","logo":{"@type":"ImageObject","inLanguage":"en-GB","@id":"https:\/\/tarpak.pl\/#\/schema\/logo\/image\/","url":"https:\/\/tarpak.pl\/wp-content\/uploads\/2024\/10\/logo-main-2.png","contentUrl":"https:\/\/tarpak.pl\/wp-content\/uploads\/2024\/10\/logo-main-2.png","width":140,"height":47,"caption":"TARPAK - Maszyny pakuj\u0105ce | kartoniarki i flowpacki"},"image":{"@id":"https:\/\/tarpak.pl\/#\/schema\/logo\/image\/"}}]}},"_links":{"self":[{"href":"https:\/\/tarpak.pl\/en\/wp-json\/wp\/v2\/product\/963"}],"collection":[{"href":"https:\/\/tarpak.pl\/en\/wp-json\/wp\/v2\/product"}],"about":[{"href":"https:\/\/tarpak.pl\/en\/wp-json\/wp\/v2\/types\/product"}],"version-history":[{"count":0,"href":"https:\/\/tarpak.pl\/en\/wp-json\/wp\/v2\/product\/963\/revisions"}],"wp:featuredmedia":[{"embeddable":true,"href":"https:\/\/tarpak.pl\/en\/wp-json\/wp\/v2\/media\/1007"}],"wp:attachment":[{"href":"https:\/\/tarpak.pl\/en\/wp-json\/wp\/v2\/media?parent=963"}],"wp:term":[{"taxonomy":"product_cat","embeddable":true,"href":"https:\/\/tarpak.pl\/en\/wp-json\/wp\/v2\/product_cat?post=963"},{"taxonomy":"product_tag","embeddable":true,"href":"https:\/\/tarpak.pl\/en\/wp-json\/wp\/v2\/product_tag?post=963"}],"curies":[{"name":"wp","href":"https:\/\/api.w.org\/{rel}","templated":true}]}}