{"id":954,"date":"2024-11-06T12:43:30","date_gmt":"2024-11-06T12:43:30","guid":{"rendered":"https:\/\/tarpak.pl\/?post_type=product&#038;p=954"},"modified":"2025-01-16T08:17:40","modified_gmt":"2025-01-16T08:17:40","slug":"kontroler-sdvs30","status":"publish","type":"product","link":"https:\/\/tarpak.pl\/en\/product\/kontroler-sdvs30\/","title":{"rendered":"SDVS30 controller"},"content":{"rendered":"<div class=\"row\">\n<p>Based on the light luminance differences detected by the fibre optic sensor, the controller detects whether the object under test is correct; if an abnormality is detected, an air valve is opened. A jet of compressed air blows off the abnormal objects to achieve material sorting.<\/p>\n<p><strong>SDVS30<\/strong> meets most of the requirements for two-stage sorting. Compared to separate sets of sensors, amplifiers and boosters, our controller has a significant price\/performance ratio advantage. It can work in conjunction with the SDVC series vibratory feeder controllers to create a complete feeder and sorting solution.<\/p>\n<p>Set contents: controller, cable with mains plug, cable to connect the vibration base, instruction manual in Polish.<\/p>\n<table class=\"bordered\">\n<tbody>\n<tr>\n<th colspan=\"2\">Features<\/th>\n<\/tr>\n<tr>\n<td>\n<ul>\n<li>Dual fibre amplification and sorting system with two pneumatic valves.<\/li>\n<li>Resistance to light from external sources.<\/li>\n<li>Automatic determination of signal thresholds.<\/li>\n<li>Alarm signal at blowout failure.<\/li>\n<li>Dual air volume control.<\/li>\n<li>Self-adapting NPN and PNP sensor interfaces.<\/li>\n<li>24V 400mA DC output.<\/li>\n<li>Comprehensive electronic protection against misconnection, overvoltage and short circuit.<\/li>\n<li>Possibility of defining time sequences of outputs.<\/li>\n<li>Valve switching counter function to assess valve wear.<\/li>\n<li>Anti-interference functions allow optical sensors to be mounted close together.<\/li>\n<li>Ability to learn the material characteristics of the parts being sorted.<\/li>\n<\/ul>\n<\/td>\n<\/tr>\n<\/tbody>\n<\/table>\n<div class=\"elementor-divider\"><img decoding=\"async\" class=\"size-full wp-image-3402\" title=\"dot separator\" src=\"https:\/\/tarpak.pl\/wp-content\/uploads\/2024\/11\/separator_dot.png\" alt=\"dot separator\" width=\"184\" height=\"50\" \/><\/div>\n<div class=\"medium_title\">\n<h3>Specification<\/h3>\n<\/div>\n<table class=\"bordered\">\n<tbody>\n<tr>\n<th><strong>Parameter<\/strong><\/th>\n<th><strong>Unit<\/strong><\/th>\n<th><strong>Scope<\/strong><\/th>\n<th><strong>Typical<\/strong><\/th>\n<th><strong>Comments<\/strong><\/th>\n<\/tr>\n<tr>\n<td>DC supply voltage<\/td>\n<td>V<\/td>\n<td>22-26<\/td>\n<td>24<\/td>\n<td>*1<\/td>\n<\/tr>\n<tr>\n<td>DC output current<\/td>\n<td>mA<\/td>\n<td>400<\/td>\n<td><\/td>\n<td>*2<\/td>\n<\/tr>\n<tr>\n<td>Residual voltage at NPN output<\/td>\n<td>V<\/td>\n<td>up to 1.0<\/td>\n<td><\/td>\n<td>400 mA<\/td>\n<\/tr>\n<tr>\n<td>Residual voltage at PNP output<\/td>\n<td>V<\/td>\n<td>up to 1.5<\/td>\n<td><\/td>\n<td>400 mA<\/td>\n<\/tr>\n<tr>\n<td>Response time<\/td>\n<td>ms<\/td>\n<td>from 20<\/td>\n<td>100<\/td>\n<td>At 5 bar air pressure<\/td>\n<\/tr>\n<tr>\n<td>Blowing time<\/td>\n<td>ms<\/td>\n<td>from 10<\/td>\n<td><\/td>\n<td><\/td>\n<\/tr>\n<tr>\n<td>Airflow adjustment range<\/td>\n<td>L\/min<\/td>\n<td>0-20<\/td>\n<td><\/td>\n<td><\/td>\n<\/tr>\n<tr>\n<td>Digital photoelectric amplification<\/td>\n<td><\/td>\n<td><\/td>\n<td>7,8&#215;105<\/td>\n<td>*3<\/td>\n<\/tr>\n<tr>\n<td>Digital photo resolution<\/td>\n<td><\/td>\n<td><\/td>\n<td>1024:1<\/td>\n<td><\/td>\n<\/tr>\n<tr>\n<td>Standby power consumption<\/td>\n<td>W<\/td>\n<td>up to 1.2<\/td>\n<td><\/td>\n<td>*4<\/td>\n<\/tr>\n<tr>\n<td>Fibre optic diameter<\/td>\n<td>mm<\/td>\n<td>2,1-2,3<\/td>\n<td>2,2<\/td>\n<td><\/td>\n<\/tr>\n<tr>\n<td>Supply air pressure<\/td>\n<td>bar<\/td>\n<td>up to 7<\/td>\n<td>5<\/td>\n<td>*5<\/td>\n<\/tr>\n<tr>\n<td>Outer diameter of the compressed air supply line<\/td>\n<td>mm<\/td>\n<td><\/td>\n<td>6<\/td>\n<td><\/td>\n<\/tr>\n<tr>\n<td>Outer diameter of the compressed air outlet line<\/td>\n<td>mm<\/td>\n<td><\/td>\n<td>4<\/td>\n<td><\/td>\n<\/tr>\n<tr>\n<td>Interference from sunlight<\/td>\n<td>Lux<\/td>\n<td><\/td>\n<td>50000<\/td>\n<td><\/td>\n<\/tr>\n<tr>\n<td>Interference from lighting<\/td>\n<td>Lux<\/td>\n<td><\/td>\n<td>30000<\/td>\n<td>*6<\/td>\n<\/tr>\n<tr>\n<td>Ambient temperature during operation<\/td>\n<td>\u2103<\/td>\n<td>0-45<\/td>\n<td>25<\/td>\n<td>No condensation<\/td>\n<\/tr>\n<tr>\n<td>Ambient humidity during operation<\/td>\n<td>%<\/td>\n<td>10-85<\/td>\n<td>60<\/td>\n<td>No condensation<\/td>\n<\/tr>\n<tr>\n<td>Storage temperature<\/td>\n<td>\u2103<\/td>\n<td>-40-85<\/td>\n<td>25<\/td>\n<td>No condensation<\/td>\n<\/tr>\n<\/tbody>\n<\/table>\n<p>*1: If the input voltage exceeds 30V, the screen will go off to protect the controller, the maximum input voltage must not exceed 36V.<br \/>\n*2: Do not connect a capacitive load.<br \/>\n*3: Digital photoelectric gain is defined as the product of the average power of the emitted light and the sensitivity of the receiver. The diameter of the optical sensor core is 0.5 mm.<br \/>\n*4: Standby mode is when the pneumatic valves are not operating.<br \/>\n*5: The maximum pressure must not exceed 10 bar when the controller is switched off.<br \/>\n*6: Do not use LED type lighting.<\/p>\n<\/div>","protected":false},"excerpt":{"rendered":"<p><strong>SDVS30<\/strong> is an intelligent controller for automatic sorting of objects based on their optical properties. The controller is equipped with two optical fibre sensors, two pneumatic outputs and two DC electrical connectors.<\/p>","protected":false},"featured_media":1003,"template":"","meta":{"_bst_post_transparent":"default","_bst_post_title":"","_bst_post_layout":"default","_bst_post_sidebar_id":"","_bst_post_content_style":"default","_bst_post_vertical_padding":"default","_bst_post_feature":"","_bst_post_feature_position":"","_bst_post_header":false,"_bst_post_footer":false},"product_cat":[91],"product_tag":[],"class_list":{"0":"post-954","1":"product","2":"type-product","3":"status-publish","4":"has-post-thumbnail","6":"product_cat-kontrolery","8":"first","9":"instock","10":"taxable","11":"shipping-taxable","12":"purchasable","13":"product-type-simple","14":"entry","15":"content-bg","16":"loop-entry"},"yoast_head":"<!-- This site is optimized with the Yoast SEO plugin v24.3 - https:\/\/yoast.com\/wordpress\/plugins\/seo\/ -->\n<title>Kontroler SDVS30 - TARPAK - Maszyny pakuj\u0105ce | kartoniarki i flowpacki<\/title>\n<meta name=\"robots\" content=\"index, follow, max-snippet:-1, max-image-preview:large, max-video-preview:-1\" \/>\n<link rel=\"canonical\" href=\"https:\/\/tarpak.pl\/en\/product\/kontroler-sdvs30\/\" \/>\n<meta property=\"og:locale\" content=\"en_GB\" \/>\n<meta property=\"og:type\" content=\"article\" \/>\n<meta property=\"og:title\" content=\"Kontroler SDVS30 - TARPAK - Maszyny pakuj\u0105ce | kartoniarki i flowpacki\" \/>\n<meta property=\"og:description\" content=\"SDVS30 to inteligentny kontroler s\u0142u\u017c\u0105cy do automatycznego sortowania obiekt\u00f3w na podstawie ich w\u0142a\u015bciwo\u015bci optycznych. Kontroler jest wyposa\u017cony w dwa czujniki \u015bwiat\u0142owodowe, dwa wyj\u015bcia pneumatyczne oraz dwa z\u0142\u0105cza elektryczne DC.\" \/>\n<meta property=\"og:url\" content=\"https:\/\/tarpak.pl\/en\/product\/kontroler-sdvs30\/\" \/>\n<meta property=\"og:site_name\" content=\"TARPAK - Maszyny pakuj\u0105ce | kartoniarki i flowpacki\" \/>\n<meta property=\"article:modified_time\" content=\"2025-01-16T08:17:40+00:00\" \/>\n<meta property=\"og:image\" content=\"https:\/\/tarpak.pl\/wp-content\/uploads\/2024\/11\/Kontroler-SDVS30.png\" \/>\n\t<meta property=\"og:image:width\" content=\"1920\" \/>\n\t<meta property=\"og:image:height\" content=\"1280\" \/>\n\t<meta property=\"og:image:type\" content=\"image\/png\" \/>\n<meta name=\"twitter:card\" content=\"summary_large_image\" \/>\n<meta name=\"twitter:label1\" content=\"Estimated reading time\" \/>\n\t<meta name=\"twitter:data1\" content=\"2 minutes\" \/>\n<script type=\"application\/ld+json\" class=\"yoast-schema-graph\">{\"@context\":\"https:\/\/schema.org\",\"@graph\":[{\"@type\":\"WebPage\",\"@id\":\"https:\/\/tarpak.pl\/produkt\/kontroler-sdvs30\/\",\"url\":\"https:\/\/tarpak.pl\/produkt\/kontroler-sdvs30\/\",\"name\":\"Kontroler SDVS30 - TARPAK - Maszyny pakuj\u0105ce | kartoniarki i flowpacki\",\"isPartOf\":{\"@id\":\"https:\/\/tarpak.pl\/#website\"},\"primaryImageOfPage\":{\"@id\":\"https:\/\/tarpak.pl\/produkt\/kontroler-sdvs30\/#primaryimage\"},\"image\":{\"@id\":\"https:\/\/tarpak.pl\/produkt\/kontroler-sdvs30\/#primaryimage\"},\"thumbnailUrl\":\"https:\/\/tarpak.pl\/wp-content\/uploads\/2024\/11\/Kontroler-SDVS30.png\",\"datePublished\":\"2024-11-06T12:43:30+00:00\",\"dateModified\":\"2025-01-16T08:17:40+00:00\",\"breadcrumb\":{\"@id\":\"https:\/\/tarpak.pl\/produkt\/kontroler-sdvs30\/#breadcrumb\"},\"inLanguage\":\"en-GB\",\"potentialAction\":[{\"@type\":\"ReadAction\",\"target\":[\"https:\/\/tarpak.pl\/produkt\/kontroler-sdvs30\/\"]}]},{\"@type\":\"ImageObject\",\"inLanguage\":\"en-GB\",\"@id\":\"https:\/\/tarpak.pl\/produkt\/kontroler-sdvs30\/#primaryimage\",\"url\":\"https:\/\/tarpak.pl\/wp-content\/uploads\/2024\/11\/Kontroler-SDVS30.png\",\"contentUrl\":\"https:\/\/tarpak.pl\/wp-content\/uploads\/2024\/11\/Kontroler-SDVS30.png\",\"width\":1920,\"height\":1280,\"caption\":\"Kontroler SDVS30\"},{\"@type\":\"BreadcrumbList\",\"@id\":\"https:\/\/tarpak.pl\/produkt\/kontroler-sdvs30\/#breadcrumb\",\"itemListElement\":[{\"@type\":\"ListItem\",\"position\":1,\"name\":\"Strona g\u0142\u00f3wna\",\"item\":\"https:\/\/tarpak.pl\/\"},{\"@type\":\"ListItem\",\"position\":2,\"name\":\"Sklep\",\"item\":\"https:\/\/tarpak.pl\/sklep\/\"},{\"@type\":\"ListItem\",\"position\":3,\"name\":\"Kontroler SDVS30\"}]},{\"@type\":\"WebSite\",\"@id\":\"https:\/\/tarpak.pl\/#website\",\"url\":\"https:\/\/tarpak.pl\/\",\"name\":\"TARPAK - Maszyny pakuj\u0105ce | kartoniarki i flowpacki\",\"description\":\"Maszyny pakuj\u0105ce | kartoniarki i flowpacki\",\"publisher\":{\"@id\":\"https:\/\/tarpak.pl\/#organization\"},\"potentialAction\":[{\"@type\":\"SearchAction\",\"target\":{\"@type\":\"EntryPoint\",\"urlTemplate\":\"https:\/\/tarpak.pl\/?s={search_term_string}\"},\"query-input\":{\"@type\":\"PropertyValueSpecification\",\"valueRequired\":true,\"valueName\":\"search_term_string\"}}],\"inLanguage\":\"en-GB\"},{\"@type\":\"Organization\",\"@id\":\"https:\/\/tarpak.pl\/#organization\",\"name\":\"TARPAK - Maszyny pakuj\u0105ce | kartoniarki i flowpacki\",\"url\":\"https:\/\/tarpak.pl\/\",\"logo\":{\"@type\":\"ImageObject\",\"inLanguage\":\"en-GB\",\"@id\":\"https:\/\/tarpak.pl\/#\/schema\/logo\/image\/\",\"url\":\"https:\/\/tarpak.pl\/wp-content\/uploads\/2024\/10\/logo-main-2.png\",\"contentUrl\":\"https:\/\/tarpak.pl\/wp-content\/uploads\/2024\/10\/logo-main-2.png\",\"width\":140,\"height\":47,\"caption\":\"TARPAK - Maszyny pakuj\u0105ce | kartoniarki i flowpacki\"},\"image\":{\"@id\":\"https:\/\/tarpak.pl\/#\/schema\/logo\/image\/\"}}]}<\/script>\n<!-- \/ Yoast SEO plugin. -->","yoast_head_json":{"title":"SDVS30 controller - TARPAK - Packaging machines | cartoners and flowpacks","robots":{"index":"index","follow":"follow","max-snippet":"max-snippet:-1","max-image-preview":"max-image-preview:large","max-video-preview":"max-video-preview:-1"},"canonical":"https:\/\/tarpak.pl\/en\/product\/kontroler-sdvs30\/","og_locale":"en_GB","og_type":"article","og_title":"Kontroler SDVS30 - TARPAK - Maszyny pakuj\u0105ce | kartoniarki i flowpacki","og_description":"SDVS30 to inteligentny kontroler s\u0142u\u017c\u0105cy do automatycznego sortowania obiekt\u00f3w na podstawie ich w\u0142a\u015bciwo\u015bci optycznych. Kontroler jest wyposa\u017cony w dwa czujniki \u015bwiat\u0142owodowe, dwa wyj\u015bcia pneumatyczne oraz dwa z\u0142\u0105cza elektryczne DC.","og_url":"https:\/\/tarpak.pl\/en\/product\/kontroler-sdvs30\/","og_site_name":"TARPAK - Maszyny pakuj\u0105ce | kartoniarki i flowpacki","article_modified_time":"2025-01-16T08:17:40+00:00","og_image":[{"width":1920,"height":1280,"url":"https:\/\/tarpak.pl\/wp-content\/uploads\/2024\/11\/Kontroler-SDVS30.png","type":"image\/png"}],"twitter_card":"summary_large_image","twitter_misc":{"Estimated reading time":"2 minutes"},"schema":{"@context":"https:\/\/schema.org","@graph":[{"@type":"WebPage","@id":"https:\/\/tarpak.pl\/produkt\/kontroler-sdvs30\/","url":"https:\/\/tarpak.pl\/produkt\/kontroler-sdvs30\/","name":"SDVS30 controller - TARPAK - Packaging machines | cartoners and flowpacks","isPartOf":{"@id":"https:\/\/tarpak.pl\/#website"},"primaryImageOfPage":{"@id":"https:\/\/tarpak.pl\/produkt\/kontroler-sdvs30\/#primaryimage"},"image":{"@id":"https:\/\/tarpak.pl\/produkt\/kontroler-sdvs30\/#primaryimage"},"thumbnailUrl":"https:\/\/tarpak.pl\/wp-content\/uploads\/2024\/11\/Kontroler-SDVS30.png","datePublished":"2024-11-06T12:43:30+00:00","dateModified":"2025-01-16T08:17:40+00:00","breadcrumb":{"@id":"https:\/\/tarpak.pl\/produkt\/kontroler-sdvs30\/#breadcrumb"},"inLanguage":"en-GB","potentialAction":[{"@type":"ReadAction","target":["https:\/\/tarpak.pl\/produkt\/kontroler-sdvs30\/"]}]},{"@type":"ImageObject","inLanguage":"en-GB","@id":"https:\/\/tarpak.pl\/produkt\/kontroler-sdvs30\/#primaryimage","url":"https:\/\/tarpak.pl\/wp-content\/uploads\/2024\/11\/Kontroler-SDVS30.png","contentUrl":"https:\/\/tarpak.pl\/wp-content\/uploads\/2024\/11\/Kontroler-SDVS30.png","width":1920,"height":1280,"caption":"Kontroler SDVS30"},{"@type":"BreadcrumbList","@id":"https:\/\/tarpak.pl\/produkt\/kontroler-sdvs30\/#breadcrumb","itemListElement":[{"@type":"ListItem","position":1,"name":"Strona g\u0142\u00f3wna","item":"https:\/\/tarpak.pl\/"},{"@type":"ListItem","position":2,"name":"Sklep","item":"https:\/\/tarpak.pl\/sklep\/"},{"@type":"ListItem","position":3,"name":"Kontroler SDVS30"}]},{"@type":"WebSite","@id":"https:\/\/tarpak.pl\/#website","url":"https:\/\/tarpak.pl\/","name":"TARPAK - Packaging machines | cartoners and flowpacks","description":"Packaging machines | cartoners and flowpacks","publisher":{"@id":"https:\/\/tarpak.pl\/#organization"},"potentialAction":[{"@type":"SearchAction","target":{"@type":"EntryPoint","urlTemplate":"https:\/\/tarpak.pl\/?s={search_term_string}"},"query-input":{"@type":"PropertyValueSpecification","valueRequired":true,"valueName":"search_term_string"}}],"inLanguage":"en-GB"},{"@type":"Organization","@id":"https:\/\/tarpak.pl\/#organization","name":"TARPAK - Packaging machines | cartoners and flowpacks","url":"https:\/\/tarpak.pl\/","logo":{"@type":"ImageObject","inLanguage":"en-GB","@id":"https:\/\/tarpak.pl\/#\/schema\/logo\/image\/","url":"https:\/\/tarpak.pl\/wp-content\/uploads\/2024\/10\/logo-main-2.png","contentUrl":"https:\/\/tarpak.pl\/wp-content\/uploads\/2024\/10\/logo-main-2.png","width":140,"height":47,"caption":"TARPAK - Maszyny pakuj\u0105ce | kartoniarki i flowpacki"},"image":{"@id":"https:\/\/tarpak.pl\/#\/schema\/logo\/image\/"}}]}},"_links":{"self":[{"href":"https:\/\/tarpak.pl\/en\/wp-json\/wp\/v2\/product\/954"}],"collection":[{"href":"https:\/\/tarpak.pl\/en\/wp-json\/wp\/v2\/product"}],"about":[{"href":"https:\/\/tarpak.pl\/en\/wp-json\/wp\/v2\/types\/product"}],"version-history":[{"count":0,"href":"https:\/\/tarpak.pl\/en\/wp-json\/wp\/v2\/product\/954\/revisions"}],"wp:featuredmedia":[{"embeddable":true,"href":"https:\/\/tarpak.pl\/en\/wp-json\/wp\/v2\/media\/1003"}],"wp:attachment":[{"href":"https:\/\/tarpak.pl\/en\/wp-json\/wp\/v2\/media?parent=954"}],"wp:term":[{"taxonomy":"product_cat","embeddable":true,"href":"https:\/\/tarpak.pl\/en\/wp-json\/wp\/v2\/product_cat?post=954"},{"taxonomy":"product_tag","embeddable":true,"href":"https:\/\/tarpak.pl\/en\/wp-json\/wp\/v2\/product_tag?post=954"}],"curies":[{"name":"wp","href":"https:\/\/api.w.org\/{rel}","templated":true}]}}