{"id":946,"date":"2024-11-06T12:43:30","date_gmt":"2024-11-06T12:43:30","guid":{"rendered":"https:\/\/tarpak.pl\/?post_type=product&#038;p=946"},"modified":"2025-01-15T07:11:03","modified_gmt":"2025-01-15T07:11:03","slug":"baza-wibracyjna-ntb-30","status":"publish","type":"product","link":"https:\/\/tarpak.pl\/en\/product\/baza-wibracyjna-ntb-30\/","title":{"rendered":"Vibration base NTB-30"},"content":{"rendered":"<div class=\"row\">\n<table class=\"bordered\">\n<tbody>\n<tr>\n<th colspan=\"2\">Features<\/th>\n<\/tr>\n<tr>\n<td>\n<ul>\n<li>Smooth and precise control of speed and product layer stability when used with a frequency controller,<\/li>\n<li>Particularly suitable for fast and stable: positioning, sorting and feeding of fine and precision workpieces,<\/li>\n<li>The simplified design ensures convenient adjustment and maintenance,<\/li>\n<li>Manufacture from high-quality materials and comprehensive testing ensure a high level of safety and stability in operation,<\/li>\n<li>Standard design is right-handed direction, left-handed direction available on special order.<\/li>\n<li>Weight (kg): 24.4<\/li>\n<li>Input voltage (V): 0-220<\/li>\n<li>Current intensity (A): 3<\/li>\n<li>Vibration frequency (Hz): 60-220<\/li>\n<li>Maximum diameter of bowl (mm): 370<\/li>\n<li>Maximum load weight (kg): 10<\/li>\n<li>Compatible controller: SDVC 31-M<\/li>\n<\/ul>\n<\/td>\n<\/tr>\n<\/tbody>\n<\/table>\n<div class=\"elementor-divider\"><img decoding=\"async\" class=\"size-full wp-image-3402\" title=\"dot separator\" src=\"https:\/\/tarpak.pl\/wp-content\/uploads\/2024\/11\/separator_dot.png\" alt=\"dot separator\" width=\"184\" height=\"50\" \/><\/div>\n<table class=\"bordered\">\n<tbody>\n<tr>\n<th colspan=\"2\">Specification<\/th>\n<th colspan=\"7\"><\/th>\n<\/tr>\n<tr>\n<td><strong>Model<\/strong><\/td>\n<td><strong>Drive type<\/strong><\/td>\n<td><strong>Supply voltage<\/strong><\/td>\n<td><strong>Current intensity<\/strong><\/td>\n<td><strong>Vibration frequency<\/strong><\/td>\n<td><strong>Maximum diameter of bowl<\/strong><\/td>\n<td><strong>Maximum load<\/strong><\/td>\n<td><strong>Compatible controller<\/strong><\/td>\n<\/tr>\n<tr>\n<td>NTB-23<\/td>\n<td>Electromagnetic<\/td>\n<td>0-220<\/td>\n<td>1,5<\/td>\n<td>70-250<\/td>\n<td>370<\/td>\n<td>10<\/td>\n<td>SDVC31-M SDVC34-MR<\/td>\n<\/tr>\n<tr>\n<td>NTB-30<\/td>\n<td>Electromagnetic<\/td>\n<td>0-220<\/td>\n<td>3<\/td>\n<td>70-250<\/td>\n<td>500<\/td>\n<td>20<\/td>\n<td>SDVC31-M SDVC34-MR<\/td>\n<\/tr>\n<tr>\n<td>NTB-39<\/td>\n<td>Electromagnetic<\/td>\n<td>0-220<\/td>\n<td>3<\/td>\n<td>70-250<\/td>\n<td>620<\/td>\n<td>30<\/td>\n<td>SDVC31-L SDVC34-MR<\/td>\n<\/tr>\n<\/tbody>\n<\/table>\n<div class=\"elementor-divider\"><img decoding=\"async\" class=\"size-full wp-image-3402\" title=\"dot separator\" src=\"https:\/\/tarpak.pl\/wp-content\/uploads\/2024\/11\/separator_dot.png\" alt=\"dot separator\" width=\"184\" height=\"50\" \/><\/div>\n<div class=\"medium_title\">\n<h3>Dimensions<\/h3>\n<\/div>\n<table class=\"bordered\">\n<tbody>\n<tr>\n<td><strong>Model<\/strong><\/td>\n<td><strong>\u03d5A<\/strong><\/td>\n<td><strong>\u03d5B<\/strong><\/td>\n<td><strong>M<\/strong><\/td>\n<td><strong>D<\/strong><\/td>\n<td><strong>\u03d5E<\/strong><\/td>\n<td><strong>F<\/strong><\/td>\n<td><strong>N<\/strong><\/td>\n<td><strong>G<\/strong><\/td>\n<td><strong>H<\/strong><\/td>\n<td><strong>I<\/strong><\/td>\n<td><strong>J<\/strong><\/td>\n<td><strong>K<\/strong><\/td>\n<\/tr>\n<tr>\n<td>NTB-23<\/td>\n<td>260<\/td>\n<td>230<\/td>\n<td>12<\/td>\n<td>8,5<\/td>\n<td>220<\/td>\n<td>110<\/td>\n<td>97,8<\/td>\n<td>63,5<\/td>\n<td>233<\/td>\n<td>34<\/td>\n<td>4<\/td>\n<td>4,5<\/td>\n<\/tr>\n<tr>\n<td>NTB-30<\/td>\n<td>340<\/td>\n<td>300<\/td>\n<td>12<\/td>\n<td>8,5<\/td>\n<td>290<\/td>\n<td>110<\/td>\n<td>97,8<\/td>\n<td>63,5<\/td>\n<td>242<\/td>\n<td>34<\/td>\n<td>4<\/td>\n<td>4,5<\/td>\n<\/tr>\n<tr>\n<td>NTB-39<\/td>\n<td>440<\/td>\n<td>390<\/td>\n<td>16<\/td>\n<td>6,5<\/td>\n<td>380<\/td>\n<td>80<\/td>\n<td>68<\/td>\n<td>15<\/td>\n<td>279<\/td>\n<td>40<\/td>\n<td>2<\/td>\n<td>6<\/td>\n<\/tr>\n<\/tbody>\n<\/table>\n<p><img decoding=\"async\" title=\"Technical drawing-Vibrating Base-NTB30-1.jpg\"  src=\"https:\/\/tarpak.pl\/wp-content\/uploads\/2024\/11\/Rysunek-techniczny-Baza-wibracyjna-NTB30-1-696x1024.jpg\" alt=\"\" width=\"70%\" class=\"alignnone size-large wp-image-978\" srcset=\"https:\/\/tarpak.pl\/wp-content\/uploads\/2024\/11\/Rysunek-techniczny-Baza-wibracyjna-NTB30-1-696x1024.jpg 696w, https:\/\/tarpak.pl\/wp-content\/uploads\/2024\/11\/Rysunek-techniczny-Baza-wibracyjna-NTB30-1-204x300.jpg 204w, https:\/\/tarpak.pl\/wp-content\/uploads\/2024\/11\/Rysunek-techniczny-Baza-wibracyjna-NTB30-1-600x883.jpg 600w, https:\/\/tarpak.pl\/wp-content\/uploads\/2024\/11\/Rysunek-techniczny-Baza-wibracyjna-NTB30-1.jpg 721w\" sizes=\"(max-width: 696px) 100vw, 696px\" \/><\/p>\n<\/div>","protected":false},"excerpt":{"rendered":"<p>The NTB-30 vibration base is a vibration drive model with a wide range of applications. It is characterised by low energy consumption and increased amplitude. Appropriate design and material selection ensure high performance at a moderate price.<\/p>","protected":false},"featured_media":977,"template":"","meta":{"_bst_post_transparent":"default","_bst_post_title":"","_bst_post_layout":"default","_bst_post_sidebar_id":"","_bst_post_content_style":"default","_bst_post_vertical_padding":"default","_bst_post_feature":"","_bst_post_feature_position":"","_bst_post_header":false,"_bst_post_footer":false},"product_cat":[77,46],"product_tag":[],"class_list":{"0":"post-946","1":"product","2":"type-product","3":"status-publish","4":"has-post-thumbnail","6":"product_cat-bazy-wibracyjne-kolowe","7":"product_cat-podajniki-wibracyjne","9":"first","10":"instock","11":"taxable","12":"shipping-taxable","13":"purchasable","14":"product-type-simple","15":"entry","16":"content-bg","17":"loop-entry"},"yoast_head":"<!-- This site is optimized with the Yoast SEO plugin v24.3 - https:\/\/yoast.com\/wordpress\/plugins\/seo\/ -->\n<title>Baza wibracyjna NTB-30 - TARPAK - Maszyny pakuj\u0105ce | kartoniarki i flowpacki<\/title>\n<meta name=\"robots\" content=\"index, follow, max-snippet:-1, max-image-preview:large, max-video-preview:-1\" \/>\n<link rel=\"canonical\" href=\"https:\/\/tarpak.pl\/en\/product\/baza-wibracyjna-ntb-30\/\" \/>\n<meta property=\"og:locale\" content=\"en_GB\" \/>\n<meta property=\"og:type\" content=\"article\" \/>\n<meta property=\"og:title\" content=\"Baza wibracyjna NTB-30 - TARPAK - Maszyny pakuj\u0105ce | kartoniarki i flowpacki\" \/>\n<meta property=\"og:description\" content=\"Baza wibracyjna NTB-30 to model nap\u0119du wibracyjnego o szerokim zakresie zastosowa\u0144. Charakteryzuje si\u0119 niskim zu\u017cyciem energii i zwi\u0119kszon\u0105 amplitud\u0105. Odpowiedni projekt i dob\u00f3r materia\u0142\u00f3w zapewniaj\u0105 wysok\u0105 wydajno\u015b\u0107 przy umiarkowanej cenie.\" \/>\n<meta property=\"og:url\" content=\"https:\/\/tarpak.pl\/en\/product\/baza-wibracyjna-ntb-30\/\" \/>\n<meta property=\"og:site_name\" content=\"TARPAK - Maszyny pakuj\u0105ce | kartoniarki i flowpacki\" \/>\n<meta property=\"article:modified_time\" content=\"2025-01-15T07:11:03+00:00\" \/>\n<meta property=\"og:image\" content=\"https:\/\/tarpak.pl\/wp-content\/uploads\/2024\/11\/NTB30-ZDJECIEa.png\" \/>\n\t<meta property=\"og:image:width\" content=\"1920\" \/>\n\t<meta property=\"og:image:height\" content=\"1280\" \/>\n\t<meta property=\"og:image:type\" content=\"image\/png\" \/>\n<meta name=\"twitter:card\" content=\"summary_large_image\" \/>\n<meta name=\"twitter:label1\" content=\"Estimated reading time\" \/>\n\t<meta name=\"twitter:data1\" content=\"1 minute\" \/>\n<script type=\"application\/ld+json\" class=\"yoast-schema-graph\">{\"@context\":\"https:\/\/schema.org\",\"@graph\":[{\"@type\":\"WebPage\",\"@id\":\"https:\/\/tarpak.pl\/produkt\/baza-wibracyjna-ntb-30\/\",\"url\":\"https:\/\/tarpak.pl\/produkt\/baza-wibracyjna-ntb-30\/\",\"name\":\"Baza wibracyjna NTB-30 - TARPAK - Maszyny pakuj\u0105ce | kartoniarki i flowpacki\",\"isPartOf\":{\"@id\":\"https:\/\/tarpak.pl\/#website\"},\"primaryImageOfPage\":{\"@id\":\"https:\/\/tarpak.pl\/produkt\/baza-wibracyjna-ntb-30\/#primaryimage\"},\"image\":{\"@id\":\"https:\/\/tarpak.pl\/produkt\/baza-wibracyjna-ntb-30\/#primaryimage\"},\"thumbnailUrl\":\"https:\/\/tarpak.pl\/wp-content\/uploads\/2024\/11\/NTB30-ZDJECIEa.png\",\"datePublished\":\"2024-11-06T12:43:30+00:00\",\"dateModified\":\"2025-01-15T07:11:03+00:00\",\"breadcrumb\":{\"@id\":\"https:\/\/tarpak.pl\/produkt\/baza-wibracyjna-ntb-30\/#breadcrumb\"},\"inLanguage\":\"en-GB\",\"potentialAction\":[{\"@type\":\"ReadAction\",\"target\":[\"https:\/\/tarpak.pl\/produkt\/baza-wibracyjna-ntb-30\/\"]}]},{\"@type\":\"ImageObject\",\"inLanguage\":\"en-GB\",\"@id\":\"https:\/\/tarpak.pl\/produkt\/baza-wibracyjna-ntb-30\/#primaryimage\",\"url\":\"https:\/\/tarpak.pl\/wp-content\/uploads\/2024\/11\/NTB30-ZDJECIEa.png\",\"contentUrl\":\"https:\/\/tarpak.pl\/wp-content\/uploads\/2024\/11\/NTB30-ZDJECIEa.png\",\"width\":1920,\"height\":1280,\"caption\":\"NTB30 ZDJECIEa\"},{\"@type\":\"BreadcrumbList\",\"@id\":\"https:\/\/tarpak.pl\/produkt\/baza-wibracyjna-ntb-30\/#breadcrumb\",\"itemListElement\":[{\"@type\":\"ListItem\",\"position\":1,\"name\":\"Strona g\u0142\u00f3wna\",\"item\":\"https:\/\/tarpak.pl\/\"},{\"@type\":\"ListItem\",\"position\":2,\"name\":\"Sklep\",\"item\":\"https:\/\/tarpak.pl\/sklep\/\"},{\"@type\":\"ListItem\",\"position\":3,\"name\":\"Baza wibracyjna NTB-30\"}]},{\"@type\":\"WebSite\",\"@id\":\"https:\/\/tarpak.pl\/#website\",\"url\":\"https:\/\/tarpak.pl\/\",\"name\":\"TARPAK - Maszyny pakuj\u0105ce | kartoniarki i flowpacki\",\"description\":\"Maszyny pakuj\u0105ce | kartoniarki i flowpacki\",\"publisher\":{\"@id\":\"https:\/\/tarpak.pl\/#organization\"},\"potentialAction\":[{\"@type\":\"SearchAction\",\"target\":{\"@type\":\"EntryPoint\",\"urlTemplate\":\"https:\/\/tarpak.pl\/?s={search_term_string}\"},\"query-input\":{\"@type\":\"PropertyValueSpecification\",\"valueRequired\":true,\"valueName\":\"search_term_string\"}}],\"inLanguage\":\"en-GB\"},{\"@type\":\"Organization\",\"@id\":\"https:\/\/tarpak.pl\/#organization\",\"name\":\"TARPAK - Maszyny pakuj\u0105ce | kartoniarki i flowpacki\",\"url\":\"https:\/\/tarpak.pl\/\",\"logo\":{\"@type\":\"ImageObject\",\"inLanguage\":\"en-GB\",\"@id\":\"https:\/\/tarpak.pl\/#\/schema\/logo\/image\/\",\"url\":\"https:\/\/tarpak.pl\/wp-content\/uploads\/2024\/10\/logo-main-2.png\",\"contentUrl\":\"https:\/\/tarpak.pl\/wp-content\/uploads\/2024\/10\/logo-main-2.png\",\"width\":140,\"height\":47,\"caption\":\"TARPAK - Maszyny pakuj\u0105ce | kartoniarki i flowpacki\"},\"image\":{\"@id\":\"https:\/\/tarpak.pl\/#\/schema\/logo\/image\/\"}}]}<\/script>\n<!-- \/ Yoast SEO plugin. -->","yoast_head_json":{"title":"Vibration base NTB-30 - TARPAK - Packaging machines | cartoners and flowpacks","robots":{"index":"index","follow":"follow","max-snippet":"max-snippet:-1","max-image-preview":"max-image-preview:large","max-video-preview":"max-video-preview:-1"},"canonical":"https:\/\/tarpak.pl\/en\/product\/baza-wibracyjna-ntb-30\/","og_locale":"en_GB","og_type":"article","og_title":"Baza wibracyjna NTB-30 - TARPAK - Maszyny pakuj\u0105ce | kartoniarki i flowpacki","og_description":"Baza wibracyjna NTB-30 to model nap\u0119du wibracyjnego o szerokim zakresie zastosowa\u0144. Charakteryzuje si\u0119 niskim zu\u017cyciem energii i zwi\u0119kszon\u0105 amplitud\u0105. Odpowiedni projekt i dob\u00f3r materia\u0142\u00f3w zapewniaj\u0105 wysok\u0105 wydajno\u015b\u0107 przy umiarkowanej cenie.","og_url":"https:\/\/tarpak.pl\/en\/product\/baza-wibracyjna-ntb-30\/","og_site_name":"TARPAK - Maszyny pakuj\u0105ce | kartoniarki i flowpacki","article_modified_time":"2025-01-15T07:11:03+00:00","og_image":[{"width":1920,"height":1280,"url":"https:\/\/tarpak.pl\/wp-content\/uploads\/2024\/11\/NTB30-ZDJECIEa.png","type":"image\/png"}],"twitter_card":"summary_large_image","twitter_misc":{"Estimated reading time":"1 minute"},"schema":{"@context":"https:\/\/schema.org","@graph":[{"@type":"WebPage","@id":"https:\/\/tarpak.pl\/produkt\/baza-wibracyjna-ntb-30\/","url":"https:\/\/tarpak.pl\/produkt\/baza-wibracyjna-ntb-30\/","name":"Vibration base NTB-30 - TARPAK - Packaging machines | cartoners and flowpacks","isPartOf":{"@id":"https:\/\/tarpak.pl\/#website"},"primaryImageOfPage":{"@id":"https:\/\/tarpak.pl\/produkt\/baza-wibracyjna-ntb-30\/#primaryimage"},"image":{"@id":"https:\/\/tarpak.pl\/produkt\/baza-wibracyjna-ntb-30\/#primaryimage"},"thumbnailUrl":"https:\/\/tarpak.pl\/wp-content\/uploads\/2024\/11\/NTB30-ZDJECIEa.png","datePublished":"2024-11-06T12:43:30+00:00","dateModified":"2025-01-15T07:11:03+00:00","breadcrumb":{"@id":"https:\/\/tarpak.pl\/produkt\/baza-wibracyjna-ntb-30\/#breadcrumb"},"inLanguage":"en-GB","potentialAction":[{"@type":"ReadAction","target":["https:\/\/tarpak.pl\/produkt\/baza-wibracyjna-ntb-30\/"]}]},{"@type":"ImageObject","inLanguage":"en-GB","@id":"https:\/\/tarpak.pl\/produkt\/baza-wibracyjna-ntb-30\/#primaryimage","url":"https:\/\/tarpak.pl\/wp-content\/uploads\/2024\/11\/NTB30-ZDJECIEa.png","contentUrl":"https:\/\/tarpak.pl\/wp-content\/uploads\/2024\/11\/NTB30-ZDJECIEa.png","width":1920,"height":1280,"caption":"NTB30 ZDJECIEa"},{"@type":"BreadcrumbList","@id":"https:\/\/tarpak.pl\/produkt\/baza-wibracyjna-ntb-30\/#breadcrumb","itemListElement":[{"@type":"ListItem","position":1,"name":"Strona g\u0142\u00f3wna","item":"https:\/\/tarpak.pl\/"},{"@type":"ListItem","position":2,"name":"Sklep","item":"https:\/\/tarpak.pl\/sklep\/"},{"@type":"ListItem","position":3,"name":"Baza wibracyjna NTB-30"}]},{"@type":"WebSite","@id":"https:\/\/tarpak.pl\/#website","url":"https:\/\/tarpak.pl\/","name":"TARPAK - Packaging machines | cartoners and flowpacks","description":"Packaging machines | cartoners and flowpacks","publisher":{"@id":"https:\/\/tarpak.pl\/#organization"},"potentialAction":[{"@type":"SearchAction","target":{"@type":"EntryPoint","urlTemplate":"https:\/\/tarpak.pl\/?s={search_term_string}"},"query-input":{"@type":"PropertyValueSpecification","valueRequired":true,"valueName":"search_term_string"}}],"inLanguage":"en-GB"},{"@type":"Organization","@id":"https:\/\/tarpak.pl\/#organization","name":"TARPAK - Packaging machines | cartoners and flowpacks","url":"https:\/\/tarpak.pl\/","logo":{"@type":"ImageObject","inLanguage":"en-GB","@id":"https:\/\/tarpak.pl\/#\/schema\/logo\/image\/","url":"https:\/\/tarpak.pl\/wp-content\/uploads\/2024\/10\/logo-main-2.png","contentUrl":"https:\/\/tarpak.pl\/wp-content\/uploads\/2024\/10\/logo-main-2.png","width":140,"height":47,"caption":"TARPAK - Maszyny pakuj\u0105ce | kartoniarki i flowpacki"},"image":{"@id":"https:\/\/tarpak.pl\/#\/schema\/logo\/image\/"}}]}},"_links":{"self":[{"href":"https:\/\/tarpak.pl\/en\/wp-json\/wp\/v2\/product\/946"}],"collection":[{"href":"https:\/\/tarpak.pl\/en\/wp-json\/wp\/v2\/product"}],"about":[{"href":"https:\/\/tarpak.pl\/en\/wp-json\/wp\/v2\/types\/product"}],"version-history":[{"count":0,"href":"https:\/\/tarpak.pl\/en\/wp-json\/wp\/v2\/product\/946\/revisions"}],"wp:featuredmedia":[{"embeddable":true,"href":"https:\/\/tarpak.pl\/en\/wp-json\/wp\/v2\/media\/977"}],"wp:attachment":[{"href":"https:\/\/tarpak.pl\/en\/wp-json\/wp\/v2\/media?parent=946"}],"wp:term":[{"taxonomy":"product_cat","embeddable":true,"href":"https:\/\/tarpak.pl\/en\/wp-json\/wp\/v2\/product_cat?post=946"},{"taxonomy":"product_tag","embeddable":true,"href":"https:\/\/tarpak.pl\/en\/wp-json\/wp\/v2\/product_tag?post=946"}],"curies":[{"name":"wp","href":"https:\/\/api.w.org\/{rel}","templated":true}]}}