{"id":4039,"date":"2025-01-20T13:00:09","date_gmt":"2025-01-20T13:00:09","guid":{"rendered":"https:\/\/tarpak.pl\/?post_type=product&#038;p=4039"},"modified":"2025-01-21T09:23:17","modified_gmt":"2025-01-21T09:23:17","slug":"tackarka-duo","status":"publish","type":"product","link":"https:\/\/tarpak.pl\/en\/product\/tackarka-duo\/","title":{"rendered":"DUO TACKER"},"content":{"rendered":"<div class=\"row\">\n<div class=\"medium_title\">\n<h3>TACKARKA DUO by Tarpak - Automation at the highest level<\/h3>\n<\/div>\n<p>The Tackarka DUO is an excellent choice for companies that want to optimise production processes while reducing operating costs.<\/p>\n<div class=\"elementor-divider\"><img decoding=\"async\" class=\"size-full wp-image-3402\" title=\"dot separator\" src=\"https:\/\/tarpak.pl\/wp-content\/uploads\/2024\/11\/separator_dot.png\" alt=\"dot separator\" width=\"184\" height=\"50\" \/><\/div>\n<div class=\"medium_title\">\n<h3>Key features<\/h3>\n<\/div>\n<ul>\n<li><strong>Automatic format adjustment:<\/strong> The DUO tray placer is distinguished by its ability to automatically recognise the formats of the trays stacked on the conveyor. The unit handles blanks stacked in three columns, allowing different types of packaging to be handled seamlessly in a single process.<\/li>\n<li><strong>High performance:<\/strong> A folding capacity of 8-10 trays per minute guarantees a fast turnaround, regardless of the type of production.<\/li>\n<li><strong>Maximising process efficiency<\/strong> by reducing changeover time to zero. Which results in an increase in overall process efficiency close to 100%.<\/li>\n<li><strong>Universal application:<\/strong> The DUO trapper handles bottoms and lids in two sizes, which increases its versatility and allows it to be used in a variety of industries such as food, furniture or logistics.<\/li>\n<\/ul>\n<div class=\"elementor-divider\"><img decoding=\"async\" class=\"size-full wp-image-3402\" title=\"dot separator\" src=\"https:\/\/tarpak.pl\/wp-content\/uploads\/2024\/11\/separator_dot.png\" alt=\"dot separator\" width=\"184\" height=\"50\" \/><\/div>\n<div class=\"medium_title\">\n<h3>Benefits for your company<\/h3>\n<\/div>\n<ul>\n<li><strong>Process automation:<\/strong> The DUO tray former eliminates the need for manual adjustment of tray formats, speeding up production processes and reducing the risk of human error.<\/li>\n<li><strong>Saving space and resources:<\/strong> Thanks to its ability to operate over two floors, the unit allows for efficient organisation of the production space, which is particularly important in plants with limited space.<\/li>\n<li><strong>An ecological solution:<\/strong> The lack of need for glue in the tray assembly process supports environmental and waste reduction efforts.<\/li>\n<li><strong>Support for internal logistics:<\/strong> The Tackarka DUO works in conjunction with an internal logistics system that includes lifts and packing tables. This makes integration into existing production lines fast and seamless.<\/li>\n<\/ul>\n<div class=\"elementor-divider\"><img decoding=\"async\" class=\"size-full wp-image-3402\" title=\"dot separator\" src=\"https:\/\/tarpak.pl\/wp-content\/uploads\/2024\/11\/separator_dot.png\" alt=\"dot separator\" width=\"184\" height=\"50\" \/><\/div>\n<table class=\"bordered\">\n<tbody>\n<tr>\n<th colspan=\"2\">Specification<\/th>\n<th colspan=\"3\"><\/th>\n<\/tr>\n<tr>\n<td><strong>Model<\/strong><\/td>\n<td><strong>Operating pressure<\/strong><\/td>\n<td><strong>Power<\/strong><\/td>\n<td><strong>Performance<\/strong><\/td>\n<td><strong>Working on two levels<\/strong><\/td>\n<\/tr>\n<tr>\n<td>DUO<\/td>\n<td>7-8 Bar<\/td>\n<td>1500W<\/td>\n<td>8-10 trays\/minute<\/td>\n<td>Can be installed on the first floor,<br \/> which allows optimum use of space in the production facility.<\/td>\n<\/tr>\n<\/tbody>\n<\/table>\n<div class=\"elementor-divider\"><img decoding=\"async\" class=\"size-full wp-image-3402\" title=\"dot separator\" src=\"https:\/\/tarpak.pl\/wp-content\/uploads\/2024\/11\/separator_dot.png\" alt=\"dot separator\" width=\"184\" height=\"50\" \/><\/div>\n<div class=\"medium_title\">\n<h3>Available versions<\/h3>\n<\/div>\n<div class=\"e-con-inner img2\">\n<div class=\"img_col-options\">\n<p><strong>Tackarka DUO design submission ver. 3 A<\/strong><\/p>\n<p><img decoding=\"async\" title=\"T.P.0002 00.Z.03 Tackarka DUO design submission ver. 3 A sn\"  src=\"https:\/\/tarpak.pl\/wp-content\/uploads\/2025\/01\/T.P.0002_00.Z.03-Tackarka-DUO-zlozenie-projektowe-wer.-3-A_sn.png\" alt=\"T.P.0002 00.Z.03 Tackarka DUO design submission ver. 3 A\" width=\"100%\" class=\"alignleft size-full wp-image-4048\" style=\"padding-right: 10px; align-items: center; align-self: center;\" srcset=\"https:\/\/tarpak.pl\/wp-content\/uploads\/2025\/01\/T.P.0002_00.Z.03-Tackarka-DUO-zlozenie-projektowe-wer.-3-A_sn.png 1200w, https:\/\/tarpak.pl\/wp-content\/uploads\/2025\/01\/T.P.0002_00.Z.03-Tackarka-DUO-zlozenie-projektowe-wer.-3-A_sn-300x154.png 300w, https:\/\/tarpak.pl\/wp-content\/uploads\/2025\/01\/T.P.0002_00.Z.03-Tackarka-DUO-zlozenie-projektowe-wer.-3-A_sn-1024x527.png 1024w, https:\/\/tarpak.pl\/wp-content\/uploads\/2025\/01\/T.P.0002_00.Z.03-Tackarka-DUO-zlozenie-projektowe-wer.-3-A_sn-768x395.png 768w, https:\/\/tarpak.pl\/wp-content\/uploads\/2025\/01\/T.P.0002_00.Z.03-Tackarka-DUO-zlozenie-projektowe-wer.-3-A_sn-600x309.png 600w\" sizes=\"(max-width: 1200px) 100vw, 1200px\" \/><\/p>\n<\/div>\n<div class=\"img_col-options\">\n<p><strong>Tackarka DUO design submission ver. 3 B<\/strong><\/p>\n<p><img decoding=\"async\" title=\"T.P.0002 00.Z.03 Tacking machine DUO design submission ver. 3 B sn\"  src=\"https:\/\/tarpak.pl\/wp-content\/uploads\/2025\/01\/T.P.0002_00.Z.03-Tackarka-DUO-zlozenie-projektowe-wer.-3-B_sn.png\" alt=\"T.P.0002 00.Z.03 Tackarka DUO design submission ver. 3 B\" width=\"100%\" class=\"alignright size-full wp-image-4049\" style=\"padding-left: 10px; align-items: center; align-self: center;\" srcset=\"https:\/\/tarpak.pl\/wp-content\/uploads\/2025\/01\/T.P.0002_00.Z.03-Tackarka-DUO-zlozenie-projektowe-wer.-3-B_sn.png 1200w, https:\/\/tarpak.pl\/wp-content\/uploads\/2025\/01\/T.P.0002_00.Z.03-Tackarka-DUO-zlozenie-projektowe-wer.-3-B_sn-300x154.png 300w, https:\/\/tarpak.pl\/wp-content\/uploads\/2025\/01\/T.P.0002_00.Z.03-Tackarka-DUO-zlozenie-projektowe-wer.-3-B_sn-1024x527.png 1024w, https:\/\/tarpak.pl\/wp-content\/uploads\/2025\/01\/T.P.0002_00.Z.03-Tackarka-DUO-zlozenie-projektowe-wer.-3-B_sn-768x395.png 768w, https:\/\/tarpak.pl\/wp-content\/uploads\/2025\/01\/T.P.0002_00.Z.03-Tackarka-DUO-zlozenie-projektowe-wer.-3-B_sn-600x309.png 600w\" sizes=\"(max-width: 1200px) 100vw, 1200px\" \/><\/p>\n<\/div>\n<\/div>\n<div class=\"elementor-divider\"><img decoding=\"async\" class=\"size-full wp-image-3402\" title=\"dot separator\" src=\"https:\/\/tarpak.pl\/wp-content\/uploads\/2024\/11\/separator_dot.png\" alt=\"dot separator\" width=\"184\" height=\"50\" \/><\/div>\n<div class=\"medium_title\">\n<h3>Indoor setting<\/h3>\n<\/div>\n<div class=\"e-con-inner img2\">\n<div class=\"img_col-options\">\n<p><strong>Hall positioning ver. 6 final A<\/strong><\/p>\n<p><img decoding=\"async\" title=\"T.P.0002 00.Z.25 Hall setting ver. 6 final A\"  src=\"https:\/\/tarpak.pl\/wp-content\/uploads\/2025\/01\/T.P.0002_00.Z.25-Ustawienie-na-hali-wer.-6-ostateczna-A.png\" alt=\"T.P.0002 00.Z.25 Hall setting ver. 6 final A\" width=\"70%\" class=\"alignleft size-full wp-image-4050\" style=\"padding-right: 10px; align-items: center; align-self: center;\" srcset=\"https:\/\/tarpak.pl\/wp-content\/uploads\/2025\/01\/T.P.0002_00.Z.25-Ustawienie-na-hali-wer.-6-ostateczna-A.png 926w, https:\/\/tarpak.pl\/wp-content\/uploads\/2025\/01\/T.P.0002_00.Z.25-Ustawienie-na-hali-wer.-6-ostateczna-A-300x269.png 300w, https:\/\/tarpak.pl\/wp-content\/uploads\/2025\/01\/T.P.0002_00.Z.25-Ustawienie-na-hali-wer.-6-ostateczna-A-768x688.png 768w, https:\/\/tarpak.pl\/wp-content\/uploads\/2025\/01\/T.P.0002_00.Z.25-Ustawienie-na-hali-wer.-6-ostateczna-A-600x538.png 600w\" sizes=\"(max-width: 926px) 100vw, 926px\" \/>\n<\/div>\n<div class=\"img_col-options\">\n<p><strong>Hall positioning ver. 6 final B<\/strong><\/p>\n<p><img decoding=\"async\" title=\"T.P.0002 00.Z.25 Hall setting ver. 6 final B\"  src=\"https:\/\/tarpak.pl\/wp-content\/uploads\/2025\/01\/T.P.0002_00.Z.25-Ustawienie-na-hali-wer.-6-ostateczna-B.png\" alt=\"T.P.0002 00.Z.25 Hall setting ver. 6 final B\" width=\"70%\" class=\"alignright size-full wp-image-4051\" style=\"padding-left: 10px; align-items: center; align-self: center;\" srcset=\"https:\/\/tarpak.pl\/wp-content\/uploads\/2025\/01\/T.P.0002_00.Z.25-Ustawienie-na-hali-wer.-6-ostateczna-B.png 827w, https:\/\/tarpak.pl\/wp-content\/uploads\/2025\/01\/T.P.0002_00.Z.25-Ustawienie-na-hali-wer.-6-ostateczna-B-298x300.png 298w, https:\/\/tarpak.pl\/wp-content\/uploads\/2025\/01\/T.P.0002_00.Z.25-Ustawienie-na-hali-wer.-6-ostateczna-B-150x150.png 150w, https:\/\/tarpak.pl\/wp-content\/uploads\/2025\/01\/T.P.0002_00.Z.25-Ustawienie-na-hali-wer.-6-ostateczna-B-768x773.png 768w, https:\/\/tarpak.pl\/wp-content\/uploads\/2025\/01\/T.P.0002_00.Z.25-Ustawienie-na-hali-wer.-6-ostateczna-B-600x604.png 600w, https:\/\/tarpak.pl\/wp-content\/uploads\/2025\/01\/T.P.0002_00.Z.25-Ustawienie-na-hali-wer.-6-ostateczna-B-100x100.png 100w, https:\/\/tarpak.pl\/wp-content\/uploads\/2025\/01\/T.P.0002_00.Z.25-Ustawienie-na-hali-wer.-6-ostateczna-B-118x118.png 118w, https:\/\/tarpak.pl\/wp-content\/uploads\/2025\/01\/T.P.0002_00.Z.25-Ustawienie-na-hali-wer.-6-ostateczna-B-59x59.png 59w, https:\/\/tarpak.pl\/wp-content\/uploads\/2025\/01\/T.P.0002_00.Z.25-Ustawienie-na-hali-wer.-6-ostateczna-B-176x176.png 176w, https:\/\/tarpak.pl\/wp-content\/uploads\/2025\/01\/T.P.0002_00.Z.25-Ustawienie-na-hali-wer.-6-ostateczna-B-88x88.png 88w\" sizes=\"(max-width: 827px) 100vw, 827px\" \/>\n<\/div>\n<\/div>\n<div class=\"elementor-divider\"><img decoding=\"async\" class=\"size-full wp-image-3402\" title=\"dot separator\" src=\"https:\/\/tarpak.pl\/wp-content\/uploads\/2024\/11\/separator_dot.png\" alt=\"dot separator\" width=\"184\" height=\"50\" \/><\/div>\n<div class=\"medium_title\">\n<h3>Why choose TACKARKA DUO?<\/h3>\n<\/div>\n<p>The TACKARKA DUO is a machine that raises the standards of automation in the production industry. Its ability to handle a wide variety of tray formats, its high productivity and its ability to integrate with internal logistics systems make it a tailor-made solution for modern companies. The Tackarka DUO is an investment in the efficiency, ecology and flexibility of production processes that will contribute to the competitiveness of your company. Bet on advanced technology and reliability with TACKARKA DUO from Tarpak!<\/p>\n<\/div>","protected":false},"excerpt":{"rendered":"<p>The DUO TACKER is a state-of-the-art machine designed for companies that require not only efficiency but also versatility in their packaging processes. Thanks to its advanced technology, the DUO automatically detects the format of the trays placed on the infeed conveyor, making it extremely intuitive and efficient in its operation. The ability to snap-fold trays without the use of glue makes it not only economical, but also environmentally friendly.<\/p>","protected":false},"featured_media":4115,"template":"","meta":{"_bst_post_transparent":"default","_bst_post_title":"","_bst_post_layout":"default","_bst_post_sidebar_id":"","_bst_post_content_style":"default","_bst_post_vertical_padding":"default","_bst_post_feature":"","_bst_post_feature_position":"","_bst_post_header":false,"_bst_post_footer":false},"product_cat":[102],"product_tag":[],"class_list":{"0":"post-4039","1":"product","2":"type-product","3":"status-publish","4":"has-post-thumbnail","6":"product_cat-tackarki","8":"first","9":"onbackorder","10":"sold-individually","11":"taxable","12":"shipping-taxable","13":"product-type-simple","14":"entry","15":"content-bg","16":"loop-entry"},"yoast_head":"<!-- This site is optimized with the Yoast SEO plugin v24.3 - https:\/\/yoast.com\/wordpress\/plugins\/seo\/ -->\n<title>TACKARKA DUO - TARPAK - Maszyny pakuj\u0105ce | kartoniarki i flowpacki<\/title>\n<meta name=\"robots\" content=\"index, follow, max-snippet:-1, max-image-preview:large, max-video-preview:-1\" \/>\n<link rel=\"canonical\" href=\"https:\/\/tarpak.pl\/en\/product\/tackarka-duo\/\" \/>\n<meta property=\"og:locale\" content=\"en_GB\" \/>\n<meta property=\"og:type\" content=\"article\" \/>\n<meta property=\"og:title\" content=\"TACKARKA DUO - TARPAK - Maszyny pakuj\u0105ce | kartoniarki i flowpacki\" \/>\n<meta property=\"og:description\" content=\"TACKARKA DUO to nowoczesne urz\u0105dzenie stworzone z my\u015bl\u0105 o przedsi\u0119biorstwach, kt\u00f3re wymagaj\u0105 nie tylko wydajno\u015bci, ale r\u00f3wnie\u017c wszechstronno\u015bci w procesach pakowania. Dzi\u0119ki zaawansowanej technologii, DUO automatycznie wykrywa format tac u\u0142o\u017conych na transporterze podaj\u0105cym, co czyni j\u0105 wyj\u0105tkowo intuicyjn\u0105 i efektywn\u0105 w dzia\u0142aniu. Mo\u017cliwo\u015b\u0107 sk\u0142adania tac na zatrzask bez u\u017cycia kleju sprawia, \u017ce jest to rozwi\u0105zanie nie tylko ekonomiczne, ale tak\u017ce przyjazne \u015brodowisku.\" \/>\n<meta property=\"og:url\" content=\"https:\/\/tarpak.pl\/en\/product\/tackarka-duo\/\" \/>\n<meta property=\"og:site_name\" content=\"TARPAK - Maszyny pakuj\u0105ce | kartoniarki i flowpacki\" \/>\n<meta property=\"article:modified_time\" content=\"2025-01-21T09:23:17+00:00\" \/>\n<meta property=\"og:image\" content=\"https:\/\/tarpak.pl\/wp-content\/uploads\/2025\/01\/Tackarka_duo_maszyna.png\" \/>\n\t<meta property=\"og:image:width\" content=\"1200\" \/>\n\t<meta property=\"og:image:height\" content=\"900\" \/>\n\t<meta property=\"og:image:type\" content=\"image\/png\" \/>\n<meta name=\"twitter:card\" content=\"summary_large_image\" \/>\n<meta name=\"twitter:label1\" content=\"Estimated reading time\" \/>\n\t<meta name=\"twitter:data1\" content=\"2 minutes\" \/>\n<script type=\"application\/ld+json\" class=\"yoast-schema-graph\">{\"@context\":\"https:\/\/schema.org\",\"@graph\":[{\"@type\":\"WebPage\",\"@id\":\"https:\/\/tarpak.pl\/produkt\/tackarka-duo\/\",\"url\":\"https:\/\/tarpak.pl\/produkt\/tackarka-duo\/\",\"name\":\"TACKARKA DUO - TARPAK - Maszyny pakuj\u0105ce | kartoniarki i flowpacki\",\"isPartOf\":{\"@id\":\"https:\/\/tarpak.pl\/#website\"},\"primaryImageOfPage\":{\"@id\":\"https:\/\/tarpak.pl\/produkt\/tackarka-duo\/#primaryimage\"},\"image\":{\"@id\":\"https:\/\/tarpak.pl\/produkt\/tackarka-duo\/#primaryimage\"},\"thumbnailUrl\":\"https:\/\/tarpak.pl\/wp-content\/uploads\/2025\/01\/Tackarka_duo_maszyna.png\",\"datePublished\":\"2025-01-20T13:00:09+00:00\",\"dateModified\":\"2025-01-21T09:23:17+00:00\",\"breadcrumb\":{\"@id\":\"https:\/\/tarpak.pl\/produkt\/tackarka-duo\/#breadcrumb\"},\"inLanguage\":\"en-GB\",\"potentialAction\":[{\"@type\":\"ReadAction\",\"target\":[\"https:\/\/tarpak.pl\/produkt\/tackarka-duo\/\"]}]},{\"@type\":\"ImageObject\",\"inLanguage\":\"en-GB\",\"@id\":\"https:\/\/tarpak.pl\/produkt\/tackarka-duo\/#primaryimage\",\"url\":\"https:\/\/tarpak.pl\/wp-content\/uploads\/2025\/01\/Tackarka_duo_maszyna.png\",\"contentUrl\":\"https:\/\/tarpak.pl\/wp-content\/uploads\/2025\/01\/Tackarka_duo_maszyna.png\",\"width\":1200,\"height\":900,\"caption\":\"Tackarka duo maszyna\"},{\"@type\":\"BreadcrumbList\",\"@id\":\"https:\/\/tarpak.pl\/produkt\/tackarka-duo\/#breadcrumb\",\"itemListElement\":[{\"@type\":\"ListItem\",\"position\":1,\"name\":\"Strona g\u0142\u00f3wna\",\"item\":\"https:\/\/tarpak.pl\/\"},{\"@type\":\"ListItem\",\"position\":2,\"name\":\"Sklep\",\"item\":\"https:\/\/tarpak.pl\/sklep\/\"},{\"@type\":\"ListItem\",\"position\":3,\"name\":\"TACKARKA DUO\"}]},{\"@type\":\"WebSite\",\"@id\":\"https:\/\/tarpak.pl\/#website\",\"url\":\"https:\/\/tarpak.pl\/\",\"name\":\"TARPAK - Maszyny pakuj\u0105ce | kartoniarki i flowpacki\",\"description\":\"Maszyny pakuj\u0105ce | kartoniarki i flowpacki\",\"publisher\":{\"@id\":\"https:\/\/tarpak.pl\/#organization\"},\"potentialAction\":[{\"@type\":\"SearchAction\",\"target\":{\"@type\":\"EntryPoint\",\"urlTemplate\":\"https:\/\/tarpak.pl\/?s={search_term_string}\"},\"query-input\":{\"@type\":\"PropertyValueSpecification\",\"valueRequired\":true,\"valueName\":\"search_term_string\"}}],\"inLanguage\":\"en-GB\"},{\"@type\":\"Organization\",\"@id\":\"https:\/\/tarpak.pl\/#organization\",\"name\":\"TARPAK - Maszyny pakuj\u0105ce | kartoniarki i flowpacki\",\"url\":\"https:\/\/tarpak.pl\/\",\"logo\":{\"@type\":\"ImageObject\",\"inLanguage\":\"en-GB\",\"@id\":\"https:\/\/tarpak.pl\/#\/schema\/logo\/image\/\",\"url\":\"https:\/\/tarpak.pl\/wp-content\/uploads\/2024\/10\/logo-main-2.png\",\"contentUrl\":\"https:\/\/tarpak.pl\/wp-content\/uploads\/2024\/10\/logo-main-2.png\",\"width\":140,\"height\":47,\"caption\":\"TARPAK - Maszyny pakuj\u0105ce | kartoniarki i flowpacki\"},\"image\":{\"@id\":\"https:\/\/tarpak.pl\/#\/schema\/logo\/image\/\"}}]}<\/script>\n<!-- \/ Yoast SEO plugin. -->","yoast_head_json":{"title":"TACKAR DUO - TARPAK - Packaging machines | cartoners and flowpacks","robots":{"index":"index","follow":"follow","max-snippet":"max-snippet:-1","max-image-preview":"max-image-preview:large","max-video-preview":"max-video-preview:-1"},"canonical":"https:\/\/tarpak.pl\/en\/product\/tackarka-duo\/","og_locale":"en_GB","og_type":"article","og_title":"TACKARKA DUO - TARPAK - Maszyny pakuj\u0105ce | kartoniarki i flowpacki","og_description":"TACKARKA DUO to nowoczesne urz\u0105dzenie stworzone z my\u015bl\u0105 o przedsi\u0119biorstwach, kt\u00f3re wymagaj\u0105 nie tylko wydajno\u015bci, ale r\u00f3wnie\u017c wszechstronno\u015bci w procesach pakowania. Dzi\u0119ki zaawansowanej technologii, DUO automatycznie wykrywa format tac u\u0142o\u017conych na transporterze podaj\u0105cym, co czyni j\u0105 wyj\u0105tkowo intuicyjn\u0105 i efektywn\u0105 w dzia\u0142aniu. Mo\u017cliwo\u015b\u0107 sk\u0142adania tac na zatrzask bez u\u017cycia kleju sprawia, \u017ce jest to rozwi\u0105zanie nie tylko ekonomiczne, ale tak\u017ce przyjazne \u015brodowisku.","og_url":"https:\/\/tarpak.pl\/en\/product\/tackarka-duo\/","og_site_name":"TARPAK - Maszyny pakuj\u0105ce | kartoniarki i flowpacki","article_modified_time":"2025-01-21T09:23:17+00:00","og_image":[{"width":1200,"height":900,"url":"https:\/\/tarpak.pl\/wp-content\/uploads\/2025\/01\/Tackarka_duo_maszyna.png","type":"image\/png"}],"twitter_card":"summary_large_image","twitter_misc":{"Estimated reading time":"2 minutes"},"schema":{"@context":"https:\/\/schema.org","@graph":[{"@type":"WebPage","@id":"https:\/\/tarpak.pl\/produkt\/tackarka-duo\/","url":"https:\/\/tarpak.pl\/produkt\/tackarka-duo\/","name":"TACKAR DUO - TARPAK - Packaging machines | cartoners and flowpacks","isPartOf":{"@id":"https:\/\/tarpak.pl\/#website"},"primaryImageOfPage":{"@id":"https:\/\/tarpak.pl\/produkt\/tackarka-duo\/#primaryimage"},"image":{"@id":"https:\/\/tarpak.pl\/produkt\/tackarka-duo\/#primaryimage"},"thumbnailUrl":"https:\/\/tarpak.pl\/wp-content\/uploads\/2025\/01\/Tackarka_duo_maszyna.png","datePublished":"2025-01-20T13:00:09+00:00","dateModified":"2025-01-21T09:23:17+00:00","breadcrumb":{"@id":"https:\/\/tarpak.pl\/produkt\/tackarka-duo\/#breadcrumb"},"inLanguage":"en-GB","potentialAction":[{"@type":"ReadAction","target":["https:\/\/tarpak.pl\/produkt\/tackarka-duo\/"]}]},{"@type":"ImageObject","inLanguage":"en-GB","@id":"https:\/\/tarpak.pl\/produkt\/tackarka-duo\/#primaryimage","url":"https:\/\/tarpak.pl\/wp-content\/uploads\/2025\/01\/Tackarka_duo_maszyna.png","contentUrl":"https:\/\/tarpak.pl\/wp-content\/uploads\/2025\/01\/Tackarka_duo_maszyna.png","width":1200,"height":900,"caption":"Tackarka duo maszyna"},{"@type":"BreadcrumbList","@id":"https:\/\/tarpak.pl\/produkt\/tackarka-duo\/#breadcrumb","itemListElement":[{"@type":"ListItem","position":1,"name":"Strona g\u0142\u00f3wna","item":"https:\/\/tarpak.pl\/"},{"@type":"ListItem","position":2,"name":"Sklep","item":"https:\/\/tarpak.pl\/sklep\/"},{"@type":"ListItem","position":3,"name":"TACKARKA DUO"}]},{"@type":"WebSite","@id":"https:\/\/tarpak.pl\/#website","url":"https:\/\/tarpak.pl\/","name":"TARPAK - Packaging machines | cartoners and flowpacks","description":"Packaging machines | cartoners and flowpacks","publisher":{"@id":"https:\/\/tarpak.pl\/#organization"},"potentialAction":[{"@type":"SearchAction","target":{"@type":"EntryPoint","urlTemplate":"https:\/\/tarpak.pl\/?s={search_term_string}"},"query-input":{"@type":"PropertyValueSpecification","valueRequired":true,"valueName":"search_term_string"}}],"inLanguage":"en-GB"},{"@type":"Organization","@id":"https:\/\/tarpak.pl\/#organization","name":"TARPAK - Packaging machines | cartoners and flowpacks","url":"https:\/\/tarpak.pl\/","logo":{"@type":"ImageObject","inLanguage":"en-GB","@id":"https:\/\/tarpak.pl\/#\/schema\/logo\/image\/","url":"https:\/\/tarpak.pl\/wp-content\/uploads\/2024\/10\/logo-main-2.png","contentUrl":"https:\/\/tarpak.pl\/wp-content\/uploads\/2024\/10\/logo-main-2.png","width":140,"height":47,"caption":"TARPAK - Maszyny pakuj\u0105ce | kartoniarki i flowpacki"},"image":{"@id":"https:\/\/tarpak.pl\/#\/schema\/logo\/image\/"}}]}},"_links":{"self":[{"href":"https:\/\/tarpak.pl\/en\/wp-json\/wp\/v2\/product\/4039"}],"collection":[{"href":"https:\/\/tarpak.pl\/en\/wp-json\/wp\/v2\/product"}],"about":[{"href":"https:\/\/tarpak.pl\/en\/wp-json\/wp\/v2\/types\/product"}],"version-history":[{"count":0,"href":"https:\/\/tarpak.pl\/en\/wp-json\/wp\/v2\/product\/4039\/revisions"}],"wp:featuredmedia":[{"embeddable":true,"href":"https:\/\/tarpak.pl\/en\/wp-json\/wp\/v2\/media\/4115"}],"wp:attachment":[{"href":"https:\/\/tarpak.pl\/en\/wp-json\/wp\/v2\/media?parent=4039"}],"wp:term":[{"taxonomy":"product_cat","embeddable":true,"href":"https:\/\/tarpak.pl\/en\/wp-json\/wp\/v2\/product_cat?post=4039"},{"taxonomy":"product_tag","embeddable":true,"href":"https:\/\/tarpak.pl\/en\/wp-json\/wp\/v2\/product_tag?post=4039"}],"curies":[{"name":"wp","href":"https:\/\/api.w.org\/{rel}","templated":true}]}}