{"id":1044,"date":"2024-11-06T12:44:16","date_gmt":"2024-11-06T12:44:16","guid":{"rendered":"https:\/\/tarpak.pl\/?post_type=product&#038;p=1044"},"modified":"2025-01-16T07:18:07","modified_gmt":"2025-01-16T07:18:07","slug":"kontroler-sdvc311-m","status":"publish","type":"product","link":"https:\/\/tarpak.pl\/en\/product\/kontroler-sdvc311-m\/","title":{"rendered":"SDVC311-M controller"},"content":{"rendered":"<div class=\"row\">\n<p>Controller operation <strong>SDVC311<\/strong> requires the operator to select the frequency and supply voltage values. The digital LCD display facilitates daily operation and precise parameter selection. Due to the manual adjustment of operating parameters by the operator, in order to achieve maximum feeder efficiency, it is recommended to keep the feeder full at all times.<\/p>\n<p>Compared to the controller <strong>SDVC31<\/strong>, series <strong>SDVC311<\/strong> is improved by:<\/p>\n<ul>\n<li>The output frequency range is extended from 40.0 Hz ~ 400.0 Hz to 5.0 Hz ~ 400.0 Hz.<\/li>\n<li>The maximum on\/off delay time has been increased from 20.0 s to 99.9 s.<\/li>\n<li>A soft shut-off function has been added, which can be set in the range 0.0 ~ 10.0 s to slowly stop the vibration of the vibrating feeder.<\/li>\n<li>A braking function has been added, up to 100 cycles of reverse phase braking current can be set for faster feeder stops.<\/li>\n<li>The smart photoelectric sensor port supports a PNP sensor.<\/li>\n<li>The switching sensor port when the material is full has been upgraded from to software-settable NPN and PNP with auto-sensing mode.<\/li>\n<li>The control output port has been upgraded from an NPN output to three types NPN, PNP and push-pull adjustable.<\/li>\n<li>An on\/off delay for the control output port has been added, which can be set from 0.0 to 99.9 s.<\/li>\n<li>Controlled output modes have been added, delay mode and hold mode can be set.<\/li>\n<li>A measurement function has been added that can monitor temperature, bus voltage, output current, remote speed control port voltage, smart photo sensor port voltage, switch sensor port voltage, DC control output port voltage and +24V supply voltage.<\/li>\n<\/ul>\n<p>Set contents: controller, cable with mains plug, cable to connect the vibration base, instruction manual in Polish.<\/p>\n<table class=\"bordered\">\n<tbody>\n<tr>\n<th colspan=\"2\">Features<\/th>\n<\/tr>\n<tr>\n<td>\n<ul>\n<li>Frequency control,<\/li>\n<li>Voltage regulation with an accuracy of 1V,<\/li>\n<li>Adjustable soft start,<\/li>\n<li>Remote control possible,<\/li>\n<li>Possibility of connecting external sensors to control feeder operation,<\/li>\n<li>Control output 24V DC,<\/li>\n<li>Locking settings,<\/li>\n<li>Protection against overheating,<\/li>\n<li>Short-circuit protection,<\/li>\n<li>Reset to factory parameters.<\/li>\n<\/ul>\n<\/td>\n<\/tr>\n<\/tbody>\n<\/table>\n<div class=\"elementor-divider\"><img decoding=\"async\" class=\"size-full wp-image-3402\" title=\"dot separator\" src=\"https:\/\/tarpak.pl\/wp-content\/uploads\/2024\/11\/separator_dot.png\" alt=\"dot separator\" width=\"184\" height=\"50\" \/><\/div>\n<div class=\"medium_title\">\n<h3>Specification<\/h3>\n<\/div>\n<table class=\"bordered\">\n<tbody>\n<tr>\n<th><strong>Parameter<\/strong><\/th>\n<th><strong>Unit<\/strong><\/th>\n<th><strong>Scope<\/strong><\/th>\n<th><strong>Comments<\/strong><\/th>\n<\/tr>\n<tr>\n<td>Supply voltage<\/td>\n<td>V AC<\/td>\n<td>85-250<\/td>\n<td><\/td>\n<\/tr>\n<tr>\n<td>Adjustable output voltage<\/td>\n<td>V<\/td>\n<td>0-260<\/td>\n<td>Maximum 150% supply voltage<\/td>\n<\/tr>\n<tr>\n<td>Output voltage adjustment scale<\/td>\n<td>V<\/td>\n<td>1<\/td>\n<td><\/td>\n<\/tr>\n<tr>\n<td>Output current<\/td>\n<td>A<\/td>\n<td>0-1,5<\/p>\n<p>0-3<\/td>\n<td>SDVC311-S<\/p>\n<p>SDVC311-M<\/td>\n<\/tr>\n<tr>\n<td>Output power<\/td>\n<td>VA<\/td>\n<td>0-330<\/p>\n<p>0-660<\/td>\n<td>SDVC311-S<\/p>\n<p>SDVC311-M<\/td>\n<\/tr>\n<tr>\n<td>Output frequency<\/td>\n<td>Hz<\/td>\n<td>5-400<\/td>\n<td><\/td>\n<\/tr>\n<tr>\n<td>Adjustment pitch of the output frequency<\/td>\n<td>Hz<\/td>\n<td>0,1<\/td>\n<td><\/td>\n<\/tr>\n<tr>\n<td>Baseline<\/td>\n<td><\/td>\n<td>sinus<\/td>\n<td><\/td>\n<\/tr>\n<tr>\n<td>Soft start time<\/td>\n<td>s<\/td>\n<td>0-10<\/td>\n<td><\/td>\n<\/tr>\n<tr>\n<td>On\/off delay<\/td>\n<td>s<\/td>\n<td>0-99,9<\/td>\n<td><\/td>\n<\/tr>\n<tr>\n<td>Adjustment pitch for on\/off delay.<\/td>\n<td>s<\/td>\n<td>0,1<\/td>\n<td><\/td>\n<\/tr>\n<tr>\n<td>Protection trigger temperature<br \/>\nagainst overheating<\/td>\n<td>\u00b0C<\/td>\n<td>60<\/td>\n<td><\/td>\n<\/tr>\n<tr>\n<td>DC output voltage<\/td>\n<td>V<\/td>\n<td>22-26<\/td>\n<td>The 24V DC power supply allows for the connection of<br \/>\nexternal controls<\/td>\n<\/tr>\n<tr>\n<td>DC output current<\/td>\n<td>mA<\/td>\n<td>0-400<\/td>\n<td>The 24V DC power supply allows for the connection of<br \/>\nexternal controls<\/td>\n<\/tr>\n<tr>\n<td>Standby power consumption<\/td>\n<td>W<\/td>\n<td>3<\/td>\n<td><\/td>\n<\/tr>\n<tr>\n<td>Ambient temperature during operation<\/td>\n<td>\u00b0C<\/td>\n<td>0-40<\/td>\n<td><\/td>\n<\/tr>\n<tr>\n<td>Ambient humidity during operation<\/td>\n<td>%<\/td>\n<td>10-85<\/td>\n<td>No condensation<\/td>\n<\/tr>\n<tr>\n<td>Storage temperature<\/td>\n<td>\u00b0C<\/td>\n<td>-20-85<\/td>\n<td><\/td>\n<\/tr>\n<\/tbody>\n<\/table>\n<\/div>","protected":false},"excerpt":{"rendered":"<p>Controller <strong>SDVC311-M<\/strong> is a basic compact, general-purpose vibratory feeder controller for solenoid coil feeders. Using state-of-the-art technology, the controllers are equipped with precise digital frequency and voltage control systems for supplying the vibratory feeder.<\/p>","protected":false},"featured_media":1069,"template":"","meta":{"_bst_post_transparent":"default","_bst_post_title":"","_bst_post_layout":"default","_bst_post_sidebar_id":"","_bst_post_content_style":"default","_bst_post_vertical_padding":"default","_bst_post_feature":"","_bst_post_feature_position":"","_bst_post_header":false,"_bst_post_footer":false},"product_cat":[91],"product_tag":[],"class_list":{"0":"post-1044","1":"product","2":"type-product","3":"status-publish","4":"has-post-thumbnail","6":"product_cat-kontrolery","7":"product_shipping_class-kurier","9":"first","10":"instock","11":"taxable","12":"shipping-taxable","13":"purchasable","14":"product-type-simple","15":"entry","16":"content-bg","17":"loop-entry"},"yoast_head":"<!-- This site is optimized with the Yoast SEO plugin v24.3 - https:\/\/yoast.com\/wordpress\/plugins\/seo\/ -->\n<title>Kontroler SDVC311-M - TARPAK - Maszyny pakuj\u0105ce | kartoniarki i flowpacki<\/title>\n<meta name=\"robots\" content=\"index, follow, max-snippet:-1, max-image-preview:large, max-video-preview:-1\" \/>\n<link rel=\"canonical\" href=\"https:\/\/tarpak.pl\/en\/product\/kontroler-sdvc311-m\/\" \/>\n<meta property=\"og:locale\" content=\"en_GB\" \/>\n<meta property=\"og:type\" content=\"article\" \/>\n<meta property=\"og:title\" content=\"Kontroler SDVC311-M - TARPAK - Maszyny pakuj\u0105ce | kartoniarki i flowpacki\" \/>\n<meta property=\"og:description\" content=\"Kontroler SDVC311-M to podstawowy kompaktowy sterownik podajnika wibracyjnego, og\u00f3lnego zastosowania, przeznaczony do podajnik\u00f3w z cewk\u0105 elektromagnetyczn\u0105. Dzi\u0119ki zastosowaniu najnowszej technologii kontrolery s\u0105 wyposa\u017cone w precyzyjne systemy cyfrowej regulacji cz\u0119stotliwo\u015bci i napi\u0119cia zasilaj\u0105cego podajnik wibracyjny.\" \/>\n<meta property=\"og:url\" content=\"https:\/\/tarpak.pl\/en\/product\/kontroler-sdvc311-m\/\" \/>\n<meta property=\"og:site_name\" content=\"TARPAK - Maszyny pakuj\u0105ce | kartoniarki i flowpacki\" \/>\n<meta property=\"article:modified_time\" content=\"2025-01-16T07:18:07+00:00\" \/>\n<meta property=\"og:image\" content=\"https:\/\/tarpak.pl\/wp-content\/uploads\/2024\/11\/SDVC311-M-Front.jpg\" \/>\n\t<meta property=\"og:image:width\" content=\"2000\" \/>\n\t<meta property=\"og:image:height\" content=\"2000\" \/>\n\t<meta property=\"og:image:type\" content=\"image\/jpeg\" \/>\n<meta name=\"twitter:card\" content=\"summary_large_image\" \/>\n<meta name=\"twitter:label1\" content=\"Estimated reading time\" \/>\n\t<meta name=\"twitter:data1\" content=\"3 minutes\" \/>\n<script type=\"application\/ld+json\" class=\"yoast-schema-graph\">{\"@context\":\"https:\/\/schema.org\",\"@graph\":[{\"@type\":\"WebPage\",\"@id\":\"https:\/\/tarpak.pl\/produkt\/kontroler-sdvc311-m\/\",\"url\":\"https:\/\/tarpak.pl\/produkt\/kontroler-sdvc311-m\/\",\"name\":\"Kontroler SDVC311-M - TARPAK - Maszyny pakuj\u0105ce | kartoniarki i flowpacki\",\"isPartOf\":{\"@id\":\"https:\/\/tarpak.pl\/#website\"},\"primaryImageOfPage\":{\"@id\":\"https:\/\/tarpak.pl\/produkt\/kontroler-sdvc311-m\/#primaryimage\"},\"image\":{\"@id\":\"https:\/\/tarpak.pl\/produkt\/kontroler-sdvc311-m\/#primaryimage\"},\"thumbnailUrl\":\"https:\/\/tarpak.pl\/wp-content\/uploads\/2024\/11\/SDVC311-M-Front.jpg\",\"datePublished\":\"2024-11-06T12:44:16+00:00\",\"dateModified\":\"2025-01-16T07:18:07+00:00\",\"breadcrumb\":{\"@id\":\"https:\/\/tarpak.pl\/produkt\/kontroler-sdvc311-m\/#breadcrumb\"},\"inLanguage\":\"en-GB\",\"potentialAction\":[{\"@type\":\"ReadAction\",\"target\":[\"https:\/\/tarpak.pl\/produkt\/kontroler-sdvc311-m\/\"]}]},{\"@type\":\"ImageObject\",\"inLanguage\":\"en-GB\",\"@id\":\"https:\/\/tarpak.pl\/produkt\/kontroler-sdvc311-m\/#primaryimage\",\"url\":\"https:\/\/tarpak.pl\/wp-content\/uploads\/2024\/11\/SDVC311-M-Front.jpg\",\"contentUrl\":\"https:\/\/tarpak.pl\/wp-content\/uploads\/2024\/11\/SDVC311-M-Front.jpg\",\"width\":2000,\"height\":2000},{\"@type\":\"BreadcrumbList\",\"@id\":\"https:\/\/tarpak.pl\/produkt\/kontroler-sdvc311-m\/#breadcrumb\",\"itemListElement\":[{\"@type\":\"ListItem\",\"position\":1,\"name\":\"Strona g\u0142\u00f3wna\",\"item\":\"https:\/\/tarpak.pl\/\"},{\"@type\":\"ListItem\",\"position\":2,\"name\":\"Sklep\",\"item\":\"https:\/\/tarpak.pl\/sklep\/\"},{\"@type\":\"ListItem\",\"position\":3,\"name\":\"Kontroler SDVC311-M\"}]},{\"@type\":\"WebSite\",\"@id\":\"https:\/\/tarpak.pl\/#website\",\"url\":\"https:\/\/tarpak.pl\/\",\"name\":\"TARPAK - Maszyny pakuj\u0105ce | kartoniarki i flowpacki\",\"description\":\"Maszyny pakuj\u0105ce | kartoniarki i flowpacki\",\"publisher\":{\"@id\":\"https:\/\/tarpak.pl\/#organization\"},\"potentialAction\":[{\"@type\":\"SearchAction\",\"target\":{\"@type\":\"EntryPoint\",\"urlTemplate\":\"https:\/\/tarpak.pl\/?s={search_term_string}\"},\"query-input\":{\"@type\":\"PropertyValueSpecification\",\"valueRequired\":true,\"valueName\":\"search_term_string\"}}],\"inLanguage\":\"en-GB\"},{\"@type\":\"Organization\",\"@id\":\"https:\/\/tarpak.pl\/#organization\",\"name\":\"TARPAK - Maszyny pakuj\u0105ce | kartoniarki i flowpacki\",\"url\":\"https:\/\/tarpak.pl\/\",\"logo\":{\"@type\":\"ImageObject\",\"inLanguage\":\"en-GB\",\"@id\":\"https:\/\/tarpak.pl\/#\/schema\/logo\/image\/\",\"url\":\"https:\/\/tarpak.pl\/wp-content\/uploads\/2024\/10\/logo-main-2.png\",\"contentUrl\":\"https:\/\/tarpak.pl\/wp-content\/uploads\/2024\/10\/logo-main-2.png\",\"width\":140,\"height\":47,\"caption\":\"TARPAK - Maszyny pakuj\u0105ce | kartoniarki i flowpacki\"},\"image\":{\"@id\":\"https:\/\/tarpak.pl\/#\/schema\/logo\/image\/\"}}]}<\/script>\n<!-- \/ Yoast SEO plugin. -->","yoast_head_json":{"title":"SDVC311-M controller - TARPAK - Packaging machines | cartoners and flowpacks","robots":{"index":"index","follow":"follow","max-snippet":"max-snippet:-1","max-image-preview":"max-image-preview:large","max-video-preview":"max-video-preview:-1"},"canonical":"https:\/\/tarpak.pl\/en\/product\/kontroler-sdvc311-m\/","og_locale":"en_GB","og_type":"article","og_title":"Kontroler SDVC311-M - TARPAK - Maszyny pakuj\u0105ce | kartoniarki i flowpacki","og_description":"Kontroler SDVC311-M to podstawowy kompaktowy sterownik podajnika wibracyjnego, og\u00f3lnego zastosowania, przeznaczony do podajnik\u00f3w z cewk\u0105 elektromagnetyczn\u0105. Dzi\u0119ki zastosowaniu najnowszej technologii kontrolery s\u0105 wyposa\u017cone w precyzyjne systemy cyfrowej regulacji cz\u0119stotliwo\u015bci i napi\u0119cia zasilaj\u0105cego podajnik wibracyjny.","og_url":"https:\/\/tarpak.pl\/en\/product\/kontroler-sdvc311-m\/","og_site_name":"TARPAK - Maszyny pakuj\u0105ce | kartoniarki i flowpacki","article_modified_time":"2025-01-16T07:18:07+00:00","og_image":[{"width":2000,"height":2000,"url":"https:\/\/tarpak.pl\/wp-content\/uploads\/2024\/11\/SDVC311-M-Front.jpg","type":"image\/jpeg"}],"twitter_card":"summary_large_image","twitter_misc":{"Estimated reading time":"3 minutes"},"schema":{"@context":"https:\/\/schema.org","@graph":[{"@type":"WebPage","@id":"https:\/\/tarpak.pl\/produkt\/kontroler-sdvc311-m\/","url":"https:\/\/tarpak.pl\/produkt\/kontroler-sdvc311-m\/","name":"SDVC311-M controller - TARPAK - Packaging machines | cartoners and flowpacks","isPartOf":{"@id":"https:\/\/tarpak.pl\/#website"},"primaryImageOfPage":{"@id":"https:\/\/tarpak.pl\/produkt\/kontroler-sdvc311-m\/#primaryimage"},"image":{"@id":"https:\/\/tarpak.pl\/produkt\/kontroler-sdvc311-m\/#primaryimage"},"thumbnailUrl":"https:\/\/tarpak.pl\/wp-content\/uploads\/2024\/11\/SDVC311-M-Front.jpg","datePublished":"2024-11-06T12:44:16+00:00","dateModified":"2025-01-16T07:18:07+00:00","breadcrumb":{"@id":"https:\/\/tarpak.pl\/produkt\/kontroler-sdvc311-m\/#breadcrumb"},"inLanguage":"en-GB","potentialAction":[{"@type":"ReadAction","target":["https:\/\/tarpak.pl\/produkt\/kontroler-sdvc311-m\/"]}]},{"@type":"ImageObject","inLanguage":"en-GB","@id":"https:\/\/tarpak.pl\/produkt\/kontroler-sdvc311-m\/#primaryimage","url":"https:\/\/tarpak.pl\/wp-content\/uploads\/2024\/11\/SDVC311-M-Front.jpg","contentUrl":"https:\/\/tarpak.pl\/wp-content\/uploads\/2024\/11\/SDVC311-M-Front.jpg","width":2000,"height":2000},{"@type":"BreadcrumbList","@id":"https:\/\/tarpak.pl\/produkt\/kontroler-sdvc311-m\/#breadcrumb","itemListElement":[{"@type":"ListItem","position":1,"name":"Strona g\u0142\u00f3wna","item":"https:\/\/tarpak.pl\/"},{"@type":"ListItem","position":2,"name":"Sklep","item":"https:\/\/tarpak.pl\/sklep\/"},{"@type":"ListItem","position":3,"name":"Kontroler SDVC311-M"}]},{"@type":"WebSite","@id":"https:\/\/tarpak.pl\/#website","url":"https:\/\/tarpak.pl\/","name":"TARPAK - Packaging machines | cartoners and flowpacks","description":"Packaging machines | cartoners and flowpacks","publisher":{"@id":"https:\/\/tarpak.pl\/#organization"},"potentialAction":[{"@type":"SearchAction","target":{"@type":"EntryPoint","urlTemplate":"https:\/\/tarpak.pl\/?s={search_term_string}"},"query-input":{"@type":"PropertyValueSpecification","valueRequired":true,"valueName":"search_term_string"}}],"inLanguage":"en-GB"},{"@type":"Organization","@id":"https:\/\/tarpak.pl\/#organization","name":"TARPAK - Packaging machines | cartoners and flowpacks","url":"https:\/\/tarpak.pl\/","logo":{"@type":"ImageObject","inLanguage":"en-GB","@id":"https:\/\/tarpak.pl\/#\/schema\/logo\/image\/","url":"https:\/\/tarpak.pl\/wp-content\/uploads\/2024\/10\/logo-main-2.png","contentUrl":"https:\/\/tarpak.pl\/wp-content\/uploads\/2024\/10\/logo-main-2.png","width":140,"height":47,"caption":"TARPAK - Maszyny pakuj\u0105ce | kartoniarki i flowpacki"},"image":{"@id":"https:\/\/tarpak.pl\/#\/schema\/logo\/image\/"}}]}},"_links":{"self":[{"href":"https:\/\/tarpak.pl\/en\/wp-json\/wp\/v2\/product\/1044"}],"collection":[{"href":"https:\/\/tarpak.pl\/en\/wp-json\/wp\/v2\/product"}],"about":[{"href":"https:\/\/tarpak.pl\/en\/wp-json\/wp\/v2\/types\/product"}],"version-history":[{"count":0,"href":"https:\/\/tarpak.pl\/en\/wp-json\/wp\/v2\/product\/1044\/revisions"}],"wp:featuredmedia":[{"embeddable":true,"href":"https:\/\/tarpak.pl\/en\/wp-json\/wp\/v2\/media\/1069"}],"wp:attachment":[{"href":"https:\/\/tarpak.pl\/en\/wp-json\/wp\/v2\/media?parent=1044"}],"wp:term":[{"taxonomy":"product_cat","embeddable":true,"href":"https:\/\/tarpak.pl\/en\/wp-json\/wp\/v2\/product_cat?post=1044"},{"taxonomy":"product_tag","embeddable":true,"href":"https:\/\/tarpak.pl\/en\/wp-json\/wp\/v2\/product_tag?post=1044"}],"curies":[{"name":"wp","href":"https:\/\/api.w.org\/{rel}","templated":true}]}}