{"id":3245,"date":"2025-01-09T12:16:02","date_gmt":"2025-01-09T12:16:02","guid":{"rendered":"https:\/\/tarpak.pl\/?page_id=3245"},"modified":"2025-01-29T11:14:27","modified_gmt":"2025-01-29T11:14:27","slug":"systemy-liczace-projekt-105","status":"publish","type":"page","link":"https:\/\/tarpak.pl\/en\/oferta\/maszyny-pionowe\/systemy-liczace-projekt-105\/","title":{"rendered":"Counting systems - project 105"},"content":{"rendered":"<div data-elementor-type=\"wp-page\" data-elementor-id=\"3245\" class=\"elementor elementor-3245\" data-elementor-post-type=\"page\">\n\t\t\t\t<div class=\"elementor-element elementor-element-7165079 e-flex e-con-boxed e-con e-parent\" data-id=\"7165079\" data-element_type=\"container\">\n\t\t\t\t\t<div class=\"e-con-inner\">\n\t\t<div class=\"elementor-element elementor-element-75ee7d1 e-con-full e-flex e-con e-child\" data-id=\"75ee7d1\" data-element_type=\"container\" data-settings=\"{&quot;background_background&quot;:&quot;classic&quot;}\">\n\t\t\t\t<div class=\"elementor-element elementor-element-17bfc0d elementor-widget elementor-widget-image\" data-id=\"17bfc0d\" data-element_type=\"widget\" data-widget_type=\"image.default\">\n\t\t\t\t<div class=\"elementor-widget-container\">\n\t\t\t\t\t\t\t\t\t\t\t\t\t\t\t\t<a href=\"https:\/\/tarpak.pl\/wp-content\/uploads\/2025\/01\/projekt-105.png\" data-elementor-open-lightbox=\"yes\" data-e-action-hash=\"#elementor-action%3Aaction%3Dlightbox%26settings%3DeyJpZCI6MzE4NSwidXJsIjoiaHR0cHM6XC9cL3RhcnBhay5wbFwvd3AtY29udGVudFwvdXBsb2Fkc1wvMjAyNVwvMDFcL3Byb2pla3QtMTA1LnBuZyJ9\">\n\t\t\t\t\t\t\t<img fetchpriority=\"high\" decoding=\"async\" width=\"768\" height=\"512\" src=\"https:\/\/tarpak.pl\/wp-content\/uploads\/2025\/01\/projekt-105.png\" class=\"attachment-large size-large wp-image-3185\" alt=\"project 105\" srcset=\"https:\/\/tarpak.pl\/wp-content\/uploads\/2025\/01\/projekt-105.png 768w, https:\/\/tarpak.pl\/wp-content\/uploads\/2025\/01\/projekt-105-300x200.png 300w, https:\/\/tarpak.pl\/wp-content\/uploads\/2025\/01\/projekt-105-600x400.png 600w\" sizes=\"(max-width: 768px) 100vw, 768px\" \/>\t\t\t\t\t\t\t\t<\/a>\n\t\t\t\t\t\t\t\t\t\t\t\t\t\t\t<\/div>\n\t\t\t\t<\/div>\n\t\t\t\t<div class=\"elementor-element elementor-element-2ce3800 elementor-absolute elementor-widget elementor-widget-image\" data-id=\"2ce3800\" data-element_type=\"widget\" data-settings=\"{&quot;_position&quot;:&quot;absolute&quot;,&quot;motion_fx_motion_fx_scrolling&quot;:&quot;yes&quot;,&quot;motion_fx_translateY_effect&quot;:&quot;yes&quot;,&quot;motion_fx_translateY_speed&quot;:{&quot;unit&quot;:&quot;px&quot;,&quot;size&quot;:3,&quot;sizes&quot;:[]},&quot;motion_fx_translateY_affectedRange&quot;:{&quot;unit&quot;:&quot;%&quot;,&quot;size&quot;:&quot;&quot;,&quot;sizes&quot;:{&quot;start&quot;:0,&quot;end&quot;:100}},&quot;motion_fx_devices&quot;:[&quot;desktop&quot;,&quot;tablet&quot;,&quot;mobile&quot;]}\" data-widget_type=\"image.default\">\n\t\t\t\t<div class=\"elementor-widget-container\">\n\t\t\t\t\t\t\t\t\t\t\t\t\t\t\t<img decoding=\"async\" width=\"128\" height=\"334\" src=\"https:\/\/tarpak.pl\/wp-content\/uploads\/2024\/12\/dot_mid_vert.png\" class=\"attachment-full size-full wp-image-1264\" alt=\"\" srcset=\"https:\/\/tarpak.pl\/wp-content\/uploads\/2024\/12\/dot_mid_vert.png 128w, https:\/\/tarpak.pl\/wp-content\/uploads\/2024\/12\/dot_mid_vert-115x300.png 115w\" sizes=\"(max-width: 128px) 100vw, 128px\" \/>\t\t\t\t\t\t\t\t\t\t\t\t\t\t\t<\/div>\n\t\t\t\t<\/div>\n\t\t\t\t<\/div>\n\t\t<div class=\"elementor-element elementor-element-863397b e-con-full e-flex e-con e-child\" data-id=\"863397b\" data-element_type=\"container\">\n\t\t\t\t<div class=\"elementor-element elementor-element-e465436 watermark elementor-widget elementor-widget-heading\" data-id=\"e465436\" data-element_type=\"widget\" data-settings=\"{&quot;motion_fx_motion_fx_scrolling&quot;:&quot;yes&quot;,&quot;motion_fx_translateX_effect&quot;:&quot;yes&quot;,&quot;motion_fx_translateX_direction&quot;:&quot;negative&quot;,&quot;motion_fx_translateX_speed&quot;:{&quot;unit&quot;:&quot;px&quot;,&quot;size&quot;:3,&quot;sizes&quot;:[]},&quot;motion_fx_translateX_affectedRange&quot;:{&quot;unit&quot;:&quot;%&quot;,&quot;size&quot;:&quot;&quot;,&quot;sizes&quot;:{&quot;start&quot;:0,&quot;end&quot;:100}},&quot;motion_fx_devices&quot;:[&quot;desktop&quot;,&quot;tablet&quot;,&quot;mobile&quot;]}\" data-widget_type=\"heading.default\">\n\t\t\t\t<div class=\"elementor-widget-container\">\n\t\t\t\t\t<h3 class=\"elementor-heading-title elementor-size-default\">Vertical machines<\/h3>\t\t\t\t<\/div>\n\t\t\t\t<\/div>\n\t\t\t\t<div class=\"elementor-element elementor-element-ad14cb5 elementor-widget elementor-widget-heading\" data-id=\"ad14cb5\" data-element_type=\"widget\" data-widget_type=\"heading.default\">\n\t\t\t\t<div class=\"elementor-widget-container\">\n\t\t\t\t\t<h2 class=\"elementor-heading-title elementor-size-default\">Counting systems - project 105<\/h2>\t\t\t\t<\/div>\n\t\t\t\t<\/div>\n\t\t\t\t<div class=\"elementor-element elementor-element-139f3ab elementor-widget elementor-widget-heading\" data-id=\"139f3ab\" data-element_type=\"widget\" data-widget_type=\"heading.default\">\n\t\t\t\t<div class=\"elementor-widget-container\">\n\t\t\t\t\t<h3 class=\"elementor-heading-title elementor-size-default\">Fully automatic packaging line<\/h3>\t\t\t\t<\/div>\n\t\t\t\t<\/div>\n\t\t\t\t<div class=\"elementor-element elementor-element-cfd4bee elementor-widget elementor-widget-text-editor\" data-id=\"cfd4bee\" data-element_type=\"widget\" data-widget_type=\"text-editor.default\">\n\t\t\t\t<div class=\"elementor-widget-container\">\n\t\t\t\t\t\t\t\t\t<p>This is a fully automated packaging line. The product is taken from the magazine in a controlled manner and transferred to two separate lines. Parts are weighed with an accuracy of +\/- 0.2 g.<\/p><p>Vibratory feeders, automatic counting systems, circular vibrators with capacities and accuracies tailored to customers' needs, possibility of full automation (integration with hoppers).<\/p>\t\t\t\t\t\t\t\t<\/div>\n\t\t\t\t<\/div>\n\t\t<div class=\"elementor-element elementor-element-594f596 e-con-full e-flex e-con e-child\" data-id=\"594f596\" data-element_type=\"container\">\n\t\t<div class=\"elementor-element elementor-element-19f9f1d e-con-full e-flex e-con e-child\" data-id=\"19f9f1d\" data-element_type=\"container\">\n\t\t\t\t<div class=\"elementor-element elementor-element-0795747 elementor-widget elementor-widget-button\" data-id=\"0795747\" data-element_type=\"widget\" data-widget_type=\"button.default\">\n\t\t\t\t<div class=\"elementor-widget-container\">\n\t\t\t\t\t\t\t\t\t<div class=\"elementor-button-wrapper\">\n\t\t\t\t\t<a class=\"elementor-button elementor-button-link elementor-size-sm\" href=\"https:\/\/tarpak.pl\/en\/kontakt\/\">\n\t\t\t\t\t\t<span class=\"elementor-button-content-wrapper\">\n\t\t\t\t\t\t\t\t\t<span class=\"elementor-button-text\">Get in touch<\/span>\n\t\t\t\t\t<\/span>\n\t\t\t\t\t<\/a>\n\t\t\t\t<\/div>\n\t\t\t\t\t\t\t\t<\/div>\n\t\t\t\t<\/div>\n\t\t\t\t<\/div>\n\t\t<a class=\"elementor-element elementor-element-fe1d358 e-con-full e-flex e-con e-child\" data-id=\"fe1d358\" data-element_type=\"container\" href=\"tel:+48%20600%20058%20259\">\n\t\t\t\t<div class=\"elementor-element elementor-element-ef338ff elementor-view-framed elementor-position-left elementor-vertical-align-middle elementor-shape-circle elementor-mobile-position-top elementor-widget elementor-widget-icon-box\" data-id=\"ef338ff\" data-element_type=\"widget\" data-widget_type=\"icon-box.default\">\n\t\t\t\t<div class=\"elementor-widget-container\">\n\t\t\t\t\t\t\t<div class=\"elementor-icon-box-wrapper\">\n\n\t\t\t\t\t\t<div class=\"elementor-icon-box-icon\">\n\t\t\t\t<span  class=\"elementor-icon elementor-animation-\">\n\t\t\t\t<svg aria-hidden=\"true\" class=\"e-font-icon-svg e-fas-phone-alt\" viewbox=\"0 0 512 512\" xmlns=\"http:\/\/www.w3.org\/2000\/svg\"><path d=\"M497.39 361.8l-112-48a24 24 0 0 0-28 6.9l-49.6 60.6A370.66 370.66 0 0 1 130.6 204.11l60.6-49.6a23.94 23.94 0 0 0 6.9-28l-48-112A24.16 24.16 0 0 0 122.6.61l-104 24A24 24 0 0 0 0 48c0 256.5 207.9 464 464 464a24 24 0 0 0 23.4-18.6l24-104a24.29 24.29 0 0 0-14.01-27.6z\"><\/path><\/svg>\t\t\t\t<\/span>\n\t\t\t<\/div>\n\t\t\t\n\t\t\t\t\t\t<div class=\"elementor-icon-box-content\">\n\n\t\t\t\t\t\t\t\t\t<h3 class=\"elementor-icon-box-title\">\n\t\t\t\t\t\t<span  >\n\t\t\t\t\t\t\tCall\t\t\t\t\t\t<\/span>\n\t\t\t\t\t<\/h3>\n\t\t\t\t\n\t\t\t\t\t\t\t\t\t<p class=\"elementor-icon-box-description\">\n\t\t\t\t\t\t+48 600 058 259\t\t\t\t\t<\/p>\n\t\t\t\t\n\t\t\t<\/div>\n\t\t\t\n\t\t<\/div>\n\t\t\t\t\t\t<\/div>\n\t\t\t\t<\/div>\n\t\t\t\t<\/a>\n\t\t\t\t<\/div>\n\t\t\t\t<\/div>\n\t\t\t\t\t<\/div>\n\t\t\t\t<\/div>\n\t\t<div class=\"elementor-element elementor-element-8c82eb5 dot_index e-flex e-con-boxed e-con e-parent\" data-id=\"8c82eb5\" data-element_type=\"container\" data-settings=\"{&quot;background_background&quot;:&quot;classic&quot;}\">\n\t\t\t\t\t<div class=\"e-con-inner\">\n\t\t<div class=\"elementor-element elementor-element-528c54b e-con-full e-flex e-con e-child\" data-id=\"528c54b\" data-element_type=\"container\" data-settings=\"{&quot;background_background&quot;:&quot;classic&quot;}\">\n\t\t<div class=\"elementor-element elementor-element-f358099 e-con-full e-flex e-con e-child\" data-id=\"f358099\" data-element_type=\"container\">\n\t\t\t\t<div class=\"elementor-element elementor-element-405b6ee elementor-widget elementor-widget-heading\" data-id=\"405b6ee\" data-element_type=\"widget\" data-widget_type=\"heading.default\">\n\t\t\t\t<div class=\"elementor-widget-container\">\n\t\t\t\t\t<h4 class=\"elementor-heading-title elementor-size-default\">Check out <span class=\"yellow\">CURRENT PROMOTIONS<\/span><\/h4>\t\t\t\t<\/div>\n\t\t\t\t<\/div>\n\t\t\t\t<div class=\"elementor-element elementor-element-fddd8b0 elementor-widget elementor-widget-heading\" data-id=\"fddd8b0\" data-element_type=\"widget\" data-widget_type=\"heading.default\">\n\t\t\t\t<div class=\"elementor-widget-container\">\n\t\t\t\t\t<h4 class=\"elementor-heading-title elementor-size-default\">and available products in our shop<\/h4>\t\t\t\t<\/div>\n\t\t\t\t<\/div>\n\t\t\t\t<div class=\"elementor-element elementor-element-4778c3c elementor-widget elementor-widget-button\" data-id=\"4778c3c\" data-element_type=\"widget\" data-widget_type=\"button.default\">\n\t\t\t\t<div class=\"elementor-widget-container\">\n\t\t\t\t\t\t\t\t\t<div class=\"elementor-button-wrapper\">\n\t\t\t\t\t<a class=\"elementor-button elementor-button-link elementor-size-sm\" href=\"https:\/\/tarpak.pl\/en\/sklep\/\">\n\t\t\t\t\t\t<span class=\"elementor-button-content-wrapper\">\n\t\t\t\t\t\t\t\t\t<span class=\"elementor-button-text\">Shop<\/span>\n\t\t\t\t\t<\/span>\n\t\t\t\t\t<\/a>\n\t\t\t\t<\/div>\n\t\t\t\t\t\t\t\t<\/div>\n\t\t\t\t<\/div>\n\t\t\t\t<\/div>\n\t\t<div class=\"elementor-element elementor-element-b3ada48 e-con-full e-flex e-con e-child\" data-id=\"b3ada48\" data-element_type=\"container\">\n\t\t\t\t<div class=\"elementor-element elementor-element-4b6c99c elementor-absolute elementor-widget elementor-widget-image\" data-id=\"4b6c99c\" data-element_type=\"widget\" data-settings=\"{&quot;_position&quot;:&quot;absolute&quot;,&quot;motion_fx_motion_fx_scrolling&quot;:&quot;yes&quot;,&quot;motion_fx_translateY_effect&quot;:&quot;yes&quot;,&quot;motion_fx_translateY_speed&quot;:{&quot;unit&quot;:&quot;px&quot;,&quot;size&quot;:4,&quot;sizes&quot;:[]},&quot;motion_fx_translateY_affectedRange&quot;:{&quot;unit&quot;:&quot;%&quot;,&quot;size&quot;:&quot;&quot;,&quot;sizes&quot;:{&quot;start&quot;:0,&quot;end&quot;:100}},&quot;motion_fx_devices&quot;:[&quot;desktop&quot;,&quot;tablet&quot;,&quot;mobile&quot;]}\" data-widget_type=\"image.default\">\n\t\t\t\t<div class=\"elementor-widget-container\">\n\t\t\t\t\t\t\t\t\t\t\t\t\t\t\t<img decoding=\"async\" width=\"128\" height=\"334\" src=\"https:\/\/tarpak.pl\/wp-content\/uploads\/2024\/12\/dot_mid_vert.png\" class=\"attachment-large size-large wp-image-1264\" alt=\"\" srcset=\"https:\/\/tarpak.pl\/wp-content\/uploads\/2024\/12\/dot_mid_vert.png 128w, https:\/\/tarpak.pl\/wp-content\/uploads\/2024\/12\/dot_mid_vert-115x300.png 115w\" sizes=\"(max-width: 128px) 100vw, 128px\" \/>\t\t\t\t\t\t\t\t\t\t\t\t\t\t\t<\/div>\n\t\t\t\t<\/div>\n\t\t\t\t<\/div>\n\t\t\t\t<\/div>\n\t\t<div class=\"elementor-element elementor-element-dc7b31c e-con-full e-flex e-con e-child\" data-id=\"dc7b31c\" data-element_type=\"container\" data-settings=\"{&quot;background_background&quot;:&quot;classic&quot;}\">\n\t\t\t\t<div class=\"elementor-element elementor-element-74e0eaa elementor-widget elementor-widget-spacer\" data-id=\"74e0eaa\" data-element_type=\"widget\" data-widget_type=\"spacer.default\">\n\t\t\t\t<div class=\"elementor-widget-container\">\n\t\t\t\t\t\t\t<div class=\"elementor-spacer\">\n\t\t\t<div class=\"elementor-spacer-inner\"><\/div>\n\t\t<\/div>\n\t\t\t\t\t\t<\/div>\n\t\t\t\t<\/div>\n\t\t\t\t<\/div>\n\t\t\t\t\t<\/div>\n\t\t\t\t<\/div>\n\t\t\t\t<\/div>","protected":false},"excerpt":{"rendered":"<p>Vertical machines Counting systems - project 105 Fully automatic packaging line This is a fully automatic packaging line. The product is taken from the magazine in a controlled manner and transferred to two separate lines. Parts are weighed with an accuracy of +\/- 0.2 g. Vibrating feeders, automatic counting systems, circular vibrators with capacities and accuracies adapted to...<\/p>","protected":false},"author":1,"featured_media":0,"parent":841,"menu_order":4,"comment_status":"closed","ping_status":"closed","template":"","meta":{"_bst_post_transparent":"","_bst_post_title":"default","_bst_post_layout":"default","_bst_post_sidebar_id":"","_bst_post_content_style":"unboxed","_bst_post_vertical_padding":"default","_bst_post_feature":"hide","_bst_post_feature_position":"","_bst_post_header":false,"_bst_post_footer":false,"footnotes":""},"class_list":["post-3245","page","type-page","status-publish","hentry"],"yoast_head":"<!-- This site is optimized with the Yoast SEO plugin v24.3 - https:\/\/yoast.com\/wordpress\/plugins\/seo\/ -->\n<title>Systemy licz\u0105ce \u2013 projekt 105 - TARPAK - Maszyny pakuj\u0105ce | kartoniarki i flowpacki<\/title>\n<meta name=\"description\" content=\"Jest to linia pakuj\u0105ca w pe\u0142ni zautomatyzowana. Produkt jest pobierany z magazynku w spos\u00f3b kontrolowany i przenoszony na dwie osobne linie.\" \/>\n<meta name=\"robots\" content=\"index, follow, max-snippet:-1, max-image-preview:large, max-video-preview:-1\" \/>\n<link rel=\"canonical\" href=\"https:\/\/tarpak.pl\/en\/oferta\/maszyny-pionowe\/systemy-liczace-projekt-105\/\" \/>\n<meta property=\"og:locale\" content=\"en_GB\" \/>\n<meta property=\"og:type\" content=\"article\" \/>\n<meta property=\"og:title\" content=\"Systemy licz\u0105ce \u2013 projekt 105 - TARPAK - Maszyny pakuj\u0105ce | kartoniarki i flowpacki\" \/>\n<meta property=\"og:description\" content=\"Jest to linia pakuj\u0105ca w pe\u0142ni zautomatyzowana. Produkt jest pobierany z magazynku w spos\u00f3b kontrolowany i przenoszony na dwie osobne linie.\" \/>\n<meta property=\"og:url\" content=\"https:\/\/tarpak.pl\/en\/oferta\/maszyny-pionowe\/systemy-liczace-projekt-105\/\" \/>\n<meta property=\"og:site_name\" content=\"TARPAK - Maszyny pakuj\u0105ce | kartoniarki i flowpacki\" \/>\n<meta property=\"article:modified_time\" content=\"2025-01-29T11:14:27+00:00\" \/>\n<meta property=\"og:image\" content=\"https:\/\/tarpak.pl\/wp-content\/uploads\/2025\/01\/projekt-105.png\" \/>\n<meta name=\"twitter:card\" content=\"summary_large_image\" \/>\n<script type=\"application\/ld+json\" class=\"yoast-schema-graph\">{\"@context\":\"https:\/\/schema.org\",\"@graph\":[{\"@type\":\"WebPage\",\"@id\":\"https:\/\/tarpak.pl\/oferta\/maszyny-pionowe\/systemy-liczace-projekt-105\/\",\"url\":\"https:\/\/tarpak.pl\/oferta\/maszyny-pionowe\/systemy-liczace-projekt-105\/\",\"name\":\"Systemy licz\u0105ce \u2013 projekt 105 - TARPAK - Maszyny pakuj\u0105ce | kartoniarki i flowpacki\",\"isPartOf\":{\"@id\":\"https:\/\/tarpak.pl\/#website\"},\"primaryImageOfPage\":{\"@id\":\"https:\/\/tarpak.pl\/oferta\/maszyny-pionowe\/systemy-liczace-projekt-105\/#primaryimage\"},\"image\":{\"@id\":\"https:\/\/tarpak.pl\/oferta\/maszyny-pionowe\/systemy-liczace-projekt-105\/#primaryimage\"},\"thumbnailUrl\":\"https:\/\/tarpak.pl\/wp-content\/uploads\/2025\/01\/projekt-105.png\",\"datePublished\":\"2025-01-09T12:16:02+00:00\",\"dateModified\":\"2025-01-29T11:14:27+00:00\",\"description\":\"Jest to linia pakuj\u0105ca w pe\u0142ni zautomatyzowana. Produkt jest pobierany z magazynku w spos\u00f3b kontrolowany i przenoszony na dwie osobne linie.\",\"breadcrumb\":{\"@id\":\"https:\/\/tarpak.pl\/oferta\/maszyny-pionowe\/systemy-liczace-projekt-105\/#breadcrumb\"},\"inLanguage\":\"en-GB\",\"potentialAction\":[{\"@type\":\"ReadAction\",\"target\":[\"https:\/\/tarpak.pl\/oferta\/maszyny-pionowe\/systemy-liczace-projekt-105\/\"]}]},{\"@type\":\"ImageObject\",\"inLanguage\":\"en-GB\",\"@id\":\"https:\/\/tarpak.pl\/oferta\/maszyny-pionowe\/systemy-liczace-projekt-105\/#primaryimage\",\"url\":\"https:\/\/tarpak.pl\/wp-content\/uploads\/2025\/01\/projekt-105.png\",\"contentUrl\":\"https:\/\/tarpak.pl\/wp-content\/uploads\/2025\/01\/projekt-105.png\"},{\"@type\":\"BreadcrumbList\",\"@id\":\"https:\/\/tarpak.pl\/oferta\/maszyny-pionowe\/systemy-liczace-projekt-105\/#breadcrumb\",\"itemListElement\":[{\"@type\":\"ListItem\",\"position\":1,\"name\":\"Strona g\u0142\u00f3wna\",\"item\":\"https:\/\/tarpak.pl\/\"},{\"@type\":\"ListItem\",\"position\":2,\"name\":\"Oferta\",\"item\":\"https:\/\/tarpak.pl\/oferta\/\"},{\"@type\":\"ListItem\",\"position\":3,\"name\":\"Maszyny pionowe\",\"item\":\"https:\/\/tarpak.pl\/oferta\/maszyny-pionowe\/\"},{\"@type\":\"ListItem\",\"position\":4,\"name\":\"Systemy licz\u0105ce \u2013 projekt 105\"}]},{\"@type\":\"WebSite\",\"@id\":\"https:\/\/tarpak.pl\/#website\",\"url\":\"https:\/\/tarpak.pl\/\",\"name\":\"TARPAK - Maszyny pakuj\u0105ce | kartoniarki i flowpacki\",\"description\":\"Maszyny pakuj\u0105ce | kartoniarki i flowpacki\",\"publisher\":{\"@id\":\"https:\/\/tarpak.pl\/#organization\"},\"potentialAction\":[{\"@type\":\"SearchAction\",\"target\":{\"@type\":\"EntryPoint\",\"urlTemplate\":\"https:\/\/tarpak.pl\/?s={search_term_string}\"},\"query-input\":{\"@type\":\"PropertyValueSpecification\",\"valueRequired\":true,\"valueName\":\"search_term_string\"}}],\"inLanguage\":\"en-GB\"},{\"@type\":\"Organization\",\"@id\":\"https:\/\/tarpak.pl\/#organization\",\"name\":\"TARPAK - Maszyny pakuj\u0105ce | kartoniarki i flowpacki\",\"url\":\"https:\/\/tarpak.pl\/\",\"logo\":{\"@type\":\"ImageObject\",\"inLanguage\":\"en-GB\",\"@id\":\"https:\/\/tarpak.pl\/#\/schema\/logo\/image\/\",\"url\":\"https:\/\/tarpak.pl\/wp-content\/uploads\/2024\/10\/logo-main-2.png\",\"contentUrl\":\"https:\/\/tarpak.pl\/wp-content\/uploads\/2024\/10\/logo-main-2.png\",\"width\":140,\"height\":47,\"caption\":\"TARPAK - Maszyny pakuj\u0105ce | kartoniarki i flowpacki\"},\"image\":{\"@id\":\"https:\/\/tarpak.pl\/#\/schema\/logo\/image\/\"}}]}<\/script>\n<!-- \/ Yoast SEO plugin. -->","yoast_head_json":{"title":"Counting systems - project 105 - TARPAK - Packaging machines | cartoners and flowpacks","description":"This is a fully automated packaging line. The product is taken from the magazine in a controlled manner and transferred to two separate lines.","robots":{"index":"index","follow":"follow","max-snippet":"max-snippet:-1","max-image-preview":"max-image-preview:large","max-video-preview":"max-video-preview:-1"},"canonical":"https:\/\/tarpak.pl\/en\/oferta\/maszyny-pionowe\/systemy-liczace-projekt-105\/","og_locale":"en_GB","og_type":"article","og_title":"Systemy licz\u0105ce \u2013 projekt 105 - TARPAK - Maszyny pakuj\u0105ce | kartoniarki i flowpacki","og_description":"Jest to linia pakuj\u0105ca w pe\u0142ni zautomatyzowana. Produkt jest pobierany z magazynku w spos\u00f3b kontrolowany i przenoszony na dwie osobne linie.","og_url":"https:\/\/tarpak.pl\/en\/oferta\/maszyny-pionowe\/systemy-liczace-projekt-105\/","og_site_name":"TARPAK - Maszyny pakuj\u0105ce | kartoniarki i flowpacki","article_modified_time":"2025-01-29T11:14:27+00:00","og_image":[{"url":"https:\/\/tarpak.pl\/wp-content\/uploads\/2025\/01\/projekt-105.png","type":"","width":"","height":""}],"twitter_card":"summary_large_image","schema":{"@context":"https:\/\/schema.org","@graph":[{"@type":"WebPage","@id":"https:\/\/tarpak.pl\/oferta\/maszyny-pionowe\/systemy-liczace-projekt-105\/","url":"https:\/\/tarpak.pl\/oferta\/maszyny-pionowe\/systemy-liczace-projekt-105\/","name":"Counting systems - project 105 - TARPAK - Packaging machines | cartoners and flowpacks","isPartOf":{"@id":"https:\/\/tarpak.pl\/#website"},"primaryImageOfPage":{"@id":"https:\/\/tarpak.pl\/oferta\/maszyny-pionowe\/systemy-liczace-projekt-105\/#primaryimage"},"image":{"@id":"https:\/\/tarpak.pl\/oferta\/maszyny-pionowe\/systemy-liczace-projekt-105\/#primaryimage"},"thumbnailUrl":"https:\/\/tarpak.pl\/wp-content\/uploads\/2025\/01\/projekt-105.png","datePublished":"2025-01-09T12:16:02+00:00","dateModified":"2025-01-29T11:14:27+00:00","description":"This is a fully automated packaging line. The product is taken from the magazine in a controlled manner and transferred to two separate lines.","breadcrumb":{"@id":"https:\/\/tarpak.pl\/oferta\/maszyny-pionowe\/systemy-liczace-projekt-105\/#breadcrumb"},"inLanguage":"en-GB","potentialAction":[{"@type":"ReadAction","target":["https:\/\/tarpak.pl\/oferta\/maszyny-pionowe\/systemy-liczace-projekt-105\/"]}]},{"@type":"ImageObject","inLanguage":"en-GB","@id":"https:\/\/tarpak.pl\/oferta\/maszyny-pionowe\/systemy-liczace-projekt-105\/#primaryimage","url":"https:\/\/tarpak.pl\/wp-content\/uploads\/2025\/01\/projekt-105.png","contentUrl":"https:\/\/tarpak.pl\/wp-content\/uploads\/2025\/01\/projekt-105.png"},{"@type":"BreadcrumbList","@id":"https:\/\/tarpak.pl\/oferta\/maszyny-pionowe\/systemy-liczace-projekt-105\/#breadcrumb","itemListElement":[{"@type":"ListItem","position":1,"name":"Strona g\u0142\u00f3wna","item":"https:\/\/tarpak.pl\/"},{"@type":"ListItem","position":2,"name":"Oferta","item":"https:\/\/tarpak.pl\/oferta\/"},{"@type":"ListItem","position":3,"name":"Maszyny pionowe","item":"https:\/\/tarpak.pl\/oferta\/maszyny-pionowe\/"},{"@type":"ListItem","position":4,"name":"Systemy licz\u0105ce \u2013 projekt 105"}]},{"@type":"WebSite","@id":"https:\/\/tarpak.pl\/#website","url":"https:\/\/tarpak.pl\/","name":"TARPAK - Packaging machines | cartoners and flowpacks","description":"Packaging machines | cartoners and flowpacks","publisher":{"@id":"https:\/\/tarpak.pl\/#organization"},"potentialAction":[{"@type":"SearchAction","target":{"@type":"EntryPoint","urlTemplate":"https:\/\/tarpak.pl\/?s={search_term_string}"},"query-input":{"@type":"PropertyValueSpecification","valueRequired":true,"valueName":"search_term_string"}}],"inLanguage":"en-GB"},{"@type":"Organization","@id":"https:\/\/tarpak.pl\/#organization","name":"TARPAK - Packaging machines | cartoners and flowpacks","url":"https:\/\/tarpak.pl\/","logo":{"@type":"ImageObject","inLanguage":"en-GB","@id":"https:\/\/tarpak.pl\/#\/schema\/logo\/image\/","url":"https:\/\/tarpak.pl\/wp-content\/uploads\/2024\/10\/logo-main-2.png","contentUrl":"https:\/\/tarpak.pl\/wp-content\/uploads\/2024\/10\/logo-main-2.png","width":140,"height":47,"caption":"TARPAK - Maszyny pakuj\u0105ce | kartoniarki i flowpacki"},"image":{"@id":"https:\/\/tarpak.pl\/#\/schema\/logo\/image\/"}}]}},"_links":{"self":[{"href":"https:\/\/tarpak.pl\/en\/wp-json\/wp\/v2\/pages\/3245"}],"collection":[{"href":"https:\/\/tarpak.pl\/en\/wp-json\/wp\/v2\/pages"}],"about":[{"href":"https:\/\/tarpak.pl\/en\/wp-json\/wp\/v2\/types\/page"}],"author":[{"embeddable":true,"href":"https:\/\/tarpak.pl\/en\/wp-json\/wp\/v2\/users\/1"}],"replies":[{"embeddable":true,"href":"https:\/\/tarpak.pl\/en\/wp-json\/wp\/v2\/comments?post=3245"}],"version-history":[{"count":0,"href":"https:\/\/tarpak.pl\/en\/wp-json\/wp\/v2\/pages\/3245\/revisions"}],"up":[{"embeddable":true,"href":"https:\/\/tarpak.pl\/en\/wp-json\/wp\/v2\/pages\/841"}],"wp:attachment":[{"href":"https:\/\/tarpak.pl\/en\/wp-json\/wp\/v2\/media?parent=3245"}],"curies":[{"name":"wp","href":"https:\/\/api.w.org\/{rel}","templated":true}]}}