{"id":2857,"date":"2025-01-08T11:19:05","date_gmt":"2025-01-08T11:19:05","guid":{"rendered":"https:\/\/tarpak.pl\/?page_id=2857"},"modified":"2025-01-27T17:44:53","modified_gmt":"2025-01-27T17:44:53","slug":"jak-wybrac-odpowiedni-podajnik-wibracyjny","status":"publish","type":"page","link":"https:\/\/tarpak.pl\/en\/jak-wybrac-odpowiedni-podajnik-wibracyjny\/","title":{"rendered":"How do I choose the right vibrating feeder?"},"content":{"rendered":"<div data-elementor-type=\"wp-page\" data-elementor-id=\"2857\" class=\"elementor elementor-2857\" data-elementor-post-type=\"page\">\n\t\t\t\t<div class=\"elementor-element elementor-element-3af7ed3 e-flex e-con-boxed e-con e-parent\" data-id=\"3af7ed3\" data-element_type=\"container\">\n\t\t\t\t\t<div class=\"e-con-inner\">\n\t\t<div class=\"elementor-element elementor-element-a0470ff e-con-full e-flex e-con e-child\" data-id=\"a0470ff\" data-element_type=\"container\">\n\t\t\t\t<div class=\"elementor-element elementor-element-050165f watermark elementor-widget elementor-widget-heading\" data-id=\"050165f\" data-element_type=\"widget\" data-settings=\"{&quot;motion_fx_motion_fx_scrolling&quot;:&quot;yes&quot;,&quot;motion_fx_translateX_effect&quot;:&quot;yes&quot;,&quot;motion_fx_translateX_direction&quot;:&quot;negative&quot;,&quot;motion_fx_translateX_speed&quot;:{&quot;unit&quot;:&quot;px&quot;,&quot;size&quot;:3,&quot;sizes&quot;:[]},&quot;motion_fx_translateX_affectedRange&quot;:{&quot;unit&quot;:&quot;%&quot;,&quot;size&quot;:&quot;&quot;,&quot;sizes&quot;:{&quot;start&quot;:0,&quot;end&quot;:100}},&quot;motion_fx_devices&quot;:[&quot;desktop&quot;,&quot;tablet&quot;,&quot;mobile&quot;]}\" data-widget_type=\"heading.default\">\n\t\t\t\t<div class=\"elementor-widget-container\">\n\t\t\t\t\t<h3 class=\"elementor-heading-title elementor-size-default\">How do I choose the right vibrating feeder?<\/h3>\t\t\t\t<\/div>\n\t\t\t\t<\/div>\n\t\t\t\t<div class=\"elementor-element elementor-element-5cef8a7 elementor-widget elementor-widget-heading\" data-id=\"5cef8a7\" data-element_type=\"widget\" data-widget_type=\"heading.default\">\n\t\t\t\t<div class=\"elementor-widget-container\">\n\t\t\t\t\t<h2 class=\"elementor-heading-title elementor-size-default\">How do I choose the right vibrating feeder?<\/h2>\t\t\t\t<\/div>\n\t\t\t\t<\/div>\n\t\t\t\t<div class=\"elementor-element elementor-element-1b25975 elementor-widget elementor-widget-heading\" data-id=\"1b25975\" data-element_type=\"widget\" data-widget_type=\"heading.default\">\n\t\t\t\t<div class=\"elementor-widget-container\">\n\t\t\t\t\t<h3 class=\"elementor-heading-title elementor-size-default\">In order to select the best vibrating feeder, please answer the following\nquestions:<\/h3>\t\t\t\t<\/div>\n\t\t\t\t<\/div>\n\t\t\t\t<div class=\"elementor-element elementor-element-c781075 elementor-widget elementor-widget-text-editor\" data-id=\"c781075\" data-element_type=\"widget\" data-widget_type=\"text-editor.default\">\n\t\t\t\t<div class=\"elementor-widget-container\">\n\t\t\t\t\t\t\t\t\t<ul>\n<li>A drawing of the parts to be supplied, including tolerances, is required (preferably also photos of the exact parts are acceptable).\nis best if you also send us the parts, photos with exact dimensions are acceptable.\ndimensions).<\/li>\n<li>Precise information about the desired orientation - the position of the workpiece if it\nrequire positioning.<\/li>\n<li>What is the required infeed rate - pcs\/min. or cycle time of the machine\npicking up the workpieces?<\/li>\n<li>What are the requirements for feeder autonomy - how often must the feeder be refilled and how\nfeeder and how (manually or automatically)?<\/li>\n<li>What length should the linear feeder be?<\/li>\n<li>How will the workpiece be received (robotic, robotic, manual)?<\/li>\n<li>It is possible to deliver our equipment in a raw version for self-assembly and finishing.\nassembly and finishing on your special request - which variant do you want?\nwhat is your interest?<\/li>\n<li>What are the guidelines for the stand or line on which the\nfeeders to be installed (sketch of the entire line, photos of the line currently in operation or short film)?<\/li>\n<li>It will be helpful to have information on the details given, such as: greasiness,\noily, dusty, easily damaged, etc. will be helpful.<\/li>\n<li>Any additional guidance on special requirements, e.g. permissible\nnoise level, handling of workpieces at great heights or distances, requirements for the\nfood or pharmaceutical industry (FDA approvals) or any other\nrelevant to you.<\/li>\n<\/ul>\t\t\t\t\t\t\t\t<\/div>\n\t\t\t\t<\/div>\n\t\t\t\t<\/div>\n\t\t\t\t\t<\/div>\n\t\t\t\t<\/div>\n\t\t\t\t<\/div>","protected":false},"excerpt":{"rendered":"<p>How to choose the right vibrating feeder? How do I choose the right vibratory feeder? In order to select the best vibratory feeder, please answer the questions below: A drawing of the parts to be fed with tolerances is necessary (it is best to send the parts as well, photos with exact dimensions are acceptable). Precise information on the desired orientation - position of the workpiece is necessary, if they require...<\/p>","protected":false},"author":1,"featured_media":0,"parent":0,"menu_order":0,"comment_status":"closed","ping_status":"closed","template":"","meta":{"_bst_post_transparent":"","_bst_post_title":"default","_bst_post_layout":"default","_bst_post_sidebar_id":"","_bst_post_content_style":"unboxed","_bst_post_vertical_padding":"default","_bst_post_feature":"hide","_bst_post_feature_position":"","_bst_post_header":false,"_bst_post_footer":false,"footnotes":""},"class_list":["post-2857","page","type-page","status-publish","hentry"],"yoast_head":"<!-- This site is optimized with the Yoast SEO plugin v24.3 - https:\/\/yoast.com\/wordpress\/plugins\/seo\/ -->\n<title>Jak wybra\u0107 odpowiedni podajnik wibracyjny? - TARPAK - Maszyny pakuj\u0105ce | kartoniarki i flowpacki<\/title>\n<meta name=\"robots\" content=\"index, follow, max-snippet:-1, max-image-preview:large, max-video-preview:-1\" \/>\n<link rel=\"canonical\" href=\"https:\/\/tarpak.pl\/en\/jak-wybrac-odpowiedni-podajnik-wibracyjny\/\" \/>\n<meta property=\"og:locale\" content=\"en_GB\" \/>\n<meta property=\"og:type\" content=\"article\" \/>\n<meta property=\"og:title\" content=\"Jak wybra\u0107 odpowiedni podajnik wibracyjny? - TARPAK - Maszyny pakuj\u0105ce | kartoniarki i flowpacki\" \/>\n<meta property=\"og:description\" content=\"Jak wybra\u0107 odpowiedni podajnik wibracyjny? Jak wybra\u0107 odpowiedni podajnik wibracyjny? W celu dobrania najlepszego podajnika wibracyjnego prosz\u0119 o odpowied\u017a na poni\u017cej zadane pytania: Konieczny jest rysunek podawanych cz\u0119\u015bci wraz z tolerancjami (najlepszym rozwi\u0105zaniem jest przes\u0142anie r\u00f3wnie\u017c cz\u0119\u015bci, dopuszczalne s\u0105 zdj\u0119cia z dok\u0142adnymi wymiarami). Niezb\u0119dna jest precyzyjna informacja o \u017c\u0105danej orientacji \u2013 pozycji detalu, je\u015bli wymagaj\u0105...\" \/>\n<meta property=\"og:url\" content=\"https:\/\/tarpak.pl\/en\/jak-wybrac-odpowiedni-podajnik-wibracyjny\/\" \/>\n<meta property=\"og:site_name\" content=\"TARPAK - Maszyny pakuj\u0105ce | kartoniarki i flowpacki\" \/>\n<meta property=\"article:modified_time\" content=\"2025-01-27T17:44:53+00:00\" \/>\n<meta name=\"twitter:card\" content=\"summary_large_image\" \/>\n<meta name=\"twitter:label1\" content=\"Estimated reading time\" \/>\n\t<meta name=\"twitter:data1\" content=\"1 minute\" \/>\n<script type=\"application\/ld+json\" class=\"yoast-schema-graph\">{\"@context\":\"https:\/\/schema.org\",\"@graph\":[{\"@type\":\"WebPage\",\"@id\":\"https:\/\/tarpak.pl\/jak-wybrac-odpowiedni-podajnik-wibracyjny\/\",\"url\":\"https:\/\/tarpak.pl\/jak-wybrac-odpowiedni-podajnik-wibracyjny\/\",\"name\":\"Jak wybra\u0107 odpowiedni podajnik wibracyjny? - TARPAK - Maszyny pakuj\u0105ce | kartoniarki i flowpacki\",\"isPartOf\":{\"@id\":\"https:\/\/tarpak.pl\/#website\"},\"datePublished\":\"2025-01-08T11:19:05+00:00\",\"dateModified\":\"2025-01-27T17:44:53+00:00\",\"breadcrumb\":{\"@id\":\"https:\/\/tarpak.pl\/jak-wybrac-odpowiedni-podajnik-wibracyjny\/#breadcrumb\"},\"inLanguage\":\"en-GB\",\"potentialAction\":[{\"@type\":\"ReadAction\",\"target\":[\"https:\/\/tarpak.pl\/jak-wybrac-odpowiedni-podajnik-wibracyjny\/\"]}]},{\"@type\":\"BreadcrumbList\",\"@id\":\"https:\/\/tarpak.pl\/jak-wybrac-odpowiedni-podajnik-wibracyjny\/#breadcrumb\",\"itemListElement\":[{\"@type\":\"ListItem\",\"position\":1,\"name\":\"Strona g\u0142\u00f3wna\",\"item\":\"https:\/\/tarpak.pl\/\"},{\"@type\":\"ListItem\",\"position\":2,\"name\":\"Jak wybra\u0107 odpowiedni podajnik wibracyjny?\"}]},{\"@type\":\"WebSite\",\"@id\":\"https:\/\/tarpak.pl\/#website\",\"url\":\"https:\/\/tarpak.pl\/\",\"name\":\"TARPAK - Maszyny pakuj\u0105ce | kartoniarki i flowpacki\",\"description\":\"Maszyny pakuj\u0105ce | kartoniarki i flowpacki\",\"publisher\":{\"@id\":\"https:\/\/tarpak.pl\/#organization\"},\"potentialAction\":[{\"@type\":\"SearchAction\",\"target\":{\"@type\":\"EntryPoint\",\"urlTemplate\":\"https:\/\/tarpak.pl\/?s={search_term_string}\"},\"query-input\":{\"@type\":\"PropertyValueSpecification\",\"valueRequired\":true,\"valueName\":\"search_term_string\"}}],\"inLanguage\":\"en-GB\"},{\"@type\":\"Organization\",\"@id\":\"https:\/\/tarpak.pl\/#organization\",\"name\":\"TARPAK - Maszyny pakuj\u0105ce | kartoniarki i flowpacki\",\"url\":\"https:\/\/tarpak.pl\/\",\"logo\":{\"@type\":\"ImageObject\",\"inLanguage\":\"en-GB\",\"@id\":\"https:\/\/tarpak.pl\/#\/schema\/logo\/image\/\",\"url\":\"https:\/\/tarpak.pl\/wp-content\/uploads\/2024\/10\/logo-main-2.png\",\"contentUrl\":\"https:\/\/tarpak.pl\/wp-content\/uploads\/2024\/10\/logo-main-2.png\",\"width\":140,\"height\":47,\"caption\":\"TARPAK - Maszyny pakuj\u0105ce | kartoniarki i flowpacki\"},\"image\":{\"@id\":\"https:\/\/tarpak.pl\/#\/schema\/logo\/image\/\"}}]}<\/script>\n<!-- \/ Yoast SEO plugin. -->","yoast_head_json":{"title":"How to choose the right vibratory feeder? - TARPAK - Packaging machines | cartoners and flowpacks","robots":{"index":"index","follow":"follow","max-snippet":"max-snippet:-1","max-image-preview":"max-image-preview:large","max-video-preview":"max-video-preview:-1"},"canonical":"https:\/\/tarpak.pl\/en\/jak-wybrac-odpowiedni-podajnik-wibracyjny\/","og_locale":"en_GB","og_type":"article","og_title":"Jak wybra\u0107 odpowiedni podajnik wibracyjny? - TARPAK - Maszyny pakuj\u0105ce | kartoniarki i flowpacki","og_description":"Jak wybra\u0107 odpowiedni podajnik wibracyjny? Jak wybra\u0107 odpowiedni podajnik wibracyjny? W celu dobrania najlepszego podajnika wibracyjnego prosz\u0119 o odpowied\u017a na poni\u017cej zadane pytania: Konieczny jest rysunek podawanych cz\u0119\u015bci wraz z tolerancjami (najlepszym rozwi\u0105zaniem jest przes\u0142anie r\u00f3wnie\u017c cz\u0119\u015bci, dopuszczalne s\u0105 zdj\u0119cia z dok\u0142adnymi wymiarami). Niezb\u0119dna jest precyzyjna informacja o \u017c\u0105danej orientacji \u2013 pozycji detalu, je\u015bli wymagaj\u0105...","og_url":"https:\/\/tarpak.pl\/en\/jak-wybrac-odpowiedni-podajnik-wibracyjny\/","og_site_name":"TARPAK - Maszyny pakuj\u0105ce | kartoniarki i flowpacki","article_modified_time":"2025-01-27T17:44:53+00:00","twitter_card":"summary_large_image","twitter_misc":{"Estimated reading time":"1 minute"},"schema":{"@context":"https:\/\/schema.org","@graph":[{"@type":"WebPage","@id":"https:\/\/tarpak.pl\/jak-wybrac-odpowiedni-podajnik-wibracyjny\/","url":"https:\/\/tarpak.pl\/jak-wybrac-odpowiedni-podajnik-wibracyjny\/","name":"How to choose the right vibratory feeder? - TARPAK - Packaging machines | cartoners and flowpacks","isPartOf":{"@id":"https:\/\/tarpak.pl\/#website"},"datePublished":"2025-01-08T11:19:05+00:00","dateModified":"2025-01-27T17:44:53+00:00","breadcrumb":{"@id":"https:\/\/tarpak.pl\/jak-wybrac-odpowiedni-podajnik-wibracyjny\/#breadcrumb"},"inLanguage":"en-GB","potentialAction":[{"@type":"ReadAction","target":["https:\/\/tarpak.pl\/jak-wybrac-odpowiedni-podajnik-wibracyjny\/"]}]},{"@type":"BreadcrumbList","@id":"https:\/\/tarpak.pl\/jak-wybrac-odpowiedni-podajnik-wibracyjny\/#breadcrumb","itemListElement":[{"@type":"ListItem","position":1,"name":"Strona g\u0142\u00f3wna","item":"https:\/\/tarpak.pl\/"},{"@type":"ListItem","position":2,"name":"Jak wybra\u0107 odpowiedni podajnik wibracyjny?"}]},{"@type":"WebSite","@id":"https:\/\/tarpak.pl\/#website","url":"https:\/\/tarpak.pl\/","name":"TARPAK - Packaging machines | cartoners and flowpacks","description":"Packaging machines | cartoners and flowpacks","publisher":{"@id":"https:\/\/tarpak.pl\/#organization"},"potentialAction":[{"@type":"SearchAction","target":{"@type":"EntryPoint","urlTemplate":"https:\/\/tarpak.pl\/?s={search_term_string}"},"query-input":{"@type":"PropertyValueSpecification","valueRequired":true,"valueName":"search_term_string"}}],"inLanguage":"en-GB"},{"@type":"Organization","@id":"https:\/\/tarpak.pl\/#organization","name":"TARPAK - Packaging machines | cartoners and flowpacks","url":"https:\/\/tarpak.pl\/","logo":{"@type":"ImageObject","inLanguage":"en-GB","@id":"https:\/\/tarpak.pl\/#\/schema\/logo\/image\/","url":"https:\/\/tarpak.pl\/wp-content\/uploads\/2024\/10\/logo-main-2.png","contentUrl":"https:\/\/tarpak.pl\/wp-content\/uploads\/2024\/10\/logo-main-2.png","width":140,"height":47,"caption":"TARPAK - Maszyny pakuj\u0105ce | kartoniarki i flowpacki"},"image":{"@id":"https:\/\/tarpak.pl\/#\/schema\/logo\/image\/"}}]}},"_links":{"self":[{"href":"https:\/\/tarpak.pl\/en\/wp-json\/wp\/v2\/pages\/2857"}],"collection":[{"href":"https:\/\/tarpak.pl\/en\/wp-json\/wp\/v2\/pages"}],"about":[{"href":"https:\/\/tarpak.pl\/en\/wp-json\/wp\/v2\/types\/page"}],"author":[{"embeddable":true,"href":"https:\/\/tarpak.pl\/en\/wp-json\/wp\/v2\/users\/1"}],"replies":[{"embeddable":true,"href":"https:\/\/tarpak.pl\/en\/wp-json\/wp\/v2\/comments?post=2857"}],"version-history":[{"count":0,"href":"https:\/\/tarpak.pl\/en\/wp-json\/wp\/v2\/pages\/2857\/revisions"}],"wp:attachment":[{"href":"https:\/\/tarpak.pl\/en\/wp-json\/wp\/v2\/media?parent=2857"}],"curies":[{"name":"wp","href":"https:\/\/api.w.org\/{rel}","templated":true}]}}