{"id":969,"date":"2024-11-06T12:43:31","date_gmt":"2024-11-06T12:43:31","guid":{"rendered":"https:\/\/tarpak.pl\/?post_type=product&#038;p=969"},"modified":"2025-01-14T08:10:09","modified_gmt":"2025-01-14T08:10:09","slug":"baza-wibracyjna-ntb-23","status":"publish","type":"product","link":"https:\/\/tarpak.pl\/de\/product\/baza-wibracyjna-ntb-23\/","title":{"rendered":"R\u00fcttelsockel NTB-23"},"content":{"rendered":"<div class=\"row\">\n<p>Vibration Basis <strong>NTB-23<\/strong> ist ein Vibrationsantriebsmodell mit einem breiten Anwendungsspektrum. Er zeichnet sich durch geringen Energieverbrauch und erh\u00f6hte Amplitude aus. Geeignete Konstruktion und Materialauswahl sorgen f\u00fcr hohe Leistung zu einem moderaten Preis.\n<\/p>\n<table class=\"bordered\">\n<tbody>\n<tr>\n<th colspan=\"2\">Eigenschaften<\/th>\n<\/tr>\n<tr>\n<td>\n<ul>\n<li>Sanfte und pr\u00e4zise Steuerung der Geschwindigkeit und Stabilit\u00e4t der Produktzufuhr in Verbindung mit einem Frequenzregler,<\/li>\n<li>Besonders geeignet f\u00fcr schnelles und stabiles: Positionieren, Sortieren und Zuf\u00fchren von feinen und pr\u00e4zisen Werkst\u00fccken,<\/li>\n<li>Die vereinfachte Konstruktion gew\u00e4hrleistet eine bequeme Einstellung und Wartung,<\/li>\n<li>Die Herstellung aus hochwertigen Materialien und umfangreiche Tests gew\u00e4hrleisten ein hohes Ma\u00df an Sicherheit und Stabilit\u00e4t im Betrieb,<\/li>\n<li>Gewicht (kg): 23<\/li>\n<li>Eingangsspannung (V): 0-220<\/li>\n<li>Stromst\u00e4rke (A): 2<\/li>\n<li>Schwingungsfrequenz (Hz): 70-250<\/li>\n<li>Maximaler Durchmesser der Sch\u00fcssel (mm): 370<\/li>\n<li>Maximales Lastgewicht (kg): 10<\/li>\n<li>Kompatibler Controller: SDVC 31-M<\/li>\n<\/ul>\n<\/td>\n<\/tr>\n<\/tbody>\n<\/table>\n<div class=\"elementor-divider\"><img decoding=\"async\" class=\"size-full wp-image-3402\" title=\"Punkttrennzeichen\" src=\"https:\/\/tarpak.pl\/wp-content\/uploads\/2024\/11\/separator_dot.png\" alt=\"Punkttrennzeichen\" width=\"184\" height=\"50\" \/><\/div>\n<table class=\"bordered\">\n<tbody>\n<tr>\n<th colspan=\"2\">Spezifikation NTB-23<\/th>\n<th colspan=\"7\"><\/th>\n<\/tr>\n<tr>\n<td><strong>Modell<\/strong><\/td>\n<td><strong>Antriebstyp<\/strong><\/td>\n<td><strong>Versorgungsspannung<\/strong><\/td>\n<td><strong>Aktuelle Intensit\u00e4t<\/strong><\/td>\n<td><strong>Schwingungsfrequenz<\/strong><\/td>\n<td><strong>Maximaler Durchmesser der Schale<\/strong><\/td>\n<td><strong>Maximale Belastung<\/strong><\/td>\n<td><strong>Kompatibler Controller<\/strong><\/td>\n<\/tr>\n<tr>\n<td>NTB-23<\/td>\n<td>Elektromagnetische<\/td>\n<td>0-220<\/td>\n<td>2<\/td>\n<td>70-250<\/td>\n<td>370<\/td>\n<td>10<\/td>\n<td>SDVC31-M<\/td>\n<\/tr>\n<\/tbody>\n<\/table>\n<div class=\"elementor-divider\"><img decoding=\"async\" class=\"size-full wp-image-3402\" title=\"Punkttrennzeichen\" src=\"https:\/\/tarpak.pl\/wp-content\/uploads\/2024\/11\/separator_dot.png\" alt=\"Punkttrennzeichen\" width=\"184\" height=\"50\" \/><\/div>\n<div class=\"medium_title\">\n<h3>Abmessungen<\/h3>\n<\/div>\n<table class=\"bordered\">\n<tbody>\n<tr>\n<td><strong>\u03d5A<\/strong><\/td>\n<td><strong>\u03d5B<\/strong><\/td>\n<td><strong>M<\/strong><\/td>\n<td><strong>D<\/strong><\/td>\n<td><strong>\u03d5E<\/strong><\/td>\n<td><strong>F<\/strong><\/td>\n<td><strong>N<\/strong><\/td>\n<td><strong>G<\/strong><\/td>\n<td><strong>H<\/strong><\/td>\n<td><strong>I<\/strong><\/td>\n<td><strong>J<\/strong><\/td>\n<td><strong>K<\/strong><\/td>\n<\/tr>\n<tr>\n<td>260<\/td>\n<td>230<\/td>\n<td>12<\/td>\n<td>8,5<\/td>\n<td>220<\/td>\n<td>110<\/td>\n<td>97,8<\/td>\n<td>63,5<\/td>\n<td>233<\/td>\n<td>34<\/td>\n<td>4<\/td>\n<td>4,5<\/td>\n<\/tr>\n<\/tbody>\n<\/table>\n<p><img decoding=\"async\" title=\"NTB-23-NTB-30-wymiary.png\"  src=\"https:\/\/tarpak.pl\/wp-content\/uploads\/2024\/11\/NTB-23-NTB-30-wymiary-692x1024.png\" alt=\"\" width=\"70%\" class=\"alignnone size-large wp-image-1017\" srcset=\"https:\/\/tarpak.pl\/wp-content\/uploads\/2024\/11\/NTB-23-NTB-30-wymiary-692x1024.png 692w, https:\/\/tarpak.pl\/wp-content\/uploads\/2024\/11\/NTB-23-NTB-30-wymiary-203x300.png 203w, https:\/\/tarpak.pl\/wp-content\/uploads\/2024\/11\/NTB-23-NTB-30-wymiary-600x888.png 600w, https:\/\/tarpak.pl\/wp-content\/uploads\/2024\/11\/NTB-23-NTB-30-wymiary.png 697w\" sizes=\"(max-width: 692px) 100vw, 692px\" \/><\/p>\n<\/div>","protected":false},"excerpt":{"rendered":"<p>Vibration Basis <strong>NTB-23<\/strong> ist ein Vibrationsantriebsmodell mit einem breiten Anwendungsspektrum. Er zeichnet sich durch geringen Energieverbrauch und erh\u00f6hte Amplitude aus. Geeignete Konstruktion und Materialauswahl sorgen f\u00fcr hohe Leistung zu einem moderaten Preis.<\/p>","protected":false},"featured_media":1016,"template":"","meta":{"_bst_post_transparent":"default","_bst_post_title":"","_bst_post_layout":"default","_bst_post_sidebar_id":"","_bst_post_content_style":"default","_bst_post_vertical_padding":"default","_bst_post_feature":"","_bst_post_feature_position":"","_bst_post_header":false,"_bst_post_footer":false},"product_cat":[77,46],"product_tag":[],"class_list":{"0":"post-969","1":"product","2":"type-product","3":"status-publish","4":"has-post-thumbnail","6":"product_cat-bazy-wibracyjne-kolowe","7":"product_cat-podajniki-wibracyjne","9":"first","10":"outofstock","11":"taxable","12":"shipping-taxable","13":"purchasable","14":"product-type-simple","15":"entry","16":"content-bg","17":"loop-entry"},"yoast_head":"<!-- This site is optimized with the Yoast SEO plugin v24.3 - https:\/\/yoast.com\/wordpress\/plugins\/seo\/ -->\n<title>Baza wibracyjna NTB-23 - TARPAK - Maszyny pakuj\u0105ce | kartoniarki i flowpacki<\/title>\n<meta name=\"robots\" content=\"index, follow, max-snippet:-1, max-image-preview:large, max-video-preview:-1\" \/>\n<link rel=\"canonical\" href=\"https:\/\/tarpak.pl\/de\/product\/baza-wibracyjna-ntb-23\/\" \/>\n<meta property=\"og:locale\" content=\"de_DE\" \/>\n<meta property=\"og:type\" content=\"article\" \/>\n<meta property=\"og:title\" content=\"Baza wibracyjna NTB-23 - TARPAK - Maszyny pakuj\u0105ce | kartoniarki i flowpacki\" \/>\n<meta property=\"og:description\" content=\"Baza wibracyjna NTB-23 to model nap\u0119du wibracyjnego\u00a0 o szerokim zakresie zastosowa\u0144. Charakteryzuje si\u0119 niskim zu\u017cyciem energii i zwi\u0119kszon\u0105 amplitud\u0105. Odpowiedni projekt i dob\u00f3r materia\u0142\u00f3w zapewniaj\u0105 wysok\u0105 wydajno\u015b\u0107 przy umiarkowanej cenie.\" \/>\n<meta property=\"og:url\" content=\"https:\/\/tarpak.pl\/de\/product\/baza-wibracyjna-ntb-23\/\" \/>\n<meta property=\"og:site_name\" content=\"TARPAK - Maszyny pakuj\u0105ce | kartoniarki i flowpacki\" \/>\n<meta property=\"article:modified_time\" content=\"2025-01-14T08:10:09+00:00\" \/>\n<meta property=\"og:image\" content=\"https:\/\/tarpak.pl\/wp-content\/uploads\/2024\/11\/NTB-23-NTB-30.jpg\" \/>\n\t<meta property=\"og:image:width\" content=\"481\" \/>\n\t<meta property=\"og:image:height\" content=\"531\" \/>\n\t<meta property=\"og:image:type\" content=\"image\/jpeg\" \/>\n<meta name=\"twitter:card\" content=\"summary_large_image\" \/>\n<meta name=\"twitter:label1\" content=\"Gesch\u00e4tzte Lesezeit\" \/>\n\t<meta name=\"twitter:data1\" content=\"2\u00a0Minuten\" \/>\n<script type=\"application\/ld+json\" class=\"yoast-schema-graph\">{\"@context\":\"https:\/\/schema.org\",\"@graph\":[{\"@type\":\"WebPage\",\"@id\":\"https:\/\/tarpak.pl\/produkt\/baza-wibracyjna-ntb-23\/\",\"url\":\"https:\/\/tarpak.pl\/produkt\/baza-wibracyjna-ntb-23\/\",\"name\":\"Baza wibracyjna NTB-23 - TARPAK - Maszyny pakuj\u0105ce | kartoniarki i flowpacki\",\"isPartOf\":{\"@id\":\"https:\/\/tarpak.pl\/#website\"},\"primaryImageOfPage\":{\"@id\":\"https:\/\/tarpak.pl\/produkt\/baza-wibracyjna-ntb-23\/#primaryimage\"},\"image\":{\"@id\":\"https:\/\/tarpak.pl\/produkt\/baza-wibracyjna-ntb-23\/#primaryimage\"},\"thumbnailUrl\":\"https:\/\/tarpak.pl\/wp-content\/uploads\/2024\/11\/NTB-23-NTB-30.jpg\",\"datePublished\":\"2024-11-06T12:43:31+00:00\",\"dateModified\":\"2025-01-14T08:10:09+00:00\",\"breadcrumb\":{\"@id\":\"https:\/\/tarpak.pl\/produkt\/baza-wibracyjna-ntb-23\/#breadcrumb\"},\"inLanguage\":\"de\",\"potentialAction\":[{\"@type\":\"ReadAction\",\"target\":[\"https:\/\/tarpak.pl\/produkt\/baza-wibracyjna-ntb-23\/\"]}]},{\"@type\":\"ImageObject\",\"inLanguage\":\"de\",\"@id\":\"https:\/\/tarpak.pl\/produkt\/baza-wibracyjna-ntb-23\/#primaryimage\",\"url\":\"https:\/\/tarpak.pl\/wp-content\/uploads\/2024\/11\/NTB-23-NTB-30.jpg\",\"contentUrl\":\"https:\/\/tarpak.pl\/wp-content\/uploads\/2024\/11\/NTB-23-NTB-30.jpg\",\"width\":481,\"height\":531,\"caption\":\"NTB 23 NTB 30\"},{\"@type\":\"BreadcrumbList\",\"@id\":\"https:\/\/tarpak.pl\/produkt\/baza-wibracyjna-ntb-23\/#breadcrumb\",\"itemListElement\":[{\"@type\":\"ListItem\",\"position\":1,\"name\":\"Strona g\u0142\u00f3wna\",\"item\":\"https:\/\/tarpak.pl\/\"},{\"@type\":\"ListItem\",\"position\":2,\"name\":\"Sklep\",\"item\":\"https:\/\/tarpak.pl\/sklep\/\"},{\"@type\":\"ListItem\",\"position\":3,\"name\":\"Baza wibracyjna NTB-23\"}]},{\"@type\":\"WebSite\",\"@id\":\"https:\/\/tarpak.pl\/#website\",\"url\":\"https:\/\/tarpak.pl\/\",\"name\":\"TARPAK - Maszyny pakuj\u0105ce | kartoniarki i flowpacki\",\"description\":\"Maszyny pakuj\u0105ce | kartoniarki i flowpacki\",\"publisher\":{\"@id\":\"https:\/\/tarpak.pl\/#organization\"},\"potentialAction\":[{\"@type\":\"SearchAction\",\"target\":{\"@type\":\"EntryPoint\",\"urlTemplate\":\"https:\/\/tarpak.pl\/?s={search_term_string}\"},\"query-input\":{\"@type\":\"PropertyValueSpecification\",\"valueRequired\":true,\"valueName\":\"search_term_string\"}}],\"inLanguage\":\"de\"},{\"@type\":\"Organization\",\"@id\":\"https:\/\/tarpak.pl\/#organization\",\"name\":\"TARPAK - Maszyny pakuj\u0105ce | kartoniarki i flowpacki\",\"url\":\"https:\/\/tarpak.pl\/\",\"logo\":{\"@type\":\"ImageObject\",\"inLanguage\":\"de\",\"@id\":\"https:\/\/tarpak.pl\/#\/schema\/logo\/image\/\",\"url\":\"https:\/\/tarpak.pl\/wp-content\/uploads\/2024\/10\/logo-main-2.png\",\"contentUrl\":\"https:\/\/tarpak.pl\/wp-content\/uploads\/2024\/10\/logo-main-2.png\",\"width\":140,\"height\":47,\"caption\":\"TARPAK - Maszyny pakuj\u0105ce | kartoniarki i flowpacki\"},\"image\":{\"@id\":\"https:\/\/tarpak.pl\/#\/schema\/logo\/image\/\"}}]}<\/script>\n<!-- \/ Yoast SEO plugin. -->","yoast_head_json":{"title":"R\u00fcttelboden NTB-23 - TARPAK - Verpackungsmaschinen | Kartonierer und Flowpacks","robots":{"index":"index","follow":"follow","max-snippet":"max-snippet:-1","max-image-preview":"max-image-preview:large","max-video-preview":"max-video-preview:-1"},"canonical":"https:\/\/tarpak.pl\/de\/product\/baza-wibracyjna-ntb-23\/","og_locale":"de_DE","og_type":"article","og_title":"Baza wibracyjna NTB-23 - TARPAK - Maszyny pakuj\u0105ce | kartoniarki i flowpacki","og_description":"Baza wibracyjna NTB-23 to model nap\u0119du wibracyjnego\u00a0 o szerokim zakresie zastosowa\u0144. Charakteryzuje si\u0119 niskim zu\u017cyciem energii i zwi\u0119kszon\u0105 amplitud\u0105. Odpowiedni projekt i dob\u00f3r materia\u0142\u00f3w zapewniaj\u0105 wysok\u0105 wydajno\u015b\u0107 przy umiarkowanej cenie.","og_url":"https:\/\/tarpak.pl\/de\/product\/baza-wibracyjna-ntb-23\/","og_site_name":"TARPAK - Maszyny pakuj\u0105ce | kartoniarki i flowpacki","article_modified_time":"2025-01-14T08:10:09+00:00","og_image":[{"width":481,"height":531,"url":"https:\/\/tarpak.pl\/wp-content\/uploads\/2024\/11\/NTB-23-NTB-30.jpg","type":"image\/jpeg"}],"twitter_card":"summary_large_image","twitter_misc":{"Gesch\u00e4tzte Lesezeit":"2\u00a0Minuten"},"schema":{"@context":"https:\/\/schema.org","@graph":[{"@type":"WebPage","@id":"https:\/\/tarpak.pl\/produkt\/baza-wibracyjna-ntb-23\/","url":"https:\/\/tarpak.pl\/produkt\/baza-wibracyjna-ntb-23\/","name":"R\u00fcttelboden NTB-23 - TARPAK - Verpackungsmaschinen | Kartonierer und Flowpacks","isPartOf":{"@id":"https:\/\/tarpak.pl\/#website"},"primaryImageOfPage":{"@id":"https:\/\/tarpak.pl\/produkt\/baza-wibracyjna-ntb-23\/#primaryimage"},"image":{"@id":"https:\/\/tarpak.pl\/produkt\/baza-wibracyjna-ntb-23\/#primaryimage"},"thumbnailUrl":"https:\/\/tarpak.pl\/wp-content\/uploads\/2024\/11\/NTB-23-NTB-30.jpg","datePublished":"2024-11-06T12:43:31+00:00","dateModified":"2025-01-14T08:10:09+00:00","breadcrumb":{"@id":"https:\/\/tarpak.pl\/produkt\/baza-wibracyjna-ntb-23\/#breadcrumb"},"inLanguage":"de","potentialAction":[{"@type":"ReadAction","target":["https:\/\/tarpak.pl\/produkt\/baza-wibracyjna-ntb-23\/"]}]},{"@type":"ImageObject","inLanguage":"de","@id":"https:\/\/tarpak.pl\/produkt\/baza-wibracyjna-ntb-23\/#primaryimage","url":"https:\/\/tarpak.pl\/wp-content\/uploads\/2024\/11\/NTB-23-NTB-30.jpg","contentUrl":"https:\/\/tarpak.pl\/wp-content\/uploads\/2024\/11\/NTB-23-NTB-30.jpg","width":481,"height":531,"caption":"NTB 23 NTB 30"},{"@type":"BreadcrumbList","@id":"https:\/\/tarpak.pl\/produkt\/baza-wibracyjna-ntb-23\/#breadcrumb","itemListElement":[{"@type":"ListItem","position":1,"name":"Strona g\u0142\u00f3wna","item":"https:\/\/tarpak.pl\/"},{"@type":"ListItem","position":2,"name":"Sklep","item":"https:\/\/tarpak.pl\/sklep\/"},{"@type":"ListItem","position":3,"name":"Baza wibracyjna NTB-23"}]},{"@type":"WebSite","@id":"https:\/\/tarpak.pl\/#website","url":"https:\/\/tarpak.pl\/","name":"TARPAK - Verpackungsmaschinen | Kartonierer und Flowpacks","description":"Verpackungsmaschinen | Kartonierer und Flowpacks","publisher":{"@id":"https:\/\/tarpak.pl\/#organization"},"potentialAction":[{"@type":"SearchAction","target":{"@type":"EntryPoint","urlTemplate":"https:\/\/tarpak.pl\/?s={search_term_string}"},"query-input":{"@type":"PropertyValueSpecification","valueRequired":true,"valueName":"search_term_string"}}],"inLanguage":"de"},{"@type":"Organization","@id":"https:\/\/tarpak.pl\/#organization","name":"TARPAK - Verpackungsmaschinen | Kartonierer und Flowpacks","url":"https:\/\/tarpak.pl\/","logo":{"@type":"ImageObject","inLanguage":"de","@id":"https:\/\/tarpak.pl\/#\/schema\/logo\/image\/","url":"https:\/\/tarpak.pl\/wp-content\/uploads\/2024\/10\/logo-main-2.png","contentUrl":"https:\/\/tarpak.pl\/wp-content\/uploads\/2024\/10\/logo-main-2.png","width":140,"height":47,"caption":"TARPAK - Maszyny pakuj\u0105ce | kartoniarki i flowpacki"},"image":{"@id":"https:\/\/tarpak.pl\/#\/schema\/logo\/image\/"}}]}},"_links":{"self":[{"href":"https:\/\/tarpak.pl\/de\/wp-json\/wp\/v2\/product\/969"}],"collection":[{"href":"https:\/\/tarpak.pl\/de\/wp-json\/wp\/v2\/product"}],"about":[{"href":"https:\/\/tarpak.pl\/de\/wp-json\/wp\/v2\/types\/product"}],"version-history":[{"count":0,"href":"https:\/\/tarpak.pl\/de\/wp-json\/wp\/v2\/product\/969\/revisions"}],"wp:featuredmedia":[{"embeddable":true,"href":"https:\/\/tarpak.pl\/de\/wp-json\/wp\/v2\/media\/1016"}],"wp:attachment":[{"href":"https:\/\/tarpak.pl\/de\/wp-json\/wp\/v2\/media?parent=969"}],"wp:term":[{"taxonomy":"product_cat","embeddable":true,"href":"https:\/\/tarpak.pl\/de\/wp-json\/wp\/v2\/product_cat?post=969"},{"taxonomy":"product_tag","embeddable":true,"href":"https:\/\/tarpak.pl\/de\/wp-json\/wp\/v2\/product_tag?post=969"}],"curies":[{"name":"wp","href":"https:\/\/api.w.org\/{rel}","templated":true}]}}