{"id":966,"date":"2024-11-06T12:43:31","date_gmt":"2024-11-06T12:43:31","guid":{"rendered":"https:\/\/tarpak.pl\/?post_type=product&#038;p=966"},"modified":"2025-01-15T07:14:13","modified_gmt":"2025-01-15T07:14:13","slug":"baza-wibracyjna-ntb-61","status":"publish","type":"product","link":"https:\/\/tarpak.pl\/de\/product\/baza-wibracyjna-ntb-61\/","title":{"rendered":"R\u00fcttelbasis NTB-61"},"content":{"rendered":"<div class=\"row\">\n<p>Vibration Basis <strong>NTB-61<\/strong> ist ein Vibrationsantriebsmodell, das f\u00fcr die Zuf\u00fchrung mittlerer und gro\u00dfer Teile konzipiert wurde. Er zeichnet sich durch eine erh\u00f6hte Vibrationsamplitude aus und erm\u00f6glicht eine einfache Integration der Steuerung der Zuf\u00fchrparameter. Er eignet sich zum Ausrichten und Sortieren gro\u00dfer und schwerer Teile.<\/p>\n<table class=\"bordered\">\n<tbody>\n<tr>\n<th colspan=\"2\">Eigenschaften<\/th>\n<\/tr>\n<tr>\n<td>\n<ul>\n<li>Sanfte und pr\u00e4zise Steuerung der Geschwindigkeit und Stabilit\u00e4t der Produktschicht in Verbindung mit einem Frequenzregler,<\/li>\n<li>Besonders geeignet zum Sortieren und Zuf\u00fchren von gro\u00dfen Werkst\u00fccken,<\/li>\n<li>Die vereinfachte Konstruktion gew\u00e4hrleistet eine bequeme Einstellung und Wartung,<\/li>\n<li>Die Herstellung aus hochwertigen Materialien und umfangreiche Tests gew\u00e4hrleisten ein hohes Ma\u00df an Sicherheit und Stabilit\u00e4t im Betrieb,<\/li>\n<li>Die Standardausf\u00fchrung ist rechtsdrehend, linksdrehend auf Sonderbestellung erh\u00e4ltlich.<\/li>\n<li>Gewicht (kg): 265<\/li>\n<li>Eingangsspannung (V): 0-200<\/li>\n<li>Stromst\u00e4rke (A): 6<\/li>\n<li>Schwingungsfrequenz (Hz): 60-200<\/li>\n<li>Maximaler Durchmesser der Sch\u00fcssel (mm): 1000<\/li>\n<li>Maximales Ladegewicht (kg): 65<\/li>\n<li>Kompatibler Controller: SDVC 31-XL<\/li>\n<\/ul>\n<\/td>\n<\/tr>\n<\/tbody>\n<\/table>\n<div class=\"elementor-divider\"><img decoding=\"async\" class=\"size-full wp-image-3402\" title=\"Punkttrennzeichen\" src=\"https:\/\/tarpak.pl\/wp-content\/uploads\/2024\/11\/separator_dot.png\" alt=\"Punkttrennzeichen\" width=\"184\" height=\"50\" \/><\/div>\n<table class=\"bordered\">\n<tbody>\n<tr>\n<th colspan=\"2\">Spezifikation NTB-15<\/th>\n<th colspan=\"7\"><\/th>\n<\/tr>\n<tr>\n<td><strong>Modell<\/strong><\/td>\n<td><strong>Antriebstyp<\/strong><\/td>\n<td><strong>Versorgungsspannung<\/strong><\/td>\n<td><strong>Aktuelle Intensit\u00e4t<\/strong><\/td>\n<td><strong>Schwingungsfrequenz<\/strong><\/td>\n<td><strong>Maximaler Durchmesser der Schale<\/strong><\/td>\n<td><strong>Maximale Belastung<\/strong><\/td>\n<td><strong>Kompatibler Controller<\/strong><\/td>\n<\/tr>\n<tr>\n<td>NTB-61<\/td>\n<td>Elektromagnetische<\/td>\n<td>0-200<\/td>\n<td>6<\/td>\n<td>60-200<\/td>\n<td>1000<\/td>\n<td>65<\/td>\n<td>SDVC31-XL<\/td>\n<\/tr>\n<\/tbody>\n<\/table>\n<div class=\"elementor-divider\"><img decoding=\"async\" class=\"size-full wp-image-3402\" title=\"Punkttrennzeichen\" src=\"https:\/\/tarpak.pl\/wp-content\/uploads\/2024\/11\/separator_dot.png\" alt=\"Punkttrennzeichen\" width=\"184\" height=\"50\" \/><\/div>\n<div class=\"medium_title\">\n<h3>Abmessungen<\/h3>\n<\/div>\n<table class=\"bordered\">\n<tbody>\n<tr>\n<td><strong>\u03d5A<\/strong><\/td>\n<td><strong>\u03d5B<\/strong><\/td>\n<td><strong>M<\/strong><\/td>\n<td><strong>D<\/strong><\/td>\n<td><strong>\u03d5D1<\/strong><\/td>\n<td><strong>\u03d5E<\/strong><\/td>\n<td><strong>F<\/strong><\/td>\n<td><strong>N<\/strong><\/td>\n<td><strong>G<\/strong><\/td>\n<td><strong>H<\/strong><\/td>\n<td><strong>I<\/strong><\/td>\n<td><strong>J<\/strong><\/td>\n<td><strong>K<\/strong><\/td>\n<td><strong>\u03d5L<\/strong><\/td>\n<\/tr>\n<tr>\n<td>700<\/td>\n<td>610<\/td>\n<td>16<\/td>\n<td>8,5<\/td>\n<td>20<\/td>\n<td>630<\/td>\n<td>90<\/td>\n<td>78<\/td>\n<td>16,5<\/td>\n<td>357,5<\/td>\n<td>45<\/td>\n<td>2,5<\/td>\n<td>6<\/td>\n<td>540<\/td>\n<\/tr>\n<\/tbody>\n<\/table>\n<p><img decoding=\"async\" title=\"NTB-61-Abmessungen.png\"  src=\"https:\/\/tarpak.pl\/wp-content\/uploads\/2024\/11\/NTB-61-wymiary.png\" alt=\"\" width=\"70%\" class=\"alignnone size-large wp-image-1011\" srcset=\"https:\/\/tarpak.pl\/wp-content\/uploads\/2024\/11\/NTB-61-wymiary.png 638w, https:\/\/tarpak.pl\/wp-content\/uploads\/2024\/11\/NTB-61-wymiary-203x300.png 203w, https:\/\/tarpak.pl\/wp-content\/uploads\/2024\/11\/NTB-61-wymiary-600x889.png 600w\" sizes=\"(max-width: 638px) 100vw, 638px\" \/><\/p>\n<\/div>","protected":false},"excerpt":{"rendered":"<p>Die Vibrationsbasis NTB-61 ist ein Modell mit Vibrationsantrieb, das f\u00fcr die Zuf\u00fchrung mittelgro\u00dfer bis gro\u00dfer Teile entwickelt wurde. Er zeichnet sich durch eine erh\u00f6hte Vibrationsamplitude aus und erm\u00f6glicht eine einfache Integration der Steuerung der Zuf\u00fchrparameter. Er eignet sich zum Ausrichten und Sortieren gro\u00dfer und schwerer Teile.<\/p>","protected":false},"featured_media":1010,"template":"","meta":{"_bst_post_transparent":"default","_bst_post_title":"","_bst_post_layout":"default","_bst_post_sidebar_id":"","_bst_post_content_style":"default","_bst_post_vertical_padding":"default","_bst_post_feature":"","_bst_post_feature_position":"","_bst_post_header":false,"_bst_post_footer":false},"product_cat":[77,46],"product_tag":[],"class_list":{"0":"post-966","1":"product","2":"type-product","3":"status-publish","4":"has-post-thumbnail","6":"product_cat-bazy-wibracyjne-kolowe","7":"product_cat-podajniki-wibracyjne","9":"first","10":"instock","11":"taxable","12":"shipping-taxable","13":"purchasable","14":"product-type-simple","15":"entry","16":"content-bg","17":"loop-entry"},"yoast_head":"<!-- This site is optimized with the Yoast SEO plugin v24.3 - https:\/\/yoast.com\/wordpress\/plugins\/seo\/ -->\n<title>Baza wibracyjna NTB-61 - TARPAK - Maszyny pakuj\u0105ce | kartoniarki i flowpacki<\/title>\n<meta name=\"robots\" content=\"index, follow, max-snippet:-1, max-image-preview:large, max-video-preview:-1\" \/>\n<link rel=\"canonical\" href=\"https:\/\/tarpak.pl\/de\/product\/baza-wibracyjna-ntb-61\/\" \/>\n<meta property=\"og:locale\" content=\"de_DE\" \/>\n<meta property=\"og:type\" content=\"article\" \/>\n<meta property=\"og:title\" content=\"Baza wibracyjna NTB-61 - TARPAK - Maszyny pakuj\u0105ce | kartoniarki i flowpacki\" \/>\n<meta property=\"og:description\" content=\"Baza wibracyjna NTB-61 to model nap\u0119du wibracyjnego przeznaczony do podawania \u015brednich i du\u017cych cz\u0119\u015bci. Charakteryzuje si\u0119 zwi\u0119kszon\u0105 amplituda drga\u0144, zapewnia \u0142atw\u0105 integracj\u0119 kontroli parametr\u00f3w podawania. Jest to odpowiedni wyb\u00f3r do orientowania i sortowania du\u017cych i ci\u0119\u017ckich cz\u0119\u015bci.\" \/>\n<meta property=\"og:url\" content=\"https:\/\/tarpak.pl\/de\/product\/baza-wibracyjna-ntb-61\/\" \/>\n<meta property=\"og:site_name\" content=\"TARPAK - Maszyny pakuj\u0105ce | kartoniarki i flowpacki\" \/>\n<meta property=\"article:modified_time\" content=\"2025-01-15T07:14:13+00:00\" \/>\n<meta property=\"og:image\" content=\"https:\/\/tarpak.pl\/wp-content\/uploads\/2024\/11\/NTB-61.jpg\" \/>\n\t<meta property=\"og:image:width\" content=\"1100\" \/>\n\t<meta property=\"og:image:height\" content=\"809\" \/>\n\t<meta property=\"og:image:type\" content=\"image\/jpeg\" \/>\n<meta name=\"twitter:card\" content=\"summary_large_image\" \/>\n<meta name=\"twitter:label1\" content=\"Gesch\u00e4tzte Lesezeit\" \/>\n\t<meta name=\"twitter:data1\" content=\"2\u00a0Minuten\" \/>\n<script type=\"application\/ld+json\" class=\"yoast-schema-graph\">{\"@context\":\"https:\/\/schema.org\",\"@graph\":[{\"@type\":\"WebPage\",\"@id\":\"https:\/\/tarpak.pl\/produkt\/baza-wibracyjna-ntb-61\/\",\"url\":\"https:\/\/tarpak.pl\/produkt\/baza-wibracyjna-ntb-61\/\",\"name\":\"Baza wibracyjna NTB-61 - TARPAK - Maszyny pakuj\u0105ce | kartoniarki i flowpacki\",\"isPartOf\":{\"@id\":\"https:\/\/tarpak.pl\/#website\"},\"primaryImageOfPage\":{\"@id\":\"https:\/\/tarpak.pl\/produkt\/baza-wibracyjna-ntb-61\/#primaryimage\"},\"image\":{\"@id\":\"https:\/\/tarpak.pl\/produkt\/baza-wibracyjna-ntb-61\/#primaryimage\"},\"thumbnailUrl\":\"https:\/\/tarpak.pl\/wp-content\/uploads\/2024\/11\/NTB-61.jpg\",\"datePublished\":\"2024-11-06T12:43:31+00:00\",\"dateModified\":\"2025-01-15T07:14:13+00:00\",\"breadcrumb\":{\"@id\":\"https:\/\/tarpak.pl\/produkt\/baza-wibracyjna-ntb-61\/#breadcrumb\"},\"inLanguage\":\"de\",\"potentialAction\":[{\"@type\":\"ReadAction\",\"target\":[\"https:\/\/tarpak.pl\/produkt\/baza-wibracyjna-ntb-61\/\"]}]},{\"@type\":\"ImageObject\",\"inLanguage\":\"de\",\"@id\":\"https:\/\/tarpak.pl\/produkt\/baza-wibracyjna-ntb-61\/#primaryimage\",\"url\":\"https:\/\/tarpak.pl\/wp-content\/uploads\/2024\/11\/NTB-61.jpg\",\"contentUrl\":\"https:\/\/tarpak.pl\/wp-content\/uploads\/2024\/11\/NTB-61.jpg\",\"width\":1100,\"height\":809,\"caption\":\"NTB 61\"},{\"@type\":\"BreadcrumbList\",\"@id\":\"https:\/\/tarpak.pl\/produkt\/baza-wibracyjna-ntb-61\/#breadcrumb\",\"itemListElement\":[{\"@type\":\"ListItem\",\"position\":1,\"name\":\"Strona g\u0142\u00f3wna\",\"item\":\"https:\/\/tarpak.pl\/\"},{\"@type\":\"ListItem\",\"position\":2,\"name\":\"Sklep\",\"item\":\"https:\/\/tarpak.pl\/sklep\/\"},{\"@type\":\"ListItem\",\"position\":3,\"name\":\"Baza wibracyjna NTB-61\"}]},{\"@type\":\"WebSite\",\"@id\":\"https:\/\/tarpak.pl\/#website\",\"url\":\"https:\/\/tarpak.pl\/\",\"name\":\"TARPAK - Maszyny pakuj\u0105ce | kartoniarki i flowpacki\",\"description\":\"Maszyny pakuj\u0105ce | kartoniarki i flowpacki\",\"publisher\":{\"@id\":\"https:\/\/tarpak.pl\/#organization\"},\"potentialAction\":[{\"@type\":\"SearchAction\",\"target\":{\"@type\":\"EntryPoint\",\"urlTemplate\":\"https:\/\/tarpak.pl\/?s={search_term_string}\"},\"query-input\":{\"@type\":\"PropertyValueSpecification\",\"valueRequired\":true,\"valueName\":\"search_term_string\"}}],\"inLanguage\":\"de\"},{\"@type\":\"Organization\",\"@id\":\"https:\/\/tarpak.pl\/#organization\",\"name\":\"TARPAK - Maszyny pakuj\u0105ce | kartoniarki i flowpacki\",\"url\":\"https:\/\/tarpak.pl\/\",\"logo\":{\"@type\":\"ImageObject\",\"inLanguage\":\"de\",\"@id\":\"https:\/\/tarpak.pl\/#\/schema\/logo\/image\/\",\"url\":\"https:\/\/tarpak.pl\/wp-content\/uploads\/2024\/10\/logo-main-2.png\",\"contentUrl\":\"https:\/\/tarpak.pl\/wp-content\/uploads\/2024\/10\/logo-main-2.png\",\"width\":140,\"height\":47,\"caption\":\"TARPAK - Maszyny pakuj\u0105ce | kartoniarki i flowpacki\"},\"image\":{\"@id\":\"https:\/\/tarpak.pl\/#\/schema\/logo\/image\/\"}}]}<\/script>\n<!-- \/ Yoast SEO plugin. -->","yoast_head_json":{"title":"R\u00fcttelboden NTB-61 - TARPAK - Verpackungsmaschinen | Kartonierer und Flowpacks","robots":{"index":"index","follow":"follow","max-snippet":"max-snippet:-1","max-image-preview":"max-image-preview:large","max-video-preview":"max-video-preview:-1"},"canonical":"https:\/\/tarpak.pl\/de\/product\/baza-wibracyjna-ntb-61\/","og_locale":"de_DE","og_type":"article","og_title":"Baza wibracyjna NTB-61 - TARPAK - Maszyny pakuj\u0105ce | kartoniarki i flowpacki","og_description":"Baza wibracyjna NTB-61 to model nap\u0119du wibracyjnego przeznaczony do podawania \u015brednich i du\u017cych cz\u0119\u015bci. Charakteryzuje si\u0119 zwi\u0119kszon\u0105 amplituda drga\u0144, zapewnia \u0142atw\u0105 integracj\u0119 kontroli parametr\u00f3w podawania. Jest to odpowiedni wyb\u00f3r do orientowania i sortowania du\u017cych i ci\u0119\u017ckich cz\u0119\u015bci.","og_url":"https:\/\/tarpak.pl\/de\/product\/baza-wibracyjna-ntb-61\/","og_site_name":"TARPAK - Maszyny pakuj\u0105ce | kartoniarki i flowpacki","article_modified_time":"2025-01-15T07:14:13+00:00","og_image":[{"width":1100,"height":809,"url":"https:\/\/tarpak.pl\/wp-content\/uploads\/2024\/11\/NTB-61.jpg","type":"image\/jpeg"}],"twitter_card":"summary_large_image","twitter_misc":{"Gesch\u00e4tzte Lesezeit":"2\u00a0Minuten"},"schema":{"@context":"https:\/\/schema.org","@graph":[{"@type":"WebPage","@id":"https:\/\/tarpak.pl\/produkt\/baza-wibracyjna-ntb-61\/","url":"https:\/\/tarpak.pl\/produkt\/baza-wibracyjna-ntb-61\/","name":"R\u00fcttelboden NTB-61 - TARPAK - Verpackungsmaschinen | Kartonierer und Flowpacks","isPartOf":{"@id":"https:\/\/tarpak.pl\/#website"},"primaryImageOfPage":{"@id":"https:\/\/tarpak.pl\/produkt\/baza-wibracyjna-ntb-61\/#primaryimage"},"image":{"@id":"https:\/\/tarpak.pl\/produkt\/baza-wibracyjna-ntb-61\/#primaryimage"},"thumbnailUrl":"https:\/\/tarpak.pl\/wp-content\/uploads\/2024\/11\/NTB-61.jpg","datePublished":"2024-11-06T12:43:31+00:00","dateModified":"2025-01-15T07:14:13+00:00","breadcrumb":{"@id":"https:\/\/tarpak.pl\/produkt\/baza-wibracyjna-ntb-61\/#breadcrumb"},"inLanguage":"de","potentialAction":[{"@type":"ReadAction","target":["https:\/\/tarpak.pl\/produkt\/baza-wibracyjna-ntb-61\/"]}]},{"@type":"ImageObject","inLanguage":"de","@id":"https:\/\/tarpak.pl\/produkt\/baza-wibracyjna-ntb-61\/#primaryimage","url":"https:\/\/tarpak.pl\/wp-content\/uploads\/2024\/11\/NTB-61.jpg","contentUrl":"https:\/\/tarpak.pl\/wp-content\/uploads\/2024\/11\/NTB-61.jpg","width":1100,"height":809,"caption":"NTB 61"},{"@type":"BreadcrumbList","@id":"https:\/\/tarpak.pl\/produkt\/baza-wibracyjna-ntb-61\/#breadcrumb","itemListElement":[{"@type":"ListItem","position":1,"name":"Strona g\u0142\u00f3wna","item":"https:\/\/tarpak.pl\/"},{"@type":"ListItem","position":2,"name":"Sklep","item":"https:\/\/tarpak.pl\/sklep\/"},{"@type":"ListItem","position":3,"name":"Baza wibracyjna NTB-61"}]},{"@type":"WebSite","@id":"https:\/\/tarpak.pl\/#website","url":"https:\/\/tarpak.pl\/","name":"TARPAK - Verpackungsmaschinen | Kartonierer und Flowpacks","description":"Verpackungsmaschinen | Kartonierer und Flowpacks","publisher":{"@id":"https:\/\/tarpak.pl\/#organization"},"potentialAction":[{"@type":"SearchAction","target":{"@type":"EntryPoint","urlTemplate":"https:\/\/tarpak.pl\/?s={search_term_string}"},"query-input":{"@type":"PropertyValueSpecification","valueRequired":true,"valueName":"search_term_string"}}],"inLanguage":"de"},{"@type":"Organization","@id":"https:\/\/tarpak.pl\/#organization","name":"TARPAK - Verpackungsmaschinen | Kartonierer und Flowpacks","url":"https:\/\/tarpak.pl\/","logo":{"@type":"ImageObject","inLanguage":"de","@id":"https:\/\/tarpak.pl\/#\/schema\/logo\/image\/","url":"https:\/\/tarpak.pl\/wp-content\/uploads\/2024\/10\/logo-main-2.png","contentUrl":"https:\/\/tarpak.pl\/wp-content\/uploads\/2024\/10\/logo-main-2.png","width":140,"height":47,"caption":"TARPAK - Maszyny pakuj\u0105ce | kartoniarki i flowpacki"},"image":{"@id":"https:\/\/tarpak.pl\/#\/schema\/logo\/image\/"}}]}},"_links":{"self":[{"href":"https:\/\/tarpak.pl\/de\/wp-json\/wp\/v2\/product\/966"}],"collection":[{"href":"https:\/\/tarpak.pl\/de\/wp-json\/wp\/v2\/product"}],"about":[{"href":"https:\/\/tarpak.pl\/de\/wp-json\/wp\/v2\/types\/product"}],"version-history":[{"count":0,"href":"https:\/\/tarpak.pl\/de\/wp-json\/wp\/v2\/product\/966\/revisions"}],"wp:featuredmedia":[{"embeddable":true,"href":"https:\/\/tarpak.pl\/de\/wp-json\/wp\/v2\/media\/1010"}],"wp:attachment":[{"href":"https:\/\/tarpak.pl\/de\/wp-json\/wp\/v2\/media?parent=966"}],"wp:term":[{"taxonomy":"product_cat","embeddable":true,"href":"https:\/\/tarpak.pl\/de\/wp-json\/wp\/v2\/product_cat?post=966"},{"taxonomy":"product_tag","embeddable":true,"href":"https:\/\/tarpak.pl\/de\/wp-json\/wp\/v2\/product_tag?post=966"}],"curies":[{"name":"wp","href":"https:\/\/api.w.org\/{rel}","templated":true}]}}