{"id":964,"date":"2024-11-06T12:43:30","date_gmt":"2024-11-06T12:43:30","guid":{"rendered":"https:\/\/tarpak.pl\/?post_type=product&#038;p=964"},"modified":"2025-01-14T07:22:29","modified_gmt":"2025-01-14T07:22:29","slug":"baza-wibratora-liniowego-ntl-350b-2","status":"publish","type":"product","link":"https:\/\/tarpak.pl\/de\/product\/baza-wibratora-liniowego-ntl-350b-2\/","title":{"rendered":"Basis des Linearvibrators NTL 350B-2"},"content":{"rendered":"<div class=\"row\">\n<table class=\"bordered\">\n<tbody>\n<tr>\n<th colspan=\"2\">Eigenschaften<\/th>\n<\/tr>\n<tr>\n<td>\n<ul>\n<li>Sanfte und pr\u00e4zise Steuerung der Geschwindigkeit und Stabilit\u00e4t der Produktzufuhr in Verbindung mit einem Frequenzregler,<\/li>\n<li>Keine oder geringe Ger\u00e4uschentwicklung w\u00e4hrend des Betriebs,<\/li>\n<li>Drei Reihen von Schraubenl\u00f6chern zur Erleichterung der Einstellung der Position der Linearf\u00fchrungen,<\/li>\n<li>Die geringe Bodenreaktionskraft erm\u00f6glicht die Installation und Verwendung auf einem Stativ,<\/li>\n<li>Die Herstellung aus hochwertigen Materialien und umfangreiche Tests gew\u00e4hrleisten ein hohes Ma\u00df an Sicherheit und Stabilit\u00e4t im Betrieb.<\/li>\n<li>Gewicht (kg): 3,5<\/li>\n<li>Eingangsspannung (V): 0-220<\/li>\n<li>Stromst\u00e4rke (A): 1.5<\/li>\n<li>Schwingungsfrequenz (Hz): 50-200<\/li>\n<li>Maximale Wegl\u00e4nge (mm): 500<\/li>\n<li>Maximales Lastgewicht (kg): 1,5<\/li>\n<\/ul>\n<\/td>\n<\/tr>\n<\/tbody>\n<\/table>\n<div class=\"elementor-divider\"><img decoding=\"async\" class=\"size-full wp-image-3402\" title=\"Punkttrennzeichen\" src=\"https:\/\/tarpak.pl\/wp-content\/uploads\/2024\/11\/separator_dot.png\" alt=\"Punkttrennzeichen\" width=\"184\" height=\"50\" \/><\/div>\n<table class=\"bordered\">\n<tbody>\n<tr>\n<th colspan=\"2\">Spezifikation<\/th>\n<th colspan=\"7\"><\/th>\n<\/tr>\n<tr>\n<td><strong>Modell<\/strong><\/td>\n<td><strong>Antriebstyp<\/strong><\/td>\n<td><strong>Gewicht (kg)<\/strong><\/td>\n<td><strong>Versorgungsspannung<\/strong><\/td>\n<td><strong>Aktuelle Intensit\u00e4t<\/strong><\/td>\n<td><strong>Schwingungsfrequenz<\/strong><\/td>\n<td><strong>Maximaler Durchmesser der Schale<\/strong><\/td>\n<td><strong>Maximale Belastung<\/strong><\/td>\n<\/tr>\n<tr>\n<td>NTL-350B<\/td>\n<td>Elektromagnetische<\/td>\n<td>3,5<\/td>\n<td>0-220<\/td>\n<td>1,5<\/td>\n<td>50-200<\/td>\n<td>500<\/td>\n<td>1,5<\/td>\n<\/tr>\n<tr>\n<td>NTL-450B<\/td>\n<td>Elektromagnetische<\/td>\n<td>4<\/td>\n<td>0-220<\/td>\n<td>1,5<\/td>\n<td>50-200<\/td>\n<td>600<\/td>\n<td>2,5<\/td>\n<\/tr>\n<tr>\n<td>NTL-650B<\/td>\n<td>Elektromagnetische<\/td>\n<td>10<\/td>\n<td>0-220<\/td>\n<td>1,5<\/td>\n<td>50-200<\/td>\n<td>750<\/td>\n<td>4<\/td>\n<\/tr>\n<\/tbody>\n<\/table>\n<div class=\"elementor-divider\"><img decoding=\"async\" class=\"size-full wp-image-3402\" title=\"Punkttrennzeichen\" src=\"https:\/\/tarpak.pl\/wp-content\/uploads\/2024\/11\/separator_dot.png\" alt=\"Punkttrennzeichen\" width=\"184\" height=\"50\" \/><\/div>\n<div class=\"medium_title\">\n<h3>Abmessungen<\/h3>\n<\/div<\n\n\n\n<table>\n<tbody>\n<tr>\n<td><strong>Modell<\/strong><\/td>\n<td><strong>A<\/strong><\/td>\n<td><strong>B<\/strong><\/td>\n<td><strong>B1<\/strong><\/td>\n<td><strong>C<\/strong><\/td>\n<td><strong>D<\/strong><\/td>\n<td><strong>D1<\/strong><\/td>\n<td><strong>M<\/strong><\/td>\n<td><strong>M1<\/strong><\/td>\n<td><strong>E<\/strong><\/td>\n<td><strong>E1<\/strong><\/td>\n<td><strong>F<\/strong><\/td>\n<td><strong>F1<\/strong><\/td>\n<td><strong>F2<\/strong><\/td>\n<td><strong>H<\/strong><\/td>\n<td><strong>L MAX<\/strong><\/td>\n<td><strong>L1 MAX<\/strong><\/td>\n<\/tr>\n<tr>\n<td>NTL-350B<\/td>\n<td>192<\/td>\n<td>119<\/td>\n<td>40<\/td>\n<td>24<\/td>\n<td>110<\/td>\n<td>36,4<\/td>\n<td>5<\/td>\n<td>8<\/td>\n<td>55<\/td>\n<td>70<\/td>\n<td>13<\/td>\n<td>45<\/td>\n<td>22<\/td>\n<td>95<\/td>\n<td>500<\/td>\n<td>250<\/td>\n<\/tr>\n<tr>\n<td>NTL-450B<\/td>\n<td>238<\/td>\n<td>140<\/td>\n<td>45<\/td>\n<td>27<\/td>\n<td>130<\/td>\n<td>52,4<\/td>\n<td>6<\/td>\n<td>8<\/td>\n<td>60<\/td>\n<td>80<\/td>\n<td>15<\/td>\n<td>54<\/td>\n<td>26,6<\/td>\n<td>109<\/td>\n<td>600<\/td>\n<td>300<\/td>\n<\/tr>\n<tr>\n<td>NTL-650B<\/td>\n<td>318<\/td>\n<td>189<\/td>\n<td>52<\/td>\n<td>38<\/td>\n<td>190<\/td>\n<td>64<\/td>\n<td>6<\/td>\n<td>10<\/td>\n<td>75<\/td>\n<td>96<\/td>\n<td>17<\/td>\n<td>75<\/td>\n<td>44,3<\/td>\n<td>134<\/td>\n<td>750<\/td>\n<td>375<\/td>\n<\/tr>\n<\/tbody>\n<\/table>\n<p><img decoding=\"async\" class=\"alignnone size-medium wp-image-980\" title=\"Grundlinienvibrator-NTL-650B-1.jpg\" src=\"https:\/\/tarpak.pl\/wp-content\/uploads\/2024\/11\/Baza-wibratora-liniowego-NTL-650B-1-226x300.jpg\" alt=\"\" width=\"100%\" height=\"100%\" srcset=\"https:\/\/tarpak.pl\/wp-content\/uploads\/2024\/11\/Baza-wibratora-liniowego-NTL-650B-1-226x300.jpg 226w, https:\/\/tarpak.pl\/wp-content\/uploads\/2024\/11\/Baza-wibratora-liniowego-NTL-650B-1-773x1024.jpg 773w, https:\/\/tarpak.pl\/wp-content\/uploads\/2024\/11\/Baza-wibratora-liniowego-NTL-650B-1-768x1017.jpg 768w, https:\/\/tarpak.pl\/wp-content\/uploads\/2024\/11\/Baza-wibratora-liniowego-NTL-650B-1-1160x1536.jpg 1160w, https:\/\/tarpak.pl\/wp-content\/uploads\/2024\/11\/Baza-wibratora-liniowego-NTL-650B-1-600x795.jpg 600w, https:\/\/tarpak.pl\/wp-content\/uploads\/2024\/11\/Baza-wibratora-liniowego-NTL-650B-1.jpg 1325w\" sizes=\"(max-width: 226px) 100vw, 226px\" \/><\/p>\n<\/div>","protected":false},"excerpt":{"rendered":"<p>Der Linearvibrator NTL 350B-2 ist eine leichte und leise Serie von Linearvibratoren. Sie eignet sich f\u00fcr die Handhabung kleiner und mittelgro\u00dfer Objekte \u00fcber gro\u00dfe Entfernungen. Diese R\u00fcttlerbasis hat nur geringe Auswirkungen auf die Umgebung, w\u00e4hrend des Betriebs kann ein niedriger Ger\u00e4uschpegel erreicht werden.<\/p>","protected":false},"featured_media":979,"template":"","meta":{"_bst_post_transparent":"default","_bst_post_title":"","_bst_post_layout":"default","_bst_post_sidebar_id":"","_bst_post_content_style":"default","_bst_post_vertical_padding":"default","_bst_post_feature":"","_bst_post_feature_position":"","_bst_post_header":false,"_bst_post_footer":false},"product_cat":[89,46],"product_tag":[],"class_list":{"0":"post-964","1":"product","2":"type-product","3":"status-publish","4":"has-post-thumbnail","6":"product_cat-bazy-wibracyjne-liniowe","7":"product_cat-podajniki-wibracyjne","9":"first","10":"onbackorder","11":"taxable","12":"shipping-taxable","13":"purchasable","14":"product-type-simple","15":"entry","16":"content-bg","17":"loop-entry"},"yoast_head":"<!-- This site is optimized with the Yoast SEO plugin v24.3 - https:\/\/yoast.com\/wordpress\/plugins\/seo\/ -->\n<title>Baza wibratora liniowego NTL 350B-2 - TARPAK - Maszyny pakuj\u0105ce | kartoniarki i flowpacki<\/title>\n<meta name=\"robots\" content=\"index, follow, max-snippet:-1, max-image-preview:large, max-video-preview:-1\" \/>\n<link rel=\"canonical\" href=\"https:\/\/tarpak.pl\/de\/product\/baza-wibratora-liniowego-ntl-350b-2\/\" \/>\n<meta property=\"og:locale\" content=\"de_DE\" \/>\n<meta property=\"og:type\" content=\"article\" \/>\n<meta property=\"og:title\" content=\"Baza wibratora liniowego NTL 350B-2 - TARPAK - Maszyny pakuj\u0105ce | kartoniarki i flowpacki\" \/>\n<meta property=\"og:description\" content=\"Bazy wibratora liniowego NTL 350B-2 to lekka i cicha seria wibrator\u00f3w liniowych. Jest odpowiednia do przenoszenia na du\u017ce odleg\u0142o\u015bci ma\u0142ych i \u015brednich przedmiot\u00f3w. Ta baza wibracyjna w niewielkim stopniu oddzia\u0142uje na otoczenie, mo\u017cna uzyska\u0107 niski poziom ha\u0142asu podczas pracy.\" \/>\n<meta property=\"og:url\" content=\"https:\/\/tarpak.pl\/de\/product\/baza-wibratora-liniowego-ntl-350b-2\/\" \/>\n<meta property=\"og:site_name\" content=\"TARPAK - Maszyny pakuj\u0105ce | kartoniarki i flowpacki\" \/>\n<meta property=\"article:modified_time\" content=\"2025-01-14T07:22:29+00:00\" \/>\n<meta property=\"og:image\" content=\"https:\/\/tarpak.pl\/wp-content\/uploads\/2024\/11\/Baza-wibratora-liniowego-NTL-650B.png\" \/>\n\t<meta property=\"og:image:width\" content=\"252\" \/>\n\t<meta property=\"og:image:height\" content=\"233\" \/>\n\t<meta property=\"og:image:type\" content=\"image\/png\" \/>\n<meta name=\"twitter:card\" content=\"summary_large_image\" \/>\n<meta name=\"twitter:label1\" content=\"Gesch\u00e4tzte Lesezeit\" \/>\n\t<meta name=\"twitter:data1\" content=\"1\u00a0Minute\" \/>\n<script type=\"application\/ld+json\" class=\"yoast-schema-graph\">{\"@context\":\"https:\/\/schema.org\",\"@graph\":[{\"@type\":\"WebPage\",\"@id\":\"https:\/\/tarpak.pl\/produkt\/baza-wibratora-liniowego-ntl-350b-2\/\",\"url\":\"https:\/\/tarpak.pl\/produkt\/baza-wibratora-liniowego-ntl-350b-2\/\",\"name\":\"Baza wibratora liniowego NTL 350B-2 - TARPAK - Maszyny pakuj\u0105ce | kartoniarki i flowpacki\",\"isPartOf\":{\"@id\":\"https:\/\/tarpak.pl\/#website\"},\"primaryImageOfPage\":{\"@id\":\"https:\/\/tarpak.pl\/produkt\/baza-wibratora-liniowego-ntl-350b-2\/#primaryimage\"},\"image\":{\"@id\":\"https:\/\/tarpak.pl\/produkt\/baza-wibratora-liniowego-ntl-350b-2\/#primaryimage\"},\"thumbnailUrl\":\"https:\/\/tarpak.pl\/wp-content\/uploads\/2024\/11\/Baza-wibratora-liniowego-NTL-650B.png\",\"datePublished\":\"2024-11-06T12:43:30+00:00\",\"dateModified\":\"2025-01-14T07:22:29+00:00\",\"breadcrumb\":{\"@id\":\"https:\/\/tarpak.pl\/produkt\/baza-wibratora-liniowego-ntl-350b-2\/#breadcrumb\"},\"inLanguage\":\"de\",\"potentialAction\":[{\"@type\":\"ReadAction\",\"target\":[\"https:\/\/tarpak.pl\/produkt\/baza-wibratora-liniowego-ntl-350b-2\/\"]}]},{\"@type\":\"ImageObject\",\"inLanguage\":\"de\",\"@id\":\"https:\/\/tarpak.pl\/produkt\/baza-wibratora-liniowego-ntl-350b-2\/#primaryimage\",\"url\":\"https:\/\/tarpak.pl\/wp-content\/uploads\/2024\/11\/Baza-wibratora-liniowego-NTL-650B.png\",\"contentUrl\":\"https:\/\/tarpak.pl\/wp-content\/uploads\/2024\/11\/Baza-wibratora-liniowego-NTL-650B.png\",\"width\":252,\"height\":233,\"caption\":\"Baza wibratora liniowego NTL 650B\"},{\"@type\":\"BreadcrumbList\",\"@id\":\"https:\/\/tarpak.pl\/produkt\/baza-wibratora-liniowego-ntl-350b-2\/#breadcrumb\",\"itemListElement\":[{\"@type\":\"ListItem\",\"position\":1,\"name\":\"Strona g\u0142\u00f3wna\",\"item\":\"https:\/\/tarpak.pl\/\"},{\"@type\":\"ListItem\",\"position\":2,\"name\":\"Sklep\",\"item\":\"https:\/\/tarpak.pl\/sklep\/\"},{\"@type\":\"ListItem\",\"position\":3,\"name\":\"Baza wibratora liniowego NTL 350B-2\"}]},{\"@type\":\"WebSite\",\"@id\":\"https:\/\/tarpak.pl\/#website\",\"url\":\"https:\/\/tarpak.pl\/\",\"name\":\"TARPAK - Maszyny pakuj\u0105ce | kartoniarki i flowpacki\",\"description\":\"Maszyny pakuj\u0105ce | kartoniarki i flowpacki\",\"publisher\":{\"@id\":\"https:\/\/tarpak.pl\/#organization\"},\"potentialAction\":[{\"@type\":\"SearchAction\",\"target\":{\"@type\":\"EntryPoint\",\"urlTemplate\":\"https:\/\/tarpak.pl\/?s={search_term_string}\"},\"query-input\":{\"@type\":\"PropertyValueSpecification\",\"valueRequired\":true,\"valueName\":\"search_term_string\"}}],\"inLanguage\":\"de\"},{\"@type\":\"Organization\",\"@id\":\"https:\/\/tarpak.pl\/#organization\",\"name\":\"TARPAK - Maszyny pakuj\u0105ce | kartoniarki i flowpacki\",\"url\":\"https:\/\/tarpak.pl\/\",\"logo\":{\"@type\":\"ImageObject\",\"inLanguage\":\"de\",\"@id\":\"https:\/\/tarpak.pl\/#\/schema\/logo\/image\/\",\"url\":\"https:\/\/tarpak.pl\/wp-content\/uploads\/2024\/10\/logo-main-2.png\",\"contentUrl\":\"https:\/\/tarpak.pl\/wp-content\/uploads\/2024\/10\/logo-main-2.png\",\"width\":140,\"height\":47,\"caption\":\"TARPAK - Maszyny pakuj\u0105ce | kartoniarki i flowpacki\"},\"image\":{\"@id\":\"https:\/\/tarpak.pl\/#\/schema\/logo\/image\/\"}}]}<\/script>\n<!-- \/ Yoast SEO plugin. -->","yoast_head_json":{"title":"NTL 350B-2 Linearvibratorbasis - TARPAK - Verpackungsmaschinen | Kartonierer und Flowpacks","robots":{"index":"index","follow":"follow","max-snippet":"max-snippet:-1","max-image-preview":"max-image-preview:large","max-video-preview":"max-video-preview:-1"},"canonical":"https:\/\/tarpak.pl\/de\/product\/baza-wibratora-liniowego-ntl-350b-2\/","og_locale":"de_DE","og_type":"article","og_title":"Baza wibratora liniowego NTL 350B-2 - TARPAK - Maszyny pakuj\u0105ce | kartoniarki i flowpacki","og_description":"Bazy wibratora liniowego NTL 350B-2 to lekka i cicha seria wibrator\u00f3w liniowych. Jest odpowiednia do przenoszenia na du\u017ce odleg\u0142o\u015bci ma\u0142ych i \u015brednich przedmiot\u00f3w. Ta baza wibracyjna w niewielkim stopniu oddzia\u0142uje na otoczenie, mo\u017cna uzyska\u0107 niski poziom ha\u0142asu podczas pracy.","og_url":"https:\/\/tarpak.pl\/de\/product\/baza-wibratora-liniowego-ntl-350b-2\/","og_site_name":"TARPAK - Maszyny pakuj\u0105ce | kartoniarki i flowpacki","article_modified_time":"2025-01-14T07:22:29+00:00","og_image":[{"width":252,"height":233,"url":"https:\/\/tarpak.pl\/wp-content\/uploads\/2024\/11\/Baza-wibratora-liniowego-NTL-650B.png","type":"image\/png"}],"twitter_card":"summary_large_image","twitter_misc":{"Gesch\u00e4tzte Lesezeit":"1\u00a0Minute"},"schema":{"@context":"https:\/\/schema.org","@graph":[{"@type":"WebPage","@id":"https:\/\/tarpak.pl\/produkt\/baza-wibratora-liniowego-ntl-350b-2\/","url":"https:\/\/tarpak.pl\/produkt\/baza-wibratora-liniowego-ntl-350b-2\/","name":"NTL 350B-2 Linearvibratorbasis - TARPAK - Verpackungsmaschinen | Kartonierer und Flowpacks","isPartOf":{"@id":"https:\/\/tarpak.pl\/#website"},"primaryImageOfPage":{"@id":"https:\/\/tarpak.pl\/produkt\/baza-wibratora-liniowego-ntl-350b-2\/#primaryimage"},"image":{"@id":"https:\/\/tarpak.pl\/produkt\/baza-wibratora-liniowego-ntl-350b-2\/#primaryimage"},"thumbnailUrl":"https:\/\/tarpak.pl\/wp-content\/uploads\/2024\/11\/Baza-wibratora-liniowego-NTL-650B.png","datePublished":"2024-11-06T12:43:30+00:00","dateModified":"2025-01-14T07:22:29+00:00","breadcrumb":{"@id":"https:\/\/tarpak.pl\/produkt\/baza-wibratora-liniowego-ntl-350b-2\/#breadcrumb"},"inLanguage":"de","potentialAction":[{"@type":"ReadAction","target":["https:\/\/tarpak.pl\/produkt\/baza-wibratora-liniowego-ntl-350b-2\/"]}]},{"@type":"ImageObject","inLanguage":"de","@id":"https:\/\/tarpak.pl\/produkt\/baza-wibratora-liniowego-ntl-350b-2\/#primaryimage","url":"https:\/\/tarpak.pl\/wp-content\/uploads\/2024\/11\/Baza-wibratora-liniowego-NTL-650B.png","contentUrl":"https:\/\/tarpak.pl\/wp-content\/uploads\/2024\/11\/Baza-wibratora-liniowego-NTL-650B.png","width":252,"height":233,"caption":"Baza wibratora liniowego NTL 650B"},{"@type":"BreadcrumbList","@id":"https:\/\/tarpak.pl\/produkt\/baza-wibratora-liniowego-ntl-350b-2\/#breadcrumb","itemListElement":[{"@type":"ListItem","position":1,"name":"Strona g\u0142\u00f3wna","item":"https:\/\/tarpak.pl\/"},{"@type":"ListItem","position":2,"name":"Sklep","item":"https:\/\/tarpak.pl\/sklep\/"},{"@type":"ListItem","position":3,"name":"Baza wibratora liniowego NTL 350B-2"}]},{"@type":"WebSite","@id":"https:\/\/tarpak.pl\/#website","url":"https:\/\/tarpak.pl\/","name":"TARPAK - Verpackungsmaschinen | Kartonierer und Flowpacks","description":"Verpackungsmaschinen | Kartonierer und Flowpacks","publisher":{"@id":"https:\/\/tarpak.pl\/#organization"},"potentialAction":[{"@type":"SearchAction","target":{"@type":"EntryPoint","urlTemplate":"https:\/\/tarpak.pl\/?s={search_term_string}"},"query-input":{"@type":"PropertyValueSpecification","valueRequired":true,"valueName":"search_term_string"}}],"inLanguage":"de"},{"@type":"Organization","@id":"https:\/\/tarpak.pl\/#organization","name":"TARPAK - Verpackungsmaschinen | Kartonierer und Flowpacks","url":"https:\/\/tarpak.pl\/","logo":{"@type":"ImageObject","inLanguage":"de","@id":"https:\/\/tarpak.pl\/#\/schema\/logo\/image\/","url":"https:\/\/tarpak.pl\/wp-content\/uploads\/2024\/10\/logo-main-2.png","contentUrl":"https:\/\/tarpak.pl\/wp-content\/uploads\/2024\/10\/logo-main-2.png","width":140,"height":47,"caption":"TARPAK - Maszyny pakuj\u0105ce | kartoniarki i flowpacki"},"image":{"@id":"https:\/\/tarpak.pl\/#\/schema\/logo\/image\/"}}]}},"_links":{"self":[{"href":"https:\/\/tarpak.pl\/de\/wp-json\/wp\/v2\/product\/964"}],"collection":[{"href":"https:\/\/tarpak.pl\/de\/wp-json\/wp\/v2\/product"}],"about":[{"href":"https:\/\/tarpak.pl\/de\/wp-json\/wp\/v2\/types\/product"}],"version-history":[{"count":0,"href":"https:\/\/tarpak.pl\/de\/wp-json\/wp\/v2\/product\/964\/revisions"}],"wp:featuredmedia":[{"embeddable":true,"href":"https:\/\/tarpak.pl\/de\/wp-json\/wp\/v2\/media\/979"}],"wp:attachment":[{"href":"https:\/\/tarpak.pl\/de\/wp-json\/wp\/v2\/media?parent=964"}],"wp:term":[{"taxonomy":"product_cat","embeddable":true,"href":"https:\/\/tarpak.pl\/de\/wp-json\/wp\/v2\/product_cat?post=964"},{"taxonomy":"product_tag","embeddable":true,"href":"https:\/\/tarpak.pl\/de\/wp-json\/wp\/v2\/product_tag?post=964"}],"curies":[{"name":"wp","href":"https:\/\/api.w.org\/{rel}","templated":true}]}}