{"id":954,"date":"2024-11-06T12:43:30","date_gmt":"2024-11-06T12:43:30","guid":{"rendered":"https:\/\/tarpak.pl\/?post_type=product&#038;p=954"},"modified":"2025-01-16T08:17:40","modified_gmt":"2025-01-16T08:17:40","slug":"kontroler-sdvs30","status":"publish","type":"product","link":"https:\/\/tarpak.pl\/de\/product\/kontroler-sdvs30\/","title":{"rendered":"SDVS30-Steuerung"},"content":{"rendered":"<div class=\"row\">\n<p>Anhand der vom faseroptischen Sensor erfassten Leuchtdichteunterschiede erkennt der Controller, ob das zu pr\u00fcfende Objekt korrekt ist; wird eine Anomalie festgestellt, wird ein Luftventil ge\u00f6ffnet. Ein Druckluftstrahl bl\u00e4st die anormalen Objekte ab, um eine Materialsortierung zu erreichen.<\/p>\n<p><strong>SDVS30<\/strong> erf\u00fcllt die meisten Anforderungen an eine zweistufige Sortierung. Im Vergleich zu separaten Sensoren, Verst\u00e4rkern und Boostern bietet unser Steuerger\u00e4t einen erheblichen Preis-\/Leistungsvorteil. Sie kann in Verbindung mit den Steuerungen f\u00fcr Schwingf\u00f6rderer der SDVC-Serie eingesetzt werden, um eine komplette F\u00f6rder- und Sortierl\u00f6sung zu schaffen.<\/p>\n<p>Inhalt des Sets: Steuerger\u00e4t, Kabel mit Netzstecker, Kabel zum Anschluss der Vibrationsbasis, Bedienungsanleitung in polnischer Sprache.<\/p>\n<table class=\"bordered\">\n<tbody>\n<tr>\n<th colspan=\"2\">Eigenschaften<\/th>\n<\/tr>\n<tr>\n<td>\n<ul>\n<li>Doppelte Faserverst\u00e4rkung und Sortiersystem mit zwei pneumatischen Ventilen.<\/li>\n<li>Resistenz gegen Licht von au\u00dfen.<\/li>\n<li>Automatische Bestimmung von Signalschwellen.<\/li>\n<li>Alarmsignal bei Ausblasversagen.<\/li>\n<li>Zweifache Luftmengenregelung.<\/li>\n<li>Selbstanpassende NPN- und PNP-Sensorschnittstellen.<\/li>\n<li>24V 400mA DC Ausgang.<\/li>\n<li>Umfassender elektronischer Schutz gegen Fehlanschl\u00fcsse, \u00dcberspannung und Kurzschluss.<\/li>\n<li>M\u00f6glichkeit, zeitliche Abfolgen von Ausgaben zu definieren.<\/li>\n<li>Ventilschaltz\u00e4hlerfunktion zur Beurteilung des Ventilverschlei\u00dfes.<\/li>\n<li>Interferenzschutzfunktionen erm\u00f6glichen es, optische Sensoren dicht nebeneinander zu montieren.<\/li>\n<li>F\u00e4higkeit, die Materialeigenschaften der zu sortierenden Teile zu erlernen.<\/li>\n<\/ul>\n<\/td>\n<\/tr>\n<\/tbody>\n<\/table>\n<div class=\"elementor-divider\"><img decoding=\"async\" class=\"size-full wp-image-3402\" title=\"Punkttrennzeichen\" src=\"https:\/\/tarpak.pl\/wp-content\/uploads\/2024\/11\/separator_dot.png\" alt=\"Punkttrennzeichen\" width=\"184\" height=\"50\" \/><\/div>\n<div class=\"medium_title\">\n<h3>Spezifikation<\/h3>\n<\/div>\n<table class=\"bordered\">\n<tbody>\n<tr>\n<th><strong>Parameter<\/strong><\/th>\n<th><strong>Einheit<\/strong><\/th>\n<th><strong>Umfang<\/strong><\/th>\n<th><strong>Typisch<\/strong><\/th>\n<th><strong>Kommentare<\/strong><\/th>\n<\/tr>\n<tr>\n<td>DC-Versorgungsspannung<\/td>\n<td>V<\/td>\n<td>22-26<\/td>\n<td>24<\/td>\n<td>*1<\/td>\n<\/tr>\n<tr>\n<td>DC-Ausgangsstrom<\/td>\n<td>mA<\/td>\n<td>400<\/td>\n<td><\/td>\n<td>*2<\/td>\n<\/tr>\n<tr>\n<td>Restspannung am NPN-Ausgang<\/td>\n<td>V<\/td>\n<td>bis zu 1,0<\/td>\n<td><\/td>\n<td>400 mA<\/td>\n<\/tr>\n<tr>\n<td>Restspannung am PNP-Ausgang<\/td>\n<td>V<\/td>\n<td>bis zu 1,5<\/td>\n<td><\/td>\n<td>400 mA<\/td>\n<\/tr>\n<tr>\n<td>Reaktionszeit<\/td>\n<td>ms<\/td>\n<td>von 20<\/td>\n<td>100<\/td>\n<td>Bei 5 bar Luftdruck<\/td>\n<\/tr>\n<tr>\n<td>Gebl\u00e4sezeit<\/td>\n<td>ms<\/td>\n<td>von 10<\/td>\n<td><\/td>\n<td><\/td>\n<\/tr>\n<tr>\n<td>Einstellbereich des Luftstroms<\/td>\n<td>L\/min<\/td>\n<td>0-20<\/td>\n<td><\/td>\n<td><\/td>\n<\/tr>\n<tr>\n<td>Digitale photoelektrische Verst\u00e4rkung<\/td>\n<td><\/td>\n<td><\/td>\n<td>7,8&#215;105<\/td>\n<td>*3<\/td>\n<\/tr>\n<tr>\n<td>Aufl\u00f6sung von Digitalfotos<\/td>\n<td><\/td>\n<td><\/td>\n<td>1024:1<\/td>\n<td><\/td>\n<\/tr>\n<tr>\n<td>Leistungsaufnahme im Standby-Modus<\/td>\n<td>W<\/td>\n<td>bis zu 1,2<\/td>\n<td><\/td>\n<td>*4<\/td>\n<\/tr>\n<tr>\n<td>Durchmesser der Glasfasern<\/td>\n<td>mm<\/td>\n<td>2,1-2,3<\/td>\n<td>2,2<\/td>\n<td><\/td>\n<\/tr>\n<tr>\n<td>Zuluftdruck<\/td>\n<td>bar<\/td>\n<td>bis zu 7<\/td>\n<td>5<\/td>\n<td>*5<\/td>\n<\/tr>\n<tr>\n<td>Au\u00dfendurchmesser der Druckluftzuleitung<\/td>\n<td>mm<\/td>\n<td><\/td>\n<td>6<\/td>\n<td><\/td>\n<\/tr>\n<tr>\n<td>Au\u00dfendurchmesser der Druckluftauslassleitung<\/td>\n<td>mm<\/td>\n<td><\/td>\n<td>4<\/td>\n<td><\/td>\n<\/tr>\n<tr>\n<td>St\u00f6rung durch Sonnenlicht<\/td>\n<td>Lux<\/td>\n<td><\/td>\n<td>50000<\/td>\n<td><\/td>\n<\/tr>\n<tr>\n<td>St\u00f6rung durch Beleuchtung<\/td>\n<td>Lux<\/td>\n<td><\/td>\n<td>30000<\/td>\n<td>*6<\/td>\n<\/tr>\n<tr>\n<td>Umgebungstemperatur w\u00e4hrend des Betriebs<\/td>\n<td>\u2103<\/td>\n<td>0-45<\/td>\n<td>25<\/td>\n<td>Kein Kondenswasser<\/td>\n<\/tr>\n<tr>\n<td>Umgebungsfeuchtigkeit w\u00e4hrend des Betriebs<\/td>\n<td>%<\/td>\n<td>10-85<\/td>\n<td>60<\/td>\n<td>Kein Kondenswasser<\/td>\n<\/tr>\n<tr>\n<td>Lagertemperatur<\/td>\n<td>\u2103<\/td>\n<td>-40-85<\/td>\n<td>25<\/td>\n<td>Kein Kondenswasser<\/td>\n<\/tr>\n<\/tbody>\n<\/table>\n<p>*1: Wenn die Eingangsspannung 30V \u00fcbersteigt, schaltet sich der Bildschirm aus, um den Controller zu sch\u00fctzen. Die maximale Eingangsspannung darf 36V nicht \u00fcbersteigen.<br \/>\n*2: Schlie\u00dfen Sie keine kapazitive Last an.<br \/>\n*3: Die digitale photoelektrische Verst\u00e4rkung ist definiert als das Produkt aus der durchschnittlichen Leistung des emittierten Lichts und der Empfindlichkeit des Empf\u00e4ngers. Der Durchmesser des Kerns des optischen Sensors betr\u00e4gt 0,5 mm.<br \/>\n*4: Standby-Modus bedeutet, dass die pneumatischen Ventile nicht in Betrieb sind.<br \/>\n*5: Der maximale Druck darf 10 bar nicht \u00fcberschreiten, wenn der Regler ausgeschaltet ist.<br \/>\n*6: Verwenden Sie keine LED-Beleuchtung.<\/p>\n<\/div>","protected":false},"excerpt":{"rendered":"<p><strong>SDVS30<\/strong> ist ein intelligentes Steuerger\u00e4t f\u00fcr die automatische Sortierung von Objekten auf der Grundlage ihrer optischen Eigenschaften. Der Controller ist mit zwei Lichtleitersensoren, zwei pneumatischen Ausg\u00e4ngen und zwei elektrischen Gleichstromanschl\u00fcssen ausgestattet.<\/p>","protected":false},"featured_media":1003,"template":"","meta":{"_bst_post_transparent":"default","_bst_post_title":"","_bst_post_layout":"default","_bst_post_sidebar_id":"","_bst_post_content_style":"default","_bst_post_vertical_padding":"default","_bst_post_feature":"","_bst_post_feature_position":"","_bst_post_header":false,"_bst_post_footer":false},"product_cat":[91],"product_tag":[],"class_list":{"0":"post-954","1":"product","2":"type-product","3":"status-publish","4":"has-post-thumbnail","6":"product_cat-kontrolery","8":"first","9":"instock","10":"taxable","11":"shipping-taxable","12":"purchasable","13":"product-type-simple","14":"entry","15":"content-bg","16":"loop-entry"},"yoast_head":"<!-- This site is optimized with the Yoast SEO plugin v24.3 - https:\/\/yoast.com\/wordpress\/plugins\/seo\/ -->\n<title>Kontroler SDVS30 - TARPAK - Maszyny pakuj\u0105ce | kartoniarki i flowpacki<\/title>\n<meta name=\"robots\" content=\"index, follow, max-snippet:-1, max-image-preview:large, max-video-preview:-1\" \/>\n<link rel=\"canonical\" href=\"https:\/\/tarpak.pl\/de\/product\/kontroler-sdvs30\/\" \/>\n<meta property=\"og:locale\" content=\"de_DE\" \/>\n<meta property=\"og:type\" content=\"article\" \/>\n<meta property=\"og:title\" content=\"Kontroler SDVS30 - TARPAK - Maszyny pakuj\u0105ce | kartoniarki i flowpacki\" \/>\n<meta property=\"og:description\" content=\"SDVS30 to inteligentny kontroler s\u0142u\u017c\u0105cy do automatycznego sortowania obiekt\u00f3w na podstawie ich w\u0142a\u015bciwo\u015bci optycznych. Kontroler jest wyposa\u017cony w dwa czujniki \u015bwiat\u0142owodowe, dwa wyj\u015bcia pneumatyczne oraz dwa z\u0142\u0105cza elektryczne DC.\" \/>\n<meta property=\"og:url\" content=\"https:\/\/tarpak.pl\/de\/product\/kontroler-sdvs30\/\" \/>\n<meta property=\"og:site_name\" content=\"TARPAK - Maszyny pakuj\u0105ce | kartoniarki i flowpacki\" \/>\n<meta property=\"article:modified_time\" content=\"2025-01-16T08:17:40+00:00\" \/>\n<meta property=\"og:image\" content=\"https:\/\/tarpak.pl\/wp-content\/uploads\/2024\/11\/Kontroler-SDVS30.png\" \/>\n\t<meta property=\"og:image:width\" content=\"1920\" \/>\n\t<meta property=\"og:image:height\" content=\"1280\" \/>\n\t<meta property=\"og:image:type\" content=\"image\/png\" \/>\n<meta name=\"twitter:card\" content=\"summary_large_image\" \/>\n<meta name=\"twitter:label1\" content=\"Gesch\u00e4tzte Lesezeit\" \/>\n\t<meta name=\"twitter:data1\" content=\"2\u00a0Minuten\" \/>\n<script type=\"application\/ld+json\" class=\"yoast-schema-graph\">{\"@context\":\"https:\/\/schema.org\",\"@graph\":[{\"@type\":\"WebPage\",\"@id\":\"https:\/\/tarpak.pl\/produkt\/kontroler-sdvs30\/\",\"url\":\"https:\/\/tarpak.pl\/produkt\/kontroler-sdvs30\/\",\"name\":\"Kontroler SDVS30 - TARPAK - Maszyny pakuj\u0105ce | kartoniarki i flowpacki\",\"isPartOf\":{\"@id\":\"https:\/\/tarpak.pl\/#website\"},\"primaryImageOfPage\":{\"@id\":\"https:\/\/tarpak.pl\/produkt\/kontroler-sdvs30\/#primaryimage\"},\"image\":{\"@id\":\"https:\/\/tarpak.pl\/produkt\/kontroler-sdvs30\/#primaryimage\"},\"thumbnailUrl\":\"https:\/\/tarpak.pl\/wp-content\/uploads\/2024\/11\/Kontroler-SDVS30.png\",\"datePublished\":\"2024-11-06T12:43:30+00:00\",\"dateModified\":\"2025-01-16T08:17:40+00:00\",\"breadcrumb\":{\"@id\":\"https:\/\/tarpak.pl\/produkt\/kontroler-sdvs30\/#breadcrumb\"},\"inLanguage\":\"de\",\"potentialAction\":[{\"@type\":\"ReadAction\",\"target\":[\"https:\/\/tarpak.pl\/produkt\/kontroler-sdvs30\/\"]}]},{\"@type\":\"ImageObject\",\"inLanguage\":\"de\",\"@id\":\"https:\/\/tarpak.pl\/produkt\/kontroler-sdvs30\/#primaryimage\",\"url\":\"https:\/\/tarpak.pl\/wp-content\/uploads\/2024\/11\/Kontroler-SDVS30.png\",\"contentUrl\":\"https:\/\/tarpak.pl\/wp-content\/uploads\/2024\/11\/Kontroler-SDVS30.png\",\"width\":1920,\"height\":1280,\"caption\":\"Kontroler SDVS30\"},{\"@type\":\"BreadcrumbList\",\"@id\":\"https:\/\/tarpak.pl\/produkt\/kontroler-sdvs30\/#breadcrumb\",\"itemListElement\":[{\"@type\":\"ListItem\",\"position\":1,\"name\":\"Strona g\u0142\u00f3wna\",\"item\":\"https:\/\/tarpak.pl\/\"},{\"@type\":\"ListItem\",\"position\":2,\"name\":\"Sklep\",\"item\":\"https:\/\/tarpak.pl\/sklep\/\"},{\"@type\":\"ListItem\",\"position\":3,\"name\":\"Kontroler SDVS30\"}]},{\"@type\":\"WebSite\",\"@id\":\"https:\/\/tarpak.pl\/#website\",\"url\":\"https:\/\/tarpak.pl\/\",\"name\":\"TARPAK - Maszyny pakuj\u0105ce | kartoniarki i flowpacki\",\"description\":\"Maszyny pakuj\u0105ce | kartoniarki i flowpacki\",\"publisher\":{\"@id\":\"https:\/\/tarpak.pl\/#organization\"},\"potentialAction\":[{\"@type\":\"SearchAction\",\"target\":{\"@type\":\"EntryPoint\",\"urlTemplate\":\"https:\/\/tarpak.pl\/?s={search_term_string}\"},\"query-input\":{\"@type\":\"PropertyValueSpecification\",\"valueRequired\":true,\"valueName\":\"search_term_string\"}}],\"inLanguage\":\"de\"},{\"@type\":\"Organization\",\"@id\":\"https:\/\/tarpak.pl\/#organization\",\"name\":\"TARPAK - Maszyny pakuj\u0105ce | kartoniarki i flowpacki\",\"url\":\"https:\/\/tarpak.pl\/\",\"logo\":{\"@type\":\"ImageObject\",\"inLanguage\":\"de\",\"@id\":\"https:\/\/tarpak.pl\/#\/schema\/logo\/image\/\",\"url\":\"https:\/\/tarpak.pl\/wp-content\/uploads\/2024\/10\/logo-main-2.png\",\"contentUrl\":\"https:\/\/tarpak.pl\/wp-content\/uploads\/2024\/10\/logo-main-2.png\",\"width\":140,\"height\":47,\"caption\":\"TARPAK - Maszyny pakuj\u0105ce | kartoniarki i flowpacki\"},\"image\":{\"@id\":\"https:\/\/tarpak.pl\/#\/schema\/logo\/image\/\"}}]}<\/script>\n<!-- \/ Yoast SEO plugin. -->","yoast_head_json":{"title":"SDVS30 Steuerung - TARPAK - Verpackungsmaschinen | Kartonierer und Flowpacks","robots":{"index":"index","follow":"follow","max-snippet":"max-snippet:-1","max-image-preview":"max-image-preview:large","max-video-preview":"max-video-preview:-1"},"canonical":"https:\/\/tarpak.pl\/de\/product\/kontroler-sdvs30\/","og_locale":"de_DE","og_type":"article","og_title":"Kontroler SDVS30 - TARPAK - Maszyny pakuj\u0105ce | kartoniarki i flowpacki","og_description":"SDVS30 to inteligentny kontroler s\u0142u\u017c\u0105cy do automatycznego sortowania obiekt\u00f3w na podstawie ich w\u0142a\u015bciwo\u015bci optycznych. Kontroler jest wyposa\u017cony w dwa czujniki \u015bwiat\u0142owodowe, dwa wyj\u015bcia pneumatyczne oraz dwa z\u0142\u0105cza elektryczne DC.","og_url":"https:\/\/tarpak.pl\/de\/product\/kontroler-sdvs30\/","og_site_name":"TARPAK - Maszyny pakuj\u0105ce | kartoniarki i flowpacki","article_modified_time":"2025-01-16T08:17:40+00:00","og_image":[{"width":1920,"height":1280,"url":"https:\/\/tarpak.pl\/wp-content\/uploads\/2024\/11\/Kontroler-SDVS30.png","type":"image\/png"}],"twitter_card":"summary_large_image","twitter_misc":{"Gesch\u00e4tzte Lesezeit":"2\u00a0Minuten"},"schema":{"@context":"https:\/\/schema.org","@graph":[{"@type":"WebPage","@id":"https:\/\/tarpak.pl\/produkt\/kontroler-sdvs30\/","url":"https:\/\/tarpak.pl\/produkt\/kontroler-sdvs30\/","name":"SDVS30 Steuerung - TARPAK - Verpackungsmaschinen | Kartonierer und Flowpacks","isPartOf":{"@id":"https:\/\/tarpak.pl\/#website"},"primaryImageOfPage":{"@id":"https:\/\/tarpak.pl\/produkt\/kontroler-sdvs30\/#primaryimage"},"image":{"@id":"https:\/\/tarpak.pl\/produkt\/kontroler-sdvs30\/#primaryimage"},"thumbnailUrl":"https:\/\/tarpak.pl\/wp-content\/uploads\/2024\/11\/Kontroler-SDVS30.png","datePublished":"2024-11-06T12:43:30+00:00","dateModified":"2025-01-16T08:17:40+00:00","breadcrumb":{"@id":"https:\/\/tarpak.pl\/produkt\/kontroler-sdvs30\/#breadcrumb"},"inLanguage":"de","potentialAction":[{"@type":"ReadAction","target":["https:\/\/tarpak.pl\/produkt\/kontroler-sdvs30\/"]}]},{"@type":"ImageObject","inLanguage":"de","@id":"https:\/\/tarpak.pl\/produkt\/kontroler-sdvs30\/#primaryimage","url":"https:\/\/tarpak.pl\/wp-content\/uploads\/2024\/11\/Kontroler-SDVS30.png","contentUrl":"https:\/\/tarpak.pl\/wp-content\/uploads\/2024\/11\/Kontroler-SDVS30.png","width":1920,"height":1280,"caption":"Kontroler SDVS30"},{"@type":"BreadcrumbList","@id":"https:\/\/tarpak.pl\/produkt\/kontroler-sdvs30\/#breadcrumb","itemListElement":[{"@type":"ListItem","position":1,"name":"Strona g\u0142\u00f3wna","item":"https:\/\/tarpak.pl\/"},{"@type":"ListItem","position":2,"name":"Sklep","item":"https:\/\/tarpak.pl\/sklep\/"},{"@type":"ListItem","position":3,"name":"Kontroler SDVS30"}]},{"@type":"WebSite","@id":"https:\/\/tarpak.pl\/#website","url":"https:\/\/tarpak.pl\/","name":"TARPAK - Verpackungsmaschinen | Kartonierer und Flowpacks","description":"Verpackungsmaschinen | Kartonierer und Flowpacks","publisher":{"@id":"https:\/\/tarpak.pl\/#organization"},"potentialAction":[{"@type":"SearchAction","target":{"@type":"EntryPoint","urlTemplate":"https:\/\/tarpak.pl\/?s={search_term_string}"},"query-input":{"@type":"PropertyValueSpecification","valueRequired":true,"valueName":"search_term_string"}}],"inLanguage":"de"},{"@type":"Organization","@id":"https:\/\/tarpak.pl\/#organization","name":"TARPAK - Verpackungsmaschinen | Kartonierer und Flowpacks","url":"https:\/\/tarpak.pl\/","logo":{"@type":"ImageObject","inLanguage":"de","@id":"https:\/\/tarpak.pl\/#\/schema\/logo\/image\/","url":"https:\/\/tarpak.pl\/wp-content\/uploads\/2024\/10\/logo-main-2.png","contentUrl":"https:\/\/tarpak.pl\/wp-content\/uploads\/2024\/10\/logo-main-2.png","width":140,"height":47,"caption":"TARPAK - Maszyny pakuj\u0105ce | kartoniarki i flowpacki"},"image":{"@id":"https:\/\/tarpak.pl\/#\/schema\/logo\/image\/"}}]}},"_links":{"self":[{"href":"https:\/\/tarpak.pl\/de\/wp-json\/wp\/v2\/product\/954"}],"collection":[{"href":"https:\/\/tarpak.pl\/de\/wp-json\/wp\/v2\/product"}],"about":[{"href":"https:\/\/tarpak.pl\/de\/wp-json\/wp\/v2\/types\/product"}],"version-history":[{"count":0,"href":"https:\/\/tarpak.pl\/de\/wp-json\/wp\/v2\/product\/954\/revisions"}],"wp:featuredmedia":[{"embeddable":true,"href":"https:\/\/tarpak.pl\/de\/wp-json\/wp\/v2\/media\/1003"}],"wp:attachment":[{"href":"https:\/\/tarpak.pl\/de\/wp-json\/wp\/v2\/media?parent=954"}],"wp:term":[{"taxonomy":"product_cat","embeddable":true,"href":"https:\/\/tarpak.pl\/de\/wp-json\/wp\/v2\/product_cat?post=954"},{"taxonomy":"product_tag","embeddable":true,"href":"https:\/\/tarpak.pl\/de\/wp-json\/wp\/v2\/product_tag?post=954"}],"curies":[{"name":"wp","href":"https:\/\/api.w.org\/{rel}","templated":true}]}}