{"id":952,"date":"2024-11-06T12:43:30","date_gmt":"2024-11-06T12:43:30","guid":{"rendered":"https:\/\/tarpak.pl\/?post_type=product&#038;p=952"},"modified":"2025-01-16T07:34:28","modified_gmt":"2025-01-16T07:34:28","slug":"kontroler-sdvc31-xl","status":"publish","type":"product","link":"https:\/\/tarpak.pl\/de\/product\/kontroler-sdvc31-xl\/","title":{"rendered":"SDVC31-XL Steuerger\u00e4t"},"content":{"rendered":"<div class=\"row\">\n<p>Betrieb des Controllers <strong>SDVC31<\/strong> erfordert, dass der Bediener die Werte f\u00fcr Frequenz und Versorgungsspannung ausw\u00e4hlt. Die digitale LCD-Anzeige erleichtert den t\u00e4glichen Betrieb und die pr\u00e4zise Auswahl der Parameter<\/p>\n<p>Da der Bediener die Betriebsparameter manuell einstellen muss, um die maximale Leistung des F\u00f6rderers zu erreichen, wird empfohlen, einen konstanten F\u00fcllstand des F\u00f6rderers beizubehalten.<\/p>\n<p>Inhalt des Sets: Steuerger\u00e4t, Kabel mit Netzstecker, Kabel zum Anschluss der Vibrationsbasis, Bedienungsanleitung in polnischer Sprache.<\/p>\n<table class=\"bordered\">\n<tbody>\n<tr>\n<th colspan=\"2\">Eigenschaften<\/th>\n<\/tr>\n<tr>\n<td>\n<ul>\n<li>Frequenzkontrolle,<\/li>\n<li>Spannungsregelung mit einer Genauigkeit von 1 V,<\/li>\n<li>Automatische Messung der Schwingungsfrequenz,<\/li>\n<li>Einstellbarer Sanftanlauf,<\/li>\n<li>Fernsteuerung m\u00f6glich,<\/li>\n<li>M\u00f6glichkeit, externe Sensoren anzuschlie\u00dfen, um den Betrieb des Zubringers zu stoppen,<\/li>\n<li>Maximale Leistungseinstellung,<\/li>\n<li>Steuerausgang 24V DC,<\/li>\n<li>Einstellungen sperren,<\/li>\n<li>Schutz vor \u00dcberhitzung,<\/li>\n<li>Kurzschlussschutz,<\/li>\n<li>Zur\u00fccksetzen auf Werksparameter.<\/li>\n<\/ul>\n<\/td>\n<\/tr>\n<\/tbody>\n<\/table>\n<div class=\"elementor-divider\"><img decoding=\"async\" class=\"size-full wp-image-3402\" title=\"Punkttrennzeichen\" src=\"https:\/\/tarpak.pl\/wp-content\/uploads\/2024\/11\/separator_dot.png\" alt=\"Punkttrennzeichen\" width=\"184\" height=\"50\" \/><\/div>\n<div class=\"medium_title\">\n<h3>Spezifikation<\/h3>\n<\/div>\n<table class=\"bordered\">\n<tbody>\n<tr>\n<th><strong>Parameter<\/strong><\/th>\n<th><strong>Einheit<\/strong><\/th>\n<th><strong>Umfang<\/strong><\/th>\n<th><strong>Kommentare<\/strong><\/th>\n<\/tr>\n<tr>\n<td>Versorgungsspannung<\/td>\n<td>V<\/td>\n<td>85-260<\/td>\n<td><\/td>\n<\/tr>\n<tr>\n<td>Ausgangsspannung<\/td>\n<td>V<\/td>\n<td>0-260<\/td>\n<td>Maximale Versorgungsspannung des 150%<\/td>\n<\/tr>\n<tr>\n<td>Skala zur Einstellung der Ausgangsspannung<\/td>\n<td>V<\/td>\n<td>1<\/td>\n<td><\/td>\n<\/tr>\n<tr>\n<td>Ausgangsfrequenz<\/td>\n<td>Hz<\/td>\n<td>40-400<\/td>\n<td><\/td>\n<\/tr>\n<tr>\n<td>Tonh\u00f6he der Ausgangsfrequenzregelung<\/td>\n<td>Hz<\/td>\n<td>0,1<\/td>\n<td><\/td>\n<\/tr>\n<tr>\n<td>Basislinie<\/td>\n<td><\/td>\n<td>Sinus<\/td>\n<td><\/td>\n<\/tr>\n<tr>\n<td>Ausgangsstrom<\/td>\n<td>A<\/td>\n<td>0-4,5<\/p>\n<p>0-6<\/td>\n<td>SDVC31-L<\/p>\n<p>SDVC31-XL<\/td>\n<\/tr>\n<tr>\n<td>Ausgangsleistung<\/td>\n<td>VA<\/td>\n<td>0-990<\/p>\n<p>0-1320<\/td>\n<td>SDVC31-L<\/p>\n<p>SDVC31-XL<\/td>\n<\/tr>\n<tr>\n<td>Ein\/Aus-Verz\u00f6gerung<\/td>\n<td>s<\/td>\n<td>0-20<\/td>\n<td><\/td>\n<\/tr>\n<tr>\n<td>Einstellschritt f\u00fcr die Ein-\/Ausschaltverz\u00f6gerung.<\/td>\n<td>s<\/td>\n<td>0,1<\/td>\n<td><\/td>\n<\/tr>\n<tr>\n<td>Soft-Start-Zeit<\/td>\n<td>s<\/td>\n<td>0-10<\/td>\n<td><\/td>\n<\/tr>\n<tr>\n<td>DC-Ausgangsspannung<\/td>\n<td>V<\/td>\n<td>22-26<\/td>\n<td>Die 24-V-DC-Stromversorgung erm\u00f6glicht den Anschluss von<br \/>\nexterne Steuerung<\/td>\n<\/tr>\n<tr>\n<td>DC-Ausgangsstrom<\/td>\n<td>mA<\/td>\n<td>0-200<\/td>\n<td>Die 24-V-DC-Stromversorgung erm\u00f6glicht den Anschluss von<br \/>\nexterne Steuerung<\/td>\n<\/tr>\n<tr>\n<td>Leistungsaufnahme im Standby-Modus<\/td>\n<td>W<\/td>\n<td>1,5-3<\/td>\n<td><\/td>\n<\/tr>\n<tr>\n<td>Umgebungstemperatur w\u00e4hrend des Betriebs<\/td>\n<td>\u00b0C<\/td>\n<td>-10-60<\/td>\n<td><\/td>\n<\/tr>\n<tr>\n<td>Umgebungsfeuchtigkeit w\u00e4hrend des Betriebs<\/td>\n<td>%<\/td>\n<td>10-85<\/td>\n<td>Kein Kondenswasser<\/td>\n<\/tr>\n<\/tbody>\n<\/table>\n<\/div>","protected":false},"excerpt":{"rendered":"<p>Eine Reihe von Steuerungen zur Steuerung automatisierter elektromagnetisch angetriebener Schwingf\u00f6rdersysteme. Steuerungen <strong>SDVC31<\/strong> sind mit pr\u00e4zisen digitalen Frequenz- und Spannungssteuerungen zur Versorgung des Schwingf\u00f6rderers ausgestattet.<\/p>","protected":false},"featured_media":990,"template":"","meta":{"_bst_post_transparent":"default","_bst_post_title":"","_bst_post_layout":"default","_bst_post_sidebar_id":"","_bst_post_content_style":"default","_bst_post_vertical_padding":"default","_bst_post_feature":"","_bst_post_feature_position":"","_bst_post_header":false,"_bst_post_footer":false},"product_cat":[91],"product_tag":[],"class_list":{"0":"post-952","1":"product","2":"type-product","3":"status-publish","4":"has-post-thumbnail","6":"product_cat-kontrolery","8":"first","9":"instock","10":"taxable","11":"shipping-taxable","12":"purchasable","13":"product-type-simple","14":"entry","15":"content-bg","16":"loop-entry"},"yoast_head":"<!-- This site is optimized with the Yoast SEO plugin v24.3 - https:\/\/yoast.com\/wordpress\/plugins\/seo\/ -->\n<title>Kontroler SDVC31-XL - TARPAK - Maszyny pakuj\u0105ce | kartoniarki i flowpacki<\/title>\n<meta name=\"robots\" content=\"index, follow, max-snippet:-1, max-image-preview:large, max-video-preview:-1\" \/>\n<link rel=\"canonical\" href=\"https:\/\/tarpak.pl\/de\/product\/kontroler-sdvc31-xl\/\" \/>\n<meta property=\"og:locale\" content=\"de_DE\" \/>\n<meta property=\"og:type\" content=\"article\" \/>\n<meta property=\"og:title\" content=\"Kontroler SDVC31-XL - TARPAK - Maszyny pakuj\u0105ce | kartoniarki i flowpacki\" \/>\n<meta property=\"og:description\" content=\"Seria kontroler\u00f3w przeznaczona do sterowania zautomatyzowanymi systemami podajnik\u00f3w wibracyjnych, nap\u0119dzanych elektromagnesem. Kontrolery SDVC31 s\u0105 wyposa\u017cone w precyzyjne systemy cyfrowej regulacji cz\u0119stotliwo\u015bci i napi\u0119cia zasilaj\u0105cego podajnik wibracyjny.\" \/>\n<meta property=\"og:url\" content=\"https:\/\/tarpak.pl\/de\/product\/kontroler-sdvc31-xl\/\" \/>\n<meta property=\"og:site_name\" content=\"TARPAK - Maszyny pakuj\u0105ce | kartoniarki i flowpacki\" \/>\n<meta property=\"article:modified_time\" content=\"2025-01-16T07:34:28+00:00\" \/>\n<meta property=\"og:image\" content=\"https:\/\/tarpak.pl\/wp-content\/uploads\/2024\/11\/izo-31.png\" \/>\n\t<meta property=\"og:image:width\" content=\"1920\" \/>\n\t<meta property=\"og:image:height\" content=\"1280\" \/>\n\t<meta property=\"og:image:type\" content=\"image\/png\" \/>\n<meta name=\"twitter:card\" content=\"summary_large_image\" \/>\n<meta name=\"twitter:label1\" content=\"Gesch\u00e4tzte Lesezeit\" \/>\n\t<meta name=\"twitter:data1\" content=\"2\u00a0Minuten\" \/>\n<script type=\"application\/ld+json\" class=\"yoast-schema-graph\">{\"@context\":\"https:\/\/schema.org\",\"@graph\":[{\"@type\":\"WebPage\",\"@id\":\"https:\/\/tarpak.pl\/produkt\/kontroler-sdvc31-xl\/\",\"url\":\"https:\/\/tarpak.pl\/produkt\/kontroler-sdvc31-xl\/\",\"name\":\"Kontroler SDVC31-XL - TARPAK - Maszyny pakuj\u0105ce | kartoniarki i flowpacki\",\"isPartOf\":{\"@id\":\"https:\/\/tarpak.pl\/#website\"},\"primaryImageOfPage\":{\"@id\":\"https:\/\/tarpak.pl\/produkt\/kontroler-sdvc31-xl\/#primaryimage\"},\"image\":{\"@id\":\"https:\/\/tarpak.pl\/produkt\/kontroler-sdvc31-xl\/#primaryimage\"},\"thumbnailUrl\":\"https:\/\/tarpak.pl\/wp-content\/uploads\/2024\/11\/izo-31.png\",\"datePublished\":\"2024-11-06T12:43:30+00:00\",\"dateModified\":\"2025-01-16T07:34:28+00:00\",\"breadcrumb\":{\"@id\":\"https:\/\/tarpak.pl\/produkt\/kontroler-sdvc31-xl\/#breadcrumb\"},\"inLanguage\":\"de\",\"potentialAction\":[{\"@type\":\"ReadAction\",\"target\":[\"https:\/\/tarpak.pl\/produkt\/kontroler-sdvc31-xl\/\"]}]},{\"@type\":\"ImageObject\",\"inLanguage\":\"de\",\"@id\":\"https:\/\/tarpak.pl\/produkt\/kontroler-sdvc31-xl\/#primaryimage\",\"url\":\"https:\/\/tarpak.pl\/wp-content\/uploads\/2024\/11\/izo-31.png\",\"contentUrl\":\"https:\/\/tarpak.pl\/wp-content\/uploads\/2024\/11\/izo-31.png\",\"width\":1920,\"height\":1280,\"caption\":\"izo 31\"},{\"@type\":\"BreadcrumbList\",\"@id\":\"https:\/\/tarpak.pl\/produkt\/kontroler-sdvc31-xl\/#breadcrumb\",\"itemListElement\":[{\"@type\":\"ListItem\",\"position\":1,\"name\":\"Strona g\u0142\u00f3wna\",\"item\":\"https:\/\/tarpak.pl\/\"},{\"@type\":\"ListItem\",\"position\":2,\"name\":\"Sklep\",\"item\":\"https:\/\/tarpak.pl\/sklep\/\"},{\"@type\":\"ListItem\",\"position\":3,\"name\":\"Kontroler SDVC31-XL\"}]},{\"@type\":\"WebSite\",\"@id\":\"https:\/\/tarpak.pl\/#website\",\"url\":\"https:\/\/tarpak.pl\/\",\"name\":\"TARPAK - Maszyny pakuj\u0105ce | kartoniarki i flowpacki\",\"description\":\"Maszyny pakuj\u0105ce | kartoniarki i flowpacki\",\"publisher\":{\"@id\":\"https:\/\/tarpak.pl\/#organization\"},\"potentialAction\":[{\"@type\":\"SearchAction\",\"target\":{\"@type\":\"EntryPoint\",\"urlTemplate\":\"https:\/\/tarpak.pl\/?s={search_term_string}\"},\"query-input\":{\"@type\":\"PropertyValueSpecification\",\"valueRequired\":true,\"valueName\":\"search_term_string\"}}],\"inLanguage\":\"de\"},{\"@type\":\"Organization\",\"@id\":\"https:\/\/tarpak.pl\/#organization\",\"name\":\"TARPAK - Maszyny pakuj\u0105ce | kartoniarki i flowpacki\",\"url\":\"https:\/\/tarpak.pl\/\",\"logo\":{\"@type\":\"ImageObject\",\"inLanguage\":\"de\",\"@id\":\"https:\/\/tarpak.pl\/#\/schema\/logo\/image\/\",\"url\":\"https:\/\/tarpak.pl\/wp-content\/uploads\/2024\/10\/logo-main-2.png\",\"contentUrl\":\"https:\/\/tarpak.pl\/wp-content\/uploads\/2024\/10\/logo-main-2.png\",\"width\":140,\"height\":47,\"caption\":\"TARPAK - Maszyny pakuj\u0105ce | kartoniarki i flowpacki\"},\"image\":{\"@id\":\"https:\/\/tarpak.pl\/#\/schema\/logo\/image\/\"}}]}<\/script>\n<!-- \/ Yoast SEO plugin. -->","yoast_head_json":{"title":"Steuerung SDVC31-XL - TARPAK - Verpackungsmaschinen | Kartonierer und Flowpacks","robots":{"index":"index","follow":"follow","max-snippet":"max-snippet:-1","max-image-preview":"max-image-preview:large","max-video-preview":"max-video-preview:-1"},"canonical":"https:\/\/tarpak.pl\/de\/product\/kontroler-sdvc31-xl\/","og_locale":"de_DE","og_type":"article","og_title":"Kontroler SDVC31-XL - TARPAK - Maszyny pakuj\u0105ce | kartoniarki i flowpacki","og_description":"Seria kontroler\u00f3w przeznaczona do sterowania zautomatyzowanymi systemami podajnik\u00f3w wibracyjnych, nap\u0119dzanych elektromagnesem. Kontrolery SDVC31 s\u0105 wyposa\u017cone w precyzyjne systemy cyfrowej regulacji cz\u0119stotliwo\u015bci i napi\u0119cia zasilaj\u0105cego podajnik wibracyjny.","og_url":"https:\/\/tarpak.pl\/de\/product\/kontroler-sdvc31-xl\/","og_site_name":"TARPAK - Maszyny pakuj\u0105ce | kartoniarki i flowpacki","article_modified_time":"2025-01-16T07:34:28+00:00","og_image":[{"width":1920,"height":1280,"url":"https:\/\/tarpak.pl\/wp-content\/uploads\/2024\/11\/izo-31.png","type":"image\/png"}],"twitter_card":"summary_large_image","twitter_misc":{"Gesch\u00e4tzte Lesezeit":"2\u00a0Minuten"},"schema":{"@context":"https:\/\/schema.org","@graph":[{"@type":"WebPage","@id":"https:\/\/tarpak.pl\/produkt\/kontroler-sdvc31-xl\/","url":"https:\/\/tarpak.pl\/produkt\/kontroler-sdvc31-xl\/","name":"Steuerung SDVC31-XL - TARPAK - Verpackungsmaschinen | Kartonierer und Flowpacks","isPartOf":{"@id":"https:\/\/tarpak.pl\/#website"},"primaryImageOfPage":{"@id":"https:\/\/tarpak.pl\/produkt\/kontroler-sdvc31-xl\/#primaryimage"},"image":{"@id":"https:\/\/tarpak.pl\/produkt\/kontroler-sdvc31-xl\/#primaryimage"},"thumbnailUrl":"https:\/\/tarpak.pl\/wp-content\/uploads\/2024\/11\/izo-31.png","datePublished":"2024-11-06T12:43:30+00:00","dateModified":"2025-01-16T07:34:28+00:00","breadcrumb":{"@id":"https:\/\/tarpak.pl\/produkt\/kontroler-sdvc31-xl\/#breadcrumb"},"inLanguage":"de","potentialAction":[{"@type":"ReadAction","target":["https:\/\/tarpak.pl\/produkt\/kontroler-sdvc31-xl\/"]}]},{"@type":"ImageObject","inLanguage":"de","@id":"https:\/\/tarpak.pl\/produkt\/kontroler-sdvc31-xl\/#primaryimage","url":"https:\/\/tarpak.pl\/wp-content\/uploads\/2024\/11\/izo-31.png","contentUrl":"https:\/\/tarpak.pl\/wp-content\/uploads\/2024\/11\/izo-31.png","width":1920,"height":1280,"caption":"izo 31"},{"@type":"BreadcrumbList","@id":"https:\/\/tarpak.pl\/produkt\/kontroler-sdvc31-xl\/#breadcrumb","itemListElement":[{"@type":"ListItem","position":1,"name":"Strona g\u0142\u00f3wna","item":"https:\/\/tarpak.pl\/"},{"@type":"ListItem","position":2,"name":"Sklep","item":"https:\/\/tarpak.pl\/sklep\/"},{"@type":"ListItem","position":3,"name":"Kontroler SDVC31-XL"}]},{"@type":"WebSite","@id":"https:\/\/tarpak.pl\/#website","url":"https:\/\/tarpak.pl\/","name":"TARPAK - Verpackungsmaschinen | Kartonierer und Flowpacks","description":"Verpackungsmaschinen | Kartonierer und Flowpacks","publisher":{"@id":"https:\/\/tarpak.pl\/#organization"},"potentialAction":[{"@type":"SearchAction","target":{"@type":"EntryPoint","urlTemplate":"https:\/\/tarpak.pl\/?s={search_term_string}"},"query-input":{"@type":"PropertyValueSpecification","valueRequired":true,"valueName":"search_term_string"}}],"inLanguage":"de"},{"@type":"Organization","@id":"https:\/\/tarpak.pl\/#organization","name":"TARPAK - Verpackungsmaschinen | Kartonierer und Flowpacks","url":"https:\/\/tarpak.pl\/","logo":{"@type":"ImageObject","inLanguage":"de","@id":"https:\/\/tarpak.pl\/#\/schema\/logo\/image\/","url":"https:\/\/tarpak.pl\/wp-content\/uploads\/2024\/10\/logo-main-2.png","contentUrl":"https:\/\/tarpak.pl\/wp-content\/uploads\/2024\/10\/logo-main-2.png","width":140,"height":47,"caption":"TARPAK - Maszyny pakuj\u0105ce | kartoniarki i flowpacki"},"image":{"@id":"https:\/\/tarpak.pl\/#\/schema\/logo\/image\/"}}]}},"_links":{"self":[{"href":"https:\/\/tarpak.pl\/de\/wp-json\/wp\/v2\/product\/952"}],"collection":[{"href":"https:\/\/tarpak.pl\/de\/wp-json\/wp\/v2\/product"}],"about":[{"href":"https:\/\/tarpak.pl\/de\/wp-json\/wp\/v2\/types\/product"}],"version-history":[{"count":0,"href":"https:\/\/tarpak.pl\/de\/wp-json\/wp\/v2\/product\/952\/revisions"}],"wp:featuredmedia":[{"embeddable":true,"href":"https:\/\/tarpak.pl\/de\/wp-json\/wp\/v2\/media\/990"}],"wp:attachment":[{"href":"https:\/\/tarpak.pl\/de\/wp-json\/wp\/v2\/media?parent=952"}],"wp:term":[{"taxonomy":"product_cat","embeddable":true,"href":"https:\/\/tarpak.pl\/de\/wp-json\/wp\/v2\/product_cat?post=952"},{"taxonomy":"product_tag","embeddable":true,"href":"https:\/\/tarpak.pl\/de\/wp-json\/wp\/v2\/product_tag?post=952"}],"curies":[{"name":"wp","href":"https:\/\/api.w.org\/{rel}","templated":true}]}}