{"id":949,"date":"2024-11-06T12:43:30","date_gmt":"2024-11-06T12:43:30","guid":{"rendered":"https:\/\/tarpak.pl\/?post_type=product&#038;p=949"},"modified":"2025-01-13T07:03:44","modified_gmt":"2025-01-13T07:03:44","slug":"misa-prawoskretna-s-300-35","status":"publish","type":"product","link":"https:\/\/tarpak.pl\/de\/product\/misa-prawoskretna-s-300-35\/","title":{"rendered":"Rechte Schale S-300-35"},"content":{"rendered":"<div class=\"row\">\n<p>F\u00fcr jedes Produkt k\u00f6nnen unterschiedliche Ausgabesysteme verwendet werden - je nach Bedarf k\u00f6nnen die Teile mit Hilfe von Vision-Systemen, pneumatischem Abblasen oder mechanischer Positionierung positioniert werden.<\/p>\n<p>Je nach Ausf\u00fchrung kann die Schale einen oder mehrere Ausg\u00e4nge haben.<\/p>\n<p>Das ausgerichtete Produkt gelangt in den Trog, der als Speicher dient und die Zuf\u00fchrlinie verl\u00e4ngert:<\/p>\n<ul>\n<li>Optional kann ein Transporter bestellt werden, um den Abstand zwischen den Elementen zu vergr\u00f6\u00dfern und so die Qualit\u00e4t des Z\u00e4hlsystems zu erh\u00f6hen,<\/li>\n<li>Der Ausgang kann auch mit einem linearen Vibrationsf\u00f6rderer ausgestattet werden, um einen Puffer zu schaffen.<\/li>\n<\/ul>\n<div class=\"elementor-divider\">\n<img decoding=\"async\" class=\"size-full wp-image-3402\" title=\"Punkttrennzeichen\" src=\"https:\/\/tarpak.pl\/wp-content\/uploads\/2024\/11\/separator_dot.png\" alt=\"Punkttrennzeichen\" width=\"184\" height=\"50\" \/>\n<\/div>\n<table class=\"bordered\">\n<tbody>\n<tr>\n<th colspan=\"2\">Abmessungen<\/th>\n<th colspan=\"3\"><\/th>\n<\/tr>\n<tr>\n<td><strong>Modell<\/strong><\/td>\n<td><strong>Basisdurchmesser [D]<\/strong><\/td>\n<td><strong>Radius am Ausgang [R].<\/strong><\/td>\n<td><strong>Pfadbreite [B].<\/strong><\/td>\n<td><strong>Schlaganfall [A]<\/strong><\/td>\n<\/tr>\n<tr>\n<td>S-300-35<\/td>\n<td>300 mm<\/td>\n<td>239 mm<\/td>\n<td>35 mm<\/td>\n<td>50 mm<\/td>\n<\/tr>\n<\/tbody>\n<\/table>\n<p>Es kann ein kundenspezifischer Zubringer gebaut werden.<\/p>\n<\/div>","protected":false},"excerpt":{"rendered":"<p>Sch\u00fcssel f\u00fcr die Zuf\u00fchrung und Ausrichtung der Produkte. Die durch Vibration in die Schale eingef\u00fchrten Produkte bewegen sich entlang der Spirale einzeln zum Ausgang. Der Vibrationsf\u00f6rderer kann eine eindeutig stabile Position am Ausgang der Werkst\u00fccke gew\u00e4hrleisten.<\/p>","protected":false},"featured_media":983,"template":"","meta":{"_bst_post_transparent":"default","_bst_post_title":"","_bst_post_layout":"default","_bst_post_sidebar_id":"","_bst_post_content_style":"default","_bst_post_vertical_padding":"default","_bst_post_feature":"","_bst_post_feature_position":"","_bst_post_header":false,"_bst_post_footer":false},"product_cat":[56],"product_tag":[],"class_list":{"0":"post-949","1":"product","2":"type-product","3":"status-publish","4":"has-post-thumbnail","6":"product_cat-misy","8":"first","9":"instock","10":"taxable","11":"shipping-taxable","12":"purchasable","13":"product-type-simple","14":"entry","15":"content-bg","16":"loop-entry"},"yoast_head":"<!-- This site is optimized with the Yoast SEO plugin v24.3 - https:\/\/yoast.com\/wordpress\/plugins\/seo\/ -->\n<title>Misa prawoskr\u0119tna S-300-35 - TARPAK - Maszyny pakuj\u0105ce | kartoniarki i flowpacki<\/title>\n<meta name=\"robots\" content=\"index, follow, max-snippet:-1, max-image-preview:large, max-video-preview:-1\" \/>\n<link rel=\"canonical\" href=\"https:\/\/tarpak.pl\/de\/product\/misa-prawoskretna-s-300-35\/\" \/>\n<meta property=\"og:locale\" content=\"de_DE\" \/>\n<meta property=\"og:type\" content=\"article\" \/>\n<meta property=\"og:title\" content=\"Misa prawoskr\u0119tna S-300-35 - TARPAK - Maszyny pakuj\u0105ce | kartoniarki i flowpacki\" \/>\n<meta property=\"og:description\" content=\"Misa do podawania i orientacji detali. Produkty zasypane do misy za pomoc\u0105 drga\u0144 poruszaj\u0105 si\u0119 po spirali pojedynczo do wyj\u015bcia. Podajnik wibracyjny mo\u017ce nadawa\u0107 jednoznaczn\u0105 stabiln\u0105 pozycj\u0119 na wyj\u015bciu detali.\" \/>\n<meta property=\"og:url\" content=\"https:\/\/tarpak.pl\/de\/product\/misa-prawoskretna-s-300-35\/\" \/>\n<meta property=\"og:site_name\" content=\"TARPAK - Maszyny pakuj\u0105ce | kartoniarki i flowpacki\" \/>\n<meta property=\"article:modified_time\" content=\"2025-01-13T07:03:44+00:00\" \/>\n<meta property=\"og:image\" content=\"https:\/\/tarpak.pl\/wp-content\/uploads\/2024\/11\/Bez-nazwy-4.png\" \/>\n\t<meta property=\"og:image:width\" content=\"1080\" \/>\n\t<meta property=\"og:image:height\" content=\"1080\" \/>\n\t<meta property=\"og:image:type\" content=\"image\/png\" \/>\n<meta name=\"twitter:card\" content=\"summary_large_image\" \/>\n<meta name=\"twitter:label1\" content=\"Gesch\u00e4tzte Lesezeit\" \/>\n\t<meta name=\"twitter:data1\" content=\"1\u00a0Minute\" \/>\n<script type=\"application\/ld+json\" class=\"yoast-schema-graph\">{\"@context\":\"https:\/\/schema.org\",\"@graph\":[{\"@type\":\"WebPage\",\"@id\":\"https:\/\/tarpak.pl\/produkt\/misa-prawoskretna-s-300-35\/\",\"url\":\"https:\/\/tarpak.pl\/produkt\/misa-prawoskretna-s-300-35\/\",\"name\":\"Misa prawoskr\u0119tna S-300-35 - TARPAK - Maszyny pakuj\u0105ce | kartoniarki i flowpacki\",\"isPartOf\":{\"@id\":\"https:\/\/tarpak.pl\/#website\"},\"primaryImageOfPage\":{\"@id\":\"https:\/\/tarpak.pl\/produkt\/misa-prawoskretna-s-300-35\/#primaryimage\"},\"image\":{\"@id\":\"https:\/\/tarpak.pl\/produkt\/misa-prawoskretna-s-300-35\/#primaryimage\"},\"thumbnailUrl\":\"https:\/\/tarpak.pl\/wp-content\/uploads\/2024\/11\/Bez-nazwy-4.png\",\"datePublished\":\"2024-11-06T12:43:30+00:00\",\"dateModified\":\"2025-01-13T07:03:44+00:00\",\"breadcrumb\":{\"@id\":\"https:\/\/tarpak.pl\/produkt\/misa-prawoskretna-s-300-35\/#breadcrumb\"},\"inLanguage\":\"de\",\"potentialAction\":[{\"@type\":\"ReadAction\",\"target\":[\"https:\/\/tarpak.pl\/produkt\/misa-prawoskretna-s-300-35\/\"]}]},{\"@type\":\"ImageObject\",\"inLanguage\":\"de\",\"@id\":\"https:\/\/tarpak.pl\/produkt\/misa-prawoskretna-s-300-35\/#primaryimage\",\"url\":\"https:\/\/tarpak.pl\/wp-content\/uploads\/2024\/11\/Bez-nazwy-4.png\",\"contentUrl\":\"https:\/\/tarpak.pl\/wp-content\/uploads\/2024\/11\/Bez-nazwy-4.png\",\"width\":1080,\"height\":1080,\"caption\":\"Bez nazwy 4\"},{\"@type\":\"BreadcrumbList\",\"@id\":\"https:\/\/tarpak.pl\/produkt\/misa-prawoskretna-s-300-35\/#breadcrumb\",\"itemListElement\":[{\"@type\":\"ListItem\",\"position\":1,\"name\":\"Strona g\u0142\u00f3wna\",\"item\":\"https:\/\/tarpak.pl\/\"},{\"@type\":\"ListItem\",\"position\":2,\"name\":\"Sklep\",\"item\":\"https:\/\/tarpak.pl\/sklep\/\"},{\"@type\":\"ListItem\",\"position\":3,\"name\":\"Misa prawoskr\u0119tna S-300-35\"}]},{\"@type\":\"WebSite\",\"@id\":\"https:\/\/tarpak.pl\/#website\",\"url\":\"https:\/\/tarpak.pl\/\",\"name\":\"TARPAK - Maszyny pakuj\u0105ce | kartoniarki i flowpacki\",\"description\":\"Maszyny pakuj\u0105ce | kartoniarki i flowpacki\",\"publisher\":{\"@id\":\"https:\/\/tarpak.pl\/#organization\"},\"potentialAction\":[{\"@type\":\"SearchAction\",\"target\":{\"@type\":\"EntryPoint\",\"urlTemplate\":\"https:\/\/tarpak.pl\/?s={search_term_string}\"},\"query-input\":{\"@type\":\"PropertyValueSpecification\",\"valueRequired\":true,\"valueName\":\"search_term_string\"}}],\"inLanguage\":\"de\"},{\"@type\":\"Organization\",\"@id\":\"https:\/\/tarpak.pl\/#organization\",\"name\":\"TARPAK - Maszyny pakuj\u0105ce | kartoniarki i flowpacki\",\"url\":\"https:\/\/tarpak.pl\/\",\"logo\":{\"@type\":\"ImageObject\",\"inLanguage\":\"de\",\"@id\":\"https:\/\/tarpak.pl\/#\/schema\/logo\/image\/\",\"url\":\"https:\/\/tarpak.pl\/wp-content\/uploads\/2024\/10\/logo-main-2.png\",\"contentUrl\":\"https:\/\/tarpak.pl\/wp-content\/uploads\/2024\/10\/logo-main-2.png\",\"width\":140,\"height\":47,\"caption\":\"TARPAK - Maszyny pakuj\u0105ce | kartoniarki i flowpacki\"},\"image\":{\"@id\":\"https:\/\/tarpak.pl\/#\/schema\/logo\/image\/\"}}]}<\/script>\n<!-- \/ Yoast SEO plugin. -->","yoast_head_json":{"title":"Winkelsch\u00fcssel S-300-35 - TARPAK - Verpackungsmaschinen | Kartonierer und Flowpacks","robots":{"index":"index","follow":"follow","max-snippet":"max-snippet:-1","max-image-preview":"max-image-preview:large","max-video-preview":"max-video-preview:-1"},"canonical":"https:\/\/tarpak.pl\/de\/product\/misa-prawoskretna-s-300-35\/","og_locale":"de_DE","og_type":"article","og_title":"Misa prawoskr\u0119tna S-300-35 - TARPAK - Maszyny pakuj\u0105ce | kartoniarki i flowpacki","og_description":"Misa do podawania i orientacji detali. Produkty zasypane do misy za pomoc\u0105 drga\u0144 poruszaj\u0105 si\u0119 po spirali pojedynczo do wyj\u015bcia. Podajnik wibracyjny mo\u017ce nadawa\u0107 jednoznaczn\u0105 stabiln\u0105 pozycj\u0119 na wyj\u015bciu detali.","og_url":"https:\/\/tarpak.pl\/de\/product\/misa-prawoskretna-s-300-35\/","og_site_name":"TARPAK - Maszyny pakuj\u0105ce | kartoniarki i flowpacki","article_modified_time":"2025-01-13T07:03:44+00:00","og_image":[{"width":1080,"height":1080,"url":"https:\/\/tarpak.pl\/wp-content\/uploads\/2024\/11\/Bez-nazwy-4.png","type":"image\/png"}],"twitter_card":"summary_large_image","twitter_misc":{"Gesch\u00e4tzte Lesezeit":"1\u00a0Minute"},"schema":{"@context":"https:\/\/schema.org","@graph":[{"@type":"WebPage","@id":"https:\/\/tarpak.pl\/produkt\/misa-prawoskretna-s-300-35\/","url":"https:\/\/tarpak.pl\/produkt\/misa-prawoskretna-s-300-35\/","name":"Winkelsch\u00fcssel S-300-35 - TARPAK - Verpackungsmaschinen | Kartonierer und Flowpacks","isPartOf":{"@id":"https:\/\/tarpak.pl\/#website"},"primaryImageOfPage":{"@id":"https:\/\/tarpak.pl\/produkt\/misa-prawoskretna-s-300-35\/#primaryimage"},"image":{"@id":"https:\/\/tarpak.pl\/produkt\/misa-prawoskretna-s-300-35\/#primaryimage"},"thumbnailUrl":"https:\/\/tarpak.pl\/wp-content\/uploads\/2024\/11\/Bez-nazwy-4.png","datePublished":"2024-11-06T12:43:30+00:00","dateModified":"2025-01-13T07:03:44+00:00","breadcrumb":{"@id":"https:\/\/tarpak.pl\/produkt\/misa-prawoskretna-s-300-35\/#breadcrumb"},"inLanguage":"de","potentialAction":[{"@type":"ReadAction","target":["https:\/\/tarpak.pl\/produkt\/misa-prawoskretna-s-300-35\/"]}]},{"@type":"ImageObject","inLanguage":"de","@id":"https:\/\/tarpak.pl\/produkt\/misa-prawoskretna-s-300-35\/#primaryimage","url":"https:\/\/tarpak.pl\/wp-content\/uploads\/2024\/11\/Bez-nazwy-4.png","contentUrl":"https:\/\/tarpak.pl\/wp-content\/uploads\/2024\/11\/Bez-nazwy-4.png","width":1080,"height":1080,"caption":"Bez nazwy 4"},{"@type":"BreadcrumbList","@id":"https:\/\/tarpak.pl\/produkt\/misa-prawoskretna-s-300-35\/#breadcrumb","itemListElement":[{"@type":"ListItem","position":1,"name":"Strona g\u0142\u00f3wna","item":"https:\/\/tarpak.pl\/"},{"@type":"ListItem","position":2,"name":"Sklep","item":"https:\/\/tarpak.pl\/sklep\/"},{"@type":"ListItem","position":3,"name":"Misa prawoskr\u0119tna S-300-35"}]},{"@type":"WebSite","@id":"https:\/\/tarpak.pl\/#website","url":"https:\/\/tarpak.pl\/","name":"TARPAK - Verpackungsmaschinen | Kartonierer und Flowpacks","description":"Verpackungsmaschinen | Kartonierer und Flowpacks","publisher":{"@id":"https:\/\/tarpak.pl\/#organization"},"potentialAction":[{"@type":"SearchAction","target":{"@type":"EntryPoint","urlTemplate":"https:\/\/tarpak.pl\/?s={search_term_string}"},"query-input":{"@type":"PropertyValueSpecification","valueRequired":true,"valueName":"search_term_string"}}],"inLanguage":"de"},{"@type":"Organization","@id":"https:\/\/tarpak.pl\/#organization","name":"TARPAK - Verpackungsmaschinen | Kartonierer und Flowpacks","url":"https:\/\/tarpak.pl\/","logo":{"@type":"ImageObject","inLanguage":"de","@id":"https:\/\/tarpak.pl\/#\/schema\/logo\/image\/","url":"https:\/\/tarpak.pl\/wp-content\/uploads\/2024\/10\/logo-main-2.png","contentUrl":"https:\/\/tarpak.pl\/wp-content\/uploads\/2024\/10\/logo-main-2.png","width":140,"height":47,"caption":"TARPAK - Maszyny pakuj\u0105ce | kartoniarki i flowpacki"},"image":{"@id":"https:\/\/tarpak.pl\/#\/schema\/logo\/image\/"}}]}},"_links":{"self":[{"href":"https:\/\/tarpak.pl\/de\/wp-json\/wp\/v2\/product\/949"}],"collection":[{"href":"https:\/\/tarpak.pl\/de\/wp-json\/wp\/v2\/product"}],"about":[{"href":"https:\/\/tarpak.pl\/de\/wp-json\/wp\/v2\/types\/product"}],"version-history":[{"count":0,"href":"https:\/\/tarpak.pl\/de\/wp-json\/wp\/v2\/product\/949\/revisions"}],"wp:featuredmedia":[{"embeddable":true,"href":"https:\/\/tarpak.pl\/de\/wp-json\/wp\/v2\/media\/983"}],"wp:attachment":[{"href":"https:\/\/tarpak.pl\/de\/wp-json\/wp\/v2\/media?parent=949"}],"wp:term":[{"taxonomy":"product_cat","embeddable":true,"href":"https:\/\/tarpak.pl\/de\/wp-json\/wp\/v2\/product_cat?post=949"},{"taxonomy":"product_tag","embeddable":true,"href":"https:\/\/tarpak.pl\/de\/wp-json\/wp\/v2\/product_tag?post=949"}],"curies":[{"name":"wp","href":"https:\/\/api.w.org\/{rel}","templated":true}]}}