{"id":4548,"date":"2025-04-11T11:48:30","date_gmt":"2025-04-11T09:48:30","guid":{"rendered":"https:\/\/tarpak.pl\/?post_type=product&#038;p=4548"},"modified":"2025-04-11T16:25:55","modified_gmt":"2025-04-11T14:25:55","slug":"tubiarka-rga-gx45a","status":"publish","type":"product","link":"https:\/\/tarpak.pl\/de\/product\/tubiarka-rga-gx45a\/","title":{"rendered":"Schlauchmaschine RGA-GX45A"},"content":{"rendered":"<p class=\"my-0\">Der industrielle Tubenf\u00fcller ist eine fortschrittliche Maschine, die ein umfassendes Verfahren zum F\u00fcllen, Verschlie\u00dfen und Verschlie\u00dfen von Flaschen in einer Vielzahl von Branchen bietet. Die Maschine wurde f\u00fcr den Einsatz in der Pharma-, Lebensmittel-, Kosmetik- und Haushaltschemie-Industrie konzipiert und bietet Vielseitigkeit bei der Verarbeitung einer Vielzahl von Verpackungsarten.<\/p>\n<p class=\"my-0\">Die Maschine erm\u00f6glicht ein pr\u00e4zises Abf\u00fcllen sowohl von fl\u00fcssigen als auch von past\u00f6sen Substanzen in Flaschen. Der Abf\u00fcllprozess zeichnet sich durch hohe Flie\u00dff\u00e4higkeit und Genauigkeit aus und gew\u00e4hrleistet bei jedem Produktionslauf wiederholbare Ergebnisse. Nach dem Bef\u00fcllen f\u00e4hrt die Maschine automatisch mit dem Verschlie\u00dfen fort, so dass ein manuelles Eingreifen des Bedieners nicht mehr erforderlich ist.<\/p>\n<p><img decoding=\"async\" class=\"size-full wp-image-3402\" title=\"Punkttrennzeichen\" src=\"https:\/\/tarpak.pl\/wp-content\/uploads\/2024\/11\/separator_dot.png\" alt=\"Punkttrennzeichen\" width=\"184\" height=\"50\" \/><\/p>\n<h3 class=\"mb-xs mt-5 text-base font-[525] first:mt-3\">Produktionsprozess<\/h3>\n<p class=\"my-0\">Der gesamte Produktionsprozess, von der Flaschenzuf\u00fchrung \u00fcber das Abf\u00fcllen, Verschlie\u00dfen und Verschlie\u00dfen bis hin zum Endprodukt, erfolgt vollautomatisch unter der Kontrolle des integrierten Betriebssystems. Diese L\u00f6sung erh\u00f6ht nicht nur die Produktionseffizienz, sondern minimiert auch das Risiko menschlicher Fehler und gew\u00e4hrleistet eine gleichbleibende Qualit\u00e4t des Endprodukts.<\/p>\n<p class=\"my-0\">Die Standardkonfiguration der Maschine ist mit 16 Beh\u00e4lterhaltern ausgestattet, um den Produktionsprozess zu optimieren und eine hohe Produktivit\u00e4t zu gew\u00e4hrleisten. Der modulare Aufbau der gesamten Maschine erm\u00f6glicht eine schnelle und komfortable Anpassung der Konfiguration durch Hinzuf\u00fcgen oder Entfernen einzelner Funktionsmodule.<\/p>\n<h3 class=\"mb-2 mt-6 text-lg font-[500] first:mt-3\">Fortschrittliche technische L\u00f6sungen<\/h3>\n<p class=\"my-0\">Die Rohrmaschine zeichnet sich durch eine Reihe von innovativen technischen L\u00f6sungen aus, die ihre Zuverl\u00e4ssigkeit und Pr\u00e4zision gew\u00e4hrleisten. Die Indexierungsfunktion der Maschine basiert auf einem mechanischen Antrieb, der die Stabilit\u00e4t dieses Prozesses unter verschiedenen Produktionsbedingungen garantiert.<\/p>\n<h4 class=\"mb-xs mt-5 text-base font-[525] first:mt-3\">Abf\u00fcll- und Verschlie\u00dftechnik<\/h4>\n<p class=\"my-0\">Der Abf\u00fcllvorgang erfolgt \u00fcber eine servogetriebene Pumpe. Mit einer solchen L\u00f6sung lassen sich die Parameter f\u00fcr das Abf\u00fcllvolumen bequem und schnell einstellen, was zu einer stabilen und zuverl\u00e4ssigen Dosiergenauigkeit f\u00fchrt. Die Abf\u00fcllgenauigkeit ist ein Schl\u00fcsselelement in Branchen, die eine strenge Kontrolle \u00fcber die abgegebene Produktmenge erfordern, wie z. B. in der Pharma- und Kosmetikindustrie.<\/p>\n<p class=\"my-0\">Das Aufschrauben der Verpackung erfolgt \u00fcber einen Servomotor, der das Anzugsdrehmoment effektiv steuert. So kann die Schraubkraft perfekt auf die verschiedenen Arten von Verpackungen und Verschl\u00fcssen abgestimmt werden, was Besch\u00e4digungen oder unzureichende Sicherheit verhindert.<\/p>\n<h4 class=\"mb-xs mt-5 text-base font-[525] first:mt-3\">Einhaltung der GMP-Normen<\/h4>\n<p class=\"my-0\">Die Teile der Maschine, die in direktem Kontakt mit dem zu dosierenden Material stehen, sind aus Edelstahl 316L und Keramik gefertigt. Die Wahl dieser Materialien kommt nicht von ungef\u00e4hr - sie gew\u00e4hrleisten ein H\u00f6chstma\u00df an Sauberkeit und Hygiene und entsprechen den GMP-Vorgaben (Good Manufacturing Practice). Dies ist besonders wichtig bei der Herstellung von Arzneimitteln, Lebensmitteln und Kosmetika, wo die Prozesshygiene von grundlegender Bedeutung ist.<\/p>\n<p><img decoding=\"async\" class=\"size-full wp-image-3402\" title=\"Punkttrennzeichen\" src=\"https:\/\/tarpak.pl\/wp-content\/uploads\/2024\/11\/separator_dot.png\" alt=\"Punkttrennzeichen\" width=\"184\" height=\"50\" \/><\/p>\n<h3 class=\"mb-xs mt-5 text-base font-[525] first:mt-3\">Die wichtigsten Vorteile des Ger\u00e4ts<\/h3>\n<p class=\"my-0\">Der modulare Aufbau des Tubenherstellers erm\u00f6glicht eine einfache Anpassung an sich \u00e4ndernde Produktionsanforderungen und bietet somit Flexibilit\u00e4t und die M\u00f6glichkeit, die Produktionslinie in Zukunft zu erweitern. Die hohe F\u00fcllpr\u00e4zision (\u00b11%) minimiert den Materialverlust, was besonders wichtig ist, wenn mit teuren Substanzen wie Pharmazeutika oder Luxuskosmetika gearbeitet wird.<\/p>\n<p class=\"my-0\">Die GMP-Konformit\u00e4t durch die Verwendung hochwertiger Materialien, wie Edelstahl 316L, erm\u00f6glicht den Einsatz der Maschine in Branchen mit strengen Hygieneanforderungen. Die f\u00fcr den Abf\u00fcll- und Verschlie\u00dfvorgang verwendeten Servomotoren gew\u00e4hrleisten eine pr\u00e4zise Steuerung der Produktionsparameter, was zu einer reproduzierbaren Qualit\u00e4t des Endprodukts f\u00fchrt.<\/p>\n<p class=\"my-0\">Die Investition in den vorgestellten Industrierohrhersteller ist ein strategischer Schritt zur Modernisierung und Optimierung der Produktionsprozesse, der durch Produktivit\u00e4tssteigerung, Qualit\u00e4tsverbesserung und langfristige Senkung der Betriebskosten einen erheblichen Wettbewerbsvorteil bietet.<\/p>\n<p><img decoding=\"async\" class=\"size-full wp-image-3402\" title=\"Punkttrennzeichen\" src=\"https:\/\/tarpak.pl\/wp-content\/uploads\/2024\/11\/separator_dot.png\" alt=\"Punkttrennzeichen\" width=\"184\" height=\"50\" \/><\/p>\n<h3>Wesentliche Merkmale<\/h3>\n<ul>\n<li>Hohe Produktionskapazit\u00e4t - 2100-2400 R\u00f6hren pro Stunde (einstellbar)<\/li>\n<li>Pr\u00e4zise F\u00fcllkontrolle - Genauigkeit von \u2264\u00b11%<\/li>\n<li>Vielseitig - f\u00fcr Rohre mit einem Durchmesser von 20 bis 60 mm und einer L\u00e4nge von bis zu 150 mm<\/li>\n<li>Ger\u00e4umiger Tank - mit einem Volumen von 40 Litern<\/li>\n<li>Pneumatische Sondenern\u00e4hrung - mit Hilfe einer Vakuumvorrichtung<\/li>\n<li>Intelligentes Temperaturkontrollsystem - f\u00fcr optimale Siegelqualit\u00e4t<\/li>\n<li>Eingebaute Lichtschranke - erm\u00f6glicht den Betrieb mit glatten und bedruckten Rohren<\/li>\n<li>Kompakte Abmessungen - 2466(L)\u00d71940(B)\u00d71853(H)mm bei einem Gewicht von ca. 600 kg<\/li>\n<\/ul>\n<p><img decoding=\"async\" class=\"size-full wp-image-3402\" title=\"Punkttrennzeichen\" src=\"https:\/\/tarpak.pl\/wp-content\/uploads\/2024\/11\/separator_dot.png\" alt=\"Punkttrennzeichen\" width=\"184\" height=\"50\" \/><\/p>\n<h3>Warum sollten Sie sich f\u00fcr Tarpak-Schlauchmaschinen entscheiden?<\/h3>\n<p class=\"my-0\">Wenn Sie sich f\u00fcr L\u00f6sungen und Schlauchbeutelmaschinen des polnischen Verpackungsmaschinenherstellers Tarpak entscheiden, profitieren Sie:<\/p>\n<ul class=\"marker:text-textOff list-disc\">\n<li>\n<p class=\"my-0\"><strong>Lokaler Service und technische Unterst\u00fctzung<\/strong>\u00a0- schnelle Reaktion und Unterst\u00fctzung im ganzen Land<\/p>\n<\/li>\n<li>\n<p class=\"my-0\"><strong>Erfahrung in der Industrie<\/strong>\u00a0- Langj\u00e4hrige Pr\u00e4senz auf dem Markt und Spezialisierung auf Verpackungsmaschinen<\/p>\n<\/li>\n<li>\n<p class=\"my-0\"><strong>Wettbewerbsf\u00e4hige Preise<\/strong>\u00a0- Preis-Leistungs-Verh\u00e4ltnis<\/p>\n<\/li>\n<li>\n<p class=\"my-0\"><strong>Anpassbare L\u00f6sungen<\/strong>\u00a0- Anpassung der Maschinen an spezifische Kundenbed\u00fcrfnisse<\/p>\n<\/li>\n<li>\n<p class=\"my-0\"><strong>Ein qualifiziertes Team<\/strong>\u00a0- professionelle Beratung und Service in jeder Phase der Zusammenarbeit<\/p>\n<\/li>\n<li>\n<p class=\"my-0\"><strong>Innovative L\u00f6sungen<\/strong>\u00a0- modernste Technologie zur Gew\u00e4hrleistung von Zuverl\u00e4ssigkeit und Pr\u00e4zision<\/p>\n<\/li>\n<\/ul>\n<p class=\"my-0\">Tarpak ist ein Traditionsunternehmen, das seit 2005 auf dem Markt t\u00e4tig ist und sich als renommierter Hersteller von Verpackungsmaschinen etabliert hat. Wenn Sie sich f\u00fcr Schlauchbeutelmaschinen dieser Marke entscheiden, erhalten Sie nicht nur eine qualitativ hochwertige Maschine, sondern auch umfassende Unterst\u00fctzung in jeder Phase der Zusammenarbeit<span class=\"whitespace-nowrap\">.<\/span><\/p>\n<p class=\"my-0\">Das Unternehmen bietet einen umfassenden Service - von der Lieferung der Maschine \u00fcber die Installation und die Schulung des Personals bis hin zur Bereitstellung eines effizienten Kundendienstes. Mit einem qualifizierten und erfahrenen Team bietet Tarpak auch die Anpassung von Maschinenkonfigurationen an die individuellen Bed\u00fcrfnisse jedes Kunden.<span class=\"whitespace-nowrap\">.<\/span><\/p>\n<p class=\"my-0\">Die Schlauchbeutelmaschinen von Tarpak zeichnen sich auf dem Markt durch ihre Zuverl\u00e4ssigkeit und pr\u00e4zise Arbeitsweise aus, was sich in einer langen Lebensdauer der Maschinen und einer hohen Qualit\u00e4t der verpackten Produkte niederschl\u00e4gt. Das Unternehmen setzt auf innovative L\u00f6sungen, damit seine Maschinen immer den neuesten Trends in der Automatisierung von Verpackungsprozessen entsprechen<span class=\"whitespace-nowrap\">.<\/span><\/p>","protected":false},"excerpt":{"rendered":"<p>Die fortschrittliche industrielle Tubenmaschine bietet eine vielseitige L\u00f6sung f\u00fcr die Pharma-, Lebensmittel-, Kosmetik- und Chemieindustrie. Das Ger\u00e4t erm\u00f6glicht pr\u00e4zises Abf\u00fcllen von Fl\u00fcssigkeiten und Pasten, automatisches Verschlie\u00dfen und Verschlie\u00dfen mit einer Genauigkeit von \u00b11%. Das modulare System erm\u00f6glicht eine schnelle Anpassung an unterschiedliche Produktionsanforderungen, w\u00e4hrend eine Kapazit\u00e4t von 35-40 St\u00fcck pro Minute die Effizienz in einer industriellen Umgebung garantiert. Die Maschine wurde gem\u00e4\u00df den GMP-Anforderungen entwickelt und verwendet die hochwertigsten Materialien, einschlie\u00dflich Edelstahl 316L, um hygienische Produktionsbedingungen zu gew\u00e4hrleisten.<\/p>","protected":false},"featured_media":4549,"template":"","meta":{"_bst_post_transparent":"default","_bst_post_title":"","_bst_post_layout":"default","_bst_post_sidebar_id":"","_bst_post_content_style":"default","_bst_post_vertical_padding":"default","_bst_post_feature":"","_bst_post_feature_position":"","_bst_post_header":false,"_bst_post_footer":false},"product_cat":[203],"product_tag":[],"class_list":{"0":"post-4548","1":"product","2":"type-product","3":"status-publish","4":"has-post-thumbnail","6":"product_cat-tubiarki","8":"first","9":"onbackorder","10":"sold-individually","11":"taxable","12":"shipping-taxable","13":"product-type-simple","14":"entry","15":"content-bg","16":"loop-entry"},"yoast_head":"<!-- This site is optimized with the Yoast SEO plugin v24.3 - https:\/\/yoast.com\/wordpress\/plugins\/seo\/ -->\n<title>Tubiarka RGA-GX45A - TARPAK - Maszyny pakuj\u0105ce | kartoniarki i flowpacki<\/title>\n<meta name=\"description\" content=\"Tubiarka RGNF-70A - Automatyczna maszyna do zamykania i nape\u0142niania tubek \u2714\ufe0f Redukcja koszt\u00f3w \u2714\ufe0f Elastyczno\u015b\u0107 produkcji \u2714\ufe0f Gwarancja jako\u015bci. Wybierz profesjonalne tubiarki Tarpak! \ud83c\udfed\" \/>\n<meta name=\"robots\" content=\"index, follow, max-snippet:-1, max-image-preview:large, max-video-preview:-1\" \/>\n<link rel=\"canonical\" href=\"https:\/\/tarpak.pl\/de\/product\/tubiarka-rga-gx45a\/\" \/>\n<meta property=\"og:locale\" content=\"de_DE\" \/>\n<meta property=\"og:type\" content=\"article\" \/>\n<meta property=\"og:title\" content=\"Tubiarka RGA-GX45A - TARPAK - Maszyny pakuj\u0105ce | kartoniarki i flowpacki\" \/>\n<meta property=\"og:description\" content=\"Tubiarka RGNF-70A - Automatyczna maszyna do zamykania i nape\u0142niania tubek \u2714\ufe0f Redukcja koszt\u00f3w \u2714\ufe0f Elastyczno\u015b\u0107 produkcji \u2714\ufe0f Gwarancja jako\u015bci. Wybierz profesjonalne tubiarki Tarpak! \ud83c\udfed\" \/>\n<meta property=\"og:url\" content=\"https:\/\/tarpak.pl\/de\/product\/tubiarka-rga-gx45a\/\" \/>\n<meta property=\"og:site_name\" content=\"TARPAK - Maszyny pakuj\u0105ce | kartoniarki i flowpacki\" \/>\n<meta property=\"article:modified_time\" content=\"2025-04-11T14:25:55+00:00\" \/>\n<meta property=\"og:image\" content=\"https:\/\/tarpak.pl\/wp-content\/uploads\/2025\/04\/automatyczna-tubiarka-RGA-GX45A.png\" \/>\n\t<meta property=\"og:image:width\" content=\"3840\" \/>\n\t<meta property=\"og:image:height\" content=\"2400\" \/>\n\t<meta property=\"og:image:type\" content=\"image\/png\" \/>\n<meta name=\"twitter:card\" content=\"summary_large_image\" \/>\n<meta name=\"twitter:label1\" content=\"Gesch\u00e4tzte Lesezeit\" \/>\n\t<meta name=\"twitter:data1\" content=\"2\u00a0Minuten\" \/>\n<script type=\"application\/ld+json\" class=\"yoast-schema-graph\">{\"@context\":\"https:\/\/schema.org\",\"@graph\":[{\"@type\":\"WebPage\",\"@id\":\"https:\/\/tarpak.pl\/produkt\/tubiarka-rga-gx45a\/\",\"url\":\"https:\/\/tarpak.pl\/produkt\/tubiarka-rga-gx45a\/\",\"name\":\"Tubiarka RGA-GX45A - TARPAK - Maszyny pakuj\u0105ce | kartoniarki i flowpacki\",\"isPartOf\":{\"@id\":\"https:\/\/tarpak.pl\/#website\"},\"primaryImageOfPage\":{\"@id\":\"https:\/\/tarpak.pl\/produkt\/tubiarka-rga-gx45a\/#primaryimage\"},\"image\":{\"@id\":\"https:\/\/tarpak.pl\/produkt\/tubiarka-rga-gx45a\/#primaryimage\"},\"thumbnailUrl\":\"https:\/\/tarpak.pl\/wp-content\/uploads\/2025\/04\/automatyczna-tubiarka-RGA-GX45A.png\",\"datePublished\":\"2025-04-11T09:48:30+00:00\",\"dateModified\":\"2025-04-11T14:25:55+00:00\",\"description\":\"Tubiarka RGNF-70A - Automatyczna maszyna do zamykania i nape\u0142niania tubek \u2714\ufe0f Redukcja koszt\u00f3w \u2714\ufe0f Elastyczno\u015b\u0107 produkcji \u2714\ufe0f Gwarancja jako\u015bci. Wybierz profesjonalne tubiarki Tarpak! \ud83c\udfed\",\"breadcrumb\":{\"@id\":\"https:\/\/tarpak.pl\/produkt\/tubiarka-rga-gx45a\/#breadcrumb\"},\"inLanguage\":\"de\",\"potentialAction\":[{\"@type\":\"ReadAction\",\"target\":[\"https:\/\/tarpak.pl\/produkt\/tubiarka-rga-gx45a\/\"]}]},{\"@type\":\"ImageObject\",\"inLanguage\":\"de\",\"@id\":\"https:\/\/tarpak.pl\/produkt\/tubiarka-rga-gx45a\/#primaryimage\",\"url\":\"https:\/\/tarpak.pl\/wp-content\/uploads\/2025\/04\/automatyczna-tubiarka-RGA-GX45A.png\",\"contentUrl\":\"https:\/\/tarpak.pl\/wp-content\/uploads\/2025\/04\/automatyczna-tubiarka-RGA-GX45A.png\",\"width\":3840,\"height\":2400,\"caption\":\"automatyczna tubiarka RGA GX45A\"},{\"@type\":\"BreadcrumbList\",\"@id\":\"https:\/\/tarpak.pl\/produkt\/tubiarka-rga-gx45a\/#breadcrumb\",\"itemListElement\":[{\"@type\":\"ListItem\",\"position\":1,\"name\":\"Strona g\u0142\u00f3wna\",\"item\":\"https:\/\/tarpak.pl\/\"},{\"@type\":\"ListItem\",\"position\":2,\"name\":\"Sklep\",\"item\":\"https:\/\/tarpak.pl\/sklep\/\"},{\"@type\":\"ListItem\",\"position\":3,\"name\":\"Tubiarka RGA-GX45A\"}]},{\"@type\":\"WebSite\",\"@id\":\"https:\/\/tarpak.pl\/#website\",\"url\":\"https:\/\/tarpak.pl\/\",\"name\":\"TARPAK - Maszyny pakuj\u0105ce | kartoniarki i flowpacki\",\"description\":\"Maszyny pakuj\u0105ce | kartoniarki i flowpacki\",\"publisher\":{\"@id\":\"https:\/\/tarpak.pl\/#organization\"},\"potentialAction\":[{\"@type\":\"SearchAction\",\"target\":{\"@type\":\"EntryPoint\",\"urlTemplate\":\"https:\/\/tarpak.pl\/?s={search_term_string}\"},\"query-input\":{\"@type\":\"PropertyValueSpecification\",\"valueRequired\":true,\"valueName\":\"search_term_string\"}}],\"inLanguage\":\"de\"},{\"@type\":\"Organization\",\"@id\":\"https:\/\/tarpak.pl\/#organization\",\"name\":\"TARPAK - Maszyny pakuj\u0105ce | kartoniarki i flowpacki\",\"url\":\"https:\/\/tarpak.pl\/\",\"logo\":{\"@type\":\"ImageObject\",\"inLanguage\":\"de\",\"@id\":\"https:\/\/tarpak.pl\/#\/schema\/logo\/image\/\",\"url\":\"https:\/\/tarpak.pl\/wp-content\/uploads\/2024\/10\/logo-main-2.png\",\"contentUrl\":\"https:\/\/tarpak.pl\/wp-content\/uploads\/2024\/10\/logo-main-2.png\",\"width\":140,\"height\":47,\"caption\":\"TARPAK - Maszyny pakuj\u0105ce | kartoniarki i flowpacki\"},\"image\":{\"@id\":\"https:\/\/tarpak.pl\/#\/schema\/logo\/image\/\"}}]}<\/script>\n<!-- \/ Yoast SEO plugin. -->","yoast_head_json":{"title":"Schlauchbeutelmaschine RGA-GX45A - TARPAK - Verpackungsmaschinen | Kartonierer und Flowpacks","description":"Tubenmaschine RGNF-70A - Automatische Maschine zum Verschlie\u00dfen und Bef\u00fcllen von Tuben \u2714\ufe0f Kostenreduzierung \u2714\ufe0f Produktionsflexibilit\u00e4t \u2714\ufe0f Qualit\u00e4tsgarantie. W\u00e4hlen Sie die professionellen Tubenhersteller von Tarpak! \ud83c\udfed","robots":{"index":"index","follow":"follow","max-snippet":"max-snippet:-1","max-image-preview":"max-image-preview:large","max-video-preview":"max-video-preview:-1"},"canonical":"https:\/\/tarpak.pl\/de\/product\/tubiarka-rga-gx45a\/","og_locale":"de_DE","og_type":"article","og_title":"Tubiarka RGA-GX45A - TARPAK - Maszyny pakuj\u0105ce | kartoniarki i flowpacki","og_description":"Tubiarka RGNF-70A - Automatyczna maszyna do zamykania i nape\u0142niania tubek \u2714\ufe0f Redukcja koszt\u00f3w \u2714\ufe0f Elastyczno\u015b\u0107 produkcji \u2714\ufe0f Gwarancja jako\u015bci. Wybierz profesjonalne tubiarki Tarpak! \ud83c\udfed","og_url":"https:\/\/tarpak.pl\/de\/product\/tubiarka-rga-gx45a\/","og_site_name":"TARPAK - Maszyny pakuj\u0105ce | kartoniarki i flowpacki","article_modified_time":"2025-04-11T14:25:55+00:00","og_image":[{"width":3840,"height":2400,"url":"https:\/\/tarpak.pl\/wp-content\/uploads\/2025\/04\/automatyczna-tubiarka-RGA-GX45A.png","type":"image\/png"}],"twitter_card":"summary_large_image","twitter_misc":{"Gesch\u00e4tzte Lesezeit":"2\u00a0Minuten"},"schema":{"@context":"https:\/\/schema.org","@graph":[{"@type":"WebPage","@id":"https:\/\/tarpak.pl\/produkt\/tubiarka-rga-gx45a\/","url":"https:\/\/tarpak.pl\/produkt\/tubiarka-rga-gx45a\/","name":"Schlauchbeutelmaschine RGA-GX45A - TARPAK - Verpackungsmaschinen | Kartonierer und Flowpacks","isPartOf":{"@id":"https:\/\/tarpak.pl\/#website"},"primaryImageOfPage":{"@id":"https:\/\/tarpak.pl\/produkt\/tubiarka-rga-gx45a\/#primaryimage"},"image":{"@id":"https:\/\/tarpak.pl\/produkt\/tubiarka-rga-gx45a\/#primaryimage"},"thumbnailUrl":"https:\/\/tarpak.pl\/wp-content\/uploads\/2025\/04\/automatyczna-tubiarka-RGA-GX45A.png","datePublished":"2025-04-11T09:48:30+00:00","dateModified":"2025-04-11T14:25:55+00:00","description":"Tubenmaschine RGNF-70A - Automatische Maschine zum Verschlie\u00dfen und Bef\u00fcllen von Tuben \u2714\ufe0f Kostenreduzierung \u2714\ufe0f Produktionsflexibilit\u00e4t \u2714\ufe0f Qualit\u00e4tsgarantie. W\u00e4hlen Sie die professionellen Tubenhersteller von Tarpak! \ud83c\udfed","breadcrumb":{"@id":"https:\/\/tarpak.pl\/produkt\/tubiarka-rga-gx45a\/#breadcrumb"},"inLanguage":"de","potentialAction":[{"@type":"ReadAction","target":["https:\/\/tarpak.pl\/produkt\/tubiarka-rga-gx45a\/"]}]},{"@type":"ImageObject","inLanguage":"de","@id":"https:\/\/tarpak.pl\/produkt\/tubiarka-rga-gx45a\/#primaryimage","url":"https:\/\/tarpak.pl\/wp-content\/uploads\/2025\/04\/automatyczna-tubiarka-RGA-GX45A.png","contentUrl":"https:\/\/tarpak.pl\/wp-content\/uploads\/2025\/04\/automatyczna-tubiarka-RGA-GX45A.png","width":3840,"height":2400,"caption":"automatyczna tubiarka RGA GX45A"},{"@type":"BreadcrumbList","@id":"https:\/\/tarpak.pl\/produkt\/tubiarka-rga-gx45a\/#breadcrumb","itemListElement":[{"@type":"ListItem","position":1,"name":"Strona g\u0142\u00f3wna","item":"https:\/\/tarpak.pl\/"},{"@type":"ListItem","position":2,"name":"Sklep","item":"https:\/\/tarpak.pl\/sklep\/"},{"@type":"ListItem","position":3,"name":"Tubiarka RGA-GX45A"}]},{"@type":"WebSite","@id":"https:\/\/tarpak.pl\/#website","url":"https:\/\/tarpak.pl\/","name":"TARPAK - Verpackungsmaschinen | Kartonierer und Flowpacks","description":"Verpackungsmaschinen | Kartonierer und Flowpacks","publisher":{"@id":"https:\/\/tarpak.pl\/#organization"},"potentialAction":[{"@type":"SearchAction","target":{"@type":"EntryPoint","urlTemplate":"https:\/\/tarpak.pl\/?s={search_term_string}"},"query-input":{"@type":"PropertyValueSpecification","valueRequired":true,"valueName":"search_term_string"}}],"inLanguage":"de"},{"@type":"Organization","@id":"https:\/\/tarpak.pl\/#organization","name":"TARPAK - Verpackungsmaschinen | Kartonierer und Flowpacks","url":"https:\/\/tarpak.pl\/","logo":{"@type":"ImageObject","inLanguage":"de","@id":"https:\/\/tarpak.pl\/#\/schema\/logo\/image\/","url":"https:\/\/tarpak.pl\/wp-content\/uploads\/2024\/10\/logo-main-2.png","contentUrl":"https:\/\/tarpak.pl\/wp-content\/uploads\/2024\/10\/logo-main-2.png","width":140,"height":47,"caption":"TARPAK - Maszyny pakuj\u0105ce | kartoniarki i flowpacki"},"image":{"@id":"https:\/\/tarpak.pl\/#\/schema\/logo\/image\/"}}]}},"_links":{"self":[{"href":"https:\/\/tarpak.pl\/de\/wp-json\/wp\/v2\/product\/4548"}],"collection":[{"href":"https:\/\/tarpak.pl\/de\/wp-json\/wp\/v2\/product"}],"about":[{"href":"https:\/\/tarpak.pl\/de\/wp-json\/wp\/v2\/types\/product"}],"version-history":[{"count":0,"href":"https:\/\/tarpak.pl\/de\/wp-json\/wp\/v2\/product\/4548\/revisions"}],"wp:featuredmedia":[{"embeddable":true,"href":"https:\/\/tarpak.pl\/de\/wp-json\/wp\/v2\/media\/4549"}],"wp:attachment":[{"href":"https:\/\/tarpak.pl\/de\/wp-json\/wp\/v2\/media?parent=4548"}],"wp:term":[{"taxonomy":"product_cat","embeddable":true,"href":"https:\/\/tarpak.pl\/de\/wp-json\/wp\/v2\/product_cat?post=4548"},{"taxonomy":"product_tag","embeddable":true,"href":"https:\/\/tarpak.pl\/de\/wp-json\/wp\/v2\/product_tag?post=4548"}],"curies":[{"name":"wp","href":"https:\/\/api.w.org\/{rel}","templated":true}]}}