{"id":4505,"date":"2025-04-11T09:39:43","date_gmt":"2025-04-11T07:39:43","guid":{"rendered":"https:\/\/tarpak.pl\/?post_type=product&#038;p=4505"},"modified":"2025-04-11T16:31:18","modified_gmt":"2025-04-11T14:31:18","slug":"tubiarka-rgnf-70a","status":"publish","type":"product","link":"https:\/\/tarpak.pl\/de\/product\/tubiarka-rgnf-70a\/","title":{"rendered":"Knolle RGNF-70A"},"content":{"rendered":"<div class=\"medium_title\">\n<h3>Tubenf\u00fcll- und Verschlie\u00dfmaschine - Technik und Funktionalit\u00e4t in einem<\/h3>\n<\/div>\n<p class=\"my-0\">Die RGNF-70A ist eine hochmoderne automatische Tubenmaschine, die f\u00fcr den gesamten Produktionsprozess von Kunststofftuben ausgelegt ist. Die Maschine f\u00fchrt den gesamten Produktionszyklus durch, einschlie\u00dflich Zuf\u00fchrung und Waschen der Tuben, Kennzeichnung, Bef\u00fcllung, Hei\u00dfluftversiegelung, Codierung, Abschneiden und Auswerfen der fertigen Tuben.<span class=\"whitespace-nowrap\">.<\/span>\u00a0Alle diese Prozesse werden durch ein fortschrittliches automatisches Kontrollsystem gesteuert, das die Zuverl\u00e4ssigkeit und Wiederholbarkeit der Prozesse gew\u00e4hrleistet.<\/p>\n<p class=\"my-0\">Der Tube Maker ist mit einem Direktanschluss-F\u00fcllkopf ausgestattet, der die F\u00fcllgenauigkeit deutlich erh\u00f6ht und besonders f\u00fcr hochviskose Produkte geeignet ist.<span class=\"whitespace-nowrap\"><span class=\"mr-[2px] citation ml-xs inline\" data-state=\"closed\" aria-label=\"\"><span class=\"relative select-none align-middle cursor-pointer -top-px default font-sans text-base text-textMain dark:text-textMainDark selection:bg-super\/50 selection:text-textMain dark:selection:bg-superDuper\/10 dark:selection:text-superDark\"><span class=\"hover:bg-super dark:hover:bg-superDark dark:hover:text-backgroundDark min-w-[1rem] rounded-[0.3125rem] px-[0.3rem] text-center align-middle font-mono text-[0.6rem] tabular-nums hover:text-white py-[0.1875rem] border-borderMain\/50 ring-borderMain\/50 divide-borderMain\/50 dark:divide-borderMainDark\/50 dark:ring-borderMainDark\/50 dark:border-borderMainDark\/50 bg-offsetPlus dark:bg-offsetPlusDark\">1<\/span><\/span><\/span>.<\/span>\u00a0Der ger\u00e4umige 40-Liter-Tank erm\u00f6glicht einen langfristigen Betrieb ohne h\u00e4ufiges Nachf\u00fcllen.<\/p>\n<p class=\"my-0\">Der RGNF-70A verarbeitet eine Vielzahl von R\u00f6hrchengr\u00f6\u00dfen - von 10 bis 40 mm Durchmesser und bis zu 210 mm L\u00e4nge, mit F\u00fcllvolumina von 5 bis 400 ml.<span class=\"whitespace-nowrap\"><span class=\"mr-[2px] citation ml-xs inline\" data-state=\"closed\" aria-label=\"\"><span class=\"relative select-none align-middle cursor-pointer -top-px default font-sans text-base text-textMain dark:text-textMainDark selection:bg-super\/50 selection:text-textMain dark:selection:bg-superDuper\/10 dark:selection:text-superDark\"><span class=\"hover:bg-super dark:hover:bg-superDark dark:hover:text-backgroundDark min-w-[1rem] rounded-[0.3125rem] px-[0.3rem] text-center align-middle font-mono text-[0.6rem] tabular-nums hover:text-white py-[0.1875rem] border-borderMain\/50 ring-borderMain\/50 divide-borderMain\/50 dark:divide-borderMainDark\/50 dark:ring-borderMainDark\/50 dark:border-borderMainDark\/50 bg-offsetPlus dark:bg-offsetPlusDark\">1<\/span><\/span><\/span>.<\/span>\u00a0Diese Vielseitigkeit macht es ideal f\u00fcr eine Vielzahl von Anwendungen in der Kosmetik-, Pharma- und Lebensmittelindustrie.<\/p>\n<p class=\"my-0\">Die Maschine wurde im Hinblick auf die Sicherheit des Bedieners entwickelt - sie verf\u00fcgt \u00fcber eine automatische Abschaltung bei ge\u00f6ffneter T\u00fcr und einen Schutz gegen das Bef\u00fcllen ohne Schlauch.<span class=\"whitespace-nowrap\"><span class=\"mr-[2px] citation ml-xs inline\" data-state=\"closed\" aria-label=\"\"><span class=\"relative select-none align-middle cursor-pointer -top-px default font-sans text-base text-textMain dark:text-textMainDark selection:bg-super\/50 selection:text-textMain dark:selection:bg-superDuper\/10 dark:selection:text-superDark\"><span class=\"hover:bg-super dark:hover:bg-superDark dark:hover:text-backgroundDark min-w-[1rem] rounded-[0.3125rem] px-[0.3rem] text-center align-middle font-mono text-[0.6rem] tabular-nums hover:text-white py-[0.1875rem] border-borderMain\/50 ring-borderMain\/50 divide-borderMain\/50 dark:divide-borderMainDark\/50 dark:ring-borderMainDark\/50 dark:border-borderMainDark\/50 bg-offsetPlus dark:bg-offsetPlusDark\">1<\/span><\/span><\/span>.<\/span>\u00a0Dar\u00fcber hinaus verf\u00fcgt er \u00fcber einen \u00dcberlastungsschutz, der die Lebensdauer des Ger\u00e4ts erh\u00f6ht.<\/p>\n<div class=\"elementor-divider\"><img decoding=\"async\" class=\"size-full wp-image-3402\" title=\"Punkttrennzeichen\" src=\"https:\/\/tarpak.pl\/wp-content\/uploads\/2024\/11\/separator_dot.png\" alt=\"Punkttrennzeichen\" width=\"184\" height=\"50\" \/><\/div>\n<div class=\"medium_title\">\n<h3>Wesentliche Merkmale<\/h3>\n<\/div>\n<ul>\n<li>Hohe F\u00fcllgenauigkeit: \u2264\u00b11%<\/li>\n<li class=\"my-0\">Einstellbare Kapazit\u00e4t: 1800-4200 R\u00f6hren pro Stunde<\/li>\n<li class=\"my-0\">Handhabung von Rohren mit einem Durchmesser von 10-50 mm und einer L\u00e4nge von bis zu 230 mm<\/li>\n<li class=\"my-0\">F\u00fcllvolumen: 5-400 ml<\/li>\n<li class=\"my-0\">Fassungsverm\u00f6gen des Tanks: 40 Liter<\/li>\n<li class=\"my-0\">F\u00fcllkopf mit Direktanschluss f\u00fcr hohe Pr\u00e4zision<\/li>\n<li class=\"my-0\">Kompletter Produktionszyklus: von der Rohrzuf\u00fchrung bis zum fertigen Produkt<\/li>\n<li class=\"my-0\">Erweiterte Sicherheitsfunktionen<span class=\"citation ml-xs inline\" data-state=\"closed\" aria-label=\"\"><span class=\"relative select-none align-middle cursor-pointer -top-px default font-sans text-base text-textMain dark:text-textMainDark selection:bg-super\/50 selection:text-textMain dark:selection:bg-superDuper\/10 dark:selection:text-superDark\"><span class=\"hover:bg-super dark:hover:bg-superDark dark:hover:text-backgroundDark min-w-[1rem] rounded-[0.3125rem] px-[0.3rem] text-center align-middle font-mono text-[0.6rem] tabular-nums hover:text-white py-[0.1875rem] border-borderMain\/50 ring-borderMain\/50 divide-borderMain\/50 dark:divide-borderMainDark\/50 dark:ring-borderMainDark\/50 dark:border-borderMainDark\/50 bg-offsetPlus dark:bg-offsetPlusDark\">1<\/span><\/span><\/span><\/li>\n<li class=\"my-0\">Druckluft: 0,6-0,8 MPa<\/li>\n<li class=\"my-0\">Leistung: 7 kW<\/li>\n<li class=\"my-0\">Kompakte Abmessungen: 2340\u00d71180\u00d72250 mm (TxSxB)<\/li>\n<li class=\"my-0\">Gewicht: ca. 1500 kg<\/li>\n<\/ul>\n<p><img decoding=\"async\" class=\"size-full wp-image-3402\" title=\"Punkttrennzeichen\" src=\"https:\/\/tarpak.pl\/wp-content\/uploads\/2024\/11\/separator_dot.png\" alt=\"Punkttrennzeichen\" width=\"184\" height=\"50\" \/><\/p>\n<h3>Vorteile f\u00fcr Ihr Unternehmen<\/h3>\n<ul class=\"marker:text-textOff list-disc\">\n<li>\n<p class=\"my-0\">Gesteigerte Produktionseffizienz durch Automatisierung des gesamten Tubenf\u00fcll- und Verschlie\u00dfprozesses<\/p>\n<\/li>\n<li>\n<p class=\"my-0\">Eliminierung menschlicher Fehler und Gew\u00e4hrleistung gleichbleibender Produktqualit\u00e4t durch hochpr\u00e4zise Abf\u00fcllung<\/p>\n<\/li>\n<li>\n<p class=\"my-0\">Minimierte Materialverluste dank einer Dosiergenauigkeit von \u2264\u00b11%<\/p>\n<\/li>\n<li>\n<p class=\"my-0\">Zeit- und Arbeitskosteneinsparungen durch automatisierten Prozess von der Schlauchzuf\u00fchrung bis zum fertigen Produkt<\/p>\n<\/li>\n<li>\n<p class=\"my-0\">Vielseitig in der Anwendung - kann mit verschiedenen Produkttypen und Rohrgr\u00f6\u00dfen arbeiten<\/p>\n<\/li>\n<li>\n<p class=\"my-0\">Einfache Bedienung und Wartung dank durchdachter Konstruktion<\/p>\n<\/li>\n<li>\n<p class=\"my-0\">Bedienersicherheit und Ger\u00e4teschutz mit erweiterten Sicherheitsfunktionen<\/p>\n<\/li>\n<li>\n<p class=\"my-0\">Zuverl\u00e4ssigkeit und Langlebigkeit f\u00fcr den dauerhaften Einsatz<\/p>\n<\/li>\n<\/ul>\n<p><img decoding=\"async\" class=\"size-full wp-image-3402\" title=\"Punkttrennzeichen\" src=\"https:\/\/tarpak.pl\/wp-content\/uploads\/2024\/11\/separator_dot.png\" alt=\"Punkttrennzeichen\" width=\"184\" height=\"50\" \/><\/p>\n<h3>Beispiele f\u00fcr L\u00f6sungen<\/h3>\n<p>Der RGNF-70A Tube Maker kann mit einer Reihe von zus\u00e4tzlichen Modulen und Funktionen ausgestattet werden, um die Maschine an spezifische Produktionsanforderungen anzupassen:<\/p>\n<h4 class=\"mb-xs mt-5 text-base font-[525] first:mt-3\">Kosmetische Industrie<\/h4>\n<ul class=\"marker:text-textOff list-disc\">\n<li>\n<p class=\"my-0\">Bef\u00fcllung von Tuben mit Gesichts- und K\u00f6rpercremes<\/p>\n<\/li>\n<li>\n<p class=\"my-0\">Dosierung von Masken, Peelings und anderen Hautpflegeprodukten<\/p>\n<\/li>\n<li>\n<p class=\"my-0\">Verpackung von Haarsp\u00fclungen und Haarmasken<\/p>\n<\/li>\n<\/ul>\n<h4 class=\"mb-xs mt-5 text-base font-[525] first:mt-3\">Pharmazeutische Industrie<\/h4>\n<ul class=\"marker:text-textOff list-disc\">\n<li>\n<p class=\"my-0\">Herstellung von medizinischen Salben und Cremes<\/p>\n<\/li>\n<li>\n<p class=\"my-0\">Verpackung von schmerzstillenden und entz\u00fcndungshemmenden Gelen<\/p>\n<\/li>\n<li>\n<p class=\"my-0\">Dosierung von dermatologischen Pr\u00e4paraten<\/p>\n<\/li>\n<\/ul>\n<h4 class=\"mb-xs mt-5 text-base font-[525] first:mt-3\">Lebensmittelindustrie<\/h4>\n<ul class=\"marker:text-textOff list-disc\">\n<li>\n<p class=\"my-0\">Bef\u00fcllung von Tuben mit Aromapasten und -konzentraten<\/p>\n<\/li>\n<li>\n<p class=\"my-0\">Verpackung von Saucen und kulinarischen Zusatzstoffen<\/p>\n<\/li>\n<li>\n<p class=\"my-0\">Dosierung von hochviskosen Produkten<\/p>\n<\/li>\n<\/ul>\n<h4 class=\"mb-xs mt-5 text-base font-[525] first:mt-3\">Haushaltschemische Industrie<\/h4>\n<ul>\n<li class=\"my-0\">Herstellung von Reinigungspasten<\/li>\n<li class=\"my-0\">Verpackung von Klebstoffen, Silikonen und anderen technischen Produkten<\/li>\n<li class=\"my-0\">Dosierung der Zahnpasta<\/li>\n<\/ul>\n<p><img decoding=\"async\" class=\"size-full wp-image-3402\" title=\"Punkttrennzeichen\" src=\"https:\/\/tarpak.pl\/wp-content\/uploads\/2024\/11\/separator_dot.png\" alt=\"Punkttrennzeichen\" width=\"184\" height=\"50\" \/><\/p>\n<h3>Warum sollten Sie sich f\u00fcr Tarpak-Schlauchmaschinen entscheiden?<\/h3>\n<p>Wenn Sie sich f\u00fcr Tubenmaschinenl\u00f6sungen des polnischen Verpackungsmaschinenherstellers Tarpak entscheiden, profitieren Sie:<\/p>\n<ul class=\"marker:text-textOff list-disc\">\n<li>\n<p class=\"my-0\"><strong>Lokaler Service und technische Unterst\u00fctzung<\/strong>\u00a0- schnelle Reaktion und Unterst\u00fctzung im ganzen Land<\/p>\n<\/li>\n<li>\n<p class=\"my-0\"><strong>Erfahrung in der Industrie<\/strong>\u00a0- Langj\u00e4hrige Pr\u00e4senz auf dem Markt und Spezialisierung auf Verpackungsmaschinen<\/p>\n<\/li>\n<li>\n<p class=\"my-0\"><strong>Wettbewerbsf\u00e4hige Preise<\/strong> - Preis-Leistungs-Verh\u00e4ltnis<\/p>\n<\/li>\n<li>\n<p class=\"my-0\"><strong>Anpassbare L\u00f6sungen<\/strong>\u00a0- Anpassung der Maschinen an spezifische Kundenbed\u00fcrfnisse<\/p>\n<\/li>\n<li>\n<p class=\"my-0\"><strong>Ein qualifiziertes Team<\/strong>\u00a0- professionelle Beratung und Service in jeder Phase der Zusammenarbeit<\/p>\n<\/li>\n<li>\n<p class=\"my-0\"><strong>Innovative L\u00f6sungen<\/strong>\u00a0- modernste Technologie zur Gew\u00e4hrleistung von Zuverl\u00e4ssigkeit und Pr\u00e4zision<\/p>\n<\/li>\n<\/ul>\n<p>Tarpak ist ein Traditionsunternehmen, das seit 2005 auf dem Markt t\u00e4tig ist und sich als renommierter Hersteller von Verpackungsmaschinen etabliert hat. Wenn Sie sich f\u00fcr Schlauchbeutelmaschinen dieser Marke entscheiden, erhalten Sie nicht nur eine qualitativ hochwertige Maschine, sondern auch umfassende Unterst\u00fctzung in jeder Phase der Zusammenarbeit<span class=\"whitespace-nowrap\">.<\/span><\/p>\n<p>Das Unternehmen bietet einen umfassenden Service - von der Lieferung der Maschine \u00fcber die Installation und die Schulung des Personals bis hin zur Bereitstellung eines effizienten Kundendienstes. Mit einem qualifizierten und erfahrenen Team bietet Tarpak auch die Anpassung von Maschinenkonfigurationen an die individuellen Bed\u00fcrfnisse jedes Kunden.<span class=\"whitespace-nowrap\">.<\/span><\/p>\n<p>Die Schlauchbeutelmaschinen von Tarpak zeichnen sich auf dem Markt durch ihre Zuverl\u00e4ssigkeit und pr\u00e4zise Arbeitsweise aus, was sich in einer langen Lebensdauer der Maschinen und einer hohen Qualit\u00e4t der verpackten Produkte niederschl\u00e4gt. Das Unternehmen setzt auf innovative L\u00f6sungen, damit seine Maschinen immer den neuesten Trends in der Automatisierung von Verpackungsprozessen entsprechen<span class=\"whitespace-nowrap\">.<\/span><\/p>","protected":false},"excerpt":{"rendered":"<p>Der RGNF-70A Tubenf\u00fcller ist eine fortschrittliche Maschine zum automatischen Bef\u00fcllen und Verschlie\u00dfen von Kunststofftuben, die f\u00fcr hohe Produktivit\u00e4t und Pr\u00e4zision ausgelegt ist. Die Maschine f\u00fcllt reibungslos und pr\u00e4zise eine Vielzahl von Materialien wie Pasten, Salben und viskose Fl\u00fcssigkeiten ab und kann sich an unterschiedliche Tubengr\u00f6\u00dfen anpassen. Mit einer Kapazit\u00e4t von bis zu 4.200 Tuben pro Stunde und einer F\u00fcllgenauigkeit von \u2264\u00b11% ist die RGNF-70A die optimale L\u00f6sung f\u00fcr Unternehmen, die ein zuverl\u00e4ssiges automatisches Tubenf\u00fcllsystem suchen.<\/p>","protected":false},"featured_media":4506,"template":"","meta":{"_bst_post_transparent":"default","_bst_post_title":"","_bst_post_layout":"default","_bst_post_sidebar_id":"","_bst_post_content_style":"default","_bst_post_vertical_padding":"default","_bst_post_feature":"","_bst_post_feature_position":"","_bst_post_header":false,"_bst_post_footer":false},"product_cat":[203],"product_tag":[],"class_list":{"0":"post-4505","1":"product","2":"type-product","3":"status-publish","4":"has-post-thumbnail","6":"product_cat-tubiarki","8":"first","9":"onbackorder","10":"sold-individually","11":"taxable","12":"shipping-taxable","13":"product-type-simple","14":"entry","15":"content-bg","16":"loop-entry"},"yoast_head":"<!-- This site is optimized with the Yoast SEO plugin v24.3 - https:\/\/yoast.com\/wordpress\/plugins\/seo\/ -->\n<title>Tubiarka RGNF-70A - TARPAK - Maszyny pakuj\u0105ce | kartoniarki i flowpacki<\/title>\n<meta name=\"description\" content=\"Tubiarka RGNF-70A - Automatyczna maszyna do zamykania i nape\u0142niania tubek \u2714\ufe0f Redukcja koszt\u00f3w \u2714\ufe0f Elastyczno\u015b\u0107 produkcji \u2714\ufe0f Gwarancja jako\u015bci. Wybierz profesjonalne tubiarki Tarpak! \ud83c\udfed\" \/>\n<meta name=\"robots\" content=\"index, follow, max-snippet:-1, max-image-preview:large, max-video-preview:-1\" \/>\n<link rel=\"canonical\" href=\"https:\/\/tarpak.pl\/de\/product\/tubiarka-rgnf-70a\/\" \/>\n<meta property=\"og:locale\" content=\"de_DE\" \/>\n<meta property=\"og:type\" content=\"article\" \/>\n<meta property=\"og:title\" content=\"Tubiarka RGNF-70A - TARPAK - Maszyny pakuj\u0105ce | kartoniarki i flowpacki\" \/>\n<meta property=\"og:description\" content=\"Tubiarka RGNF-70A - Automatyczna maszyna do zamykania i nape\u0142niania tubek \u2714\ufe0f Redukcja koszt\u00f3w \u2714\ufe0f Elastyczno\u015b\u0107 produkcji \u2714\ufe0f Gwarancja jako\u015bci. Wybierz profesjonalne tubiarki Tarpak! \ud83c\udfed\" \/>\n<meta property=\"og:url\" content=\"https:\/\/tarpak.pl\/de\/product\/tubiarka-rgnf-70a\/\" \/>\n<meta property=\"og:site_name\" content=\"TARPAK - Maszyny pakuj\u0105ce | kartoniarki i flowpacki\" \/>\n<meta property=\"article:modified_time\" content=\"2025-04-11T14:31:18+00:00\" \/>\n<meta property=\"og:image\" content=\"https:\/\/tarpak.pl\/wp-content\/uploads\/2025\/04\/Tubiarka-i-zamykarka-do-tub-RGNF-70-1024x640.png\" \/>\n\t<meta property=\"og:image:width\" content=\"1024\" \/>\n\t<meta property=\"og:image:height\" content=\"640\" \/>\n\t<meta property=\"og:image:type\" content=\"image\/png\" \/>\n<meta name=\"twitter:card\" content=\"summary_large_image\" \/>\n<meta name=\"twitter:label1\" content=\"Gesch\u00e4tzte Lesezeit\" \/>\n\t<meta name=\"twitter:data1\" content=\"2\u00a0Minuten\" \/>\n<script type=\"application\/ld+json\" class=\"yoast-schema-graph\">{\"@context\":\"https:\/\/schema.org\",\"@graph\":[{\"@type\":\"WebPage\",\"@id\":\"https:\/\/tarpak.pl\/produkt\/tubiarka-rgnf-70a\/\",\"url\":\"https:\/\/tarpak.pl\/produkt\/tubiarka-rgnf-70a\/\",\"name\":\"Tubiarka RGNF-70A - TARPAK - Maszyny pakuj\u0105ce | kartoniarki i flowpacki\",\"isPartOf\":{\"@id\":\"https:\/\/tarpak.pl\/#website\"},\"primaryImageOfPage\":{\"@id\":\"https:\/\/tarpak.pl\/produkt\/tubiarka-rgnf-70a\/#primaryimage\"},\"image\":{\"@id\":\"https:\/\/tarpak.pl\/produkt\/tubiarka-rgnf-70a\/#primaryimage\"},\"thumbnailUrl\":\"https:\/\/tarpak.pl\/wp-content\/uploads\/2025\/04\/Tubiarka-i-zamykarka-do-tub-RGNF-70.png\",\"datePublished\":\"2025-04-11T07:39:43+00:00\",\"dateModified\":\"2025-04-11T14:31:18+00:00\",\"description\":\"Tubiarka RGNF-70A - Automatyczna maszyna do zamykania i nape\u0142niania tubek \u2714\ufe0f Redukcja koszt\u00f3w \u2714\ufe0f Elastyczno\u015b\u0107 produkcji \u2714\ufe0f Gwarancja jako\u015bci. Wybierz profesjonalne tubiarki Tarpak! \ud83c\udfed\",\"breadcrumb\":{\"@id\":\"https:\/\/tarpak.pl\/produkt\/tubiarka-rgnf-70a\/#breadcrumb\"},\"inLanguage\":\"de\",\"potentialAction\":[{\"@type\":\"ReadAction\",\"target\":[\"https:\/\/tarpak.pl\/produkt\/tubiarka-rgnf-70a\/\"]}]},{\"@type\":\"ImageObject\",\"inLanguage\":\"de\",\"@id\":\"https:\/\/tarpak.pl\/produkt\/tubiarka-rgnf-70a\/#primaryimage\",\"url\":\"https:\/\/tarpak.pl\/wp-content\/uploads\/2025\/04\/Tubiarka-i-zamykarka-do-tub-RGNF-70.png\",\"contentUrl\":\"https:\/\/tarpak.pl\/wp-content\/uploads\/2025\/04\/Tubiarka-i-zamykarka-do-tub-RGNF-70.png\",\"width\":3840,\"height\":2400,\"caption\":\"Tubiarka\u00a0 i zamykarka do tub RGNF 70\"},{\"@type\":\"BreadcrumbList\",\"@id\":\"https:\/\/tarpak.pl\/produkt\/tubiarka-rgnf-70a\/#breadcrumb\",\"itemListElement\":[{\"@type\":\"ListItem\",\"position\":1,\"name\":\"Strona g\u0142\u00f3wna\",\"item\":\"https:\/\/tarpak.pl\/\"},{\"@type\":\"ListItem\",\"position\":2,\"name\":\"Sklep\",\"item\":\"https:\/\/tarpak.pl\/sklep\/\"},{\"@type\":\"ListItem\",\"position\":3,\"name\":\"Tubiarka RGNF-70A\"}]},{\"@type\":\"WebSite\",\"@id\":\"https:\/\/tarpak.pl\/#website\",\"url\":\"https:\/\/tarpak.pl\/\",\"name\":\"TARPAK - Maszyny pakuj\u0105ce | kartoniarki i flowpacki\",\"description\":\"Maszyny pakuj\u0105ce | kartoniarki i flowpacki\",\"publisher\":{\"@id\":\"https:\/\/tarpak.pl\/#organization\"},\"potentialAction\":[{\"@type\":\"SearchAction\",\"target\":{\"@type\":\"EntryPoint\",\"urlTemplate\":\"https:\/\/tarpak.pl\/?s={search_term_string}\"},\"query-input\":{\"@type\":\"PropertyValueSpecification\",\"valueRequired\":true,\"valueName\":\"search_term_string\"}}],\"inLanguage\":\"de\"},{\"@type\":\"Organization\",\"@id\":\"https:\/\/tarpak.pl\/#organization\",\"name\":\"TARPAK - Maszyny pakuj\u0105ce | kartoniarki i flowpacki\",\"url\":\"https:\/\/tarpak.pl\/\",\"logo\":{\"@type\":\"ImageObject\",\"inLanguage\":\"de\",\"@id\":\"https:\/\/tarpak.pl\/#\/schema\/logo\/image\/\",\"url\":\"https:\/\/tarpak.pl\/wp-content\/uploads\/2024\/10\/logo-main-2.png\",\"contentUrl\":\"https:\/\/tarpak.pl\/wp-content\/uploads\/2024\/10\/logo-main-2.png\",\"width\":140,\"height\":47,\"caption\":\"TARPAK - Maszyny pakuj\u0105ce | kartoniarki i flowpacki\"},\"image\":{\"@id\":\"https:\/\/tarpak.pl\/#\/schema\/logo\/image\/\"}}]}<\/script>\n<!-- \/ Yoast SEO plugin. -->","yoast_head_json":{"title":"Schlauchbeutelmaschine RGNF-70A - TARPAK - Verpackungsmaschinen | Kartonierer und Flowpacks","description":"Tubenmaschine RGNF-70A - Automatische Maschine zum Verschlie\u00dfen und Bef\u00fcllen von Tuben \u2714\ufe0f Kostenreduzierung \u2714\ufe0f Produktionsflexibilit\u00e4t \u2714\ufe0f Qualit\u00e4tsgarantie. W\u00e4hlen Sie die professionellen Tubenhersteller von Tarpak! \ud83c\udfed","robots":{"index":"index","follow":"follow","max-snippet":"max-snippet:-1","max-image-preview":"max-image-preview:large","max-video-preview":"max-video-preview:-1"},"canonical":"https:\/\/tarpak.pl\/de\/product\/tubiarka-rgnf-70a\/","og_locale":"de_DE","og_type":"article","og_title":"Tubiarka RGNF-70A - TARPAK - Maszyny pakuj\u0105ce | kartoniarki i flowpacki","og_description":"Tubiarka RGNF-70A - Automatyczna maszyna do zamykania i nape\u0142niania tubek \u2714\ufe0f Redukcja koszt\u00f3w \u2714\ufe0f Elastyczno\u015b\u0107 produkcji \u2714\ufe0f Gwarancja jako\u015bci. Wybierz profesjonalne tubiarki Tarpak! \ud83c\udfed","og_url":"https:\/\/tarpak.pl\/de\/product\/tubiarka-rgnf-70a\/","og_site_name":"TARPAK - Maszyny pakuj\u0105ce | kartoniarki i flowpacki","article_modified_time":"2025-04-11T14:31:18+00:00","og_image":[{"width":1024,"height":640,"url":"https:\/\/tarpak.pl\/wp-content\/uploads\/2025\/04\/Tubiarka-i-zamykarka-do-tub-RGNF-70-1024x640.png","type":"image\/png"}],"twitter_card":"summary_large_image","twitter_misc":{"Gesch\u00e4tzte Lesezeit":"2\u00a0Minuten"},"schema":{"@context":"https:\/\/schema.org","@graph":[{"@type":"WebPage","@id":"https:\/\/tarpak.pl\/produkt\/tubiarka-rgnf-70a\/","url":"https:\/\/tarpak.pl\/produkt\/tubiarka-rgnf-70a\/","name":"Schlauchbeutelmaschine RGNF-70A - TARPAK - Verpackungsmaschinen | Kartonierer und Flowpacks","isPartOf":{"@id":"https:\/\/tarpak.pl\/#website"},"primaryImageOfPage":{"@id":"https:\/\/tarpak.pl\/produkt\/tubiarka-rgnf-70a\/#primaryimage"},"image":{"@id":"https:\/\/tarpak.pl\/produkt\/tubiarka-rgnf-70a\/#primaryimage"},"thumbnailUrl":"https:\/\/tarpak.pl\/wp-content\/uploads\/2025\/04\/Tubiarka-i-zamykarka-do-tub-RGNF-70.png","datePublished":"2025-04-11T07:39:43+00:00","dateModified":"2025-04-11T14:31:18+00:00","description":"Tubenmaschine RGNF-70A - Automatische Maschine zum Verschlie\u00dfen und Bef\u00fcllen von Tuben \u2714\ufe0f Kostenreduzierung \u2714\ufe0f Produktionsflexibilit\u00e4t \u2714\ufe0f Qualit\u00e4tsgarantie. W\u00e4hlen Sie die professionellen Tubenhersteller von Tarpak! \ud83c\udfed","breadcrumb":{"@id":"https:\/\/tarpak.pl\/produkt\/tubiarka-rgnf-70a\/#breadcrumb"},"inLanguage":"de","potentialAction":[{"@type":"ReadAction","target":["https:\/\/tarpak.pl\/produkt\/tubiarka-rgnf-70a\/"]}]},{"@type":"ImageObject","inLanguage":"de","@id":"https:\/\/tarpak.pl\/produkt\/tubiarka-rgnf-70a\/#primaryimage","url":"https:\/\/tarpak.pl\/wp-content\/uploads\/2025\/04\/Tubiarka-i-zamykarka-do-tub-RGNF-70.png","contentUrl":"https:\/\/tarpak.pl\/wp-content\/uploads\/2025\/04\/Tubiarka-i-zamykarka-do-tub-RGNF-70.png","width":3840,"height":2400,"caption":"Tubiarka\u00a0 i zamykarka do tub RGNF 70"},{"@type":"BreadcrumbList","@id":"https:\/\/tarpak.pl\/produkt\/tubiarka-rgnf-70a\/#breadcrumb","itemListElement":[{"@type":"ListItem","position":1,"name":"Strona g\u0142\u00f3wna","item":"https:\/\/tarpak.pl\/"},{"@type":"ListItem","position":2,"name":"Sklep","item":"https:\/\/tarpak.pl\/sklep\/"},{"@type":"ListItem","position":3,"name":"Tubiarka RGNF-70A"}]},{"@type":"WebSite","@id":"https:\/\/tarpak.pl\/#website","url":"https:\/\/tarpak.pl\/","name":"TARPAK - Verpackungsmaschinen | Kartonierer und Flowpacks","description":"Verpackungsmaschinen | Kartonierer und Flowpacks","publisher":{"@id":"https:\/\/tarpak.pl\/#organization"},"potentialAction":[{"@type":"SearchAction","target":{"@type":"EntryPoint","urlTemplate":"https:\/\/tarpak.pl\/?s={search_term_string}"},"query-input":{"@type":"PropertyValueSpecification","valueRequired":true,"valueName":"search_term_string"}}],"inLanguage":"de"},{"@type":"Organization","@id":"https:\/\/tarpak.pl\/#organization","name":"TARPAK - Verpackungsmaschinen | Kartonierer und Flowpacks","url":"https:\/\/tarpak.pl\/","logo":{"@type":"ImageObject","inLanguage":"de","@id":"https:\/\/tarpak.pl\/#\/schema\/logo\/image\/","url":"https:\/\/tarpak.pl\/wp-content\/uploads\/2024\/10\/logo-main-2.png","contentUrl":"https:\/\/tarpak.pl\/wp-content\/uploads\/2024\/10\/logo-main-2.png","width":140,"height":47,"caption":"TARPAK - Maszyny pakuj\u0105ce | kartoniarki i flowpacki"},"image":{"@id":"https:\/\/tarpak.pl\/#\/schema\/logo\/image\/"}}]}},"_links":{"self":[{"href":"https:\/\/tarpak.pl\/de\/wp-json\/wp\/v2\/product\/4505"}],"collection":[{"href":"https:\/\/tarpak.pl\/de\/wp-json\/wp\/v2\/product"}],"about":[{"href":"https:\/\/tarpak.pl\/de\/wp-json\/wp\/v2\/types\/product"}],"version-history":[{"count":0,"href":"https:\/\/tarpak.pl\/de\/wp-json\/wp\/v2\/product\/4505\/revisions"}],"wp:featuredmedia":[{"embeddable":true,"href":"https:\/\/tarpak.pl\/de\/wp-json\/wp\/v2\/media\/4506"}],"wp:attachment":[{"href":"https:\/\/tarpak.pl\/de\/wp-json\/wp\/v2\/media?parent=4505"}],"wp:term":[{"taxonomy":"product_cat","embeddable":true,"href":"https:\/\/tarpak.pl\/de\/wp-json\/wp\/v2\/product_cat?post=4505"},{"taxonomy":"product_tag","embeddable":true,"href":"https:\/\/tarpak.pl\/de\/wp-json\/wp\/v2\/product_tag?post=4505"}],"curies":[{"name":"wp","href":"https:\/\/api.w.org\/{rel}","templated":true}]}}