{"id":4496,"date":"2025-04-10T13:45:54","date_gmt":"2025-04-10T11:45:54","guid":{"rendered":"https:\/\/tarpak.pl\/?post_type=product&#038;p=4496"},"modified":"2025-04-11T16:28:50","modified_gmt":"2025-04-11T14:28:50","slug":"tubiarka-rgnf-60a","status":"publish","type":"product","link":"https:\/\/tarpak.pl\/de\/product\/tubiarka-rgnf-60a\/","title":{"rendered":"Knolle RGNF-60A"},"content":{"rendered":"<div class=\"row\">\n<div class=\"medium_title\">\n<h3>Tubenmacher und Tubenverschlie\u00dfmaschine - Technik und Funktionalit\u00e4t in einem<\/h3>\n<\/div>\n<p class=\"my-0\">Der Tubenfertiger RGNF-60A nutzt fortschrittliche Technologie, um die Pr\u00e4zision und Wiederholbarkeit des Verpackungsprozesses zu gew\u00e4hrleisten. Das Herzst\u00fcck der Maschine ist ein automatisches System zur Zuf\u00fchrung von Tuben aus einem Magazin, das vom Bediener manuell nachgef\u00fcllt wird. Die Maschine nimmt die Tuben automatisch auf und legt sie in die Schlitze, wo sie vor den n\u00e4chsten Verpackungsschritten stabilisiert werden.<span class=\"whitespace-nowrap\">.<\/span><\/p>\n<p class=\"my-0\">Der Verpackungsprozess beginnt mit der genauen Positionierung der Tube mithilfe eines Kontrastsensors, der die Markierung auf der Verpackung erkennt. Dadurch wird sichergestellt, dass jede Tube identisch ausgerichtet ist, was ein \u00e4sthetisch ansprechendes und einheitliches Erscheinungsbild der Endprodukte gew\u00e4hrleistet. Nach der korrekten Positionierung gelangt die Tube in den Ausgie\u00dfbereich, wo das Produkt mithilfe von High-End-Servoantrieben pr\u00e4zise dosiert wird.<span class=\"whitespace-nowrap\">.<\/span><\/p>\n<p class=\"my-0\">Die Gr\u00f6\u00dfe der Dosierung wird automatisch auf dem intuitiven TOUCH PANEL-Bedienfeld eingestellt, was eine genaue Kontrolle der abzuf\u00fcllenden Produktmenge erm\u00f6glicht. Im n\u00e4chsten Schritt wird der Siegelbereich mit Hei\u00dfluft erw\u00e4rmt, die Tube wird versiegelt und das \u00fcbersch\u00fcssige Material abgeschnitten. Das fertige Produkt wird dann automatisch aus dem Hohlraum des Tubenherstellers au\u00dferhalb des Maschinenbereichs ausgesto\u00dfen.<span class=\"whitespace-nowrap\">.<\/span><\/p>\n<p class=\"my-0\">Ein wesentlicher Bestandteil des Systems ist der Produktf\u00fcllstandssensor im Tank, der die Menge des verf\u00fcgbaren Mediums kontrolliert und eine Unterversorgung w\u00e4hrend des Produktionsprozesses verhindert. Dank des Einsatzes von Servoantrieben l\u00e4uft der gesamte Prozess reibungslos, schnell und mit h\u00f6chster Effizienz ab<span class=\"whitespace-nowrap\">.<\/span><\/p>\n<div class=\"elementor-divider\"><img decoding=\"async\" class=\"size-full wp-image-3402\" title=\"Punkttrennzeichen\" src=\"https:\/\/tarpak.pl\/wp-content\/uploads\/2024\/11\/separator_dot.png\" alt=\"Punkttrennzeichen\" width=\"184\" height=\"50\" \/><\/div>\n<div class=\"medium_title\">\n<h3>Wesentliche Merkmale<\/h3>\n<\/div>\n<ul>\n<li style=\"list-style-type: none;\">\n<ul class=\"marker:text-textOff list-disc\">\n<li>\n<p class=\"my-0\"><strong>Hohe Leistung<\/strong>\u00a0- Der RGNF-60A erm\u00f6glicht eine erhebliche Steigerung der Verpackungsgeschwindigkeit im Vergleich zu manuellen Methoden, was zu einer erh\u00f6hten Produktivit\u00e4t f\u00fchrt.<\/p>\n<\/li>\n<li>\n<p class=\"my-0\"><strong>Genaue Dosierung<\/strong>\u00a0- ein fortschrittliches Dosiersystem gew\u00e4hrleistet Wiederholbarkeit und Genauigkeit beim Bef\u00fcllen jeder Tube<\/p>\n<\/li>\n<li>\n<p class=\"my-0\"><strong>Automatische Rohrausrichtung<\/strong>\u00a0- ein Kontrastsensor ist f\u00fcr die perfekte Positionierung jeder Packung verantwortlich<\/p>\n<\/li>\n<li>\n<p class=\"my-0\"><strong>Schneller Austausch von Formaten<\/strong>\u00a0- die Konstruktion der Maschine erm\u00f6glicht die sofortige Umstellung auf ein anderes Verpackungsformat und erh\u00f6ht so die Flexibilit\u00e4t der Produktion<\/p>\n<\/li>\n<li>\n<p class=\"my-0\"><strong>Intuitives Bedienfeld<\/strong>\u00a0- einfach zu bedienende Touchscreen-Schnittstelle erm\u00f6glicht eine schnelle Programmierung der Betriebsparameter<\/p>\n<\/li>\n<li>\n<p class=\"my-0\"><strong>Wasser-K\u00fchlsystem<\/strong>\u00a0- Effiziente W\u00e4rmeableitung gew\u00e4hrleistet stabilen Betrieb auch bei Langzeitproduktion<\/p>\n<\/li>\n<li>\n<p class=\"my-0\"><strong>Erweiterte Qualit\u00e4tskontrolle<\/strong>\u00a0- eingebaute \u00dcberwachungssysteme der Prozessparameter garantieren eine gleichbleibende und hohe Qualit\u00e4t der Verpackungen<\/p>\n<\/li>\n<li>\n<p class=\"my-0\"><strong>Ausbauf\u00e4hig<\/strong>\u00a0- der modulare Aufbau erm\u00f6glicht die Erweiterung der Funktionalit\u00e4t der Maschine mit zus\u00e4tzlichen Komponenten wie Datierern oder Markiersystemen<\/p>\n<\/li>\n<\/ul>\n<\/li>\n<\/ul>\n<div class=\"elementor-divider\"><img decoding=\"async\" class=\"size-full wp-image-3402\" title=\"Punkttrennzeichen\" src=\"https:\/\/tarpak.pl\/wp-content\/uploads\/2024\/11\/separator_dot.png\" alt=\"Punkttrennzeichen\" width=\"184\" height=\"50\" \/><\/div>\n<div class=\"medium_title\">\n<h3>Vorteile f\u00fcr Ihr Unternehmen<\/h3>\n<\/div>\n<p class=\"my-0\">Die Investition in den RGNF-60A Tubenfertiger bringt dem Unternehmen eine Reihe von greifbaren Vorteilen. In erster Linie werden durch die Automatisierung des Verpackungsprozesses die Betriebskosten erheblich gesenkt, da die Beteiligung der Mitarbeiter auf ein Minimum reduziert und menschliche Fehler ausgeschlossen werden, was zu weniger fehlerhaften Produkten f\u00fchrt.<span class=\"whitespace-nowrap\">.<\/span><\/p>\n<p class=\"my-0\">Die Implementierung eines modernen Tubenherstellers erh\u00f6ht auch die Produktionsflexibilit\u00e4t, da die Maschine schnell auf ein anderes Verpackungsformat umgestellt werden kann, so dass eine Vielzahl von Produkten auf einer Maschine verarbeitet werden kann. Die Umr\u00fcstzeit betr\u00e4gt nur wenige Minuten, was die Produktionsausfallzeiten minimiert und die Gesamteffizienz der Verpackungslinie erh\u00f6ht.<span class=\"whitespace-nowrap\">.<\/span><\/p>\n<p class=\"my-0\">Auch die Erh\u00f6hung der Arbeitssicherheit ist ein wesentlicher Vorteil, da durch die Automatisierung der Verpackungsprozesse die Verletzungsgefahr durch monotone, sich wiederholende Handarbeit entf\u00e4llt. Dar\u00fcber hinaus hilft der RGNF-60A Tube Maker durch pr\u00e4zises Dosieren und Versiegeln, Verpackungsmaterial einzusparen, was den Produktionsabfall reduziert.<span class=\"whitespace-nowrap\">.<\/span><\/p>\n<p class=\"my-0\">Die Verbesserung der Qualit\u00e4t des Endprodukts ist ebenfalls ein wesentlicher Vorteil. Jede Tube wird mit identischer Genauigkeit bef\u00fcllt, auf die gleiche Weise verschlossen und hat ein einheitliches Aussehen, was die \u00c4sthetik der Produkte verbessert und die Kundenzufriedenheit erh\u00f6ht. Eine hochwertigere Verpackung f\u00fchrt zu einer l\u00e4ngeren Haltbarkeit des Produkts und einem besseren Schutz des Inhalts<span class=\"whitespace-nowrap\">.<\/span><\/p>\n<div class=\"elementor-divider\"><img decoding=\"async\" class=\"size-full wp-image-3402\" title=\"Punkttrennzeichen\" src=\"https:\/\/tarpak.pl\/wp-content\/uploads\/2024\/11\/separator_dot.png\" alt=\"Punkttrennzeichen\" width=\"184\" height=\"50\" \/><\/div>\n<div class=\"medium_title\">\n<h3>Beispiele f\u00fcr L\u00f6sungen:<\/h3>\n<p>Der RGNF-60A Tube Maker kann mit einer Reihe von Zusatzmodulen und Funktionen ausgestattet werden, um die Maschine an spezifische Produktionsanforderungen anzupassen:<\/p>\n<h4 class=\"mb-xs mt-5 text-base font-[525] first:mt-3\">Kosmetische Industrie<\/h4>\n<ul class=\"marker:text-textOff list-disc\">\n<li>\n<p class=\"my-0\">Bef\u00fcllung von Tuben mit Gesichts- und K\u00f6rpercremes<\/p>\n<\/li>\n<li>\n<p class=\"my-0\">Dosierung von Masken, Peelings und anderen Hautpflegeprodukten<\/p>\n<\/li>\n<li>\n<p class=\"my-0\">Verpackung von Haarsp\u00fclungen und Haarmasken<\/p>\n<\/li>\n<\/ul>\n<h4 class=\"mb-xs mt-5 text-base font-[525] first:mt-3\">Pharmazeutische Industrie<\/h4>\n<ul class=\"marker:text-textOff list-disc\">\n<li>\n<p class=\"my-0\">Herstellung von medizinischen Salben und Cremes<\/p>\n<\/li>\n<li>\n<p class=\"my-0\">Verpackung von schmerzstillenden und entz\u00fcndungshemmenden Gelen<\/p>\n<\/li>\n<li>\n<p class=\"my-0\">Dosierung von dermatologischen Pr\u00e4paraten<\/p>\n<\/li>\n<\/ul>\n<h4 class=\"mb-xs mt-5 text-base font-[525] first:mt-3\">Lebensmittelindustrie<\/h4>\n<ul class=\"marker:text-textOff list-disc\">\n<li>\n<p class=\"my-0\">Bef\u00fcllung von Tuben mit Aromapasten und -konzentraten<\/p>\n<\/li>\n<li>\n<p class=\"my-0\">Verpackung von Saucen und kulinarischen Zusatzstoffen<\/p>\n<\/li>\n<li>\n<p class=\"my-0\">Dosierung von hochviskosen Produkten<\/p>\n<\/li>\n<\/ul>\n<h4 class=\"mb-xs mt-5 text-base font-[525] first:mt-3\">Haushaltschemische Industrie<\/h4>\n<ul class=\"marker:text-textOff list-disc\">\n<li>\n<p class=\"my-0\">Herstellung von Reinigungspasten<\/p>\n<\/li>\n<li>\n<p class=\"my-0\">Verpackung von Klebstoffen, Silikonen und anderen technischen Produkten<\/p>\n<\/li>\n<li>\n<p class=\"my-0\">Dosierung der Zahnpasta<\/p>\n<\/li>\n<\/ul>\n<\/div>\n<div class=\"medium_title\"><\/div>\n<div class=\"elementor-divider\"><img decoding=\"async\" class=\"size-full wp-image-3402\" title=\"Punkttrennzeichen\" src=\"https:\/\/tarpak.pl\/wp-content\/uploads\/2024\/11\/separator_dot.png\" alt=\"Punkttrennzeichen\" width=\"184\" height=\"50\" \/><\/div>\n<div class=\"medium_title\">\n<h3>Warum sollten Sie sich f\u00fcr Tarpak-Schlauchmaschinen entscheiden?<\/h3>\n<\/div>\n<p class=\"my-0\">Wenn Sie sich f\u00fcr Tubenmaschinenl\u00f6sungen des polnischen Verpackungsmaschinenherstellers Tarpak entscheiden, profitieren Sie:<\/p>\n<ul class=\"marker:text-textOff list-disc\">\n<li>\n<p class=\"my-0\"><strong>Lokaler Service und technische Unterst\u00fctzung<\/strong>\u00a0- schnelle Reaktion und Unterst\u00fctzung im ganzen Land<\/p>\n<\/li>\n<li>\n<p class=\"my-0\"><strong>Erfahrung in der Industrie<\/strong>\u00a0- Langj\u00e4hrige Pr\u00e4senz auf dem Markt und Spezialisierung auf Verpackungsmaschinen<\/p>\n<\/li>\n<li>\n<p class=\"my-0\"><strong>Wettbewerbsf\u00e4hige Preise<\/strong> - Preis-Leistungs-Verh\u00e4ltnis<\/p>\n<\/li>\n<li>\n<p class=\"my-0\"><strong>Anpassbare L\u00f6sungen<\/strong>\u00a0- Anpassung der Maschinen an spezifische Kundenbed\u00fcrfnisse<\/p>\n<\/li>\n<li>\n<p class=\"my-0\"><strong>Ein qualifiziertes Team<\/strong>\u00a0- professionelle Beratung und Service in jeder Phase der Zusammenarbeit<\/p>\n<\/li>\n<li>\n<p class=\"my-0\"><strong>Innovative L\u00f6sungen<\/strong>\u00a0- modernste Technologie zur Gew\u00e4hrleistung von Zuverl\u00e4ssigkeit und Pr\u00e4zision<\/p>\n<\/li>\n<\/ul>\n<p class=\"my-0\">Tarpak ist ein Traditionsunternehmen, das seit 2005 auf dem Markt t\u00e4tig ist und sich als renommierter Hersteller von Verpackungsmaschinen etabliert hat. Wenn Sie sich f\u00fcr Schlauchbeutelmaschinen dieser Marke entscheiden, erhalten Sie nicht nur eine qualitativ hochwertige Maschine, sondern auch umfassende Unterst\u00fctzung in jeder Phase der Zusammenarbeit<span class=\"whitespace-nowrap\">.<\/span><\/p>\n<p class=\"my-0\">Das Unternehmen bietet einen umfassenden Service - von der Lieferung der Maschine \u00fcber die Installation und die Schulung des Personals bis hin zur Bereitstellung eines effizienten Kundendienstes. Mit einem qualifizierten und erfahrenen Team bietet Tarpak auch die Anpassung von Maschinenkonfigurationen an die individuellen Bed\u00fcrfnisse jedes Kunden.<span class=\"whitespace-nowrap\">.<\/span><\/p>\n<p class=\"my-0\">Die Schlauchbeutelmaschinen von Tarpak zeichnen sich auf dem Markt durch ihre Zuverl\u00e4ssigkeit und pr\u00e4zise Arbeitsweise aus, was sich in einer langen Lebensdauer der Maschinen und einer hohen Qualit\u00e4t der verpackten Produkte niederschl\u00e4gt. Das Unternehmen setzt auf innovative L\u00f6sungen, damit seine Maschinen immer den neuesten Trends in der Automatisierung von Verpackungsprozessen entsprechen<span class=\"whitespace-nowrap\">.<\/span><\/p>\n<\/div>","protected":false},"excerpt":{"rendered":"<p>Die Tubenmaschine RGNF-60A ist eine fortschrittliche automatische Maschine zum F\u00fcllen und Verschlie\u00dfen von Kunststoff- oder Aluminiumtuben. Die Maschine wurde f\u00fcr die Anforderungen der Kosmetik-, Pharma- und Lebensmittelindustrie entwickelt und bietet eine pr\u00e4zise Dosierung und zuverl\u00e4ssige Verpackung von Cremes, Gelen, Pasten und anderen Produkten mit dicker Konsistenz. Dank seines kompakten Designs und seiner intuitiven Benutzeroberfl\u00e4che gew\u00e4hrleistet der Tubenfertiger eine hohe Produktionseffizienz bei gleichzeitiger Einhaltung h\u00f6chster Qualit\u00e4tsstandards f\u00fcr die Verpackung.<\/p>","protected":false},"featured_media":4497,"template":"","meta":{"_bst_post_transparent":"default","_bst_post_title":"","_bst_post_layout":"default","_bst_post_sidebar_id":"","_bst_post_content_style":"default","_bst_post_vertical_padding":"default","_bst_post_feature":"","_bst_post_feature_position":"","_bst_post_header":false,"_bst_post_footer":false},"product_cat":[203],"product_tag":[],"class_list":{"0":"post-4496","1":"product","2":"type-product","3":"status-publish","4":"has-post-thumbnail","6":"product_cat-tubiarki","8":"first","9":"onbackorder","10":"sold-individually","11":"taxable","12":"shipping-taxable","13":"product-type-simple","14":"entry","15":"content-bg","16":"loop-entry"},"yoast_head":"<!-- This site is optimized with the Yoast SEO plugin v24.3 - https:\/\/yoast.com\/wordpress\/plugins\/seo\/ -->\n<title>Tubiarka RGNF-60A - TARPAK - Maszyny pakuj\u0105ce | kartoniarki i flowpacki<\/title>\n<meta name=\"description\" content=\"Tubiarka RGNF-60A - Automatyczna maszyna do zamykania i nape\u0142niania tubek \u2714\ufe0f Redukcja koszt\u00f3w \u2714\ufe0f Elastyczno\u015b\u0107 produkcji \u2714\ufe0f Gwarancja jako\u015bci. Wybierz profesjonalne tubiarki Tarpak! \ud83c\udfed\" \/>\n<meta name=\"robots\" content=\"index, follow, max-snippet:-1, max-image-preview:large, max-video-preview:-1\" \/>\n<link rel=\"canonical\" href=\"https:\/\/tarpak.pl\/de\/product\/tubiarka-rgnf-60a\/\" \/>\n<meta property=\"og:locale\" content=\"de_DE\" \/>\n<meta property=\"og:type\" content=\"article\" \/>\n<meta property=\"og:title\" content=\"Tubiarka RGNF-60A - TARPAK - Maszyny pakuj\u0105ce | kartoniarki i flowpacki\" \/>\n<meta property=\"og:description\" content=\"Tubiarka RGNF-60A - Automatyczna maszyna do zamykania i nape\u0142niania tubek \u2714\ufe0f Redukcja koszt\u00f3w \u2714\ufe0f Elastyczno\u015b\u0107 produkcji \u2714\ufe0f Gwarancja jako\u015bci. Wybierz profesjonalne tubiarki Tarpak! \ud83c\udfed\" \/>\n<meta property=\"og:url\" content=\"https:\/\/tarpak.pl\/de\/product\/tubiarka-rgnf-60a\/\" \/>\n<meta property=\"og:site_name\" content=\"TARPAK - Maszyny pakuj\u0105ce | kartoniarki i flowpacki\" \/>\n<meta property=\"article:modified_time\" content=\"2025-04-11T14:28:50+00:00\" \/>\n<meta property=\"og:image\" content=\"https:\/\/tarpak.pl\/wp-content\/uploads\/2025\/04\/Tubiarka-i-zamykarka-do-tubek-RGNF-60A-1024x655.png\" \/>\n\t<meta property=\"og:image:width\" content=\"1024\" \/>\n\t<meta property=\"og:image:height\" content=\"655\" \/>\n\t<meta property=\"og:image:type\" content=\"image\/png\" \/>\n<meta name=\"twitter:card\" content=\"summary_large_image\" \/>\n<meta name=\"twitter:label1\" content=\"Gesch\u00e4tzte Lesezeit\" \/>\n\t<meta name=\"twitter:data1\" content=\"2\u00a0Minuten\" \/>\n<script type=\"application\/ld+json\" class=\"yoast-schema-graph\">{\"@context\":\"https:\/\/schema.org\",\"@graph\":[{\"@type\":\"WebPage\",\"@id\":\"https:\/\/tarpak.pl\/produkt\/tubiarka-rgnf-60a\/\",\"url\":\"https:\/\/tarpak.pl\/produkt\/tubiarka-rgnf-60a\/\",\"name\":\"Tubiarka RGNF-60A - TARPAK - Maszyny pakuj\u0105ce | kartoniarki i flowpacki\",\"isPartOf\":{\"@id\":\"https:\/\/tarpak.pl\/#website\"},\"primaryImageOfPage\":{\"@id\":\"https:\/\/tarpak.pl\/produkt\/tubiarka-rgnf-60a\/#primaryimage\"},\"image\":{\"@id\":\"https:\/\/tarpak.pl\/produkt\/tubiarka-rgnf-60a\/#primaryimage\"},\"thumbnailUrl\":\"https:\/\/tarpak.pl\/wp-content\/uploads\/2025\/04\/Tubiarka-i-zamykarka-do-tubek-RGNF-60A.png\",\"datePublished\":\"2025-04-10T11:45:54+00:00\",\"dateModified\":\"2025-04-11T14:28:50+00:00\",\"description\":\"Tubiarka RGNF-60A - Automatyczna maszyna do zamykania i nape\u0142niania tubek \u2714\ufe0f Redukcja koszt\u00f3w \u2714\ufe0f Elastyczno\u015b\u0107 produkcji \u2714\ufe0f Gwarancja jako\u015bci. Wybierz profesjonalne tubiarki Tarpak! \ud83c\udfed\",\"breadcrumb\":{\"@id\":\"https:\/\/tarpak.pl\/produkt\/tubiarka-rgnf-60a\/#breadcrumb\"},\"inLanguage\":\"de\",\"potentialAction\":[{\"@type\":\"ReadAction\",\"target\":[\"https:\/\/tarpak.pl\/produkt\/tubiarka-rgnf-60a\/\"]}]},{\"@type\":\"ImageObject\",\"inLanguage\":\"de\",\"@id\":\"https:\/\/tarpak.pl\/produkt\/tubiarka-rgnf-60a\/#primaryimage\",\"url\":\"https:\/\/tarpak.pl\/wp-content\/uploads\/2025\/04\/Tubiarka-i-zamykarka-do-tubek-RGNF-60A.png\",\"contentUrl\":\"https:\/\/tarpak.pl\/wp-content\/uploads\/2025\/04\/Tubiarka-i-zamykarka-do-tubek-RGNF-60A.png\",\"width\":4320,\"height\":2762,\"caption\":\"Tubiarka i zamykarka do tubek RGNF 60A\"},{\"@type\":\"BreadcrumbList\",\"@id\":\"https:\/\/tarpak.pl\/produkt\/tubiarka-rgnf-60a\/#breadcrumb\",\"itemListElement\":[{\"@type\":\"ListItem\",\"position\":1,\"name\":\"Strona g\u0142\u00f3wna\",\"item\":\"https:\/\/tarpak.pl\/\"},{\"@type\":\"ListItem\",\"position\":2,\"name\":\"Sklep\",\"item\":\"https:\/\/tarpak.pl\/sklep\/\"},{\"@type\":\"ListItem\",\"position\":3,\"name\":\"Tubiarka RGNF-60A\"}]},{\"@type\":\"WebSite\",\"@id\":\"https:\/\/tarpak.pl\/#website\",\"url\":\"https:\/\/tarpak.pl\/\",\"name\":\"TARPAK - Maszyny pakuj\u0105ce | kartoniarki i flowpacki\",\"description\":\"Maszyny pakuj\u0105ce | kartoniarki i flowpacki\",\"publisher\":{\"@id\":\"https:\/\/tarpak.pl\/#organization\"},\"potentialAction\":[{\"@type\":\"SearchAction\",\"target\":{\"@type\":\"EntryPoint\",\"urlTemplate\":\"https:\/\/tarpak.pl\/?s={search_term_string}\"},\"query-input\":{\"@type\":\"PropertyValueSpecification\",\"valueRequired\":true,\"valueName\":\"search_term_string\"}}],\"inLanguage\":\"de\"},{\"@type\":\"Organization\",\"@id\":\"https:\/\/tarpak.pl\/#organization\",\"name\":\"TARPAK - Maszyny pakuj\u0105ce | kartoniarki i flowpacki\",\"url\":\"https:\/\/tarpak.pl\/\",\"logo\":{\"@type\":\"ImageObject\",\"inLanguage\":\"de\",\"@id\":\"https:\/\/tarpak.pl\/#\/schema\/logo\/image\/\",\"url\":\"https:\/\/tarpak.pl\/wp-content\/uploads\/2024\/10\/logo-main-2.png\",\"contentUrl\":\"https:\/\/tarpak.pl\/wp-content\/uploads\/2024\/10\/logo-main-2.png\",\"width\":140,\"height\":47,\"caption\":\"TARPAK - Maszyny pakuj\u0105ce | kartoniarki i flowpacki\"},\"image\":{\"@id\":\"https:\/\/tarpak.pl\/#\/schema\/logo\/image\/\"}}]}<\/script>\n<!-- \/ Yoast SEO plugin. -->","yoast_head_json":{"title":"Schlauchbeutelmaschine RGNF-60A - TARPAK - Verpackungsmaschinen | Kartonierer und Flowpacks","description":"Tubenmaschine RGNF-60A - Automatische Maschine zum Verschlie\u00dfen und Bef\u00fcllen von Tuben \u2714\ufe0f Kostenreduzierung \u2714\ufe0f Produktionsflexibilit\u00e4t \u2714\ufe0f Qualit\u00e4tsgarantie. W\u00e4hlen Sie die professionellen Tubenhersteller von Tarpak! \ud83c\udfed","robots":{"index":"index","follow":"follow","max-snippet":"max-snippet:-1","max-image-preview":"max-image-preview:large","max-video-preview":"max-video-preview:-1"},"canonical":"https:\/\/tarpak.pl\/de\/product\/tubiarka-rgnf-60a\/","og_locale":"de_DE","og_type":"article","og_title":"Tubiarka RGNF-60A - TARPAK - Maszyny pakuj\u0105ce | kartoniarki i flowpacki","og_description":"Tubiarka RGNF-60A - Automatyczna maszyna do zamykania i nape\u0142niania tubek \u2714\ufe0f Redukcja koszt\u00f3w \u2714\ufe0f Elastyczno\u015b\u0107 produkcji \u2714\ufe0f Gwarancja jako\u015bci. Wybierz profesjonalne tubiarki Tarpak! \ud83c\udfed","og_url":"https:\/\/tarpak.pl\/de\/product\/tubiarka-rgnf-60a\/","og_site_name":"TARPAK - Maszyny pakuj\u0105ce | kartoniarki i flowpacki","article_modified_time":"2025-04-11T14:28:50+00:00","og_image":[{"width":1024,"height":655,"url":"https:\/\/tarpak.pl\/wp-content\/uploads\/2025\/04\/Tubiarka-i-zamykarka-do-tubek-RGNF-60A-1024x655.png","type":"image\/png"}],"twitter_card":"summary_large_image","twitter_misc":{"Gesch\u00e4tzte Lesezeit":"2\u00a0Minuten"},"schema":{"@context":"https:\/\/schema.org","@graph":[{"@type":"WebPage","@id":"https:\/\/tarpak.pl\/produkt\/tubiarka-rgnf-60a\/","url":"https:\/\/tarpak.pl\/produkt\/tubiarka-rgnf-60a\/","name":"Schlauchbeutelmaschine RGNF-60A - TARPAK - Verpackungsmaschinen | Kartonierer und Flowpacks","isPartOf":{"@id":"https:\/\/tarpak.pl\/#website"},"primaryImageOfPage":{"@id":"https:\/\/tarpak.pl\/produkt\/tubiarka-rgnf-60a\/#primaryimage"},"image":{"@id":"https:\/\/tarpak.pl\/produkt\/tubiarka-rgnf-60a\/#primaryimage"},"thumbnailUrl":"https:\/\/tarpak.pl\/wp-content\/uploads\/2025\/04\/Tubiarka-i-zamykarka-do-tubek-RGNF-60A.png","datePublished":"2025-04-10T11:45:54+00:00","dateModified":"2025-04-11T14:28:50+00:00","description":"Tubenmaschine RGNF-60A - Automatische Maschine zum Verschlie\u00dfen und Bef\u00fcllen von Tuben \u2714\ufe0f Kostenreduzierung \u2714\ufe0f Produktionsflexibilit\u00e4t \u2714\ufe0f Qualit\u00e4tsgarantie. W\u00e4hlen Sie die professionellen Tubenhersteller von Tarpak! \ud83c\udfed","breadcrumb":{"@id":"https:\/\/tarpak.pl\/produkt\/tubiarka-rgnf-60a\/#breadcrumb"},"inLanguage":"de","potentialAction":[{"@type":"ReadAction","target":["https:\/\/tarpak.pl\/produkt\/tubiarka-rgnf-60a\/"]}]},{"@type":"ImageObject","inLanguage":"de","@id":"https:\/\/tarpak.pl\/produkt\/tubiarka-rgnf-60a\/#primaryimage","url":"https:\/\/tarpak.pl\/wp-content\/uploads\/2025\/04\/Tubiarka-i-zamykarka-do-tubek-RGNF-60A.png","contentUrl":"https:\/\/tarpak.pl\/wp-content\/uploads\/2025\/04\/Tubiarka-i-zamykarka-do-tubek-RGNF-60A.png","width":4320,"height":2762,"caption":"Tubiarka i zamykarka do tubek RGNF 60A"},{"@type":"BreadcrumbList","@id":"https:\/\/tarpak.pl\/produkt\/tubiarka-rgnf-60a\/#breadcrumb","itemListElement":[{"@type":"ListItem","position":1,"name":"Strona g\u0142\u00f3wna","item":"https:\/\/tarpak.pl\/"},{"@type":"ListItem","position":2,"name":"Sklep","item":"https:\/\/tarpak.pl\/sklep\/"},{"@type":"ListItem","position":3,"name":"Tubiarka RGNF-60A"}]},{"@type":"WebSite","@id":"https:\/\/tarpak.pl\/#website","url":"https:\/\/tarpak.pl\/","name":"TARPAK - Verpackungsmaschinen | Kartonierer und Flowpacks","description":"Verpackungsmaschinen | Kartonierer und Flowpacks","publisher":{"@id":"https:\/\/tarpak.pl\/#organization"},"potentialAction":[{"@type":"SearchAction","target":{"@type":"EntryPoint","urlTemplate":"https:\/\/tarpak.pl\/?s={search_term_string}"},"query-input":{"@type":"PropertyValueSpecification","valueRequired":true,"valueName":"search_term_string"}}],"inLanguage":"de"},{"@type":"Organization","@id":"https:\/\/tarpak.pl\/#organization","name":"TARPAK - Verpackungsmaschinen | Kartonierer und Flowpacks","url":"https:\/\/tarpak.pl\/","logo":{"@type":"ImageObject","inLanguage":"de","@id":"https:\/\/tarpak.pl\/#\/schema\/logo\/image\/","url":"https:\/\/tarpak.pl\/wp-content\/uploads\/2024\/10\/logo-main-2.png","contentUrl":"https:\/\/tarpak.pl\/wp-content\/uploads\/2024\/10\/logo-main-2.png","width":140,"height":47,"caption":"TARPAK - Maszyny pakuj\u0105ce | kartoniarki i flowpacki"},"image":{"@id":"https:\/\/tarpak.pl\/#\/schema\/logo\/image\/"}}]}},"_links":{"self":[{"href":"https:\/\/tarpak.pl\/de\/wp-json\/wp\/v2\/product\/4496"}],"collection":[{"href":"https:\/\/tarpak.pl\/de\/wp-json\/wp\/v2\/product"}],"about":[{"href":"https:\/\/tarpak.pl\/de\/wp-json\/wp\/v2\/types\/product"}],"version-history":[{"count":0,"href":"https:\/\/tarpak.pl\/de\/wp-json\/wp\/v2\/product\/4496\/revisions"}],"wp:featuredmedia":[{"embeddable":true,"href":"https:\/\/tarpak.pl\/de\/wp-json\/wp\/v2\/media\/4497"}],"wp:attachment":[{"href":"https:\/\/tarpak.pl\/de\/wp-json\/wp\/v2\/media?parent=4496"}],"wp:term":[{"taxonomy":"product_cat","embeddable":true,"href":"https:\/\/tarpak.pl\/de\/wp-json\/wp\/v2\/product_cat?post=4496"},{"taxonomy":"product_tag","embeddable":true,"href":"https:\/\/tarpak.pl\/de\/wp-json\/wp\/v2\/product_tag?post=4496"}],"curies":[{"name":"wp","href":"https:\/\/api.w.org\/{rel}","templated":true}]}}