{"id":4488,"date":"2025-04-10T12:19:28","date_gmt":"2025-04-10T10:19:28","guid":{"rendered":"https:\/\/tarpak.pl\/?post_type=product&#038;p=4488"},"modified":"2025-04-11T16:27:55","modified_gmt":"2025-04-11T14:27:55","slug":"tubiarka-rgnf-30b","status":"publish","type":"product","link":"https:\/\/tarpak.pl\/de\/product\/tubiarka-rgnf-30b\/","title":{"rendered":"Knolle RGNF-30B"},"content":{"rendered":"<div class=\"row\">\n<div class=\"medium_title\">\n<h3>Schlauch- und Tubenverschlie\u00dfmaschine - Innovative Verpackungsmaschinenl\u00f6sung<\/h3>\n<\/div>\n<p class=\"my-0\">Die Tubenmaschine RGNF-30B ist eine Spezialmaschine, die f\u00fcr die effiziente Bef\u00fcllung und Versiegelung von Kunststoff- und Laminattuben in einer Vielzahl von Branchen entwickelt wurde. Die Maschine verwendet eine fortschrittliche pneumatische Tubenbeschickung \u00fcber ein Vakuumsystem, das die Pr\u00e4zision und Zuverl\u00e4ssigkeit des gesamten Prozesses gew\u00e4hrleistet.<span class=\"whitespace-nowrap\"><span class=\"mr-[2px] citation ml-xs inline\" data-state=\"closed\" aria-label=\"\"><span class=\"relative select-none align-middle cursor-pointer -top-px default font-sans text-base text-textMain dark:text-textMainDark selection:bg-super\/50 selection:text-textMain dark:selection:bg-superDuper\/10 dark:selection:text-superDark\"><span class=\"hover:bg-super dark:hover:bg-superDark dark:hover:text-backgroundDark min-w-[1rem] rounded-[0.3125rem] px-[0.3rem] text-center align-middle font-mono text-[0.6rem] tabular-nums hover:text-white py-[0.1875rem] border-borderMain\/50 ring-borderMain\/50 divide-borderMain\/50 dark:divide-borderMainDark\/50 dark:ring-borderMainDark\/50 dark:border-borderMainDark\/50 bg-offsetPlus dark:bg-offsetPlusDark\">1<\/span><\/span><\/span>.<\/span>\u00a0Dank des Einsatzes einer modernen Touch-Screen-SPS-Steuerung ist die Bedienung der Maschine \u00e4u\u00dferst einfach und intuitiv<span class=\"whitespace-nowrap\">.<\/span><\/p>\n<p class=\"my-0\">Der RGNF-30B schlie\u00dft den gesamten Produktionszyklus automatisch ab - von der Zuf\u00fchrung leerer Tuben \u00fcber die Identifizierung und Bef\u00fcllung bis hin zur Hei\u00dfluftversiegelung, dem Schneiden, dem Bedrucken mit Codes und dem Auswerfen des fertigen Produkts.<span class=\"whitespace-nowrap\">.<\/span>\u00a0Die Maschine stellt PET-Tuben her, die sich durch hohe mechanische Festigkeit und Formstabilit\u00e4t auszeichnen.<span class=\"whitespace-nowrap\">.<\/span>\u00a0Je nach Art des zu dosierenden Produkts kann eine geeignete Dosierd\u00fcse ausgew\u00e4hlt werden.<span class=\"whitespace-nowrap\">.<\/span><\/p>\n<p class=\"my-0\">Das Ger\u00e4t ist nach hohen Hygienestandards konstruiert - alle produktber\u00fchrenden Fl\u00e4chen sind glatt oder aus korrosionsbest\u00e4ndigem Edelstahl gefertigt<span class=\"whitespace-nowrap\">.<\/span>\u00a0Die Konstruktion der Maschine schlie\u00dft die M\u00f6glichkeit des Eindringens von Substanzen in das Produkt wirksam aus<span class=\"whitespace-nowrap\">.<\/span><\/p>\n<p><img decoding=\"async\" class=\"gmail-size-full gmail-wp-image-3402\" title=\"Punkttrennzeichen\" src=\"https:\/\/tarpak.pl\/wp-content\/uploads\/2024\/11\/separator_dot.png\" alt=\"Punkttrennzeichen\" width=\"184\" height=\"50\" \/><\/p>\n<div>\n<div class=\"gmail-medium_title\">\n<h3>Wesentliche Merkmale<\/h3>\n<\/div>\n<ul>\n<li>\n<p class=\"gmail-my-0\"><strong>Hohe Produktionskapazit\u00e4t<\/strong>\u00a0- 1800-2400 R\u00f6hren pro Stunde (einstellbar)<\/p>\n<\/li>\n<li>\n<p class=\"gmail-my-0\"><strong>Pr\u00e4zise Kontrolle der Bef\u00fcllung<\/strong>\u00a0- Genauigkeit von \u2264\u00b11%<\/p>\n<\/li>\n<li>\n<p class=\"gmail-my-0\"><strong>Vielseitigkeit<\/strong>\u00a0- unterst\u00fctzt Rohre mit einem Durchmesser von 10 bis 50 mm und einer L\u00e4nge von bis zu 210 mm<\/p>\n<\/li>\n<li>\n<p class=\"gmail-my-0\"><strong>Ger\u00e4umiger Tank<\/strong>\u00a0- mit einem Volumen von 40 Litern<\/p>\n<\/li>\n<li>\n<p class=\"gmail-my-0\"><strong>PLC-Steuerungssystem mit Touchscreen<\/strong>\u00a0- bietet eine einfache und intuitive Bedienung<\/p>\n<\/li>\n<li>\n<p class=\"gmail-my-0\"><strong>Pneumatische Sondenern\u00e4hrung<\/strong>\u00a0- mit Hilfe einer Vakuumvorrichtung<\/p>\n<\/li>\n<li>\n<p class=\"gmail-my-0\"><strong>Intelligentes Temperaturkontrollsystem<\/strong>\u00a0- f\u00fcr optimale Schwei\u00dfqualit\u00e4t<\/p>\n<\/li>\n<li>\n<p class=\"gmail-my-0\"><strong>Eingebaute Lichtschranke<\/strong>\u00a0- erm\u00f6glicht das Arbeiten mit unbedruckten und bedruckten Rohren<\/p>\n<\/li>\n<li>\n<p class=\"gmail-my-0\"><strong>Kompakte Abmessungen<\/strong>\u00a0- 1900(L)\u00d7850(B)\u00d71900(H)mm mit einem Gewicht von ca. 850 kg<\/p>\n<\/li>\n<li>\n<p class=\"gmail-my-0\"><strong>Hochwertige Komponenten<\/strong>\u00a0- Europ\u00e4ische Komponenten (Weintec, Siemens, Panasonic)<\/p>\n<\/li>\n<\/ul>\n<p><img decoding=\"async\" class=\"gmail-size-full gmail-wp-image-3402\" title=\"Punkttrennzeichen\" src=\"https:\/\/tarpak.pl\/wp-content\/uploads\/2024\/11\/separator_dot.png\" alt=\"Punkttrennzeichen\" width=\"184\" height=\"50\" \/><\/p>\n<div class=\"gmail-row\">\n<h3>Vorteile f\u00fcr Ihr Unternehmen<\/h3>\n<p>Die Implementierung des RGNF-30B Rohrherstellers in den Produktionsprozess bringt zahlreiche betriebliche und wirtschaftliche Vorteile mit sich:<\/p>\n<\/div>\n<ul>\n<li>\n<p class=\"gmail-my-0\"><strong>Automatisierung des Verpackungsprozesses<\/strong>\u00a0- erh\u00f6ht die Produktionseffizienz erheblich, was zu Zeit- und Kosteneinsparungen f\u00fchrt<\/p>\n<\/li>\n<li>\n<p class=\"gmail-my-0\"><strong>Genauigkeit der Dosierung<\/strong>\u00a0- minimiert den Produktverlust und gew\u00e4hrleistet eine Dosierwiederholbarkeit von \u2264\u00b11%<\/p>\n<\/li>\n<li>\n<p class=\"gmail-my-0\"><strong>Vielseitigkeit der Anwendungen<\/strong>\u00a0- M\u00f6glichkeit, mit verschiedenen Arten von Produkten und Rohren unterschiedlicher Gr\u00f6\u00dfe zu arbeiten<\/p>\n<\/li>\n<li>\n<p class=\"gmail-my-0\"><strong>Hochwertige Endverpackung<\/strong>\u00a0- \u00e4sthetisch ansprechende und dicht verschlossene Tuben tragen zur positiven Wahrnehmung des Produkts durch die Kunden bei<\/p>\n<\/li>\n<li>\n<p class=\"gmail-my-0\"><strong>Einfache Bedienung und Wartung<\/strong>\u00a0- intuitives Bedienfeld und einfaches Design reduzieren die Kosten f\u00fcr Personalschulung und Wartung<\/p>\n<\/li>\n<li>\n<p class=\"gmail-my-0\"><strong>Optimierung der Produktionsfl\u00e4che<\/strong>\u00a0- die kompakte Gr\u00f6\u00dfe des Ger\u00e4ts erm\u00f6glicht eine effiziente Nutzung des Fabrikraums<\/p>\n<\/li>\n<li>\n<p class=\"gmail-my-0\"><strong>Hoher Hygienestandard<\/strong> - eine Konstruktion, die das Risiko einer Produktkontamination ausschlie\u00dft<\/p>\n<\/li>\n<\/ul>\n<p><img decoding=\"async\" class=\"gmail-size-full gmail-wp-image-3402\" title=\"Punkttrennzeichen\" src=\"https:\/\/tarpak.pl\/wp-content\/uploads\/2024\/11\/separator_dot.png\" alt=\"Punkttrennzeichen\" width=\"184\" height=\"50\" \/><\/p>\n<h3>Beispiele f\u00fcr L\u00f6sungen:<\/h3>\n<div class=\"gmail-row\">\n<div class=\"gmail-medium_title\">\n<p>Die Rohrmaschine RGNF-30B wird in vielen Branchen eingesetzt:<\/p>\n<h4 class=\"gmail-mb-xs gmail-mt-5 gmail-text-base gmail-font-[525] gmail-first:mt-3\">Kosmetische Industrie<\/h4>\n<ul class=\"gmail-marker:text-textOff gmail-list-disc\">\n<li>\n<p class=\"gmail-my-0\">Bef\u00fcllung von Tuben mit Gesichts- und K\u00f6rpercremes<\/p>\n<\/li>\n<li>\n<p class=\"gmail-my-0\">Dosierung von Masken, Peelings und anderen Hautpflegeprodukten<\/p>\n<\/li>\n<li>\n<p class=\"gmail-my-0\">Verpackung von Haarsp\u00fclungen und Haarmasken<\/p>\n<\/li>\n<\/ul>\n<h4 class=\"gmail-mb-xs gmail-mt-5 gmail-text-base gmail-font-[525] gmail-first:mt-3\">Pharmazeutische Industrie<\/h4>\n<ul class=\"gmail-marker:text-textOff gmail-list-disc\">\n<li>\n<p class=\"gmail-my-0\">Herstellung von medizinischen Salben und Cremes<\/p>\n<\/li>\n<li>\n<p class=\"gmail-my-0\">Verpackung von schmerzstillenden und entz\u00fcndungshemmenden Gelen<\/p>\n<\/li>\n<li>\n<p class=\"gmail-my-0\">Dosierung von dermatologischen Pr\u00e4paraten<\/p>\n<\/li>\n<\/ul>\n<h4 class=\"gmail-mb-xs gmail-mt-5 gmail-text-base gmail-font-[525] gmail-first:mt-3\">Lebensmittelindustrie<\/h4>\n<ul class=\"gmail-marker:text-textOff gmail-list-disc\">\n<li>\n<p class=\"gmail-my-0\">Bef\u00fcllung von Tuben mit Aromapasten und -konzentraten<\/p>\n<\/li>\n<li>\n<p class=\"gmail-my-0\">Verpackung von Saucen und kulinarischen Zusatzstoffen<\/p>\n<\/li>\n<li>\n<p class=\"gmail-my-0\">Dosierung von hochviskosen Produkten<\/p>\n<\/li>\n<\/ul>\n<h4 class=\"gmail-mb-xs gmail-mt-5 gmail-text-base gmail-font-[525] gmail-first:mt-3\">Haushaltschemische Industrie<\/h4>\n<ul class=\"gmail-marker:text-textOff gmail-list-disc\">\n<li>\n<p class=\"gmail-my-0\">Herstellung von Reinigungspasten<\/p>\n<\/li>\n<li>\n<p class=\"gmail-my-0\">Verpackung von Klebstoffen, Silikonen und anderen technischen Produkten<\/p>\n<\/li>\n<li>\n<p class=\"gmail-my-0\">Dosierung der Zahnpasta<\/p>\n<\/li>\n<\/ul>\n<\/div>\n<\/div>\n<div class=\"elementor-divider\"><img decoding=\"async\" class=\"gmail-size-full gmail-wp-image-3402\" title=\"Punkttrennzeichen\" src=\"https:\/\/tarpak.pl\/wp-content\/uploads\/2024\/11\/separator_dot.png\" alt=\"Punkttrennzeichen\" width=\"184\" height=\"50\" \/><\/div>\n<div>\n<div class=\"gmail-medium_title\">\n<h3>Warum sollten Sie sich f\u00fcr Tarpak-Schlauchmaschinen entscheiden?<\/h3>\n<\/div>\n<p class=\"gmail-my-0\">Wenn Sie sich f\u00fcr Tubenmaschinenl\u00f6sungen des polnischen Verpackungsmaschinenherstellers Tarpak entscheiden, profitieren Sie:<\/p>\n<ul class=\"gmail-marker:text-textOff gmail-list-disc\">\n<li>\n<p class=\"gmail-my-0\"><strong>Lokaler Service und technische Unterst\u00fctzung<\/strong>\u00a0- schnelle Reaktion und Unterst\u00fctzung im ganzen Land<\/p>\n<\/li>\n<li>\n<p class=\"gmail-my-0\"><strong>Erfahrung in der Industrie<\/strong>\u00a0- Langj\u00e4hrige Pr\u00e4senz auf dem Markt und Spezialisierung auf Verpackungsmaschinen<\/p>\n<\/li>\n<li>\n<p class=\"gmail-my-0\"><strong>Wettbewerbsf\u00e4hige Preise<\/strong> - Preis-Leistungs-Verh\u00e4ltnis<\/p>\n<\/li>\n<li>\n<p class=\"gmail-my-0\"><strong>Anpassbare L\u00f6sungen<\/strong>\u00a0- Anpassung der Maschinen an spezifische Kundenbed\u00fcrfnisse<\/p>\n<\/li>\n<li>\n<p class=\"gmail-my-0\"><strong>Ein qualifiziertes Team<\/strong>\u00a0- professionelle Beratung und Service in jeder Phase der Zusammenarbeit<\/p>\n<\/li>\n<li>\n<p class=\"gmail-my-0\"><strong>Innovative L\u00f6sungen<\/strong>\u00a0- modernste Technologie zur Gew\u00e4hrleistung von Zuverl\u00e4ssigkeit und Pr\u00e4zision<\/p>\n<\/li>\n<\/ul>\n<\/div>\n<\/div>\n<\/div>","protected":false},"excerpt":{"rendered":"<p>Die Tubenmaschine RGNF-30B ist eine fortschrittliche halbautomatische Maschine zum F\u00fcllen und Verschlie\u00dfen von Kunststoff- und Laminattuben. Die Maschine zeichnet sich durch hohe Produktivit\u00e4t (1800-2400 Tuben\/Stunde), F\u00fcllpr\u00e4zision (\u2264\u00b11%) und vielseitige Einsatzm\u00f6glichkeiten in der Pharma-, Kosmetik-, Lebensmittel- und Haushaltschemieindustrie aus. Die RGNF-30B kombiniert modernste Technologie mit intuitiver Bedienung und bietet einen effizienten Verpackungsprozess f\u00fcr Produkte von halbfl\u00fcssiger bis dicker Konsistenz.<\/p>","protected":false},"featured_media":4489,"template":"","meta":{"_bst_post_transparent":"default","_bst_post_title":"","_bst_post_layout":"default","_bst_post_sidebar_id":"","_bst_post_content_style":"default","_bst_post_vertical_padding":"default","_bst_post_feature":"","_bst_post_feature_position":"","_bst_post_header":false,"_bst_post_footer":false},"product_cat":[203],"product_tag":[],"class_list":{"0":"post-4488","1":"product","2":"type-product","3":"status-publish","4":"has-post-thumbnail","6":"product_cat-tubiarki","8":"first","9":"onbackorder","10":"sold-individually","11":"taxable","12":"shipping-taxable","13":"product-type-simple","14":"entry","15":"content-bg","16":"loop-entry"},"yoast_head":"<!-- This site is optimized with the Yoast SEO plugin v24.3 - https:\/\/yoast.com\/wordpress\/plugins\/seo\/ -->\n<title>Tubiarka RGNF-30B - TARPAK - Maszyny pakuj\u0105ce | kartoniarki i flowpacki<\/title>\n<meta name=\"description\" content=\"Tubiarka RGNF-30B - P\u00f3\u0142automatyczna maszyna do zamykania i nape\u0142niania tubek laminowanych z wydajno\u015bci\u0105 2400 szt.\/h. Zoptymalizuj proces pakowania \u2013 sprawd\u017a parametry techniczne i korzy\u015bci dla Twojej firmy!\" \/>\n<meta name=\"robots\" content=\"index, follow, max-snippet:-1, max-image-preview:large, max-video-preview:-1\" \/>\n<link rel=\"canonical\" href=\"https:\/\/tarpak.pl\/de\/product\/tubiarka-rgnf-30b\/\" \/>\n<meta property=\"og:locale\" content=\"de_DE\" \/>\n<meta property=\"og:type\" content=\"article\" \/>\n<meta property=\"og:title\" content=\"Tubiarka RGNF-30B - TARPAK - Maszyny pakuj\u0105ce | kartoniarki i flowpacki\" \/>\n<meta property=\"og:description\" content=\"Tubiarka RGNF-30B - P\u00f3\u0142automatyczna maszyna do zamykania i nape\u0142niania tubek laminowanych z wydajno\u015bci\u0105 2400 szt.\/h. Zoptymalizuj proces pakowania \u2013 sprawd\u017a parametry techniczne i korzy\u015bci dla Twojej firmy!\" \/>\n<meta property=\"og:url\" content=\"https:\/\/tarpak.pl\/de\/product\/tubiarka-rgnf-30b\/\" \/>\n<meta property=\"og:site_name\" content=\"TARPAK - Maszyny pakuj\u0105ce | kartoniarki i flowpacki\" \/>\n<meta property=\"article:modified_time\" content=\"2025-04-11T14:27:55+00:00\" \/>\n<meta property=\"og:image\" content=\"https:\/\/tarpak.pl\/wp-content\/uploads\/2025\/04\/Tubiarka-i-zamykarka-do-tubek-RGNF-30B.png\" \/>\n\t<meta property=\"og:image:width\" content=\"3840\" \/>\n\t<meta property=\"og:image:height\" content=\"2400\" \/>\n\t<meta property=\"og:image:type\" content=\"image\/png\" \/>\n<meta name=\"twitter:card\" content=\"summary_large_image\" \/>\n<meta name=\"twitter:label1\" content=\"Gesch\u00e4tzte Lesezeit\" \/>\n\t<meta name=\"twitter:data1\" content=\"2\u00a0Minuten\" \/>\n<script type=\"application\/ld+json\" class=\"yoast-schema-graph\">{\"@context\":\"https:\/\/schema.org\",\"@graph\":[{\"@type\":\"WebPage\",\"@id\":\"https:\/\/tarpak.pl\/produkt\/tubiarka-rgnf-30b\/\",\"url\":\"https:\/\/tarpak.pl\/produkt\/tubiarka-rgnf-30b\/\",\"name\":\"Tubiarka RGNF-30B - TARPAK - Maszyny pakuj\u0105ce | kartoniarki i flowpacki\",\"isPartOf\":{\"@id\":\"https:\/\/tarpak.pl\/#website\"},\"primaryImageOfPage\":{\"@id\":\"https:\/\/tarpak.pl\/produkt\/tubiarka-rgnf-30b\/#primaryimage\"},\"image\":{\"@id\":\"https:\/\/tarpak.pl\/produkt\/tubiarka-rgnf-30b\/#primaryimage\"},\"thumbnailUrl\":\"https:\/\/tarpak.pl\/wp-content\/uploads\/2025\/04\/Tubiarka-i-zamykarka-do-tubek-RGNF-30B.png\",\"datePublished\":\"2025-04-10T10:19:28+00:00\",\"dateModified\":\"2025-04-11T14:27:55+00:00\",\"description\":\"Tubiarka RGNF-30B - P\u00f3\u0142automatyczna maszyna do zamykania i nape\u0142niania tubek laminowanych z wydajno\u015bci\u0105 2400 szt.\/h. Zoptymalizuj proces pakowania \u2013 sprawd\u017a parametry techniczne i korzy\u015bci dla Twojej firmy!\",\"breadcrumb\":{\"@id\":\"https:\/\/tarpak.pl\/produkt\/tubiarka-rgnf-30b\/#breadcrumb\"},\"inLanguage\":\"de\",\"potentialAction\":[{\"@type\":\"ReadAction\",\"target\":[\"https:\/\/tarpak.pl\/produkt\/tubiarka-rgnf-30b\/\"]}]},{\"@type\":\"ImageObject\",\"inLanguage\":\"de\",\"@id\":\"https:\/\/tarpak.pl\/produkt\/tubiarka-rgnf-30b\/#primaryimage\",\"url\":\"https:\/\/tarpak.pl\/wp-content\/uploads\/2025\/04\/Tubiarka-i-zamykarka-do-tubek-RGNF-30B.png\",\"contentUrl\":\"https:\/\/tarpak.pl\/wp-content\/uploads\/2025\/04\/Tubiarka-i-zamykarka-do-tubek-RGNF-30B.png\",\"width\":3840,\"height\":2400,\"caption\":\"Tubiarka i zamykarka do tubek RGNF 30B\"},{\"@type\":\"BreadcrumbList\",\"@id\":\"https:\/\/tarpak.pl\/produkt\/tubiarka-rgnf-30b\/#breadcrumb\",\"itemListElement\":[{\"@type\":\"ListItem\",\"position\":1,\"name\":\"Strona g\u0142\u00f3wna\",\"item\":\"https:\/\/tarpak.pl\/\"},{\"@type\":\"ListItem\",\"position\":2,\"name\":\"Sklep\",\"item\":\"https:\/\/tarpak.pl\/sklep\/\"},{\"@type\":\"ListItem\",\"position\":3,\"name\":\"Tubiarka RGNF-30B\"}]},{\"@type\":\"WebSite\",\"@id\":\"https:\/\/tarpak.pl\/#website\",\"url\":\"https:\/\/tarpak.pl\/\",\"name\":\"TARPAK - Maszyny pakuj\u0105ce | kartoniarki i flowpacki\",\"description\":\"Maszyny pakuj\u0105ce | kartoniarki i flowpacki\",\"publisher\":{\"@id\":\"https:\/\/tarpak.pl\/#organization\"},\"potentialAction\":[{\"@type\":\"SearchAction\",\"target\":{\"@type\":\"EntryPoint\",\"urlTemplate\":\"https:\/\/tarpak.pl\/?s={search_term_string}\"},\"query-input\":{\"@type\":\"PropertyValueSpecification\",\"valueRequired\":true,\"valueName\":\"search_term_string\"}}],\"inLanguage\":\"de\"},{\"@type\":\"Organization\",\"@id\":\"https:\/\/tarpak.pl\/#organization\",\"name\":\"TARPAK - Maszyny pakuj\u0105ce | kartoniarki i flowpacki\",\"url\":\"https:\/\/tarpak.pl\/\",\"logo\":{\"@type\":\"ImageObject\",\"inLanguage\":\"de\",\"@id\":\"https:\/\/tarpak.pl\/#\/schema\/logo\/image\/\",\"url\":\"https:\/\/tarpak.pl\/wp-content\/uploads\/2024\/10\/logo-main-2.png\",\"contentUrl\":\"https:\/\/tarpak.pl\/wp-content\/uploads\/2024\/10\/logo-main-2.png\",\"width\":140,\"height\":47,\"caption\":\"TARPAK - Maszyny pakuj\u0105ce | kartoniarki i flowpacki\"},\"image\":{\"@id\":\"https:\/\/tarpak.pl\/#\/schema\/logo\/image\/\"}}]}<\/script>\n<!-- \/ Yoast SEO plugin. -->","yoast_head_json":{"title":"Schlauchbeutelmaschine RGNF-30B - TARPAK - Verpackungsmaschinen | Kartonierer und Flowpacks","description":"Tubenmaschine RGNF-30B - Halbautomatische Maschine zum Verschlie\u00dfen und Bef\u00fcllen von Verbundtuben mit einer Kapazit\u00e4t von 2400 St\u00fcck\/h. Optimieren Sie Ihren Verpackungsprozess - informieren Sie sich \u00fcber die technischen Parameter und die Vorteile f\u00fcr Ihr Unternehmen!","robots":{"index":"index","follow":"follow","max-snippet":"max-snippet:-1","max-image-preview":"max-image-preview:large","max-video-preview":"max-video-preview:-1"},"canonical":"https:\/\/tarpak.pl\/de\/product\/tubiarka-rgnf-30b\/","og_locale":"de_DE","og_type":"article","og_title":"Tubiarka RGNF-30B - TARPAK - Maszyny pakuj\u0105ce | kartoniarki i flowpacki","og_description":"Tubiarka RGNF-30B - P\u00f3\u0142automatyczna maszyna do zamykania i nape\u0142niania tubek laminowanych z wydajno\u015bci\u0105 2400 szt.\/h. Zoptymalizuj proces pakowania \u2013 sprawd\u017a parametry techniczne i korzy\u015bci dla Twojej firmy!","og_url":"https:\/\/tarpak.pl\/de\/product\/tubiarka-rgnf-30b\/","og_site_name":"TARPAK - Maszyny pakuj\u0105ce | kartoniarki i flowpacki","article_modified_time":"2025-04-11T14:27:55+00:00","og_image":[{"width":3840,"height":2400,"url":"https:\/\/tarpak.pl\/wp-content\/uploads\/2025\/04\/Tubiarka-i-zamykarka-do-tubek-RGNF-30B.png","type":"image\/png"}],"twitter_card":"summary_large_image","twitter_misc":{"Gesch\u00e4tzte Lesezeit":"2\u00a0Minuten"},"schema":{"@context":"https:\/\/schema.org","@graph":[{"@type":"WebPage","@id":"https:\/\/tarpak.pl\/produkt\/tubiarka-rgnf-30b\/","url":"https:\/\/tarpak.pl\/produkt\/tubiarka-rgnf-30b\/","name":"Schlauchbeutelmaschine RGNF-30B - TARPAK - Verpackungsmaschinen | Kartonierer und Flowpacks","isPartOf":{"@id":"https:\/\/tarpak.pl\/#website"},"primaryImageOfPage":{"@id":"https:\/\/tarpak.pl\/produkt\/tubiarka-rgnf-30b\/#primaryimage"},"image":{"@id":"https:\/\/tarpak.pl\/produkt\/tubiarka-rgnf-30b\/#primaryimage"},"thumbnailUrl":"https:\/\/tarpak.pl\/wp-content\/uploads\/2025\/04\/Tubiarka-i-zamykarka-do-tubek-RGNF-30B.png","datePublished":"2025-04-10T10:19:28+00:00","dateModified":"2025-04-11T14:27:55+00:00","description":"Tubenmaschine RGNF-30B - Halbautomatische Maschine zum Verschlie\u00dfen und Bef\u00fcllen von Verbundtuben mit einer Kapazit\u00e4t von 2400 St\u00fcck\/h. Optimieren Sie Ihren Verpackungsprozess - informieren Sie sich \u00fcber die technischen Parameter und die Vorteile f\u00fcr Ihr Unternehmen!","breadcrumb":{"@id":"https:\/\/tarpak.pl\/produkt\/tubiarka-rgnf-30b\/#breadcrumb"},"inLanguage":"de","potentialAction":[{"@type":"ReadAction","target":["https:\/\/tarpak.pl\/produkt\/tubiarka-rgnf-30b\/"]}]},{"@type":"ImageObject","inLanguage":"de","@id":"https:\/\/tarpak.pl\/produkt\/tubiarka-rgnf-30b\/#primaryimage","url":"https:\/\/tarpak.pl\/wp-content\/uploads\/2025\/04\/Tubiarka-i-zamykarka-do-tubek-RGNF-30B.png","contentUrl":"https:\/\/tarpak.pl\/wp-content\/uploads\/2025\/04\/Tubiarka-i-zamykarka-do-tubek-RGNF-30B.png","width":3840,"height":2400,"caption":"Tubiarka i zamykarka do tubek RGNF 30B"},{"@type":"BreadcrumbList","@id":"https:\/\/tarpak.pl\/produkt\/tubiarka-rgnf-30b\/#breadcrumb","itemListElement":[{"@type":"ListItem","position":1,"name":"Strona g\u0142\u00f3wna","item":"https:\/\/tarpak.pl\/"},{"@type":"ListItem","position":2,"name":"Sklep","item":"https:\/\/tarpak.pl\/sklep\/"},{"@type":"ListItem","position":3,"name":"Tubiarka RGNF-30B"}]},{"@type":"WebSite","@id":"https:\/\/tarpak.pl\/#website","url":"https:\/\/tarpak.pl\/","name":"TARPAK - Verpackungsmaschinen | Kartonierer und Flowpacks","description":"Verpackungsmaschinen | Kartonierer und Flowpacks","publisher":{"@id":"https:\/\/tarpak.pl\/#organization"},"potentialAction":[{"@type":"SearchAction","target":{"@type":"EntryPoint","urlTemplate":"https:\/\/tarpak.pl\/?s={search_term_string}"},"query-input":{"@type":"PropertyValueSpecification","valueRequired":true,"valueName":"search_term_string"}}],"inLanguage":"de"},{"@type":"Organization","@id":"https:\/\/tarpak.pl\/#organization","name":"TARPAK - Verpackungsmaschinen | Kartonierer und Flowpacks","url":"https:\/\/tarpak.pl\/","logo":{"@type":"ImageObject","inLanguage":"de","@id":"https:\/\/tarpak.pl\/#\/schema\/logo\/image\/","url":"https:\/\/tarpak.pl\/wp-content\/uploads\/2024\/10\/logo-main-2.png","contentUrl":"https:\/\/tarpak.pl\/wp-content\/uploads\/2024\/10\/logo-main-2.png","width":140,"height":47,"caption":"TARPAK - Maszyny pakuj\u0105ce | kartoniarki i flowpacki"},"image":{"@id":"https:\/\/tarpak.pl\/#\/schema\/logo\/image\/"}}]}},"_links":{"self":[{"href":"https:\/\/tarpak.pl\/de\/wp-json\/wp\/v2\/product\/4488"}],"collection":[{"href":"https:\/\/tarpak.pl\/de\/wp-json\/wp\/v2\/product"}],"about":[{"href":"https:\/\/tarpak.pl\/de\/wp-json\/wp\/v2\/types\/product"}],"version-history":[{"count":0,"href":"https:\/\/tarpak.pl\/de\/wp-json\/wp\/v2\/product\/4488\/revisions"}],"wp:featuredmedia":[{"embeddable":true,"href":"https:\/\/tarpak.pl\/de\/wp-json\/wp\/v2\/media\/4489"}],"wp:attachment":[{"href":"https:\/\/tarpak.pl\/de\/wp-json\/wp\/v2\/media?parent=4488"}],"wp:term":[{"taxonomy":"product_cat","embeddable":true,"href":"https:\/\/tarpak.pl\/de\/wp-json\/wp\/v2\/product_cat?post=4488"},{"taxonomy":"product_tag","embeddable":true,"href":"https:\/\/tarpak.pl\/de\/wp-json\/wp\/v2\/product_tag?post=4488"}],"curies":[{"name":"wp","href":"https:\/\/api.w.org\/{rel}","templated":true}]}}