{"id":4075,"date":"2025-01-21T07:14:30","date_gmt":"2025-01-21T07:14:30","guid":{"rendered":"https:\/\/tarpak.pl\/?post_type=product&#038;p=4075"},"modified":"2025-01-21T10:38:24","modified_gmt":"2025-01-21T10:38:24","slug":"transportery-i-windy","status":"publish","type":"product","link":"https:\/\/tarpak.pl\/de\/product\/transportery-i-windy\/","title":{"rendered":"F\u00f6rderanlagen und Aufz\u00fcge"},"content":{"rendered":"<div class=\"row\">\n<div class=\"medium_title\">\n<h3>Transporter und Lifte von Tarpak - Innovative L\u00f6sungen f\u00fcr die innerbetriebliche Logistik<\/h3>\n<\/div>\n<p>Dank unserer individuellen Herangehensweise an jeden Kunden sind unsere L\u00f6sungen ideal f\u00fcr Standorte, an denen es an Produktionsfl\u00e4che mangelt oder an denen bestehende Prozesse im Einklang mit den LEAN SIGMA Prinzipien verbessert werden m\u00fcssen. Wir sind darauf spezialisiert, spezielle Konzepte zu entwickeln, die wir auf Ihre spezifischen Bed\u00fcrfnisse und Anforderungen zuschneiden, um maximale Effizienz und Zuverl\u00e4ssigkeit zu gew\u00e4hrleisten.<\/p>\n<div class=\"elementor-divider\"><img decoding=\"async\" class=\"size-full wp-image-3402\" title=\"Punkttrennzeichen\" src=\"https:\/\/tarpak.pl\/wp-content\/uploads\/2024\/11\/separator_dot.png\" alt=\"Punkttrennzeichen\" width=\"184\" height=\"50\" \/><\/div>\n<div class=\"medium_title\">\n<h3>Wesentliche Merkmale<\/h3>\n<\/div>\n<ul>\n<li><strong>Individuelles Design nach Ma\u00df:<\/strong> Jedes F\u00f6rder- und Liftsystem wird so konzipiert, dass es perfekt zu den r\u00e4umlichen Gegebenheiten und den spezifischen Logistikprozessen beim Kunden passt. Daher sind unsere L\u00f6sungen vollst\u00e4ndig auf die tats\u00e4chlichen Bed\u00fcrfnisse zugeschnitten.<\/li>\n<li><strong>Optimierung der Produktionsprozesse:<\/strong> F\u00f6rderer und Aufz\u00fcge verbessern den Materialfluss in allen Phasen der Produktion, minimieren Ausfallzeiten und erh\u00f6hen die Produktivit\u00e4t. Au\u00dferdem vermeiden sie unn\u00f6tige Transporte und Bewegungen gem\u00e4\u00df der LEAN SIGMA-Philosophie und tragen dazu bei, Abfall zu reduzieren und Ressourcen besser zu nutzen.<\/li>\n<li><strong>Fortgeschrittene Technologien:<\/strong> Wir bieten Konditoreif\u00f6rderer aus Modulband an, die sich durch au\u00dfergew\u00f6hnliche Langlebigkeit, Flexibilit\u00e4t und einfache Reinigung auszeichnen, was besonders in Branchen mit hohen Hygieneanforderungen wichtig ist.<\/li>\n<\/ul>\n<div class=\"elementor-divider\"><img decoding=\"async\" class=\"size-full wp-image-3402\" title=\"Punkttrennzeichen\" src=\"https:\/\/tarpak.pl\/wp-content\/uploads\/2024\/11\/separator_dot.png\" alt=\"Punkttrennzeichen\" width=\"184\" height=\"50\" \/><\/div>\n<div class=\"medium_title\">\n<h3>Vorteile f\u00fcr Ihr Unternehmen<\/h3>\n<\/div>\n<ul>\n<li><strong>Effizientes Raummanagement:<\/strong> Unsere Lifte und F\u00f6rderer nutzen den vorhandenen Raum besser aus, was besonders in Betrieben mit begrenztem Platzangebot wichtig ist.<\/li>\n<li><strong>Steigerung der Produktivit\u00e4t:<\/strong> Die Automatisierung des Materialtransports erm\u00f6glicht den reibungslosen und schnellen Transport von Materialien und Produkten zwischen den verschiedenen Produktionsstufen, was die Effizienz des gesamten Prozesses erheblich steigert.<\/li>\n<li><strong>Flexibilit\u00e4t und Skalierbarkeit:<\/strong> Dank der Anpassungsf\u00e4higkeit unserer L\u00f6sungen k\u00f6nnen unsere Systeme mit den wachsenden Produktionsanforderungen eines Unternehmens mitwachsen.<\/li>\n<li><strong>LEAN SIGMA-konform<\/strong> Wir st\u00fctzen unsere Projekte auf die Philosophie der kontinuierlichen Prozessverbesserung, die den Unternehmen hilft, die Betriebskosten zu senken und die Produktionsqualit\u00e4t zu verbessern. Wir steigern die Effizienz, indem wir T\u00e4tigkeiten reduzieren, die keinen Mehrwert f\u00fcr das Produkt schaffen, d. h. einen Wert, f\u00fcr den der Kunde nicht zahlen will.<\/li>\n<\/ul>\n<div class=\"elementor-divider\"><img decoding=\"async\" class=\"size-full wp-image-3402\" title=\"Punkttrennzeichen\" src=\"https:\/\/tarpak.pl\/wp-content\/uploads\/2024\/11\/separator_dot.png\" alt=\"Punkttrennzeichen\" width=\"184\" height=\"50\" \/><\/div>\n<div class=\"medium_title\">\n<h3>Beispiele f\u00fcr L\u00f6sungen:<\/h3>\n<\/div>\n<ul>\n<li><strong>Konditoreif\u00f6rderband aus Modulband:<\/strong> Eine extrem haltbare und funktionelle L\u00f6sung, die sich ideal f\u00fcr den Transport von Produkten in verschiedenen Produktionsstadien eignet. Modulare B\u00e4nder bieten Flexibilit\u00e4t bei der Systemgestaltung und erleichtern die Reinigung und Wartung.<\/li>\n<li><strong>F\u00f6rderband f\u00fcr S\u00fc\u00dfwaren vom Band:<\/strong> Die L\u00f6sung ist ideal f\u00fcr den Transport von Lebensmitteln wie Sandwiches und Baguettes. Die B\u00e4nder sorgen f\u00fcr Sauberkeit w\u00e4hrend des Verpackungsprozesses und sind leicht zu reinigen und zu warten. Die B\u00e4nder sind FDA-zertifiziert und die Konstruktion des F\u00f6rderers erleichtert die Einhaltung der GMP-Anforderungen im Hinblick auf die Hygiene.<\/li>\n<li><strong>Logistik-Aufz\u00fcge:<\/strong> Spezielle Vertikaltransportsysteme, die einen effizienten Materialtransport zwischen den Produktionsetagen erm\u00f6glichen, wodurch der verf\u00fcgbare Raum besser genutzt wird.<\/li>\n<\/ul>\n<div class=\"elementor-divider\"><img decoding=\"async\" class=\"size-full wp-image-3402\" title=\"Punkttrennzeichen\" src=\"https:\/\/tarpak.pl\/wp-content\/uploads\/2024\/11\/separator_dot.png\" alt=\"Punkttrennzeichen\" width=\"184\" height=\"50\" \/><\/div>\n<div class=\"medium_title\">\n<h3>Verf\u00fcgbare Versionen<\/h3>\n<\/div>\n<div class=\"e-con-inner img2\">\n<div class=\"img_col-options\">\n<p><strong>Unterer Stand A<\/strong><\/p>\n<p><img decoding=\"async\" title=\"Unterer Stand A 1\"  src=\"https:\/\/tarpak.pl\/wp-content\/uploads\/2025\/01\/stanowisko-dolne-A_1.png\" alt=\"Unterer Stand A 1\" width=\"100%\" class=\"alignleft size-full wp-image-4124\" style=\"padding-right: 10px; align-items: center; align-self: center;\" srcset=\"https:\/\/tarpak.pl\/wp-content\/uploads\/2025\/01\/stanowisko-dolne-A_1.png 1000w, https:\/\/tarpak.pl\/wp-content\/uploads\/2025\/01\/stanowisko-dolne-A_1-300x210.png 300w, https:\/\/tarpak.pl\/wp-content\/uploads\/2025\/01\/stanowisko-dolne-A_1-768x538.png 768w, https:\/\/tarpak.pl\/wp-content\/uploads\/2025\/01\/stanowisko-dolne-A_1-600x420.png 600w\" sizes=\"(max-width: 1000px) 100vw, 1000px\" \/><\/p>\n<\/div>\n<div class=\"img_col-options\">\n<p><strong>Unterer Stand B<\/strong><\/p>\n<p><img decoding=\"async\" title=\"Unterer Stand B 1\"  src=\"https:\/\/tarpak.pl\/wp-content\/uploads\/2025\/01\/stanowisko-dolne-B_1.png\" alt=\"Unterer Stand B 1\" width=\"100%\" class=\"alignright size-full wp-image-4125\" style=\"padding-left: 10px; align-items: center; align-self: center;\" srcset=\"https:\/\/tarpak.pl\/wp-content\/uploads\/2025\/01\/stanowisko-dolne-B_1.png 1000w, https:\/\/tarpak.pl\/wp-content\/uploads\/2025\/01\/stanowisko-dolne-B_1-300x210.png 300w, https:\/\/tarpak.pl\/wp-content\/uploads\/2025\/01\/stanowisko-dolne-B_1-768x538.png 768w, https:\/\/tarpak.pl\/wp-content\/uploads\/2025\/01\/stanowisko-dolne-B_1-600x420.png 600w\" sizes=\"(max-width: 1000px) 100vw, 1000px\" \/><\/p>\n<\/div>\n<\/div>\n<div class=\"e-con-inner img2\">\n<div class=\"img_col-options\">\n<p><strong>R1 Teleskoplader<\/strong><\/p>\n<p><img decoding=\"async\" title=\"R1 sm Teleskoplader\"  src=\"https:\/\/tarpak.pl\/wp-content\/uploads\/2025\/01\/Transporter-teleskopowy-R1_sm.png\" alt=\"R1 sm Teleskoplader\" width=\"100%\" class=\"alignleft size-full wp-image-4127\" style=\"padding-right: 10px; align-items: center; align-self: center;\" srcset=\"https:\/\/tarpak.pl\/wp-content\/uploads\/2025\/01\/Transporter-teleskopowy-R1_sm.png 1000w, https:\/\/tarpak.pl\/wp-content\/uploads\/2025\/01\/Transporter-teleskopowy-R1_sm-300x179.png 300w, https:\/\/tarpak.pl\/wp-content\/uploads\/2025\/01\/Transporter-teleskopowy-R1_sm-768x459.png 768w, https:\/\/tarpak.pl\/wp-content\/uploads\/2025\/01\/Transporter-teleskopowy-R1_sm-600x359.png 600w\" sizes=\"(max-width: 1000px) 100vw, 1000px\" \/><\/p>\n<\/div>\n<div class=\"img_col-options\">\n<p><strong>Teleskoptransporter R2<\/strong><\/p>\n<p><img decoding=\"async\" title=\"Teleskoptransporter R2 sm\"  src=\"https:\/\/tarpak.pl\/wp-content\/uploads\/2025\/01\/Transporter-teleskopowy-R2_sm.png\" alt=\"Teleskoptransporter R2 sm\" width=\"100%\" class=\"alignright size-full wp-image-4128\" style=\"padding-left: 10px; align-items: center; align-self: center;\" srcset=\"https:\/\/tarpak.pl\/wp-content\/uploads\/2025\/01\/Transporter-teleskopowy-R2_sm.png 1000w, https:\/\/tarpak.pl\/wp-content\/uploads\/2025\/01\/Transporter-teleskopowy-R2_sm-300x180.png 300w, https:\/\/tarpak.pl\/wp-content\/uploads\/2025\/01\/Transporter-teleskopowy-R2_sm-768x461.png 768w, https:\/\/tarpak.pl\/wp-content\/uploads\/2025\/01\/Transporter-teleskopowy-R2_sm-600x360.png 600w\" sizes=\"(max-width: 1000px) 100vw, 1000px\" \/><\/p>\n<\/div>\n<\/div>\n<div class=\"e-con-inner img2\">\n<div class=\"img_col-options\">\n<p><strong>Teleskoplader R3<\/strong><\/p>\n<p><img decoding=\"async\" title=\"Teleskoptransporter R3 sm\"  src=\"https:\/\/tarpak.pl\/wp-content\/uploads\/2025\/01\/Transporter-teleskopowy-R3_sm.png\" alt=\"Teleskoptransporter R3 sm\" width=\"100%\" class=\"alignleft size-full wp-image-4130\" style=\"padding-right: 10px; align-items: center; align-self: center;\" srcset=\"https:\/\/tarpak.pl\/wp-content\/uploads\/2025\/01\/Transporter-teleskopowy-R3_sm.png 1000w, https:\/\/tarpak.pl\/wp-content\/uploads\/2025\/01\/Transporter-teleskopowy-R3_sm-300x169.png 300w, https:\/\/tarpak.pl\/wp-content\/uploads\/2025\/01\/Transporter-teleskopowy-R3_sm-768x432.png 768w, https:\/\/tarpak.pl\/wp-content\/uploads\/2025\/01\/Transporter-teleskopowy-R3_sm-600x338.png 600w\" sizes=\"(max-width: 1000px) 100vw, 1000px\" \/>\n<\/div>\n<div class=\"img_col-options\">\n<p><strong>Teleskoplader R4<\/strong><\/p>\n<p><img decoding=\"async\" title=\"Teleskoplader R4 sm\"  src=\"https:\/\/tarpak.pl\/wp-content\/uploads\/2025\/01\/Transporter-teleskopowy-R4_sm.png\" alt=\"Teleskoplader R4 sm\" width=\"100%\" class=\"alignright size-full wp-image-4131\" style=\"padding-left: 10px; align-items: center; align-self: center;\" srcset=\"https:\/\/tarpak.pl\/wp-content\/uploads\/2025\/01\/Transporter-teleskopowy-R4_sm.png 1000w, https:\/\/tarpak.pl\/wp-content\/uploads\/2025\/01\/Transporter-teleskopowy-R4_sm-300x169.png 300w, https:\/\/tarpak.pl\/wp-content\/uploads\/2025\/01\/Transporter-teleskopowy-R4_sm-768x432.png 768w, https:\/\/tarpak.pl\/wp-content\/uploads\/2025\/01\/Transporter-teleskopowy-R4_sm-600x338.png 600w\" sizes=\"(max-width: 1000px) 100vw, 1000px\" \/>\n<\/div>\n<\/div>\n<div class=\"e-con-inner img2\">\n<div class=\"img_col-options\">\n<p><strong>Komplexe Transporter (2024.05.13)<\/strong><\/p>\n<p><img decoding=\"async\" title=\"T.P.0005 01.Z.011 01 Knickf\u00f6rderer (2024.05.13) sm\"  src=\"https:\/\/tarpak.pl\/wp-content\/uploads\/2025\/01\/T.P.0005_01.Z.011_01-Transportery-zlozenie-2024.05.13_sm.png\" alt=\"T.P.0005 01.Z.011 01 Knickf\u00f6rderer (2024.05.13) sm\" width=\"100%\" class=\"alignleft size-full wp-image-4134\" style=\"padding-right: 10px; align-items: center; align-self: center;\" srcset=\"https:\/\/tarpak.pl\/wp-content\/uploads\/2025\/01\/T.P.0005_01.Z.011_01-Transportery-zlozenie-2024.05.13_sm.png 1200w, https:\/\/tarpak.pl\/wp-content\/uploads\/2025\/01\/T.P.0005_01.Z.011_01-Transportery-zlozenie-2024.05.13_sm-300x167.png 300w, https:\/\/tarpak.pl\/wp-content\/uploads\/2025\/01\/T.P.0005_01.Z.011_01-Transportery-zlozenie-2024.05.13_sm-1024x570.png 1024w, https:\/\/tarpak.pl\/wp-content\/uploads\/2025\/01\/T.P.0005_01.Z.011_01-Transportery-zlozenie-2024.05.13_sm-768x428.png 768w, https:\/\/tarpak.pl\/wp-content\/uploads\/2025\/01\/T.P.0005_01.Z.011_01-Transportery-zlozenie-2024.05.13_sm-600x334.png 600w\" sizes=\"(max-width: 1200px) 100vw, 1200px\" \/><\/p>\n<\/div>\n<div class=\"img_col-options\">\n<p><strong>Transporter<\/strong><\/p>\n<p><img decoding=\"async\" title=\"!!! anfrage f\u00f6rderb\u00e4nder leszno 1\"  src=\"https:\/\/tarpak.pl\/wp-content\/uploads\/2025\/01\/zapytanie-transportery-leszno-1.png\" alt=\"!!! anfrage f\u00f6rderb\u00e4nder leszno 1\" width=\"100%\" class=\"alignright size-full wp-image-4135\" style=\"padding-left: 10px; align-items: center; align-self: center;\" srcset=\"https:\/\/tarpak.pl\/wp-content\/uploads\/2025\/01\/zapytanie-transportery-leszno-1.png 1583w, https:\/\/tarpak.pl\/wp-content\/uploads\/2025\/01\/zapytanie-transportery-leszno-1-300x141.png 300w, https:\/\/tarpak.pl\/wp-content\/uploads\/2025\/01\/zapytanie-transportery-leszno-1-1024x480.png 1024w, https:\/\/tarpak.pl\/wp-content\/uploads\/2025\/01\/zapytanie-transportery-leszno-1-768x360.png 768w, https:\/\/tarpak.pl\/wp-content\/uploads\/2025\/01\/zapytanie-transportery-leszno-1-1536x720.png 1536w, https:\/\/tarpak.pl\/wp-content\/uploads\/2025\/01\/zapytanie-transportery-leszno-1-600x281.png 600w\" sizes=\"(max-width: 1583px) 100vw, 1583px\" \/>\n<\/div>\n<\/div>\n<div class=\"e-con-inner img2\">\n<div class=\"img_col-options\">\n<p><strong>Aufzug B<\/strong><\/p>\n<p><img decoding=\"async\" title=\"Aufzug B 1\"  src=\"https:\/\/tarpak.pl\/wp-content\/uploads\/2025\/01\/Winda-B_1.png\" alt=\"Aufzug B 1\" width=\"40%\" class=\"alignleft size-full wp-image-4133\" style=\"padding-right: 10px; align-items: center; align-self: center;\" srcset=\"https:\/\/tarpak.pl\/wp-content\/uploads\/2025\/01\/Winda-B_1.png 550w, https:\/\/tarpak.pl\/wp-content\/uploads\/2025\/01\/Winda-B_1-140x300.png 140w, https:\/\/tarpak.pl\/wp-content\/uploads\/2025\/01\/Winda-B_1-477x1024.png 477w\" sizes=\"(max-width: 550px) 100vw, 550px\" \/>\n<\/div>\n<div class=\"img_col-options\">\n<p><strong>Aufzug A<\/strong><\/p>\n<p><img decoding=\"async\" title=\"Aufzug A 1\"  src=\"https:\/\/tarpak.pl\/wp-content\/uploads\/2025\/01\/Winda-A_1.png\" alt=\" 1\" width=\"40%\" class=\"alignright size-full wp-image-4132\" style=\"padding-left: 10px; align-items: center; align-self: center;\" srcset=\"https:\/\/tarpak.pl\/wp-content\/uploads\/2025\/01\/Winda-A_1.png 550w, https:\/\/tarpak.pl\/wp-content\/uploads\/2025\/01\/Winda-A_1-140x300.png 140w, https:\/\/tarpak.pl\/wp-content\/uploads\/2025\/01\/Winda-A_1-477x1024.png 477w\" sizes=\"(max-width: 550px) 100vw, 550px\" \/><\/p>\n<\/div>\n<\/div>\n<div class=\"elementor-divider\"><img decoding=\"async\" class=\"size-full wp-image-3402\" title=\"Punkttrennzeichen\" src=\"https:\/\/tarpak.pl\/wp-content\/uploads\/2024\/11\/separator_dot.png\" alt=\"Punkttrennzeichen\" width=\"184\" height=\"50\" \/><\/div>\n<div class=\"medium_title\">\n<h3>Warum sollten Sie sich f\u00fcr Transporter und Lifte von Tarpak entscheiden?<\/h3>\n<\/div>\n<p>Wenn Sie sich f\u00fcr F\u00f6rderer und Aufz\u00fcge der Marke Tarpak entscheiden, investieren Sie in ma\u00dfgeschneiderte L\u00f6sungen f\u00fcr Ihr Unternehmen. Unsere Systeme rationalisieren nicht nur logistische Prozesse, sondern helfen auch, Kosten zu senken, die Effizienz zu steigern und die Arbeitsorganisation in \u00dcbereinstimmung mit den LEAN SIGMA Best Practices zu verbessern. Verlassen Sie sich auf Tarpaks Spitzentechnologie und Expertenerfahrung, um Ihre interne Logistik auf die n\u00e4chste Stufe zu heben!<\/p>\n<\/div>","protected":false},"excerpt":{"rendered":"<p>F\u00f6rderer und Aufz\u00fcge der Marke Tarpak sind fortschrittliche Systeme zur Optimierung der Logistikprozesse in Unternehmen.<\/p>","protected":false},"featured_media":4078,"template":"","meta":{"_bst_post_transparent":"default","_bst_post_title":"","_bst_post_layout":"default","_bst_post_sidebar_id":"","_bst_post_content_style":"default","_bst_post_vertical_padding":"default","_bst_post_feature":"","_bst_post_feature_position":"","_bst_post_header":false,"_bst_post_footer":false},"product_cat":[102],"product_tag":[],"class_list":{"0":"post-4075","1":"product","2":"type-product","3":"status-publish","4":"has-post-thumbnail","6":"product_cat-tackarki","8":"first","9":"onbackorder","10":"sold-individually","11":"taxable","12":"shipping-taxable","13":"product-type-simple","14":"entry","15":"content-bg","16":"loop-entry"},"yoast_head":"<!-- This site is optimized with the Yoast SEO plugin v24.3 - https:\/\/yoast.com\/wordpress\/plugins\/seo\/ -->\n<title>Transportery i windy - TARPAK - Maszyny pakuj\u0105ce | kartoniarki i flowpacki<\/title>\n<meta name=\"robots\" content=\"index, follow, max-snippet:-1, max-image-preview:large, max-video-preview:-1\" \/>\n<link rel=\"canonical\" href=\"https:\/\/tarpak.pl\/de\/product\/transportery-i-windy\/\" \/>\n<meta property=\"og:locale\" content=\"de_DE\" \/>\n<meta property=\"og:type\" content=\"article\" \/>\n<meta property=\"og:title\" content=\"Transportery i windy - TARPAK - Maszyny pakuj\u0105ce | kartoniarki i flowpacki\" \/>\n<meta property=\"og:description\" content=\"Transportery i windy marki Tarpak to zaawansowane systemy zaprojektowane z my\u015bl\u0105 o optymalizacji proces\u00f3w logistycznych w przedsi\u0119biorstwach.\" \/>\n<meta property=\"og:url\" content=\"https:\/\/tarpak.pl\/de\/product\/transportery-i-windy\/\" \/>\n<meta property=\"og:site_name\" content=\"TARPAK - Maszyny pakuj\u0105ce | kartoniarki i flowpacki\" \/>\n<meta property=\"article:modified_time\" content=\"2025-01-21T10:38:24+00:00\" \/>\n<meta property=\"og:image\" content=\"https:\/\/tarpak.pl\/wp-content\/uploads\/2025\/01\/TRANSPORTERY-WINDY.png\" \/>\n\t<meta property=\"og:image:width\" content=\"550\" \/>\n\t<meta property=\"og:image:height\" content=\"500\" \/>\n\t<meta property=\"og:image:type\" content=\"image\/png\" \/>\n<meta name=\"twitter:card\" content=\"summary_large_image\" \/>\n<meta name=\"twitter:label1\" content=\"Gesch\u00e4tzte Lesezeit\" \/>\n\t<meta name=\"twitter:data1\" content=\"2\u00a0Minuten\" \/>\n<script type=\"application\/ld+json\" class=\"yoast-schema-graph\">{\"@context\":\"https:\/\/schema.org\",\"@graph\":[{\"@type\":\"WebPage\",\"@id\":\"https:\/\/tarpak.pl\/produkt\/transportery-i-windy\/\",\"url\":\"https:\/\/tarpak.pl\/produkt\/transportery-i-windy\/\",\"name\":\"Transportery i windy - TARPAK - Maszyny pakuj\u0105ce | kartoniarki i flowpacki\",\"isPartOf\":{\"@id\":\"https:\/\/tarpak.pl\/#website\"},\"primaryImageOfPage\":{\"@id\":\"https:\/\/tarpak.pl\/produkt\/transportery-i-windy\/#primaryimage\"},\"image\":{\"@id\":\"https:\/\/tarpak.pl\/produkt\/transportery-i-windy\/#primaryimage\"},\"thumbnailUrl\":\"https:\/\/tarpak.pl\/wp-content\/uploads\/2025\/01\/TRANSPORTERY-WINDY.png\",\"datePublished\":\"2025-01-21T07:14:30+00:00\",\"dateModified\":\"2025-01-21T10:38:24+00:00\",\"breadcrumb\":{\"@id\":\"https:\/\/tarpak.pl\/produkt\/transportery-i-windy\/#breadcrumb\"},\"inLanguage\":\"de\",\"potentialAction\":[{\"@type\":\"ReadAction\",\"target\":[\"https:\/\/tarpak.pl\/produkt\/transportery-i-windy\/\"]}]},{\"@type\":\"ImageObject\",\"inLanguage\":\"de\",\"@id\":\"https:\/\/tarpak.pl\/produkt\/transportery-i-windy\/#primaryimage\",\"url\":\"https:\/\/tarpak.pl\/wp-content\/uploads\/2025\/01\/TRANSPORTERY-WINDY.png\",\"contentUrl\":\"https:\/\/tarpak.pl\/wp-content\/uploads\/2025\/01\/TRANSPORTERY-WINDY.png\",\"width\":550,\"height\":500,\"caption\":\"TRANSPORTERY WINDY\"},{\"@type\":\"BreadcrumbList\",\"@id\":\"https:\/\/tarpak.pl\/produkt\/transportery-i-windy\/#breadcrumb\",\"itemListElement\":[{\"@type\":\"ListItem\",\"position\":1,\"name\":\"Strona g\u0142\u00f3wna\",\"item\":\"https:\/\/tarpak.pl\/\"},{\"@type\":\"ListItem\",\"position\":2,\"name\":\"Sklep\",\"item\":\"https:\/\/tarpak.pl\/sklep\/\"},{\"@type\":\"ListItem\",\"position\":3,\"name\":\"Transportery i windy\"}]},{\"@type\":\"WebSite\",\"@id\":\"https:\/\/tarpak.pl\/#website\",\"url\":\"https:\/\/tarpak.pl\/\",\"name\":\"TARPAK - Maszyny pakuj\u0105ce | kartoniarki i flowpacki\",\"description\":\"Maszyny pakuj\u0105ce | kartoniarki i flowpacki\",\"publisher\":{\"@id\":\"https:\/\/tarpak.pl\/#organization\"},\"potentialAction\":[{\"@type\":\"SearchAction\",\"target\":{\"@type\":\"EntryPoint\",\"urlTemplate\":\"https:\/\/tarpak.pl\/?s={search_term_string}\"},\"query-input\":{\"@type\":\"PropertyValueSpecification\",\"valueRequired\":true,\"valueName\":\"search_term_string\"}}],\"inLanguage\":\"de\"},{\"@type\":\"Organization\",\"@id\":\"https:\/\/tarpak.pl\/#organization\",\"name\":\"TARPAK - Maszyny pakuj\u0105ce | kartoniarki i flowpacki\",\"url\":\"https:\/\/tarpak.pl\/\",\"logo\":{\"@type\":\"ImageObject\",\"inLanguage\":\"de\",\"@id\":\"https:\/\/tarpak.pl\/#\/schema\/logo\/image\/\",\"url\":\"https:\/\/tarpak.pl\/wp-content\/uploads\/2024\/10\/logo-main-2.png\",\"contentUrl\":\"https:\/\/tarpak.pl\/wp-content\/uploads\/2024\/10\/logo-main-2.png\",\"width\":140,\"height\":47,\"caption\":\"TARPAK - Maszyny pakuj\u0105ce | kartoniarki i flowpacki\"},\"image\":{\"@id\":\"https:\/\/tarpak.pl\/#\/schema\/logo\/image\/\"}}]}<\/script>\n<!-- \/ Yoast SEO plugin. -->","yoast_head_json":{"title":"F\u00f6rderer und Lifte - TARPAK - Verpackungsmaschinen | Kartonierer und Flowpacks","robots":{"index":"index","follow":"follow","max-snippet":"max-snippet:-1","max-image-preview":"max-image-preview:large","max-video-preview":"max-video-preview:-1"},"canonical":"https:\/\/tarpak.pl\/de\/product\/transportery-i-windy\/","og_locale":"de_DE","og_type":"article","og_title":"Transportery i windy - TARPAK - Maszyny pakuj\u0105ce | kartoniarki i flowpacki","og_description":"Transportery i windy marki Tarpak to zaawansowane systemy zaprojektowane z my\u015bl\u0105 o optymalizacji proces\u00f3w logistycznych w przedsi\u0119biorstwach.","og_url":"https:\/\/tarpak.pl\/de\/product\/transportery-i-windy\/","og_site_name":"TARPAK - Maszyny pakuj\u0105ce | kartoniarki i flowpacki","article_modified_time":"2025-01-21T10:38:24+00:00","og_image":[{"width":550,"height":500,"url":"https:\/\/tarpak.pl\/wp-content\/uploads\/2025\/01\/TRANSPORTERY-WINDY.png","type":"image\/png"}],"twitter_card":"summary_large_image","twitter_misc":{"Gesch\u00e4tzte Lesezeit":"2\u00a0Minuten"},"schema":{"@context":"https:\/\/schema.org","@graph":[{"@type":"WebPage","@id":"https:\/\/tarpak.pl\/produkt\/transportery-i-windy\/","url":"https:\/\/tarpak.pl\/produkt\/transportery-i-windy\/","name":"F\u00f6rderer und Lifte - TARPAK - Verpackungsmaschinen | Kartonierer und Flowpacks","isPartOf":{"@id":"https:\/\/tarpak.pl\/#website"},"primaryImageOfPage":{"@id":"https:\/\/tarpak.pl\/produkt\/transportery-i-windy\/#primaryimage"},"image":{"@id":"https:\/\/tarpak.pl\/produkt\/transportery-i-windy\/#primaryimage"},"thumbnailUrl":"https:\/\/tarpak.pl\/wp-content\/uploads\/2025\/01\/TRANSPORTERY-WINDY.png","datePublished":"2025-01-21T07:14:30+00:00","dateModified":"2025-01-21T10:38:24+00:00","breadcrumb":{"@id":"https:\/\/tarpak.pl\/produkt\/transportery-i-windy\/#breadcrumb"},"inLanguage":"de","potentialAction":[{"@type":"ReadAction","target":["https:\/\/tarpak.pl\/produkt\/transportery-i-windy\/"]}]},{"@type":"ImageObject","inLanguage":"de","@id":"https:\/\/tarpak.pl\/produkt\/transportery-i-windy\/#primaryimage","url":"https:\/\/tarpak.pl\/wp-content\/uploads\/2025\/01\/TRANSPORTERY-WINDY.png","contentUrl":"https:\/\/tarpak.pl\/wp-content\/uploads\/2025\/01\/TRANSPORTERY-WINDY.png","width":550,"height":500,"caption":"TRANSPORTERY WINDY"},{"@type":"BreadcrumbList","@id":"https:\/\/tarpak.pl\/produkt\/transportery-i-windy\/#breadcrumb","itemListElement":[{"@type":"ListItem","position":1,"name":"Strona g\u0142\u00f3wna","item":"https:\/\/tarpak.pl\/"},{"@type":"ListItem","position":2,"name":"Sklep","item":"https:\/\/tarpak.pl\/sklep\/"},{"@type":"ListItem","position":3,"name":"Transportery i windy"}]},{"@type":"WebSite","@id":"https:\/\/tarpak.pl\/#website","url":"https:\/\/tarpak.pl\/","name":"TARPAK - Verpackungsmaschinen | Kartonierer und Flowpacks","description":"Verpackungsmaschinen | Kartonierer und Flowpacks","publisher":{"@id":"https:\/\/tarpak.pl\/#organization"},"potentialAction":[{"@type":"SearchAction","target":{"@type":"EntryPoint","urlTemplate":"https:\/\/tarpak.pl\/?s={search_term_string}"},"query-input":{"@type":"PropertyValueSpecification","valueRequired":true,"valueName":"search_term_string"}}],"inLanguage":"de"},{"@type":"Organization","@id":"https:\/\/tarpak.pl\/#organization","name":"TARPAK - Verpackungsmaschinen | Kartonierer und Flowpacks","url":"https:\/\/tarpak.pl\/","logo":{"@type":"ImageObject","inLanguage":"de","@id":"https:\/\/tarpak.pl\/#\/schema\/logo\/image\/","url":"https:\/\/tarpak.pl\/wp-content\/uploads\/2024\/10\/logo-main-2.png","contentUrl":"https:\/\/tarpak.pl\/wp-content\/uploads\/2024\/10\/logo-main-2.png","width":140,"height":47,"caption":"TARPAK - Maszyny pakuj\u0105ce | kartoniarki i flowpacki"},"image":{"@id":"https:\/\/tarpak.pl\/#\/schema\/logo\/image\/"}}]}},"_links":{"self":[{"href":"https:\/\/tarpak.pl\/de\/wp-json\/wp\/v2\/product\/4075"}],"collection":[{"href":"https:\/\/tarpak.pl\/de\/wp-json\/wp\/v2\/product"}],"about":[{"href":"https:\/\/tarpak.pl\/de\/wp-json\/wp\/v2\/types\/product"}],"version-history":[{"count":0,"href":"https:\/\/tarpak.pl\/de\/wp-json\/wp\/v2\/product\/4075\/revisions"}],"wp:featuredmedia":[{"embeddable":true,"href":"https:\/\/tarpak.pl\/de\/wp-json\/wp\/v2\/media\/4078"}],"wp:attachment":[{"href":"https:\/\/tarpak.pl\/de\/wp-json\/wp\/v2\/media?parent=4075"}],"wp:term":[{"taxonomy":"product_cat","embeddable":true,"href":"https:\/\/tarpak.pl\/de\/wp-json\/wp\/v2\/product_cat?post=4075"},{"taxonomy":"product_tag","embeddable":true,"href":"https:\/\/tarpak.pl\/de\/wp-json\/wp\/v2\/product_tag?post=4075"}],"curies":[{"name":"wp","href":"https:\/\/api.w.org\/{rel}","templated":true}]}}