{"id":4058,"date":"2025-01-20T14:10:43","date_gmt":"2025-01-20T14:10:43","guid":{"rendered":"https:\/\/tarpak.pl\/?post_type=product&#038;p=4058"},"modified":"2025-01-21T09:31:48","modified_gmt":"2025-01-21T09:31:48","slug":"tackarka-eco","status":"publish","type":"product","link":"https:\/\/tarpak.pl\/de\/product\/tackarka-eco\/","title":{"rendered":"ECO TACKER"},"content":{"rendered":"<div class=\"row\">\n<div class=\"medium_title\">\n<h3>TACKARKA ECO von Tarpak - Innovative L\u00f6sung f\u00fcr Faltschalen<\/h3>\n<\/div>\n<p>Heftmaschinen wie die ECO sind in vielen Industriezweigen weit verbreitet, z. B. in der Lebensmittel-, M\u00f6bel- und Automobilindustrie, und spielen eine Schl\u00fcsselrolle bei der Automatisierung von Verpackungsprozessen und der Vorbereitung von Produkten f\u00fcr den Weitertransport. Dank der einfachen Bedienung kann das Ger\u00e4t auch von weniger erfahrenen Mitarbeitern bedient werden und ist somit ideal f\u00fcr kleine, mittlere und gro\u00dfe Unternehmen. Der TACKARKA ECO hilft, Zeit zu sparen, das Fehlerrisiko zu verringern und die Produktionseffizienz erheblich zu steigern, so dass sich die Unternehmen auf das Wachstum ihres Gesch\u00e4fts konzentrieren k\u00f6nnen.<\/p>\n<div class=\"elementor-divider\"><img decoding=\"async\" class=\"size-full wp-image-3402\" title=\"Punkttrennzeichen\" src=\"https:\/\/tarpak.pl\/wp-content\/uploads\/2024\/11\/separator_dot.png\" alt=\"Punkttrennzeichen\" width=\"184\" height=\"50\" \/><\/div>\n<div class=\"medium_title\">\n<h3>Wesentliche Merkmale<\/h3>\n<\/div>\n<ul>\n<li><strong>Leistung:<\/strong> Mit der Maschine k\u00f6nnen 8-10 Schalen pro Minute gefaltet werden, was die Produktionsprozesse erheblich beschleunigt. Dies ist besonders wichtig f\u00fcr Betriebe, die gro\u00dfe Mengen an Produkten verarbeiten und hohe Durchsatzanforderungen erf\u00fcllen m\u00fcssen.<\/li>\n<li><strong>Universelle Anwendung:<\/strong> Der TACKARKA ECO ist f\u00fcr eine Vielzahl von Branchen geeignet. In der Lebensmittelindustrie kann sie zum Verpacken von B\u00e4ckerei-, Feinkost- oder Fleischprodukten eingesetzt werden, wo Schalen zum sicheren Transport und zur Lagerung von Lebensmitteln verwendet werden. In der M\u00f6bel- und Automobilbranche wird die Maschine zum Verpacken von Kleinteilen wie Schrauben, Muttern oder Zubeh\u00f6r verwendet. Die Vielseitigkeit des Ger\u00e4ts macht es zu einer unsch\u00e4tzbaren Unterst\u00fctzung f\u00fcr Logistikprozesse in vielen Branchen.<\/li>\n<\/ul>\n<div class=\"elementor-divider\"><img decoding=\"async\" class=\"size-full wp-image-3402\" title=\"Punkttrennzeichen\" src=\"https:\/\/tarpak.pl\/wp-content\/uploads\/2024\/11\/separator_dot.png\" alt=\"Punkttrennzeichen\" width=\"184\" height=\"50\" \/><\/div>\n<div class=\"medium_title\">\n<h3>Vorteile f\u00fcr Ihr Unternehmen<\/h3>\n<\/div>\n<ul>\n<li><strong>Kosteneinsparungen:<\/strong> Der Verzicht auf Leim bedeutet nicht nur weniger Ausgaben f\u00fcr Verbrauchsmaterial, sondern auch keine Wartung der Klebesysteme.<\/li>\n<li><strong>\u00d6kologie:<\/strong> Durch den Verzicht auf Klebstoff wird der Prozess der Schalenmontage umweltfreundlicher, was den aktuellen Trends entspricht und die CSR-Strategie (Corporate Social Responsibility) des Unternehmens unterst\u00fctzen kann.<\/li>\n<li><strong>Einfach zu bedienen:<\/strong> Dank des einfachen Designs und der intuitiven Benutzeroberfl\u00e4che ist das Ger\u00e4t leicht zu bedienen, wodurch sich der Zeitaufwand f\u00fcr die Schulung des Personals verringert.<\/li>\n<li><strong>Steigerung der Effizienz:<\/strong> Durch die Schnelligkeit und Zuverl\u00e4ssigkeit des TACKARKA ECO lassen sich Produktionsprozesse deutlich beschleunigen und die Effizienz von Produktionslinien steigern.<\/li>\n<\/ul>\n<div class=\"elementor-divider\"><img decoding=\"async\" class=\"size-full wp-image-3402\" title=\"Punkttrennzeichen\" src=\"https:\/\/tarpak.pl\/wp-content\/uploads\/2024\/11\/separator_dot.png\" alt=\"Punkttrennzeichen\" width=\"184\" height=\"50\" \/><\/div>\n<table class=\"bordered\">\n<tbody>\n<tr>\n<th colspan=\"2\">Spezifikation<\/th>\n<\/tr>\n<tr>\n<td><strong>Modell<\/strong><\/td>\n<td><strong>Leistung<\/strong><\/td>\n<\/tr>\n<tr>\n<td>ECO<\/td>\n<td>8-10 Tabletts\/Minute<\/td>\n<\/tr>\n<\/tbody>\n<\/table>\n<div class=\"elementor-divider\"><img decoding=\"async\" class=\"size-full wp-image-3402\" title=\"Punkttrennzeichen\" src=\"https:\/\/tarpak.pl\/wp-content\/uploads\/2024\/11\/separator_dot.png\" alt=\"Punkttrennzeichen\" width=\"184\" height=\"50\" \/><\/div>\n<div class=\"medium_title\">\n<h3>Zus\u00e4tzliche Optionen verf\u00fcgbar<\/h3>\n<\/div>\n<ul>\n<li><strong>Hei\u00dfklebepistole HOT MELT:<\/strong> F\u00fcr Unternehmen, die zus\u00e4tzliche Flexibilit\u00e4t ben\u00f6tigen, kann der TACKARKA ECO mit einem Klebemodul ausgestattet werden, mit dem bei Bedarf Klebstoff aufgetragen werden kann.<\/li>\n<li><strong>Lagertransporter:<\/strong> Diese L\u00f6sung erleichtert die Integration des Ger\u00e4ts in bestehende Produktionslinien und die Automatisierung des Transports fertiger Trays, was die Effizienz der Logistikprozesse weiter erh\u00f6ht.<\/li>\n<\/ul>\n<div class=\"elementor-divider\"><img decoding=\"async\" class=\"size-full wp-image-3402\" title=\"Punkttrennzeichen\" src=\"https:\/\/tarpak.pl\/wp-content\/uploads\/2024\/11\/separator_dot.png\" alt=\"Punkttrennzeichen\" width=\"184\" height=\"50\" \/><\/div>\n<div class=\"medium_title\">\n<h3>Verf\u00fcgbare Versionen<\/h3>\n<\/div>\n<div class=\"e-con-inner img2\">\n<div class=\"img_col-options\">\n<p><strong>Tackarka A<\/strong><\/p>\n<p><img decoding=\"async\" title=\"T.P.0002 00.Z.03 Tackarka A sm\"  src=\"https:\/\/tarpak.pl\/wp-content\/uploads\/2025\/01\/T.P.0002_00.Z.03-Tackarka-A_sm.png\" alt=\"T.P.0002 00.Z.03 Tackarka A\" width=\"100%\" class=\"alignleft size-full wp-image-4068\" style=\"padding-right: 10px; align-items: center; align-self: center;\" srcset=\"https:\/\/tarpak.pl\/wp-content\/uploads\/2025\/01\/T.P.0002_00.Z.03-Tackarka-A_sm.png 1200w, https:\/\/tarpak.pl\/wp-content\/uploads\/2025\/01\/T.P.0002_00.Z.03-Tackarka-A_sm-300x228.png 300w, https:\/\/tarpak.pl\/wp-content\/uploads\/2025\/01\/T.P.0002_00.Z.03-Tackarka-A_sm-1024x777.png 1024w, https:\/\/tarpak.pl\/wp-content\/uploads\/2025\/01\/T.P.0002_00.Z.03-Tackarka-A_sm-768x583.png 768w, https:\/\/tarpak.pl\/wp-content\/uploads\/2025\/01\/T.P.0002_00.Z.03-Tackarka-A_sm-600x456.png 600w\" sizes=\"(max-width: 1200px) 100vw, 1200px\" \/><\/p>\n<\/div>\n<div class=\"img_col-options\">\n<p><strong>Tackarka B<\/strong><\/p>\n<p><img decoding=\"async\" title=\"T.P.0002 00.Z.03 Tackarka B sm\"  src=\"https:\/\/tarpak.pl\/wp-content\/uploads\/2025\/01\/T.P.0002_00.Z.03-Tackarka-B_sm.png\" alt=\"T.P.0002 00.Z.03 Verriegelungsmaschine B\" width=\"100%\" class=\"alignright size-full wp-image-4069\" style=\"padding-left: 10px; align-items: center; align-self: center;\" srcset=\"https:\/\/tarpak.pl\/wp-content\/uploads\/2025\/01\/T.P.0002_00.Z.03-Tackarka-B_sm.png 1200w, https:\/\/tarpak.pl\/wp-content\/uploads\/2025\/01\/T.P.0002_00.Z.03-Tackarka-B_sm-300x228.png 300w, https:\/\/tarpak.pl\/wp-content\/uploads\/2025\/01\/T.P.0002_00.Z.03-Tackarka-B_sm-1024x777.png 1024w, https:\/\/tarpak.pl\/wp-content\/uploads\/2025\/01\/T.P.0002_00.Z.03-Tackarka-B_sm-768x583.png 768w, https:\/\/tarpak.pl\/wp-content\/uploads\/2025\/01\/T.P.0002_00.Z.03-Tackarka-B_sm-600x456.png 600w\" sizes=\"(max-width: 1200px) 100vw, 1200px\" \/><\/p>\n<\/div>\n<\/div>\n<div class=\"e-con-inner img2\">\n<div class=\"img_col-options\">\n<p><strong>Tackarka C<\/strong><\/p>\n<p><img decoding=\"async\" title=\"T.P.0002 00.Z.03 Verriegelungsmaschine C sm\"  src=\"https:\/\/tarpak.pl\/wp-content\/uploads\/2025\/01\/T.P.0002_00.Z.03-Tackarka-C_sm.png\" alt=\"T.P.0002 00.Z.03 Verriegelungsmaschine C\" width=\"100%\" class=\"alignleft size-full wp-image-4071\" style=\"padding-right: 10px; align-items: center; align-self: center;\" srcset=\"https:\/\/tarpak.pl\/wp-content\/uploads\/2025\/01\/T.P.0002_00.Z.03-Tackarka-C_sm.png 1200w, https:\/\/tarpak.pl\/wp-content\/uploads\/2025\/01\/T.P.0002_00.Z.03-Tackarka-C_sm-300x228.png 300w, https:\/\/tarpak.pl\/wp-content\/uploads\/2025\/01\/T.P.0002_00.Z.03-Tackarka-C_sm-1024x777.png 1024w, https:\/\/tarpak.pl\/wp-content\/uploads\/2025\/01\/T.P.0002_00.Z.03-Tackarka-C_sm-768x583.png 768w, https:\/\/tarpak.pl\/wp-content\/uploads\/2025\/01\/T.P.0002_00.Z.03-Tackarka-C_sm-600x456.png 600w\" sizes=\"(max-width: 1200px) 100vw, 1200px\" \/><\/p>\n<\/div>\n<div class=\"img_col-options\">\n<p><strong>Tackarka D<\/strong><\/p>\n<p><img decoding=\"async\" title=\"T.P.0002 00.Z.03 Verriegelungsmaschine D sm\"  src=\"https:\/\/tarpak.pl\/wp-content\/uploads\/2025\/01\/T.P.0002_00.Z.03-Tackarka-D_sm.png\" alt=\"T.P.0002 00.Z.03 Tackarka D\" width=\"100%\" class=\"alignright size-full wp-image-4072\" style=\"padding-left: 10px; align-items: center; align-self: center;\" srcset=\"https:\/\/tarpak.pl\/wp-content\/uploads\/2025\/01\/T.P.0002_00.Z.03-Tackarka-D_sm.png 1200w, https:\/\/tarpak.pl\/wp-content\/uploads\/2025\/01\/T.P.0002_00.Z.03-Tackarka-D_sm-300x228.png 300w, https:\/\/tarpak.pl\/wp-content\/uploads\/2025\/01\/T.P.0002_00.Z.03-Tackarka-D_sm-1024x777.png 1024w, https:\/\/tarpak.pl\/wp-content\/uploads\/2025\/01\/T.P.0002_00.Z.03-Tackarka-D_sm-768x583.png 768w, https:\/\/tarpak.pl\/wp-content\/uploads\/2025\/01\/T.P.0002_00.Z.03-Tackarka-D_sm-600x456.png 600w\" sizes=\"(max-width: 1200px) 100vw, 1200px\" \/><\/p>\n<\/div>\n<\/div>\n<div class=\"elementor-divider\"><img decoding=\"async\" class=\"size-full wp-image-3402\" title=\"Punkttrennzeichen\" src=\"https:\/\/tarpak.pl\/wp-content\/uploads\/2024\/11\/separator_dot.png\" alt=\"Punkttrennzeichen\" width=\"184\" height=\"50\" \/><\/div>\n<div class=\"medium_title\">\n<h3>Warum die ECO TACKARKA w\u00e4hlen?<\/h3>\n<\/div>\n<p>Die Entscheidung f\u00fcr den TACKARKA ECO ist eine Investition in Modernit\u00e4t, Zuverl\u00e4ssigkeit und Wirtschaftlichkeit. Dank seiner Vielseitigkeit und Anpassungsf\u00e4higkeit an die spezifischen Bed\u00fcrfnisse der Industrie ist dieses Ger\u00e4t eine unverzichtbare Unterst\u00fctzung bei der Automatisierung von Produktionsprozessen. Setzen Sie auf Qualit\u00e4t, \u00d6kologie und Effizienz, die Ihnen der TACKARKA ECO von Tarpak garantiert. Ein Ger\u00e4t, das Unternehmen hilft, ihre Ziele schneller und kosteng\u00fcnstiger zu erreichen und gleichzeitig die Umwelt zu schonen.<\/p>\n<\/div>","protected":false},"excerpt":{"rendered":"<p>Der TACKARKA ECO von Tarpak ist ein professionelles Ger\u00e4t f\u00fcr moderne Unternehmen, die ihre Produktionsprozesse optimieren wollen. Dank seiner Schnappfaltung kommt das Ger\u00e4t ohne Klebstoffe aus, was nicht nur die Betriebskosten senkt, sondern auch dem zunehmend verbreiteten Wunsch nach umweltfreundlichen L\u00f6sungen in der Industrie entgegenkommt.<\/p>","protected":false},"featured_media":4116,"template":"","meta":{"_bst_post_transparent":"default","_bst_post_title":"","_bst_post_layout":"default","_bst_post_sidebar_id":"","_bst_post_content_style":"default","_bst_post_vertical_padding":"default","_bst_post_feature":"","_bst_post_feature_position":"","_bst_post_header":false,"_bst_post_footer":false},"product_cat":[102],"product_tag":[],"class_list":{"0":"post-4058","1":"product","2":"type-product","3":"status-publish","4":"has-post-thumbnail","6":"product_cat-tackarki","8":"first","9":"onbackorder","10":"sold-individually","11":"taxable","12":"shipping-taxable","13":"product-type-simple","14":"entry","15":"content-bg","16":"loop-entry"},"yoast_head":"<!-- This site is optimized with the Yoast SEO plugin v24.3 - https:\/\/yoast.com\/wordpress\/plugins\/seo\/ -->\n<title>TACKARKA ECO - TARPAK - Maszyny pakuj\u0105ce | kartoniarki i flowpacki<\/title>\n<meta name=\"robots\" content=\"index, follow, max-snippet:-1, max-image-preview:large, max-video-preview:-1\" \/>\n<link rel=\"canonical\" href=\"https:\/\/tarpak.pl\/de\/product\/tackarka-eco\/\" \/>\n<meta property=\"og:locale\" content=\"de_DE\" \/>\n<meta property=\"og:type\" content=\"article\" \/>\n<meta property=\"og:title\" content=\"TACKARKA ECO - TARPAK - Maszyny pakuj\u0105ce | kartoniarki i flowpacki\" \/>\n<meta property=\"og:description\" content=\"TACKARKA ECO od Tarpak to profesjonalne urz\u0105dzenie zaprojektowane z my\u015bl\u0105 o nowoczesnych firmach, kt\u00f3re d\u0105\u017c\u0105 do optymalizacji proces\u00f3w produkcyjnych. Dzi\u0119ki mo\u017cliwo\u015bci sk\u0142adania tac na zatrzask, urz\u0105dzenie eliminuje potrzeb\u0119 stosowania klej\u00f3w, co nie tylko zmniejsza koszty eksploatacji, ale r\u00f3wnie\u017c wpisuje si\u0119 w coraz bardziej powszechne d\u0105\u017cenie do ekologicznych rozwi\u0105za\u0144 w przemy\u015ble.\" \/>\n<meta property=\"og:url\" content=\"https:\/\/tarpak.pl\/de\/product\/tackarka-eco\/\" \/>\n<meta property=\"og:site_name\" content=\"TARPAK - Maszyny pakuj\u0105ce | kartoniarki i flowpacki\" \/>\n<meta property=\"article:modified_time\" content=\"2025-01-21T09:31:48+00:00\" \/>\n<meta property=\"og:image\" content=\"https:\/\/tarpak.pl\/wp-content\/uploads\/2025\/01\/Tackarka_eco_maszyna.png\" \/>\n\t<meta property=\"og:image:width\" content=\"1200\" \/>\n\t<meta property=\"og:image:height\" content=\"900\" \/>\n\t<meta property=\"og:image:type\" content=\"image\/png\" \/>\n<meta name=\"twitter:card\" content=\"summary_large_image\" \/>\n<meta name=\"twitter:label1\" content=\"Gesch\u00e4tzte Lesezeit\" \/>\n\t<meta name=\"twitter:data1\" content=\"2\u00a0Minuten\" \/>\n<script type=\"application\/ld+json\" class=\"yoast-schema-graph\">{\"@context\":\"https:\/\/schema.org\",\"@graph\":[{\"@type\":\"WebPage\",\"@id\":\"https:\/\/tarpak.pl\/produkt\/tackarka-eco\/\",\"url\":\"https:\/\/tarpak.pl\/produkt\/tackarka-eco\/\",\"name\":\"TACKARKA ECO - TARPAK - Maszyny pakuj\u0105ce | kartoniarki i flowpacki\",\"isPartOf\":{\"@id\":\"https:\/\/tarpak.pl\/#website\"},\"primaryImageOfPage\":{\"@id\":\"https:\/\/tarpak.pl\/produkt\/tackarka-eco\/#primaryimage\"},\"image\":{\"@id\":\"https:\/\/tarpak.pl\/produkt\/tackarka-eco\/#primaryimage\"},\"thumbnailUrl\":\"https:\/\/tarpak.pl\/wp-content\/uploads\/2025\/01\/Tackarka_eco_maszyna.png\",\"datePublished\":\"2025-01-20T14:10:43+00:00\",\"dateModified\":\"2025-01-21T09:31:48+00:00\",\"breadcrumb\":{\"@id\":\"https:\/\/tarpak.pl\/produkt\/tackarka-eco\/#breadcrumb\"},\"inLanguage\":\"de\",\"potentialAction\":[{\"@type\":\"ReadAction\",\"target\":[\"https:\/\/tarpak.pl\/produkt\/tackarka-eco\/\"]}]},{\"@type\":\"ImageObject\",\"inLanguage\":\"de\",\"@id\":\"https:\/\/tarpak.pl\/produkt\/tackarka-eco\/#primaryimage\",\"url\":\"https:\/\/tarpak.pl\/wp-content\/uploads\/2025\/01\/Tackarka_eco_maszyna.png\",\"contentUrl\":\"https:\/\/tarpak.pl\/wp-content\/uploads\/2025\/01\/Tackarka_eco_maszyna.png\",\"width\":1200,\"height\":900,\"caption\":\"Tackarka eco maszyna\"},{\"@type\":\"BreadcrumbList\",\"@id\":\"https:\/\/tarpak.pl\/produkt\/tackarka-eco\/#breadcrumb\",\"itemListElement\":[{\"@type\":\"ListItem\",\"position\":1,\"name\":\"Strona g\u0142\u00f3wna\",\"item\":\"https:\/\/tarpak.pl\/\"},{\"@type\":\"ListItem\",\"position\":2,\"name\":\"Sklep\",\"item\":\"https:\/\/tarpak.pl\/sklep\/\"},{\"@type\":\"ListItem\",\"position\":3,\"name\":\"TACKARKA ECO\"}]},{\"@type\":\"WebSite\",\"@id\":\"https:\/\/tarpak.pl\/#website\",\"url\":\"https:\/\/tarpak.pl\/\",\"name\":\"TARPAK - Maszyny pakuj\u0105ce | kartoniarki i flowpacki\",\"description\":\"Maszyny pakuj\u0105ce | kartoniarki i flowpacki\",\"publisher\":{\"@id\":\"https:\/\/tarpak.pl\/#organization\"},\"potentialAction\":[{\"@type\":\"SearchAction\",\"target\":{\"@type\":\"EntryPoint\",\"urlTemplate\":\"https:\/\/tarpak.pl\/?s={search_term_string}\"},\"query-input\":{\"@type\":\"PropertyValueSpecification\",\"valueRequired\":true,\"valueName\":\"search_term_string\"}}],\"inLanguage\":\"de\"},{\"@type\":\"Organization\",\"@id\":\"https:\/\/tarpak.pl\/#organization\",\"name\":\"TARPAK - Maszyny pakuj\u0105ce | kartoniarki i flowpacki\",\"url\":\"https:\/\/tarpak.pl\/\",\"logo\":{\"@type\":\"ImageObject\",\"inLanguage\":\"de\",\"@id\":\"https:\/\/tarpak.pl\/#\/schema\/logo\/image\/\",\"url\":\"https:\/\/tarpak.pl\/wp-content\/uploads\/2024\/10\/logo-main-2.png\",\"contentUrl\":\"https:\/\/tarpak.pl\/wp-content\/uploads\/2024\/10\/logo-main-2.png\",\"width\":140,\"height\":47,\"caption\":\"TARPAK - Maszyny pakuj\u0105ce | kartoniarki i flowpacki\"},\"image\":{\"@id\":\"https:\/\/tarpak.pl\/#\/schema\/logo\/image\/\"}}]}<\/script>\n<!-- \/ Yoast SEO plugin. -->","yoast_head_json":{"title":"TACKAR ECO - TARPAK - Verpackungsmaschinen | Kartonierer und Flowpacks","robots":{"index":"index","follow":"follow","max-snippet":"max-snippet:-1","max-image-preview":"max-image-preview:large","max-video-preview":"max-video-preview:-1"},"canonical":"https:\/\/tarpak.pl\/de\/product\/tackarka-eco\/","og_locale":"de_DE","og_type":"article","og_title":"TACKARKA ECO - TARPAK - Maszyny pakuj\u0105ce | kartoniarki i flowpacki","og_description":"TACKARKA ECO od Tarpak to profesjonalne urz\u0105dzenie zaprojektowane z my\u015bl\u0105 o nowoczesnych firmach, kt\u00f3re d\u0105\u017c\u0105 do optymalizacji proces\u00f3w produkcyjnych. Dzi\u0119ki mo\u017cliwo\u015bci sk\u0142adania tac na zatrzask, urz\u0105dzenie eliminuje potrzeb\u0119 stosowania klej\u00f3w, co nie tylko zmniejsza koszty eksploatacji, ale r\u00f3wnie\u017c wpisuje si\u0119 w coraz bardziej powszechne d\u0105\u017cenie do ekologicznych rozwi\u0105za\u0144 w przemy\u015ble.","og_url":"https:\/\/tarpak.pl\/de\/product\/tackarka-eco\/","og_site_name":"TARPAK - Maszyny pakuj\u0105ce | kartoniarki i flowpacki","article_modified_time":"2025-01-21T09:31:48+00:00","og_image":[{"width":1200,"height":900,"url":"https:\/\/tarpak.pl\/wp-content\/uploads\/2025\/01\/Tackarka_eco_maszyna.png","type":"image\/png"}],"twitter_card":"summary_large_image","twitter_misc":{"Gesch\u00e4tzte Lesezeit":"2\u00a0Minuten"},"schema":{"@context":"https:\/\/schema.org","@graph":[{"@type":"WebPage","@id":"https:\/\/tarpak.pl\/produkt\/tackarka-eco\/","url":"https:\/\/tarpak.pl\/produkt\/tackarka-eco\/","name":"TACKAR ECO - TARPAK - Verpackungsmaschinen | Kartonierer und Flowpacks","isPartOf":{"@id":"https:\/\/tarpak.pl\/#website"},"primaryImageOfPage":{"@id":"https:\/\/tarpak.pl\/produkt\/tackarka-eco\/#primaryimage"},"image":{"@id":"https:\/\/tarpak.pl\/produkt\/tackarka-eco\/#primaryimage"},"thumbnailUrl":"https:\/\/tarpak.pl\/wp-content\/uploads\/2025\/01\/Tackarka_eco_maszyna.png","datePublished":"2025-01-20T14:10:43+00:00","dateModified":"2025-01-21T09:31:48+00:00","breadcrumb":{"@id":"https:\/\/tarpak.pl\/produkt\/tackarka-eco\/#breadcrumb"},"inLanguage":"de","potentialAction":[{"@type":"ReadAction","target":["https:\/\/tarpak.pl\/produkt\/tackarka-eco\/"]}]},{"@type":"ImageObject","inLanguage":"de","@id":"https:\/\/tarpak.pl\/produkt\/tackarka-eco\/#primaryimage","url":"https:\/\/tarpak.pl\/wp-content\/uploads\/2025\/01\/Tackarka_eco_maszyna.png","contentUrl":"https:\/\/tarpak.pl\/wp-content\/uploads\/2025\/01\/Tackarka_eco_maszyna.png","width":1200,"height":900,"caption":"Tackarka eco maszyna"},{"@type":"BreadcrumbList","@id":"https:\/\/tarpak.pl\/produkt\/tackarka-eco\/#breadcrumb","itemListElement":[{"@type":"ListItem","position":1,"name":"Strona g\u0142\u00f3wna","item":"https:\/\/tarpak.pl\/"},{"@type":"ListItem","position":2,"name":"Sklep","item":"https:\/\/tarpak.pl\/sklep\/"},{"@type":"ListItem","position":3,"name":"TACKARKA ECO"}]},{"@type":"WebSite","@id":"https:\/\/tarpak.pl\/#website","url":"https:\/\/tarpak.pl\/","name":"TARPAK - Verpackungsmaschinen | Kartonierer und Flowpacks","description":"Verpackungsmaschinen | Kartonierer und Flowpacks","publisher":{"@id":"https:\/\/tarpak.pl\/#organization"},"potentialAction":[{"@type":"SearchAction","target":{"@type":"EntryPoint","urlTemplate":"https:\/\/tarpak.pl\/?s={search_term_string}"},"query-input":{"@type":"PropertyValueSpecification","valueRequired":true,"valueName":"search_term_string"}}],"inLanguage":"de"},{"@type":"Organization","@id":"https:\/\/tarpak.pl\/#organization","name":"TARPAK - Verpackungsmaschinen | Kartonierer und Flowpacks","url":"https:\/\/tarpak.pl\/","logo":{"@type":"ImageObject","inLanguage":"de","@id":"https:\/\/tarpak.pl\/#\/schema\/logo\/image\/","url":"https:\/\/tarpak.pl\/wp-content\/uploads\/2024\/10\/logo-main-2.png","contentUrl":"https:\/\/tarpak.pl\/wp-content\/uploads\/2024\/10\/logo-main-2.png","width":140,"height":47,"caption":"TARPAK - Maszyny pakuj\u0105ce | kartoniarki i flowpacki"},"image":{"@id":"https:\/\/tarpak.pl\/#\/schema\/logo\/image\/"}}]}},"_links":{"self":[{"href":"https:\/\/tarpak.pl\/de\/wp-json\/wp\/v2\/product\/4058"}],"collection":[{"href":"https:\/\/tarpak.pl\/de\/wp-json\/wp\/v2\/product"}],"about":[{"href":"https:\/\/tarpak.pl\/de\/wp-json\/wp\/v2\/types\/product"}],"version-history":[{"count":0,"href":"https:\/\/tarpak.pl\/de\/wp-json\/wp\/v2\/product\/4058\/revisions"}],"wp:featuredmedia":[{"embeddable":true,"href":"https:\/\/tarpak.pl\/de\/wp-json\/wp\/v2\/media\/4116"}],"wp:attachment":[{"href":"https:\/\/tarpak.pl\/de\/wp-json\/wp\/v2\/media?parent=4058"}],"wp:term":[{"taxonomy":"product_cat","embeddable":true,"href":"https:\/\/tarpak.pl\/de\/wp-json\/wp\/v2\/product_cat?post=4058"},{"taxonomy":"product_tag","embeddable":true,"href":"https:\/\/tarpak.pl\/de\/wp-json\/wp\/v2\/product_tag?post=4058"}],"curies":[{"name":"wp","href":"https:\/\/api.w.org\/{rel}","templated":true}]}}