{"id":4039,"date":"2025-01-20T13:00:09","date_gmt":"2025-01-20T13:00:09","guid":{"rendered":"https:\/\/tarpak.pl\/?post_type=product&#038;p=4039"},"modified":"2025-01-21T09:23:17","modified_gmt":"2025-01-21T09:23:17","slug":"tackarka-duo","status":"publish","type":"product","link":"https:\/\/tarpak.pl\/de\/product\/tackarka-duo\/","title":{"rendered":"DUO TACKER"},"content":{"rendered":"<div class=\"row\">\n<div class=\"medium_title\">\n<h3>TACKARKA DUO von Tarpak - Automatisierung auf h\u00f6chstem Niveau<\/h3>\n<\/div>\n<p>Der Tackarka DUO ist eine ausgezeichnete Wahl f\u00fcr Unternehmen, die ihre Produktionsprozesse optimieren und gleichzeitig die Betriebskosten senken wollen.<\/p>\n<div class=\"elementor-divider\"><img decoding=\"async\" class=\"size-full wp-image-3402\" title=\"Punkttrennzeichen\" src=\"https:\/\/tarpak.pl\/wp-content\/uploads\/2024\/11\/separator_dot.png\" alt=\"Punkttrennzeichen\" width=\"184\" height=\"50\" \/><\/div>\n<div class=\"medium_title\">\n<h3>Wesentliche Merkmale<\/h3>\n<\/div>\n<ul>\n<li><strong>Automatische Formatanpassung:<\/strong> Der DUO Trayaufleger zeichnet sich durch seine F\u00e4higkeit aus, die Formate der auf dem F\u00f6rderband gestapelten Trays automatisch zu erkennen. Das Ger\u00e4t verarbeitet in drei Spalten gestapelte Zuschnitte, so dass verschiedene Verpackungsarten nahtlos in einem einzigen Prozess verarbeitet werden k\u00f6nnen.<\/li>\n<li><strong>Hohe Leistung:<\/strong> Eine Faltkapazit\u00e4t von 8-10 Schalen pro Minute garantiert einen schnellen Durchsatz, unabh\u00e4ngig von der Art der Produktion.<\/li>\n<li><strong>Maximierung der Prozesseffizienz<\/strong> durch Reduzierung der Umr\u00fcstzeit auf Null. Das Ergebnis ist eine Steigerung der Gesamteffizienz des Prozesses auf nahezu 100%.<\/li>\n<li><strong>Universelle Anwendung:<\/strong> Der DUO Trapper verarbeitet B\u00f6den und Deckel in zwei Gr\u00f6\u00dfen, was seine Vielseitigkeit erh\u00f6ht und den Einsatz in einer Vielzahl von Branchen wie Lebensmittel, M\u00f6bel oder Logistik erm\u00f6glicht.<\/li>\n<\/ul>\n<div class=\"elementor-divider\"><img decoding=\"async\" class=\"size-full wp-image-3402\" title=\"Punkttrennzeichen\" src=\"https:\/\/tarpak.pl\/wp-content\/uploads\/2024\/11\/separator_dot.png\" alt=\"Punkttrennzeichen\" width=\"184\" height=\"50\" \/><\/div>\n<div class=\"medium_title\">\n<h3>Vorteile f\u00fcr Ihr Unternehmen<\/h3>\n<\/div>\n<ul>\n<li><strong>Prozessautomatisierung:<\/strong> Der DUO-Schalenformer macht die manuelle Einstellung der Schalenformate \u00fcberfl\u00fcssig, was die Produktionsprozesse beschleunigt und das Risiko menschlicher Fehler verringert.<\/li>\n<li><strong>Sparen Sie Platz und Ressourcen:<\/strong> Dank seiner F\u00e4higkeit, \u00fcber zwei Etagen zu arbeiten, erm\u00f6glicht das Ger\u00e4t eine effiziente Organisation der Produktionsfl\u00e4che, was besonders in Betrieben mit begrenztem Platzangebot wichtig ist.<\/li>\n<li><strong>Eine \u00f6kologische L\u00f6sung:<\/strong> Die Tatsache, dass bei der Schalenmontage kein Klebstoff ben\u00f6tigt wird, unterst\u00fctzt die Bem\u00fchungen um Umweltschutz und Abfallvermeidung.<\/li>\n<li><strong>Unterst\u00fctzung der internen Logistik:<\/strong> Der Tackarka DUO arbeitet in Verbindung mit einem internen Logistiksystem, das Lifte und Packtische umfasst. Das macht die Integration in bestehende Produktionslinien schnell und nahtlos.<\/li>\n<\/ul>\n<div class=\"elementor-divider\"><img decoding=\"async\" class=\"size-full wp-image-3402\" title=\"Punkttrennzeichen\" src=\"https:\/\/tarpak.pl\/wp-content\/uploads\/2024\/11\/separator_dot.png\" alt=\"Punkttrennzeichen\" width=\"184\" height=\"50\" \/><\/div>\n<table class=\"bordered\">\n<tbody>\n<tr>\n<th colspan=\"2\">Spezifikation<\/th>\n<th colspan=\"3\"><\/th>\n<\/tr>\n<tr>\n<td><strong>Modell<\/strong><\/td>\n<td><strong>Betriebsdruck<\/strong><\/td>\n<td><strong>Strom<\/strong><\/td>\n<td><strong>Leistung<\/strong><\/td>\n<td><strong>Arbeiten auf zwei Ebenen<\/strong><\/td>\n<\/tr>\n<tr>\n<td>DUO<\/td>\n<td>7-8 Bar<\/td>\n<td>1500W<\/td>\n<td>8-10 Tabletts\/Minute<\/td>\n<td>Kann in der ersten Etage installiert werden,<br \/> was eine optimale Nutzung des Raums in der Produktionsst\u00e4tte erm\u00f6glicht.<\/td>\n<\/tr>\n<\/tbody>\n<\/table>\n<div class=\"elementor-divider\"><img decoding=\"async\" class=\"size-full wp-image-3402\" title=\"Punkttrennzeichen\" src=\"https:\/\/tarpak.pl\/wp-content\/uploads\/2024\/11\/separator_dot.png\" alt=\"Punkttrennzeichen\" width=\"184\" height=\"50\" \/><\/div>\n<div class=\"medium_title\">\n<h3>Verf\u00fcgbare Versionen<\/h3>\n<\/div>\n<div class=\"e-con-inner img2\">\n<div class=\"img_col-options\">\n<p><strong>Tackarka DUO Entwurfseinreichung Ver. 3 A<\/strong><\/p>\n<p><img decoding=\"async\" title=\"T.P.0002 00.Z.03 Tackarka DUO Designvorlage Ver. 3 A sn\"  src=\"https:\/\/tarpak.pl\/wp-content\/uploads\/2025\/01\/T.P.0002_00.Z.03-Tackarka-DUO-zlozenie-projektowe-wer.-3-A_sn.png\" alt=\"T.P.0002 00.Z.03 Tackarka DUO Designvorlage Ver. 3 A\" width=\"100%\" class=\"alignleft size-full wp-image-4048\" style=\"padding-right: 10px; align-items: center; align-self: center;\" srcset=\"https:\/\/tarpak.pl\/wp-content\/uploads\/2025\/01\/T.P.0002_00.Z.03-Tackarka-DUO-zlozenie-projektowe-wer.-3-A_sn.png 1200w, https:\/\/tarpak.pl\/wp-content\/uploads\/2025\/01\/T.P.0002_00.Z.03-Tackarka-DUO-zlozenie-projektowe-wer.-3-A_sn-300x154.png 300w, https:\/\/tarpak.pl\/wp-content\/uploads\/2025\/01\/T.P.0002_00.Z.03-Tackarka-DUO-zlozenie-projektowe-wer.-3-A_sn-1024x527.png 1024w, https:\/\/tarpak.pl\/wp-content\/uploads\/2025\/01\/T.P.0002_00.Z.03-Tackarka-DUO-zlozenie-projektowe-wer.-3-A_sn-768x395.png 768w, https:\/\/tarpak.pl\/wp-content\/uploads\/2025\/01\/T.P.0002_00.Z.03-Tackarka-DUO-zlozenie-projektowe-wer.-3-A_sn-600x309.png 600w\" sizes=\"(max-width: 1200px) 100vw, 1200px\" \/><\/p>\n<\/div>\n<div class=\"img_col-options\">\n<p><strong>Tackarka DUO Entwurfseinreichung Ver. 3 B<\/strong><\/p>\n<p><img decoding=\"async\" title=\"T.P.0002 00.Z.03 Verriegelungsmaschine DUO Designvorlage Ver. 3 B sn\"  src=\"https:\/\/tarpak.pl\/wp-content\/uploads\/2025\/01\/T.P.0002_00.Z.03-Tackarka-DUO-zlozenie-projektowe-wer.-3-B_sn.png\" alt=\"T.P.0002 00.Z.03 Tackarka DUO Designvorlage Ver. 3 B\" width=\"100%\" class=\"alignright size-full wp-image-4049\" style=\"padding-left: 10px; align-items: center; align-self: center;\" srcset=\"https:\/\/tarpak.pl\/wp-content\/uploads\/2025\/01\/T.P.0002_00.Z.03-Tackarka-DUO-zlozenie-projektowe-wer.-3-B_sn.png 1200w, https:\/\/tarpak.pl\/wp-content\/uploads\/2025\/01\/T.P.0002_00.Z.03-Tackarka-DUO-zlozenie-projektowe-wer.-3-B_sn-300x154.png 300w, https:\/\/tarpak.pl\/wp-content\/uploads\/2025\/01\/T.P.0002_00.Z.03-Tackarka-DUO-zlozenie-projektowe-wer.-3-B_sn-1024x527.png 1024w, https:\/\/tarpak.pl\/wp-content\/uploads\/2025\/01\/T.P.0002_00.Z.03-Tackarka-DUO-zlozenie-projektowe-wer.-3-B_sn-768x395.png 768w, https:\/\/tarpak.pl\/wp-content\/uploads\/2025\/01\/T.P.0002_00.Z.03-Tackarka-DUO-zlozenie-projektowe-wer.-3-B_sn-600x309.png 600w\" sizes=\"(max-width: 1200px) 100vw, 1200px\" \/><\/p>\n<\/div>\n<\/div>\n<div class=\"elementor-divider\"><img decoding=\"async\" class=\"size-full wp-image-3402\" title=\"Punkttrennzeichen\" src=\"https:\/\/tarpak.pl\/wp-content\/uploads\/2024\/11\/separator_dot.png\" alt=\"Punkttrennzeichen\" width=\"184\" height=\"50\" \/><\/div>\n<div class=\"medium_title\">\n<h3>Inneneinstellung<\/h3>\n<\/div>\n<div class=\"e-con-inner img2\">\n<div class=\"img_col-options\">\n<p><strong>Hallenpositionierung Ver. 6 endg\u00fcltig A<\/strong><\/p>\n<p><img decoding=\"async\" title=\"T.P.0002 00.Z.25 Halleneinstellung Ver. 6 endg\u00fcltig A\"  src=\"https:\/\/tarpak.pl\/wp-content\/uploads\/2025\/01\/T.P.0002_00.Z.25-Ustawienie-na-hali-wer.-6-ostateczna-A.png\" alt=\"T.P.0002 00.Z.25 Halleneinstellung Ver. 6 endg\u00fcltig A\" width=\"70%\" class=\"alignleft size-full wp-image-4050\" style=\"padding-right: 10px; align-items: center; align-self: center;\" srcset=\"https:\/\/tarpak.pl\/wp-content\/uploads\/2025\/01\/T.P.0002_00.Z.25-Ustawienie-na-hali-wer.-6-ostateczna-A.png 926w, https:\/\/tarpak.pl\/wp-content\/uploads\/2025\/01\/T.P.0002_00.Z.25-Ustawienie-na-hali-wer.-6-ostateczna-A-300x269.png 300w, https:\/\/tarpak.pl\/wp-content\/uploads\/2025\/01\/T.P.0002_00.Z.25-Ustawienie-na-hali-wer.-6-ostateczna-A-768x688.png 768w, https:\/\/tarpak.pl\/wp-content\/uploads\/2025\/01\/T.P.0002_00.Z.25-Ustawienie-na-hali-wer.-6-ostateczna-A-600x538.png 600w\" sizes=\"(max-width: 926px) 100vw, 926px\" \/>\n<\/div>\n<div class=\"img_col-options\">\n<p><strong>Hallenpositionierung Ver. 6 endg\u00fcltig B<\/strong><\/p>\n<p><img decoding=\"async\" title=\"T.P.0002 00.Z.25 Halleneinstellung Ver. 6 endg\u00fcltig B\"  src=\"https:\/\/tarpak.pl\/wp-content\/uploads\/2025\/01\/T.P.0002_00.Z.25-Ustawienie-na-hali-wer.-6-ostateczna-B.png\" alt=\"T.P.0002 00.Z.25 Halleneinstellung Ver. 6 endg\u00fcltig B\" width=\"70%\" class=\"alignright size-full wp-image-4051\" style=\"padding-left: 10px; align-items: center; align-self: center;\" srcset=\"https:\/\/tarpak.pl\/wp-content\/uploads\/2025\/01\/T.P.0002_00.Z.25-Ustawienie-na-hali-wer.-6-ostateczna-B.png 827w, https:\/\/tarpak.pl\/wp-content\/uploads\/2025\/01\/T.P.0002_00.Z.25-Ustawienie-na-hali-wer.-6-ostateczna-B-298x300.png 298w, https:\/\/tarpak.pl\/wp-content\/uploads\/2025\/01\/T.P.0002_00.Z.25-Ustawienie-na-hali-wer.-6-ostateczna-B-150x150.png 150w, https:\/\/tarpak.pl\/wp-content\/uploads\/2025\/01\/T.P.0002_00.Z.25-Ustawienie-na-hali-wer.-6-ostateczna-B-768x773.png 768w, https:\/\/tarpak.pl\/wp-content\/uploads\/2025\/01\/T.P.0002_00.Z.25-Ustawienie-na-hali-wer.-6-ostateczna-B-600x604.png 600w, https:\/\/tarpak.pl\/wp-content\/uploads\/2025\/01\/T.P.0002_00.Z.25-Ustawienie-na-hali-wer.-6-ostateczna-B-100x100.png 100w, https:\/\/tarpak.pl\/wp-content\/uploads\/2025\/01\/T.P.0002_00.Z.25-Ustawienie-na-hali-wer.-6-ostateczna-B-118x118.png 118w, https:\/\/tarpak.pl\/wp-content\/uploads\/2025\/01\/T.P.0002_00.Z.25-Ustawienie-na-hali-wer.-6-ostateczna-B-59x59.png 59w, https:\/\/tarpak.pl\/wp-content\/uploads\/2025\/01\/T.P.0002_00.Z.25-Ustawienie-na-hali-wer.-6-ostateczna-B-176x176.png 176w, https:\/\/tarpak.pl\/wp-content\/uploads\/2025\/01\/T.P.0002_00.Z.25-Ustawienie-na-hali-wer.-6-ostateczna-B-88x88.png 88w\" sizes=\"(max-width: 827px) 100vw, 827px\" \/>\n<\/div>\n<\/div>\n<div class=\"elementor-divider\"><img decoding=\"async\" class=\"size-full wp-image-3402\" title=\"Punkttrennzeichen\" src=\"https:\/\/tarpak.pl\/wp-content\/uploads\/2024\/11\/separator_dot.png\" alt=\"Punkttrennzeichen\" width=\"184\" height=\"50\" \/><\/div>\n<div class=\"medium_title\">\n<h3>Warum TACKARKA DUO w\u00e4hlen?<\/h3>\n<\/div>\n<p>Die TACKARKA DUO ist eine Maschine, die den Standard der Automatisierung in der Produktionsindustrie anhebt. Seine F\u00e4higkeit, eine Vielzahl von Schalenformaten zu verarbeiten, seine hohe Produktivit\u00e4t und seine Integration in interne Logistiksysteme machen ihn zu einer ma\u00dfgeschneiderten L\u00f6sung f\u00fcr moderne Unternehmen. Der Tackarka DUO ist eine Investition in die Effizienz, \u00d6kologie und Flexibilit\u00e4t von Produktionsprozessen, die zur Wettbewerbsf\u00e4higkeit Ihres Unternehmens beitragen wird. Setzen Sie auf Spitzentechnologie und Zuverl\u00e4ssigkeit mit dem TACKARKA DUO von Tarpak!<\/p>\n<\/div>","protected":false},"excerpt":{"rendered":"<p>Der DUO TACKER ist eine hochmoderne Maschine, die f\u00fcr Unternehmen entwickelt wurde, die nicht nur Effizienz, sondern auch Vielseitigkeit in ihren Verpackungsprozessen ben\u00f6tigen. Dank seiner fortschrittlichen Technologie erkennt der DUO TACKER automatisch das Format der auf dem Einlaufband platzierten Schalen und ist dadurch \u00e4u\u00dferst intuitiv und effizient in seiner Bedienung. Die F\u00e4higkeit, Schalen ohne Klebstoff zu falten, macht ihn nicht nur wirtschaftlich, sondern auch umweltfreundlich.<\/p>","protected":false},"featured_media":4115,"template":"","meta":{"_bst_post_transparent":"default","_bst_post_title":"","_bst_post_layout":"default","_bst_post_sidebar_id":"","_bst_post_content_style":"default","_bst_post_vertical_padding":"default","_bst_post_feature":"","_bst_post_feature_position":"","_bst_post_header":false,"_bst_post_footer":false},"product_cat":[102],"product_tag":[],"class_list":{"0":"post-4039","1":"product","2":"type-product","3":"status-publish","4":"has-post-thumbnail","6":"product_cat-tackarki","8":"first","9":"onbackorder","10":"sold-individually","11":"taxable","12":"shipping-taxable","13":"product-type-simple","14":"entry","15":"content-bg","16":"loop-entry"},"yoast_head":"<!-- This site is optimized with the Yoast SEO plugin v24.3 - https:\/\/yoast.com\/wordpress\/plugins\/seo\/ -->\n<title>TACKARKA DUO - TARPAK - Maszyny pakuj\u0105ce | kartoniarki i flowpacki<\/title>\n<meta name=\"robots\" content=\"index, follow, max-snippet:-1, max-image-preview:large, max-video-preview:-1\" \/>\n<link rel=\"canonical\" href=\"https:\/\/tarpak.pl\/de\/product\/tackarka-duo\/\" \/>\n<meta property=\"og:locale\" content=\"de_DE\" \/>\n<meta property=\"og:type\" content=\"article\" \/>\n<meta property=\"og:title\" content=\"TACKARKA DUO - TARPAK - Maszyny pakuj\u0105ce | kartoniarki i flowpacki\" \/>\n<meta property=\"og:description\" content=\"TACKARKA DUO to nowoczesne urz\u0105dzenie stworzone z my\u015bl\u0105 o przedsi\u0119biorstwach, kt\u00f3re wymagaj\u0105 nie tylko wydajno\u015bci, ale r\u00f3wnie\u017c wszechstronno\u015bci w procesach pakowania. Dzi\u0119ki zaawansowanej technologii, DUO automatycznie wykrywa format tac u\u0142o\u017conych na transporterze podaj\u0105cym, co czyni j\u0105 wyj\u0105tkowo intuicyjn\u0105 i efektywn\u0105 w dzia\u0142aniu. Mo\u017cliwo\u015b\u0107 sk\u0142adania tac na zatrzask bez u\u017cycia kleju sprawia, \u017ce jest to rozwi\u0105zanie nie tylko ekonomiczne, ale tak\u017ce przyjazne \u015brodowisku.\" \/>\n<meta property=\"og:url\" content=\"https:\/\/tarpak.pl\/de\/product\/tackarka-duo\/\" \/>\n<meta property=\"og:site_name\" content=\"TARPAK - Maszyny pakuj\u0105ce | kartoniarki i flowpacki\" \/>\n<meta property=\"article:modified_time\" content=\"2025-01-21T09:23:17+00:00\" \/>\n<meta property=\"og:image\" content=\"https:\/\/tarpak.pl\/wp-content\/uploads\/2025\/01\/Tackarka_duo_maszyna.png\" \/>\n\t<meta property=\"og:image:width\" content=\"1200\" \/>\n\t<meta property=\"og:image:height\" content=\"900\" \/>\n\t<meta property=\"og:image:type\" content=\"image\/png\" \/>\n<meta name=\"twitter:card\" content=\"summary_large_image\" \/>\n<meta name=\"twitter:label1\" content=\"Gesch\u00e4tzte Lesezeit\" \/>\n\t<meta name=\"twitter:data1\" content=\"2\u00a0Minuten\" \/>\n<script type=\"application\/ld+json\" class=\"yoast-schema-graph\">{\"@context\":\"https:\/\/schema.org\",\"@graph\":[{\"@type\":\"WebPage\",\"@id\":\"https:\/\/tarpak.pl\/produkt\/tackarka-duo\/\",\"url\":\"https:\/\/tarpak.pl\/produkt\/tackarka-duo\/\",\"name\":\"TACKARKA DUO - TARPAK - Maszyny pakuj\u0105ce | kartoniarki i flowpacki\",\"isPartOf\":{\"@id\":\"https:\/\/tarpak.pl\/#website\"},\"primaryImageOfPage\":{\"@id\":\"https:\/\/tarpak.pl\/produkt\/tackarka-duo\/#primaryimage\"},\"image\":{\"@id\":\"https:\/\/tarpak.pl\/produkt\/tackarka-duo\/#primaryimage\"},\"thumbnailUrl\":\"https:\/\/tarpak.pl\/wp-content\/uploads\/2025\/01\/Tackarka_duo_maszyna.png\",\"datePublished\":\"2025-01-20T13:00:09+00:00\",\"dateModified\":\"2025-01-21T09:23:17+00:00\",\"breadcrumb\":{\"@id\":\"https:\/\/tarpak.pl\/produkt\/tackarka-duo\/#breadcrumb\"},\"inLanguage\":\"de\",\"potentialAction\":[{\"@type\":\"ReadAction\",\"target\":[\"https:\/\/tarpak.pl\/produkt\/tackarka-duo\/\"]}]},{\"@type\":\"ImageObject\",\"inLanguage\":\"de\",\"@id\":\"https:\/\/tarpak.pl\/produkt\/tackarka-duo\/#primaryimage\",\"url\":\"https:\/\/tarpak.pl\/wp-content\/uploads\/2025\/01\/Tackarka_duo_maszyna.png\",\"contentUrl\":\"https:\/\/tarpak.pl\/wp-content\/uploads\/2025\/01\/Tackarka_duo_maszyna.png\",\"width\":1200,\"height\":900,\"caption\":\"Tackarka duo maszyna\"},{\"@type\":\"BreadcrumbList\",\"@id\":\"https:\/\/tarpak.pl\/produkt\/tackarka-duo\/#breadcrumb\",\"itemListElement\":[{\"@type\":\"ListItem\",\"position\":1,\"name\":\"Strona g\u0142\u00f3wna\",\"item\":\"https:\/\/tarpak.pl\/\"},{\"@type\":\"ListItem\",\"position\":2,\"name\":\"Sklep\",\"item\":\"https:\/\/tarpak.pl\/sklep\/\"},{\"@type\":\"ListItem\",\"position\":3,\"name\":\"TACKARKA DUO\"}]},{\"@type\":\"WebSite\",\"@id\":\"https:\/\/tarpak.pl\/#website\",\"url\":\"https:\/\/tarpak.pl\/\",\"name\":\"TARPAK - Maszyny pakuj\u0105ce | kartoniarki i flowpacki\",\"description\":\"Maszyny pakuj\u0105ce | kartoniarki i flowpacki\",\"publisher\":{\"@id\":\"https:\/\/tarpak.pl\/#organization\"},\"potentialAction\":[{\"@type\":\"SearchAction\",\"target\":{\"@type\":\"EntryPoint\",\"urlTemplate\":\"https:\/\/tarpak.pl\/?s={search_term_string}\"},\"query-input\":{\"@type\":\"PropertyValueSpecification\",\"valueRequired\":true,\"valueName\":\"search_term_string\"}}],\"inLanguage\":\"de\"},{\"@type\":\"Organization\",\"@id\":\"https:\/\/tarpak.pl\/#organization\",\"name\":\"TARPAK - Maszyny pakuj\u0105ce | kartoniarki i flowpacki\",\"url\":\"https:\/\/tarpak.pl\/\",\"logo\":{\"@type\":\"ImageObject\",\"inLanguage\":\"de\",\"@id\":\"https:\/\/tarpak.pl\/#\/schema\/logo\/image\/\",\"url\":\"https:\/\/tarpak.pl\/wp-content\/uploads\/2024\/10\/logo-main-2.png\",\"contentUrl\":\"https:\/\/tarpak.pl\/wp-content\/uploads\/2024\/10\/logo-main-2.png\",\"width\":140,\"height\":47,\"caption\":\"TARPAK - Maszyny pakuj\u0105ce | kartoniarki i flowpacki\"},\"image\":{\"@id\":\"https:\/\/tarpak.pl\/#\/schema\/logo\/image\/\"}}]}<\/script>\n<!-- \/ Yoast SEO plugin. -->","yoast_head_json":{"title":"TACKAR DUO - TARPAK - Verpackungsmaschinen | Kartonierer und Flowpacks","robots":{"index":"index","follow":"follow","max-snippet":"max-snippet:-1","max-image-preview":"max-image-preview:large","max-video-preview":"max-video-preview:-1"},"canonical":"https:\/\/tarpak.pl\/de\/product\/tackarka-duo\/","og_locale":"de_DE","og_type":"article","og_title":"TACKARKA DUO - TARPAK - Maszyny pakuj\u0105ce | kartoniarki i flowpacki","og_description":"TACKARKA DUO to nowoczesne urz\u0105dzenie stworzone z my\u015bl\u0105 o przedsi\u0119biorstwach, kt\u00f3re wymagaj\u0105 nie tylko wydajno\u015bci, ale r\u00f3wnie\u017c wszechstronno\u015bci w procesach pakowania. Dzi\u0119ki zaawansowanej technologii, DUO automatycznie wykrywa format tac u\u0142o\u017conych na transporterze podaj\u0105cym, co czyni j\u0105 wyj\u0105tkowo intuicyjn\u0105 i efektywn\u0105 w dzia\u0142aniu. Mo\u017cliwo\u015b\u0107 sk\u0142adania tac na zatrzask bez u\u017cycia kleju sprawia, \u017ce jest to rozwi\u0105zanie nie tylko ekonomiczne, ale tak\u017ce przyjazne \u015brodowisku.","og_url":"https:\/\/tarpak.pl\/de\/product\/tackarka-duo\/","og_site_name":"TARPAK - Maszyny pakuj\u0105ce | kartoniarki i flowpacki","article_modified_time":"2025-01-21T09:23:17+00:00","og_image":[{"width":1200,"height":900,"url":"https:\/\/tarpak.pl\/wp-content\/uploads\/2025\/01\/Tackarka_duo_maszyna.png","type":"image\/png"}],"twitter_card":"summary_large_image","twitter_misc":{"Gesch\u00e4tzte Lesezeit":"2\u00a0Minuten"},"schema":{"@context":"https:\/\/schema.org","@graph":[{"@type":"WebPage","@id":"https:\/\/tarpak.pl\/produkt\/tackarka-duo\/","url":"https:\/\/tarpak.pl\/produkt\/tackarka-duo\/","name":"TACKAR DUO - TARPAK - Verpackungsmaschinen | Kartonierer und Flowpacks","isPartOf":{"@id":"https:\/\/tarpak.pl\/#website"},"primaryImageOfPage":{"@id":"https:\/\/tarpak.pl\/produkt\/tackarka-duo\/#primaryimage"},"image":{"@id":"https:\/\/tarpak.pl\/produkt\/tackarka-duo\/#primaryimage"},"thumbnailUrl":"https:\/\/tarpak.pl\/wp-content\/uploads\/2025\/01\/Tackarka_duo_maszyna.png","datePublished":"2025-01-20T13:00:09+00:00","dateModified":"2025-01-21T09:23:17+00:00","breadcrumb":{"@id":"https:\/\/tarpak.pl\/produkt\/tackarka-duo\/#breadcrumb"},"inLanguage":"de","potentialAction":[{"@type":"ReadAction","target":["https:\/\/tarpak.pl\/produkt\/tackarka-duo\/"]}]},{"@type":"ImageObject","inLanguage":"de","@id":"https:\/\/tarpak.pl\/produkt\/tackarka-duo\/#primaryimage","url":"https:\/\/tarpak.pl\/wp-content\/uploads\/2025\/01\/Tackarka_duo_maszyna.png","contentUrl":"https:\/\/tarpak.pl\/wp-content\/uploads\/2025\/01\/Tackarka_duo_maszyna.png","width":1200,"height":900,"caption":"Tackarka duo maszyna"},{"@type":"BreadcrumbList","@id":"https:\/\/tarpak.pl\/produkt\/tackarka-duo\/#breadcrumb","itemListElement":[{"@type":"ListItem","position":1,"name":"Strona g\u0142\u00f3wna","item":"https:\/\/tarpak.pl\/"},{"@type":"ListItem","position":2,"name":"Sklep","item":"https:\/\/tarpak.pl\/sklep\/"},{"@type":"ListItem","position":3,"name":"TACKARKA DUO"}]},{"@type":"WebSite","@id":"https:\/\/tarpak.pl\/#website","url":"https:\/\/tarpak.pl\/","name":"TARPAK - Verpackungsmaschinen | Kartonierer und Flowpacks","description":"Verpackungsmaschinen | Kartonierer und Flowpacks","publisher":{"@id":"https:\/\/tarpak.pl\/#organization"},"potentialAction":[{"@type":"SearchAction","target":{"@type":"EntryPoint","urlTemplate":"https:\/\/tarpak.pl\/?s={search_term_string}"},"query-input":{"@type":"PropertyValueSpecification","valueRequired":true,"valueName":"search_term_string"}}],"inLanguage":"de"},{"@type":"Organization","@id":"https:\/\/tarpak.pl\/#organization","name":"TARPAK - Verpackungsmaschinen | Kartonierer und Flowpacks","url":"https:\/\/tarpak.pl\/","logo":{"@type":"ImageObject","inLanguage":"de","@id":"https:\/\/tarpak.pl\/#\/schema\/logo\/image\/","url":"https:\/\/tarpak.pl\/wp-content\/uploads\/2024\/10\/logo-main-2.png","contentUrl":"https:\/\/tarpak.pl\/wp-content\/uploads\/2024\/10\/logo-main-2.png","width":140,"height":47,"caption":"TARPAK - Maszyny pakuj\u0105ce | kartoniarki i flowpacki"},"image":{"@id":"https:\/\/tarpak.pl\/#\/schema\/logo\/image\/"}}]}},"_links":{"self":[{"href":"https:\/\/tarpak.pl\/de\/wp-json\/wp\/v2\/product\/4039"}],"collection":[{"href":"https:\/\/tarpak.pl\/de\/wp-json\/wp\/v2\/product"}],"about":[{"href":"https:\/\/tarpak.pl\/de\/wp-json\/wp\/v2\/types\/product"}],"version-history":[{"count":0,"href":"https:\/\/tarpak.pl\/de\/wp-json\/wp\/v2\/product\/4039\/revisions"}],"wp:featuredmedia":[{"embeddable":true,"href":"https:\/\/tarpak.pl\/de\/wp-json\/wp\/v2\/media\/4115"}],"wp:attachment":[{"href":"https:\/\/tarpak.pl\/de\/wp-json\/wp\/v2\/media?parent=4039"}],"wp:term":[{"taxonomy":"product_cat","embeddable":true,"href":"https:\/\/tarpak.pl\/de\/wp-json\/wp\/v2\/product_cat?post=4039"},{"taxonomy":"product_tag","embeddable":true,"href":"https:\/\/tarpak.pl\/de\/wp-json\/wp\/v2\/product_tag?post=4039"}],"curies":[{"name":"wp","href":"https:\/\/api.w.org\/{rel}","templated":true}]}}