{"id":3875,"date":"2025-01-15T13:25:38","date_gmt":"2025-01-15T13:25:38","guid":{"rendered":"https:\/\/tarpak.pl\/?post_type=product&#038;p=3875"},"modified":"2025-01-21T09:08:32","modified_gmt":"2025-01-21T09:08:32","slug":"tackarka-cnc","status":"publish","type":"product","link":"https:\/\/tarpak.pl\/de\/product\/tackarka-cnc\/","title":{"rendered":"CNC TACKAR"},"content":{"rendered":"<div class=\"row\">\n<div class=\"medium_title\">\n<h3>Tarpak CNC TACKER - Pr\u00e4zision und Vielseitigkeit in der Produktionsautomatisierung<\/h3>\n<\/div>\n<p>Die Maschine basiert auf innovativen Siemens Servo- und SPS-Technologien, die Zuverl\u00e4ssigkeit und Effizienz garantieren. Die hohe Funktionalit\u00e4t der Maschine wird durch die Hotmelt-Option und die M\u00f6glichkeit der Erweiterung mit zus\u00e4tzlichen Modulen weiter unterst\u00fctzt.<\/p>\n<div class=\"elementor-divider\"><img decoding=\"async\" class=\"size-full wp-image-3402\" title=\"Punkttrennzeichen\" src=\"https:\/\/tarpak.pl\/wp-content\/uploads\/2024\/11\/separator_dot.png\" alt=\"Punkttrennzeichen\" width=\"184\" height=\"50\" \/><\/div>\n<div class=\"medium_title\">\n<h3>Wesentliche Merkmale<\/h3>\n<\/div>\n<ul>\n<li><strong>Unterst\u00fctzung mehrerer Formate:<\/strong> Der CNC-Schalenpacker ist f\u00fcr bis zu 7 Schalenformate geeignet, was ihn zu einer \u00e4u\u00dferst vielseitigen Maschine in der Produktionsindustrie macht. Die M\u00f6glichkeit der automatischen Umstellung erm\u00f6glicht einen schnellen Formatwechsel ohne Produktionsstillstand.<\/li>\n<li><strong>Schnelle \u00c4nderung der Einstellungen:<\/strong> Eine Umr\u00fcstzeit von nur f\u00fcnf Minuten erh\u00f6ht die Produktionseffizienz erheblich und erm\u00f6glicht die flexible Ausf\u00fchrung verschiedener Auftr\u00e4ge in kurzer Zeit.<\/li>\n<li><strong>Fortgeschrittene Automatisierung:<\/strong> Ausgestattet mit Siemens-Servo- und SPS-Systemen bietet die Tack-Maschine pr\u00e4zise Steuerung, Zuverl\u00e4ssigkeit und einfache Integration in bestehende Produktionslinien.<\/li>\n<\/ul>\n<div class=\"elementor-divider\"><img decoding=\"async\" class=\"size-full wp-image-3402\" title=\"Punkttrennzeichen\" src=\"https:\/\/tarpak.pl\/wp-content\/uploads\/2024\/11\/separator_dot.png\" alt=\"Punkttrennzeichen\" width=\"184\" height=\"50\" \/><\/div>\n<div class=\"medium_title\">\n<h3>Vorteile f\u00fcr Ihr Unternehmen<\/h3>\n<\/div>\n<ul>\n<li><strong>Vielseitigkeit:<\/strong> Die CNC-Heftmaschine ist ideal f\u00fcr Unternehmen, die eine Vielzahl von Produkten verarbeiten, die eine schnelle Anpassung an sich \u00e4ndernde Kundenanforderungen erfordern.<\/li>\n<li><strong>Maximale Effizienz:<\/strong> Die F\u00e4higkeit, mit mehreren Formaten zu arbeiten, und die kurzen Umr\u00fcstzeiten minimieren die Ausfallzeiten und optimieren den Produktionsprozess.<\/li>\n<li><strong>Sparen Sie Zeit und Ressourcen:<\/strong> Die Automatisierung aller Phasen der Schalenhandhabung - vom Falten bis zum Verkleben - reduziert den Bedarf an manueller Arbeit und verringert das Fehlerrisiko.<\/li>\n<li><strong>Moderne L\u00f6sungen:<\/strong> Die Integration mit Siemens Servo- und SPS-Systemen ist eine Garantie f\u00fcr Pr\u00e4zision, Zuverl\u00e4ssigkeit und lange Lebensdauer der Ger\u00e4te.<\/li>\n<\/ul>\n<div class=\"elementor-divider\"><img decoding=\"async\" class=\"size-full wp-image-3402\" title=\"Punkttrennzeichen\" src=\"https:\/\/tarpak.pl\/wp-content\/uploads\/2024\/11\/separator_dot.png\" alt=\"Punkttrennzeichen\" width=\"184\" height=\"50\" \/><\/div>\n<div class=\"medium_title\">\n<h3>Zus\u00e4tzliche Optionen verf\u00fcgbar<\/h3>\n<\/div>\n<ul>\n<li><strong>Tablettstapler:<\/strong> Modul zum automatischen Stapeln der fertigen Schalen f\u00fcr einfachen Transport und Lagerung.<\/li>\n<li><strong>Entpalettierer:<\/strong> Eine Option, die die automatische Entnahme von Zuschnitten von Paletten erm\u00f6glicht, was den Produktionsprozess weiter rationalisiert.<\/li>\n<\/ul>\n<div class=\"e-con-inner img2\">\n<div class=\"img_col-options\">\n<p><strong>Tackarka mit Peripherie A<\/strong><\/p>\n<p><img decoding=\"async\" class=\"alignleft size-full wp-image-3889\" style=\"padding-right: 10px; align-items: center; align-self: center;\" title=\"Tackarka mit Peripherie A\" src=\"https:\/\/tarpak.pl\/wp-content\/uploads\/2025\/01\/T.P.0001_00.Z.01-Tackarka-z-peryferiami-A_sm1.png\" alt=\"T.P.0001 00.Z.01 Heftmaschine mit Peripherieger\u00e4ten A\" width=\"100%\" \/><\/p>\n<\/div>\n<div class=\"img_col-options\">\n<p><strong>Tackarka mit Peripherie B<\/strong><\/p>\n<p><img decoding=\"async\" class=\"alignright size-full wp-image-3890\" style=\"padding-left: 10px; align-items: center; align-self: center;\" title=\"Tackarka mit Peripherie B\" src=\"https:\/\/tarpak.pl\/wp-content\/uploads\/2025\/01\/T.P.0001_00.Z.01-Tackarka-z-peryferiami-B_sm.png\" alt=\"T.P.0001 00.Z.01 Heftmaschine mit Peripherieger\u00e4ten B\" width=\"100%\" srcset=\"https:\/\/tarpak.pl\/wp-content\/uploads\/2025\/01\/T.P.0001_00.Z.01-Tackarka-z-peryferiami-B_sm.png 1200w, https:\/\/tarpak.pl\/wp-content\/uploads\/2025\/01\/T.P.0001_00.Z.01-Tackarka-z-peryferiami-B_sm-300x154.png 300w, https:\/\/tarpak.pl\/wp-content\/uploads\/2025\/01\/T.P.0001_00.Z.01-Tackarka-z-peryferiami-B_sm-1024x527.png 1024w, https:\/\/tarpak.pl\/wp-content\/uploads\/2025\/01\/T.P.0001_00.Z.01-Tackarka-z-peryferiami-B_sm-768x395.png 768w, https:\/\/tarpak.pl\/wp-content\/uploads\/2025\/01\/T.P.0001_00.Z.01-Tackarka-z-peryferiami-B_sm-600x309.png 600w\" sizes=\"(max-width: 1200px) 100vw, 1200px\" \/><\/p>\n<\/div>\n<\/div>\n<div class=\"e-con-inner img2\">\n<div class=\"img_col-options\">\n<p><strong>Tackarka mit C-Peripherie<\/strong><\/p>\n<p><img decoding=\"async\" class=\"alignleft size-full wp-image-3956\" style=\"padding-right: 10px; align-items: center; align-self: center;\" title=\"Tackarka mit C-Peripherie\" src=\"https:\/\/tarpak.pl\/wp-content\/uploads\/2025\/01\/T.P.0001_00.Z.01-Tackarka-z-peryferiami-C_sm.png\" alt=\"T.P.0001 00.Z.01 Heftmaschine mit Peripherieger\u00e4ten C\" width=\"100%\" srcset=\"https:\/\/tarpak.pl\/wp-content\/uploads\/2025\/01\/T.P.0001_00.Z.01-Tackarka-z-peryferiami-C_sm.png 1200w, https:\/\/tarpak.pl\/wp-content\/uploads\/2025\/01\/T.P.0001_00.Z.01-Tackarka-z-peryferiami-C_sm-300x154.png 300w, https:\/\/tarpak.pl\/wp-content\/uploads\/2025\/01\/T.P.0001_00.Z.01-Tackarka-z-peryferiami-C_sm-1024x527.png 1024w, https:\/\/tarpak.pl\/wp-content\/uploads\/2025\/01\/T.P.0001_00.Z.01-Tackarka-z-peryferiami-C_sm-768x395.png 768w, https:\/\/tarpak.pl\/wp-content\/uploads\/2025\/01\/T.P.0001_00.Z.01-Tackarka-z-peryferiami-C_sm-600x309.png 600w\" sizes=\"(max-width: 1200px) 100vw, 1200px\" \/><\/p>\n<\/div>\n<div class=\"img_col-options\">\n<p><strong>Tackarka mit Peripherieger\u00e4ten D<\/strong><\/p>\n<p><img decoding=\"async\" class=\"alignright size-full wp-image-3958\" style=\"padding-left: 10px; align-items: center; align-self: center;\" title=\"Tackarka mit Peripherieger\u00e4ten D\" src=\"https:\/\/tarpak.pl\/wp-content\/uploads\/2025\/01\/T.P.0001_00.Z.01-Tackarka-z-peryferiami-D_sm.png\" alt=\"T.P.0001 00.Z.01 Heftmaschine mit Peripherieger\u00e4ten D\" width=\"100%\" srcset=\"https:\/\/tarpak.pl\/wp-content\/uploads\/2025\/01\/T.P.0001_00.Z.01-Tackarka-z-peryferiami-D_sm.png 1200w, https:\/\/tarpak.pl\/wp-content\/uploads\/2025\/01\/T.P.0001_00.Z.01-Tackarka-z-peryferiami-D_sm-300x154.png 300w, https:\/\/tarpak.pl\/wp-content\/uploads\/2025\/01\/T.P.0001_00.Z.01-Tackarka-z-peryferiami-D_sm-1024x527.png 1024w, https:\/\/tarpak.pl\/wp-content\/uploads\/2025\/01\/T.P.0001_00.Z.01-Tackarka-z-peryferiami-D_sm-768x395.png 768w, https:\/\/tarpak.pl\/wp-content\/uploads\/2025\/01\/T.P.0001_00.Z.01-Tackarka-z-peryferiami-D_sm-600x309.png 600w\" sizes=\"(max-width: 1200px) 100vw, 1200px\" \/><\/p>\n<\/div>\n<\/div>\n<div class=\"e-con-inner\">\n<p><strong>Tackarka mit Peripherie E<\/strong><\/p>\n<p><img decoding=\"async\" class=\"size-full wp-image-3970\" style=\"padding-right: 10px; align-items: center; align-self: center;\" title=\"Tackarka mit Peripherie E\"  src=\"https:\/\/tarpak.pl\/wp-content\/uploads\/2025\/01\/T.P.0001_00.Z.01-Tackarka-z-peryferiami-E_sm.png\" alt=\"T.P.0001 00.Z.01 Heftmaschine mit Peripherieger\u00e4ten E\" width=\"100%\" srcset=\"https:\/\/tarpak.pl\/wp-content\/uploads\/2025\/01\/T.P.0001_00.Z.01-Tackarka-z-peryferiami-E_sm.png 1200w, https:\/\/tarpak.pl\/wp-content\/uploads\/2025\/01\/T.P.0001_00.Z.01-Tackarka-z-peryferiami-E_sm-300x154.png 300w, https:\/\/tarpak.pl\/wp-content\/uploads\/2025\/01\/T.P.0001_00.Z.01-Tackarka-z-peryferiami-E_sm-1024x527.png 1024w, https:\/\/tarpak.pl\/wp-content\/uploads\/2025\/01\/T.P.0001_00.Z.01-Tackarka-z-peryferiami-E_sm-768x395.png 768w, https:\/\/tarpak.pl\/wp-content\/uploads\/2025\/01\/T.P.0001_00.Z.01-Tackarka-z-peryferiami-E_sm-600x309.png 600w\" sizes=\"(max-width: 1200px) 100vw, 1200px\" \/><\/p>\n<\/div>\n<div class=\"elementor-divider\"><img decoding=\"async\" class=\"size-full wp-image-3402\" title=\"Punkttrennzeichen\" src=\"https:\/\/tarpak.pl\/wp-content\/uploads\/2024\/11\/separator_dot.png\" alt=\"Punkttrennzeichen\" width=\"184\" height=\"50\" \/><\/div>\n<div class=\"e-con-inner img2\">\n<div class=\"img_col-options\">\n<p><strong>Heftmaschine + Entpalettierer<\/strong><\/p>\n<p><img decoding=\"async\" title=\"Entpalettierer + Heftmaschine\"  src=\"https:\/\/tarpak.pl\/wp-content\/uploads\/2025\/01\/temp-09-depaletyzer-tackarka_sm.png\" alt=\"temp 09 Depalettierer + Heftmaschine\" width=\"100%\" class=\"alignleft size-full wp-image-3972\" style=\"padding-right: 10px; align-items: center; align-self: center;\" srcset=\"https:\/\/tarpak.pl\/wp-content\/uploads\/2025\/01\/temp-09-depaletyzer-tackarka_sm.png 1200w, https:\/\/tarpak.pl\/wp-content\/uploads\/2025\/01\/temp-09-depaletyzer-tackarka_sm-300x154.png 300w, https:\/\/tarpak.pl\/wp-content\/uploads\/2025\/01\/temp-09-depaletyzer-tackarka_sm-1024x527.png 1024w, https:\/\/tarpak.pl\/wp-content\/uploads\/2025\/01\/temp-09-depaletyzer-tackarka_sm-768x395.png 768w, https:\/\/tarpak.pl\/wp-content\/uploads\/2025\/01\/temp-09-depaletyzer-tackarka_sm-600x309.png 600w\" sizes=\"(max-width: 1200px) 100vw, 1200px\" \/><\/p>\n<\/div>\n<div class=\"img_col-options\">\n<p><strong>Entpalettierer<\/strong><\/p>\n<p><img decoding=\"async\" title=\"Entpalettierer\"  src=\"https:\/\/tarpak.pl\/wp-content\/uploads\/2025\/01\/temp-09-depaletyzer_sm.png\" alt=\"temp 09 Entpalettierer\" width=\"100%\" class=\"alignright size-full wp-image-3973\" style=\"padding-left: 10px; align-items: center; align-self: center;\" srcset=\"https:\/\/tarpak.pl\/wp-content\/uploads\/2025\/01\/temp-09-depaletyzer_sm.png 1200w, https:\/\/tarpak.pl\/wp-content\/uploads\/2025\/01\/temp-09-depaletyzer_sm-300x154.png 300w, https:\/\/tarpak.pl\/wp-content\/uploads\/2025\/01\/temp-09-depaletyzer_sm-1024x527.png 1024w, https:\/\/tarpak.pl\/wp-content\/uploads\/2025\/01\/temp-09-depaletyzer_sm-768x395.png 768w, https:\/\/tarpak.pl\/wp-content\/uploads\/2025\/01\/temp-09-depaletyzer_sm-600x309.png 600w\" sizes=\"(max-width: 1200px) 100vw, 1200px\" \/><\/p>\n<\/div>\n<\/div>\n<div class=\"elementor-divider\"><img decoding=\"async\" class=\"size-full wp-image-3402\" title=\"Punkttrennzeichen\" src=\"https:\/\/tarpak.pl\/wp-content\/uploads\/2024\/11\/separator_dot.png\" alt=\"Punkttrennzeichen\" width=\"184\" height=\"50\" \/><\/div>\n<div class=\"medium_title\">\n<h3>Warum CNC TACKARKA w\u00e4hlen?<\/h3>\n<\/div>\n<p>Die CNC TACKARKA verbindet modernste Technik mit h\u00f6chster Funktionalit\u00e4t und ist damit ideal f\u00fcr Unternehmen mit hohen Anforderungen an Pr\u00e4zision und Flexibilit\u00e4t. Seine F\u00e4higkeit, mit mehreren Schalenformaten zu arbeiten, die schnelle Einrichtung und die M\u00f6glichkeit, zus\u00e4tzliche Module wie Schalenstapler oder Depalettierer zu integrieren, machen ihn zu einem vielseitigen Werkzeug, das auch die anspruchsvollsten Aufgaben bew\u00e4ltigen kann. Setzen Sie auf den Tarpak CNC TACKER, um Ihre Produktion auf die n\u00e4chste Stufe der Effizienz und Innovation zu heben!<\/p>\n<\/div>","protected":false},"excerpt":{"rendered":"<p>Die TACKARKA CNC ist eine Hightech-Schalenfalzmaschine, die vollautomatische Prozesse bei au\u00dfergew\u00f6hnlicher Pr\u00e4zision bietet. Mit der M\u00f6glichkeit, bis zu 7 verschiedene Trayformate zu verarbeiten und einer schnellen Umr\u00fcstung in nur 5 Minuten ist die TACKARKA CNC die ideale L\u00f6sung f\u00fcr Unternehmen mit unterschiedlichen Produktionsanforderungen.<\/p>","protected":false},"featured_media":4111,"template":"","meta":{"_bst_post_transparent":"default","_bst_post_title":"","_bst_post_layout":"default","_bst_post_sidebar_id":"","_bst_post_content_style":"default","_bst_post_vertical_padding":"default","_bst_post_feature":"","_bst_post_feature_position":"","_bst_post_header":false,"_bst_post_footer":false},"product_cat":[102],"product_tag":[],"class_list":{"0":"post-3875","1":"product","2":"type-product","3":"status-publish","4":"has-post-thumbnail","6":"product_cat-tackarki","8":"first","9":"onbackorder","10":"sold-individually","11":"taxable","12":"shipping-taxable","13":"product-type-simple","14":"entry","15":"content-bg","16":"loop-entry"},"yoast_head":"<!-- This site is optimized with the Yoast SEO plugin v24.3 - https:\/\/yoast.com\/wordpress\/plugins\/seo\/ -->\n<title>TACKARKA CNC - TARPAK - Maszyny pakuj\u0105ce | kartoniarki i flowpacki<\/title>\n<meta name=\"robots\" content=\"index, follow, max-snippet:-1, max-image-preview:large, max-video-preview:-1\" \/>\n<link rel=\"canonical\" href=\"https:\/\/tarpak.pl\/de\/product\/tackarka-cnc\/\" \/>\n<meta property=\"og:locale\" content=\"de_DE\" \/>\n<meta property=\"og:type\" content=\"article\" \/>\n<meta property=\"og:title\" content=\"TACKARKA CNC - TARPAK - Maszyny pakuj\u0105ce | kartoniarki i flowpacki\" \/>\n<meta property=\"og:description\" content=\"TACKARKA CNC to zaawansowane technologicznie urz\u0105dzenie do sk\u0142adania tac, kt\u00f3re oferuje pe\u0142n\u0105 automatyzacj\u0119 proces\u00f3w przy jednoczesnym zachowaniu wyj\u0105tkowej precyzji. Dzi\u0119ki mo\u017cliwo\u015bci obs\u0142ugi a\u017c 7 r\u00f3\u017cnych format\u00f3w tac oraz szybkiemu przezbrojeniu w zaledwie 5 minut, TACKARKA CNC stanowi idealne rozwi\u0105zanie dla firm o zr\u00f3\u017cnicowanych wymaganiach produkcyjnych.\" \/>\n<meta property=\"og:url\" content=\"https:\/\/tarpak.pl\/de\/product\/tackarka-cnc\/\" \/>\n<meta property=\"og:site_name\" content=\"TARPAK - Maszyny pakuj\u0105ce | kartoniarki i flowpacki\" \/>\n<meta property=\"article:modified_time\" content=\"2025-01-21T09:08:32+00:00\" \/>\n<meta property=\"og:image\" content=\"https:\/\/tarpak.pl\/wp-content\/uploads\/2025\/01\/Tackarka_cnc_maszyna.png\" \/>\n\t<meta property=\"og:image:width\" content=\"1200\" \/>\n\t<meta property=\"og:image:height\" content=\"900\" \/>\n\t<meta property=\"og:image:type\" content=\"image\/png\" \/>\n<meta name=\"twitter:card\" content=\"summary_large_image\" \/>\n<meta name=\"twitter:label1\" content=\"Gesch\u00e4tzte Lesezeit\" \/>\n\t<meta name=\"twitter:data1\" content=\"2\u00a0Minuten\" \/>\n<script type=\"application\/ld+json\" class=\"yoast-schema-graph\">{\"@context\":\"https:\/\/schema.org\",\"@graph\":[{\"@type\":\"WebPage\",\"@id\":\"https:\/\/tarpak.pl\/produkt\/tackarka-cnc\/\",\"url\":\"https:\/\/tarpak.pl\/produkt\/tackarka-cnc\/\",\"name\":\"TACKARKA CNC - TARPAK - Maszyny pakuj\u0105ce | kartoniarki i flowpacki\",\"isPartOf\":{\"@id\":\"https:\/\/tarpak.pl\/#website\"},\"primaryImageOfPage\":{\"@id\":\"https:\/\/tarpak.pl\/produkt\/tackarka-cnc\/#primaryimage\"},\"image\":{\"@id\":\"https:\/\/tarpak.pl\/produkt\/tackarka-cnc\/#primaryimage\"},\"thumbnailUrl\":\"https:\/\/tarpak.pl\/wp-content\/uploads\/2025\/01\/Tackarka_cnc_maszyna.png\",\"datePublished\":\"2025-01-15T13:25:38+00:00\",\"dateModified\":\"2025-01-21T09:08:32+00:00\",\"breadcrumb\":{\"@id\":\"https:\/\/tarpak.pl\/produkt\/tackarka-cnc\/#breadcrumb\"},\"inLanguage\":\"de\",\"potentialAction\":[{\"@type\":\"ReadAction\",\"target\":[\"https:\/\/tarpak.pl\/produkt\/tackarka-cnc\/\"]}]},{\"@type\":\"ImageObject\",\"inLanguage\":\"de\",\"@id\":\"https:\/\/tarpak.pl\/produkt\/tackarka-cnc\/#primaryimage\",\"url\":\"https:\/\/tarpak.pl\/wp-content\/uploads\/2025\/01\/Tackarka_cnc_maszyna.png\",\"contentUrl\":\"https:\/\/tarpak.pl\/wp-content\/uploads\/2025\/01\/Tackarka_cnc_maszyna.png\",\"width\":1200,\"height\":900,\"caption\":\"Tackarka CNC\"},{\"@type\":\"BreadcrumbList\",\"@id\":\"https:\/\/tarpak.pl\/produkt\/tackarka-cnc\/#breadcrumb\",\"itemListElement\":[{\"@type\":\"ListItem\",\"position\":1,\"name\":\"Strona g\u0142\u00f3wna\",\"item\":\"https:\/\/tarpak.pl\/\"},{\"@type\":\"ListItem\",\"position\":2,\"name\":\"Sklep\",\"item\":\"https:\/\/tarpak.pl\/sklep\/\"},{\"@type\":\"ListItem\",\"position\":3,\"name\":\"TACKARKA CNC\"}]},{\"@type\":\"WebSite\",\"@id\":\"https:\/\/tarpak.pl\/#website\",\"url\":\"https:\/\/tarpak.pl\/\",\"name\":\"TARPAK - Maszyny pakuj\u0105ce | kartoniarki i flowpacki\",\"description\":\"Maszyny pakuj\u0105ce | kartoniarki i flowpacki\",\"publisher\":{\"@id\":\"https:\/\/tarpak.pl\/#organization\"},\"potentialAction\":[{\"@type\":\"SearchAction\",\"target\":{\"@type\":\"EntryPoint\",\"urlTemplate\":\"https:\/\/tarpak.pl\/?s={search_term_string}\"},\"query-input\":{\"@type\":\"PropertyValueSpecification\",\"valueRequired\":true,\"valueName\":\"search_term_string\"}}],\"inLanguage\":\"de\"},{\"@type\":\"Organization\",\"@id\":\"https:\/\/tarpak.pl\/#organization\",\"name\":\"TARPAK - Maszyny pakuj\u0105ce | kartoniarki i flowpacki\",\"url\":\"https:\/\/tarpak.pl\/\",\"logo\":{\"@type\":\"ImageObject\",\"inLanguage\":\"de\",\"@id\":\"https:\/\/tarpak.pl\/#\/schema\/logo\/image\/\",\"url\":\"https:\/\/tarpak.pl\/wp-content\/uploads\/2024\/10\/logo-main-2.png\",\"contentUrl\":\"https:\/\/tarpak.pl\/wp-content\/uploads\/2024\/10\/logo-main-2.png\",\"width\":140,\"height\":47,\"caption\":\"TARPAK - Maszyny pakuj\u0105ce | kartoniarki i flowpacki\"},\"image\":{\"@id\":\"https:\/\/tarpak.pl\/#\/schema\/logo\/image\/\"}}]}<\/script>\n<!-- \/ Yoast SEO plugin. -->","yoast_head_json":{"title":"CNC TACKER - TARPAK - Verpackungsmaschinen | Kartonierer und Schlauchbeutelmaschinen","robots":{"index":"index","follow":"follow","max-snippet":"max-snippet:-1","max-image-preview":"max-image-preview:large","max-video-preview":"max-video-preview:-1"},"canonical":"https:\/\/tarpak.pl\/de\/product\/tackarka-cnc\/","og_locale":"de_DE","og_type":"article","og_title":"TACKARKA CNC - TARPAK - Maszyny pakuj\u0105ce | kartoniarki i flowpacki","og_description":"TACKARKA CNC to zaawansowane technologicznie urz\u0105dzenie do sk\u0142adania tac, kt\u00f3re oferuje pe\u0142n\u0105 automatyzacj\u0119 proces\u00f3w przy jednoczesnym zachowaniu wyj\u0105tkowej precyzji. Dzi\u0119ki mo\u017cliwo\u015bci obs\u0142ugi a\u017c 7 r\u00f3\u017cnych format\u00f3w tac oraz szybkiemu przezbrojeniu w zaledwie 5 minut, TACKARKA CNC stanowi idealne rozwi\u0105zanie dla firm o zr\u00f3\u017cnicowanych wymaganiach produkcyjnych.","og_url":"https:\/\/tarpak.pl\/de\/product\/tackarka-cnc\/","og_site_name":"TARPAK - Maszyny pakuj\u0105ce | kartoniarki i flowpacki","article_modified_time":"2025-01-21T09:08:32+00:00","og_image":[{"width":1200,"height":900,"url":"https:\/\/tarpak.pl\/wp-content\/uploads\/2025\/01\/Tackarka_cnc_maszyna.png","type":"image\/png"}],"twitter_card":"summary_large_image","twitter_misc":{"Gesch\u00e4tzte Lesezeit":"2\u00a0Minuten"},"schema":{"@context":"https:\/\/schema.org","@graph":[{"@type":"WebPage","@id":"https:\/\/tarpak.pl\/produkt\/tackarka-cnc\/","url":"https:\/\/tarpak.pl\/produkt\/tackarka-cnc\/","name":"CNC TACKER - TARPAK - Verpackungsmaschinen | Kartonierer und Schlauchbeutelmaschinen","isPartOf":{"@id":"https:\/\/tarpak.pl\/#website"},"primaryImageOfPage":{"@id":"https:\/\/tarpak.pl\/produkt\/tackarka-cnc\/#primaryimage"},"image":{"@id":"https:\/\/tarpak.pl\/produkt\/tackarka-cnc\/#primaryimage"},"thumbnailUrl":"https:\/\/tarpak.pl\/wp-content\/uploads\/2025\/01\/Tackarka_cnc_maszyna.png","datePublished":"2025-01-15T13:25:38+00:00","dateModified":"2025-01-21T09:08:32+00:00","breadcrumb":{"@id":"https:\/\/tarpak.pl\/produkt\/tackarka-cnc\/#breadcrumb"},"inLanguage":"de","potentialAction":[{"@type":"ReadAction","target":["https:\/\/tarpak.pl\/produkt\/tackarka-cnc\/"]}]},{"@type":"ImageObject","inLanguage":"de","@id":"https:\/\/tarpak.pl\/produkt\/tackarka-cnc\/#primaryimage","url":"https:\/\/tarpak.pl\/wp-content\/uploads\/2025\/01\/Tackarka_cnc_maszyna.png","contentUrl":"https:\/\/tarpak.pl\/wp-content\/uploads\/2025\/01\/Tackarka_cnc_maszyna.png","width":1200,"height":900,"caption":"Tackarka CNC"},{"@type":"BreadcrumbList","@id":"https:\/\/tarpak.pl\/produkt\/tackarka-cnc\/#breadcrumb","itemListElement":[{"@type":"ListItem","position":1,"name":"Strona g\u0142\u00f3wna","item":"https:\/\/tarpak.pl\/"},{"@type":"ListItem","position":2,"name":"Sklep","item":"https:\/\/tarpak.pl\/sklep\/"},{"@type":"ListItem","position":3,"name":"TACKARKA CNC"}]},{"@type":"WebSite","@id":"https:\/\/tarpak.pl\/#website","url":"https:\/\/tarpak.pl\/","name":"TARPAK - Verpackungsmaschinen | Kartonierer und Flowpacks","description":"Verpackungsmaschinen | Kartonierer und Flowpacks","publisher":{"@id":"https:\/\/tarpak.pl\/#organization"},"potentialAction":[{"@type":"SearchAction","target":{"@type":"EntryPoint","urlTemplate":"https:\/\/tarpak.pl\/?s={search_term_string}"},"query-input":{"@type":"PropertyValueSpecification","valueRequired":true,"valueName":"search_term_string"}}],"inLanguage":"de"},{"@type":"Organization","@id":"https:\/\/tarpak.pl\/#organization","name":"TARPAK - Verpackungsmaschinen | Kartonierer und Flowpacks","url":"https:\/\/tarpak.pl\/","logo":{"@type":"ImageObject","inLanguage":"de","@id":"https:\/\/tarpak.pl\/#\/schema\/logo\/image\/","url":"https:\/\/tarpak.pl\/wp-content\/uploads\/2024\/10\/logo-main-2.png","contentUrl":"https:\/\/tarpak.pl\/wp-content\/uploads\/2024\/10\/logo-main-2.png","width":140,"height":47,"caption":"TARPAK - Maszyny pakuj\u0105ce | kartoniarki i flowpacki"},"image":{"@id":"https:\/\/tarpak.pl\/#\/schema\/logo\/image\/"}}]}},"_links":{"self":[{"href":"https:\/\/tarpak.pl\/de\/wp-json\/wp\/v2\/product\/3875"}],"collection":[{"href":"https:\/\/tarpak.pl\/de\/wp-json\/wp\/v2\/product"}],"about":[{"href":"https:\/\/tarpak.pl\/de\/wp-json\/wp\/v2\/types\/product"}],"version-history":[{"count":0,"href":"https:\/\/tarpak.pl\/de\/wp-json\/wp\/v2\/product\/3875\/revisions"}],"wp:featuredmedia":[{"embeddable":true,"href":"https:\/\/tarpak.pl\/de\/wp-json\/wp\/v2\/media\/4111"}],"wp:attachment":[{"href":"https:\/\/tarpak.pl\/de\/wp-json\/wp\/v2\/media?parent=3875"}],"wp:term":[{"taxonomy":"product_cat","embeddable":true,"href":"https:\/\/tarpak.pl\/de\/wp-json\/wp\/v2\/product_cat?post=3875"},{"taxonomy":"product_tag","embeddable":true,"href":"https:\/\/tarpak.pl\/de\/wp-json\/wp\/v2\/product_tag?post=3875"}],"curies":[{"name":"wp","href":"https:\/\/api.w.org\/{rel}","templated":true}]}}