{"id":1045,"date":"2024-11-06T12:44:16","date_gmt":"2024-11-06T12:44:16","guid":{"rendered":"https:\/\/tarpak.pl\/?post_type=product&#038;p=1045"},"modified":"2025-01-16T07:53:23","modified_gmt":"2025-01-16T07:53:23","slug":"kontroler-sdvc34-mrj-z-licznikiem","status":"publish","type":"product","link":"https:\/\/tarpak.pl\/de\/product\/kontroler-sdvc34-mrj-z-licznikiem\/","title":{"rendered":"SDVC34-MRJ Steuerung mit Z\u00e4hler"},"content":{"rendered":"<div class=\"row\">\n<div>\n<p>Dank des innovativen Einsatzes eines Vibrationssensors kann die Steuerung <strong>SDVC34-MRJ<\/strong> f\u00fchrt Echtzeitmessungen durch und w\u00e4hlt dann die optimale Vibrationsfrequenz f\u00fcr die Zuf\u00fchrung aus. Der Bediener muss nur noch die F\u00f6rdergeschwindigkeit einstellen. Die \u00c4nderung der Schwingungsamplitude ist sehr pr\u00e4zise und liegt innerhalb einer Genauigkeit von 1 V. Dank dieser L\u00f6sung ist der Vibrationsf\u00f6rderer unempfindlich gegen\u00fcber \u00c4nderungen der Bef\u00fcllung aufgrund von Produktverlusten w\u00e4hrend des Betriebs und f\u00f6rdert das Produkt mit einer festen Geschwindigkeit.<\/p>\n<p>Controller <strong>SDVC34-MRJ<\/strong> hat einen eingebauten Impulsz\u00e4hler, der die Vorschubgeschwindigkeit verringert und den Zubringer bei Erreichen der eingestellten Schwellenwerte vollst\u00e4ndig anh\u00e4lt. Der eingebaute Z\u00e4hler kann zus\u00e4tzliche SPSen ersetzen.<\/p>\n<p>Dieses System wird dort eingesetzt, wo der Platz nicht ausreicht, um die Produktzufuhr in der R\u00fctteltrommel durch eine Zuf\u00fchrung zu erg\u00e4nzen.<\/p>\n<p>Zusammensetzung des Sets: Steuerger\u00e4t, Kabel mit Netzstecker, Kabel zum Anschluss der Vibrationsbasis, Vibrationssensor, Bedienungsanleitung.<\/p>\n<\/div>\n<div class=\"elementor-divider\">\n<img decoding=\"async\" class=\"size-full wp-image-3402\" title=\"Punkttrennzeichen\" src=\"https:\/\/tarpak.pl\/wp-content\/uploads\/2024\/11\/separator_dot.png\" alt=\"Punkttrennzeichen\" width=\"184\" height=\"50\" \/>\n<\/div>\n<div class=\"medium_title\">\n<h3>Eigenschaften<\/h3>\n<\/div>\n<ul>\n<li><strong>Automatische Steuerung der konstanten Vorschubgeschwindigkeit:<\/strong> Automatische Regelung der Ausgangsspannung in Echtzeit, um eine konstante, voreingestellte Vorschubgeschwindigkeit unabh\u00e4ngig von Gewichtsver\u00e4nderungen der Werkst\u00fccke zu gew\u00e4hrleisten.<\/li>\n<li><strong>Automatische Frequenzregelung:<\/strong> Automatische Anpassung der Ausgangsfrequenz in Echtzeit, um sicherzustellen, dass der Zubringer immer mit der Resonanzfrequenz arbeitet.<\/li>\n<li><strong>Automatische Suche nach der Resonanzfrequenz:<\/strong> Der Controller sucht automatisch nach der Resonanzfrequenz des Abzweigs und anderen damit verbundenen Parametern.<\/li>\n<li><strong>Z\u00e4hler:<\/strong> Der Regler wird langsamer oder stoppt, wenn der eingestellte Detailwert erreicht ist. (verf\u00fcgbar bei SDVC34MRJ)<\/li>\n<li><strong>Rs485-Kommunikation:<\/strong> Alle Reglerparameter k\u00f6nnen \u00fcber R485 eingestellt werden.<\/li>\n<li><strong>Automatische Erkennung des schaltenden Sensortyps:<\/strong> Der Controller kann schaltende Sensoren vom Typ PNP und NPN erkennen und anpassen<\/li>\n<li><strong>Ausgangssynchronisation:<\/strong> Synchronisieren Sie die Ausgangswellenform des Slave-Reglers mit der des Master-Reglers mit der gleichen Frequenz und Phase, um Rumpel-Effekte zu vermeiden.<\/li>\n<li><strong>\u00dcberspannungsschutz:<\/strong> Wenn die Eingangsspannung zu hoch ist, wird die Stromversorgung des Reglers automatisch abgeschaltet, um den Regler vor Sch\u00e4den zu sch\u00fctzen.<\/li>\n<li><strong>Digitaler \u00dcberhitzungsschutz:<\/strong> Wenn die Innentemperatur des Reglers zu hoch wird, schaltet der Regler den Ausgang ab, um den Regler vor Sch\u00e4den zu sch\u00fctzen.<\/li>\n<li><strong>\u00dcberstromschutz:<\/strong> Wenn der Ausgangsstrom den Nennwert \u00fcberschreitet, schaltet der Regler den Betrieb ab, um sich selbst und die Last zu sch\u00fctzen.<\/li>\n<li><strong>Automatische Kurzschlusssicherung:<\/strong> Wenn der Ausgang des Reglers kurzgeschlossen wird, schaltet der Regler seinen Ausgang ab, um sich selbst und die Last zu sch\u00fctzen, aber die Sicherung im Inneren wird nicht ausgel\u00f6st. Wenn also kein Kurzschluss auf der Ausgangsseite vorliegt, funktioniert der Regler wieder, wenn die Stromversorgung eingeschaltet wird.<\/li>\n<\/ul>\n<div class=\"elementor-divider\"><img decoding=\"async\" class=\"size-full wp-image-3402\" title=\"Punkttrennzeichen\" src=\"https:\/\/tarpak.pl\/wp-content\/uploads\/2024\/11\/separator_dot.png\" alt=\"Punkttrennzeichen\" width=\"184\" height=\"50\" \/><\/div>\n<div class=\"medium_title\">\n<h3>Spezifikation<\/h3>\n<\/div>\n<table class=\"bordered\">\n<tbody>\n<tr>\n<th><strong>Parameter<\/strong><\/th>\n<th><strong>Einheit<\/strong><\/th>\n<th><strong>Umfang<\/strong><\/th>\n<th><strong>Kommentare<\/strong><\/th>\n<\/tr>\n<tr>\n<td>Versorgungsspannung<\/td>\n<td>V<\/td>\n<td>85-260<\/td>\n<td><\/td>\n<\/tr>\n<tr>\n<td>Ausgangsspannung<\/td>\n<td>V<\/td>\n<td>0-260<\/td>\n<td><\/td>\n<\/tr>\n<tr>\n<td>Skala zur Einstellung der Ausgangsspannung<\/td>\n<td>V<\/td>\n<td>1<\/td>\n<td><\/td>\n<\/tr>\n<tr>\n<td>Ausgangsfrequenz<\/td>\n<td>Hz<\/td>\n<td>40-400<\/td>\n<td><\/td>\n<\/tr>\n<tr>\n<td>Tonh\u00f6he der Ausgangsfrequenzregelung<\/td>\n<td>Hz<\/td>\n<td>0,1<\/td>\n<td><\/td>\n<\/tr>\n<tr>\n<td>Basislinie<\/td>\n<td><\/td>\n<td>Sinus<\/td>\n<td><\/td>\n<\/tr>\n<tr>\n<td>Ausgangsstrom<\/td>\n<td>A<\/td>\n<td>0-3<\/td>\n<td>SDVC34-M<\/td>\n<\/tr>\n<tr>\n<td>Ausgangsleistung<\/td>\n<td>VA<\/td>\n<td>0-660<\/td>\n<td>SDVC34-M<\/td>\n<\/tr>\n<tr>\n<td>Ein\/Aus-Verz\u00f6gerung<\/td>\n<td>s<\/td>\n<td>0-20<\/td>\n<td><\/td>\n<\/tr>\n<tr>\n<td>Einstellschritt f\u00fcr die Ein-\/Ausschaltverz\u00f6gerung.<\/td>\n<td>s<\/td>\n<td>0,1<\/td>\n<td><\/td>\n<\/tr>\n<tr>\n<td>Soft-Start-Zeit<\/td>\n<td>s<\/td>\n<td>0-10<\/td>\n<td><\/td>\n<\/tr>\n<tr>\n<td>DC-Ausgangsspannung<\/td>\n<td>V<\/td>\n<td>22-26<\/td>\n<td>Die 24-V-DC-Stromversorgung erm\u00f6glicht den Anschluss von<br \/>\nexterne Steuerung<\/td>\n<\/tr>\n<tr>\n<td>DC-Ausgangsstrom<\/td>\n<td>mA<\/td>\n<td>0-200<\/td>\n<td>Die 24-V-DC-Stromversorgung erm\u00f6glicht den Anschluss von<br \/>\nexterne Steuerung<\/td>\n<\/tr>\n<tr>\n<td>Leistungsaufnahme im Standby-Modus<\/td>\n<td>W<\/td>\n<td>1,5-3<\/td>\n<td><\/td>\n<\/tr>\n<tr>\n<td>Umgebungstemperatur w\u00e4hrend des Betriebs<\/td>\n<td>\u00b0C<\/td>\n<td>-10-60<\/td>\n<td><\/td>\n<\/tr>\n<tr>\n<td>Umgebungsfeuchtigkeit w\u00e4hrend des Betriebs<\/td>\n<td>%<\/td>\n<td>10-85<\/td>\n<td>Kein Kondenswasser<\/td>\n<\/tr>\n<\/tbody>\n<\/table>\n<\/div>","protected":false},"excerpt":{"rendered":"<p>Steuerger\u00e4t zur Steuerung automatisierter elektromagnetisch angetriebener Schwingf\u00f6rdersysteme. Steuerger\u00e4t <strong>SDVC34-MR<\/strong> hat eine automatische Parametersteuerung mit Vibrationssensor und eingebautem Impulsz\u00e4hler.<\/p>","protected":false},"featured_media":1073,"template":"","meta":{"_bst_post_transparent":"default","_bst_post_title":"","_bst_post_layout":"default","_bst_post_sidebar_id":"","_bst_post_content_style":"default","_bst_post_vertical_padding":"default","_bst_post_feature":"","_bst_post_feature_position":"","_bst_post_header":false,"_bst_post_footer":false},"product_cat":[91],"product_tag":[],"class_list":{"0":"post-1045","1":"product","2":"type-product","3":"status-publish","4":"has-post-thumbnail","6":"product_cat-kontrolery","7":"product_shipping_class-kurier","9":"first","10":"instock","11":"taxable","12":"shipping-taxable","13":"purchasable","14":"product-type-simple","15":"entry","16":"content-bg","17":"loop-entry"},"yoast_head":"<!-- This site is optimized with the Yoast SEO plugin v24.3 - https:\/\/yoast.com\/wordpress\/plugins\/seo\/ -->\n<title>Kontroler SDVC34-MRJ z licznikiem - TARPAK - Maszyny pakuj\u0105ce | kartoniarki i flowpacki<\/title>\n<meta name=\"robots\" content=\"index, follow, max-snippet:-1, max-image-preview:large, max-video-preview:-1\" \/>\n<link rel=\"canonical\" href=\"https:\/\/tarpak.pl\/de\/product\/kontroler-sdvc34-mrj-z-licznikiem\/\" \/>\n<meta property=\"og:locale\" content=\"de_DE\" \/>\n<meta property=\"og:type\" content=\"article\" \/>\n<meta property=\"og:title\" content=\"Kontroler SDVC34-MRJ z licznikiem - TARPAK - Maszyny pakuj\u0105ce | kartoniarki i flowpacki\" \/>\n<meta property=\"og:description\" content=\"Kontroler przeznaczony do sterowania zautomatyzowanymi systemami podajnik\u00f3w wibracyjnych nap\u0119dzanych elektromagnesem. Kontroler SDVC34-MR posiada automatyczn\u0105 regulacj\u0119 parametr\u00f3w pracy z czujnikiem wibracji oraz wbudowany licznik impuls\u00f3w.\" \/>\n<meta property=\"og:url\" content=\"https:\/\/tarpak.pl\/de\/product\/kontroler-sdvc34-mrj-z-licznikiem\/\" \/>\n<meta property=\"og:site_name\" content=\"TARPAK - Maszyny pakuj\u0105ce | kartoniarki i flowpacki\" \/>\n<meta property=\"article:modified_time\" content=\"2025-01-16T07:53:23+00:00\" \/>\n<meta property=\"og:image\" content=\"https:\/\/tarpak.pl\/wp-content\/uploads\/2024\/11\/SDVC34-MRJ-front.jpg\" \/>\n\t<meta property=\"og:image:width\" content=\"2000\" \/>\n\t<meta property=\"og:image:height\" content=\"2000\" \/>\n\t<meta property=\"og:image:type\" content=\"image\/jpeg\" \/>\n<meta name=\"twitter:card\" content=\"summary_large_image\" \/>\n<meta name=\"twitter:label1\" content=\"Gesch\u00e4tzte Lesezeit\" \/>\n\t<meta name=\"twitter:data1\" content=\"4\u00a0Minuten\" \/>\n<script type=\"application\/ld+json\" class=\"yoast-schema-graph\">{\"@context\":\"https:\/\/schema.org\",\"@graph\":[{\"@type\":\"WebPage\",\"@id\":\"https:\/\/tarpak.pl\/produkt\/kontroler-sdvc34-mrj-z-licznikiem\/\",\"url\":\"https:\/\/tarpak.pl\/produkt\/kontroler-sdvc34-mrj-z-licznikiem\/\",\"name\":\"Kontroler SDVC34-MRJ z licznikiem - TARPAK - Maszyny pakuj\u0105ce | kartoniarki i flowpacki\",\"isPartOf\":{\"@id\":\"https:\/\/tarpak.pl\/#website\"},\"primaryImageOfPage\":{\"@id\":\"https:\/\/tarpak.pl\/produkt\/kontroler-sdvc34-mrj-z-licznikiem\/#primaryimage\"},\"image\":{\"@id\":\"https:\/\/tarpak.pl\/produkt\/kontroler-sdvc34-mrj-z-licznikiem\/#primaryimage\"},\"thumbnailUrl\":\"https:\/\/tarpak.pl\/wp-content\/uploads\/2024\/11\/SDVC34-MRJ-front.jpg\",\"datePublished\":\"2024-11-06T12:44:16+00:00\",\"dateModified\":\"2025-01-16T07:53:23+00:00\",\"breadcrumb\":{\"@id\":\"https:\/\/tarpak.pl\/produkt\/kontroler-sdvc34-mrj-z-licznikiem\/#breadcrumb\"},\"inLanguage\":\"de\",\"potentialAction\":[{\"@type\":\"ReadAction\",\"target\":[\"https:\/\/tarpak.pl\/produkt\/kontroler-sdvc34-mrj-z-licznikiem\/\"]}]},{\"@type\":\"ImageObject\",\"inLanguage\":\"de\",\"@id\":\"https:\/\/tarpak.pl\/produkt\/kontroler-sdvc34-mrj-z-licznikiem\/#primaryimage\",\"url\":\"https:\/\/tarpak.pl\/wp-content\/uploads\/2024\/11\/SDVC34-MRJ-front.jpg\",\"contentUrl\":\"https:\/\/tarpak.pl\/wp-content\/uploads\/2024\/11\/SDVC34-MRJ-front.jpg\",\"width\":2000,\"height\":2000},{\"@type\":\"BreadcrumbList\",\"@id\":\"https:\/\/tarpak.pl\/produkt\/kontroler-sdvc34-mrj-z-licznikiem\/#breadcrumb\",\"itemListElement\":[{\"@type\":\"ListItem\",\"position\":1,\"name\":\"Strona g\u0142\u00f3wna\",\"item\":\"https:\/\/tarpak.pl\/\"},{\"@type\":\"ListItem\",\"position\":2,\"name\":\"Sklep\",\"item\":\"https:\/\/tarpak.pl\/sklep\/\"},{\"@type\":\"ListItem\",\"position\":3,\"name\":\"Kontroler SDVC34-MRJ z&nbsp;licznikiem\"}]},{\"@type\":\"WebSite\",\"@id\":\"https:\/\/tarpak.pl\/#website\",\"url\":\"https:\/\/tarpak.pl\/\",\"name\":\"TARPAK - Maszyny pakuj\u0105ce | kartoniarki i flowpacki\",\"description\":\"Maszyny pakuj\u0105ce | kartoniarki i flowpacki\",\"publisher\":{\"@id\":\"https:\/\/tarpak.pl\/#organization\"},\"potentialAction\":[{\"@type\":\"SearchAction\",\"target\":{\"@type\":\"EntryPoint\",\"urlTemplate\":\"https:\/\/tarpak.pl\/?s={search_term_string}\"},\"query-input\":{\"@type\":\"PropertyValueSpecification\",\"valueRequired\":true,\"valueName\":\"search_term_string\"}}],\"inLanguage\":\"de\"},{\"@type\":\"Organization\",\"@id\":\"https:\/\/tarpak.pl\/#organization\",\"name\":\"TARPAK - Maszyny pakuj\u0105ce | kartoniarki i flowpacki\",\"url\":\"https:\/\/tarpak.pl\/\",\"logo\":{\"@type\":\"ImageObject\",\"inLanguage\":\"de\",\"@id\":\"https:\/\/tarpak.pl\/#\/schema\/logo\/image\/\",\"url\":\"https:\/\/tarpak.pl\/wp-content\/uploads\/2024\/10\/logo-main-2.png\",\"contentUrl\":\"https:\/\/tarpak.pl\/wp-content\/uploads\/2024\/10\/logo-main-2.png\",\"width\":140,\"height\":47,\"caption\":\"TARPAK - Maszyny pakuj\u0105ce | kartoniarki i flowpacki\"},\"image\":{\"@id\":\"https:\/\/tarpak.pl\/#\/schema\/logo\/image\/\"}}]}<\/script>\n<!-- \/ Yoast SEO plugin. -->","yoast_head_json":{"title":"SDVC34-MRJ Steuerung mit Z\u00e4hler - TARPAK - Verpackungsmaschinen | Kartonierer und Flowpacks","robots":{"index":"index","follow":"follow","max-snippet":"max-snippet:-1","max-image-preview":"max-image-preview:large","max-video-preview":"max-video-preview:-1"},"canonical":"https:\/\/tarpak.pl\/de\/product\/kontroler-sdvc34-mrj-z-licznikiem\/","og_locale":"de_DE","og_type":"article","og_title":"Kontroler SDVC34-MRJ z licznikiem - TARPAK - Maszyny pakuj\u0105ce | kartoniarki i flowpacki","og_description":"Kontroler przeznaczony do sterowania zautomatyzowanymi systemami podajnik\u00f3w wibracyjnych nap\u0119dzanych elektromagnesem. Kontroler SDVC34-MR posiada automatyczn\u0105 regulacj\u0119 parametr\u00f3w pracy z czujnikiem wibracji oraz wbudowany licznik impuls\u00f3w.","og_url":"https:\/\/tarpak.pl\/de\/product\/kontroler-sdvc34-mrj-z-licznikiem\/","og_site_name":"TARPAK - Maszyny pakuj\u0105ce | kartoniarki i flowpacki","article_modified_time":"2025-01-16T07:53:23+00:00","og_image":[{"width":2000,"height":2000,"url":"https:\/\/tarpak.pl\/wp-content\/uploads\/2024\/11\/SDVC34-MRJ-front.jpg","type":"image\/jpeg"}],"twitter_card":"summary_large_image","twitter_misc":{"Gesch\u00e4tzte Lesezeit":"4\u00a0Minuten"},"schema":{"@context":"https:\/\/schema.org","@graph":[{"@type":"WebPage","@id":"https:\/\/tarpak.pl\/produkt\/kontroler-sdvc34-mrj-z-licznikiem\/","url":"https:\/\/tarpak.pl\/produkt\/kontroler-sdvc34-mrj-z-licznikiem\/","name":"SDVC34-MRJ Steuerung mit Z\u00e4hler - TARPAK - Verpackungsmaschinen | Kartonierer und Flowpacks","isPartOf":{"@id":"https:\/\/tarpak.pl\/#website"},"primaryImageOfPage":{"@id":"https:\/\/tarpak.pl\/produkt\/kontroler-sdvc34-mrj-z-licznikiem\/#primaryimage"},"image":{"@id":"https:\/\/tarpak.pl\/produkt\/kontroler-sdvc34-mrj-z-licznikiem\/#primaryimage"},"thumbnailUrl":"https:\/\/tarpak.pl\/wp-content\/uploads\/2024\/11\/SDVC34-MRJ-front.jpg","datePublished":"2024-11-06T12:44:16+00:00","dateModified":"2025-01-16T07:53:23+00:00","breadcrumb":{"@id":"https:\/\/tarpak.pl\/produkt\/kontroler-sdvc34-mrj-z-licznikiem\/#breadcrumb"},"inLanguage":"de","potentialAction":[{"@type":"ReadAction","target":["https:\/\/tarpak.pl\/produkt\/kontroler-sdvc34-mrj-z-licznikiem\/"]}]},{"@type":"ImageObject","inLanguage":"de","@id":"https:\/\/tarpak.pl\/produkt\/kontroler-sdvc34-mrj-z-licznikiem\/#primaryimage","url":"https:\/\/tarpak.pl\/wp-content\/uploads\/2024\/11\/SDVC34-MRJ-front.jpg","contentUrl":"https:\/\/tarpak.pl\/wp-content\/uploads\/2024\/11\/SDVC34-MRJ-front.jpg","width":2000,"height":2000},{"@type":"BreadcrumbList","@id":"https:\/\/tarpak.pl\/produkt\/kontroler-sdvc34-mrj-z-licznikiem\/#breadcrumb","itemListElement":[{"@type":"ListItem","position":1,"name":"Strona g\u0142\u00f3wna","item":"https:\/\/tarpak.pl\/"},{"@type":"ListItem","position":2,"name":"Sklep","item":"https:\/\/tarpak.pl\/sklep\/"},{"@type":"ListItem","position":3,"name":"Kontroler SDVC34-MRJ z&nbsp;licznikiem"}]},{"@type":"WebSite","@id":"https:\/\/tarpak.pl\/#website","url":"https:\/\/tarpak.pl\/","name":"TARPAK - Verpackungsmaschinen | Kartonierer und Flowpacks","description":"Verpackungsmaschinen | Kartonierer und Flowpacks","publisher":{"@id":"https:\/\/tarpak.pl\/#organization"},"potentialAction":[{"@type":"SearchAction","target":{"@type":"EntryPoint","urlTemplate":"https:\/\/tarpak.pl\/?s={search_term_string}"},"query-input":{"@type":"PropertyValueSpecification","valueRequired":true,"valueName":"search_term_string"}}],"inLanguage":"de"},{"@type":"Organization","@id":"https:\/\/tarpak.pl\/#organization","name":"TARPAK - Verpackungsmaschinen | Kartonierer und Flowpacks","url":"https:\/\/tarpak.pl\/","logo":{"@type":"ImageObject","inLanguage":"de","@id":"https:\/\/tarpak.pl\/#\/schema\/logo\/image\/","url":"https:\/\/tarpak.pl\/wp-content\/uploads\/2024\/10\/logo-main-2.png","contentUrl":"https:\/\/tarpak.pl\/wp-content\/uploads\/2024\/10\/logo-main-2.png","width":140,"height":47,"caption":"TARPAK - Maszyny pakuj\u0105ce | kartoniarki i flowpacki"},"image":{"@id":"https:\/\/tarpak.pl\/#\/schema\/logo\/image\/"}}]}},"_links":{"self":[{"href":"https:\/\/tarpak.pl\/de\/wp-json\/wp\/v2\/product\/1045"}],"collection":[{"href":"https:\/\/tarpak.pl\/de\/wp-json\/wp\/v2\/product"}],"about":[{"href":"https:\/\/tarpak.pl\/de\/wp-json\/wp\/v2\/types\/product"}],"version-history":[{"count":0,"href":"https:\/\/tarpak.pl\/de\/wp-json\/wp\/v2\/product\/1045\/revisions"}],"wp:featuredmedia":[{"embeddable":true,"href":"https:\/\/tarpak.pl\/de\/wp-json\/wp\/v2\/media\/1073"}],"wp:attachment":[{"href":"https:\/\/tarpak.pl\/de\/wp-json\/wp\/v2\/media?parent=1045"}],"wp:term":[{"taxonomy":"product_cat","embeddable":true,"href":"https:\/\/tarpak.pl\/de\/wp-json\/wp\/v2\/product_cat?post=1045"},{"taxonomy":"product_tag","embeddable":true,"href":"https:\/\/tarpak.pl\/de\/wp-json\/wp\/v2\/product_tag?post=1045"}],"curies":[{"name":"wp","href":"https:\/\/api.w.org\/{rel}","templated":true}]}}