{"id":1044,"date":"2024-11-06T12:44:16","date_gmt":"2024-11-06T12:44:16","guid":{"rendered":"https:\/\/tarpak.pl\/?post_type=product&#038;p=1044"},"modified":"2025-01-16T07:18:07","modified_gmt":"2025-01-16T07:18:07","slug":"kontroler-sdvc311-m","status":"publish","type":"product","link":"https:\/\/tarpak.pl\/de\/product\/kontroler-sdvc311-m\/","title":{"rendered":"SDVC311-M Steuerger\u00e4t"},"content":{"rendered":"<div class=\"row\">\n<p>Betrieb des Controllers <strong>SDVC311<\/strong> erfordert, dass der Bediener die Werte f\u00fcr Frequenz und Versorgungsspannung ausw\u00e4hlt. Die digitale LCD-Anzeige erleichtert den t\u00e4glichen Betrieb und die pr\u00e4zise Auswahl der Parameter. Aufgrund der manuellen Einstellung der Betriebsparameter durch den Bediener wird zur Erzielung einer maximalen F\u00f6rderleistung empfohlen, den F\u00f6rderer stets voll zu halten.<\/p>\n<p>Im Vergleich zum Controller <strong>SDVC31<\/strong>Serie <strong>SDVC311<\/strong> wird verbessert durch:<\/p>\n<ul>\n<li>Der Ausgangsfrequenzbereich wird von 40,0 Hz ~ 400,0 Hz auf 5,0 Hz ~ 400,0 Hz erweitert.<\/li>\n<li>Die maximale Ein\/Aus-Verz\u00f6gerungszeit wurde von 20,0 s auf 99,9 s erh\u00f6ht.<\/li>\n<li>Es wurde eine Funktion zur sanften Abschaltung hinzugef\u00fcgt, die im Bereich von 0,0 ~ 10,0 s eingestellt werden kann, um die Vibration des Vibrationsf\u00f6rderers langsam zu beenden.<\/li>\n<li>Es wurde eine Bremsfunktion hinzugef\u00fcgt, bei der bis zu 100 Zyklen des Phasenumkehr-Bremsstroms eingestellt werden k\u00f6nnen, um den Abzweig schneller zu stoppen.<\/li>\n<li>Der Anschluss der intelligenten Lichtschranke unterst\u00fctzt einen PNP-Sensor.<\/li>\n<li>Der schaltende Sensoranschluss bei vollem Material wurde auf einen per Software einstellbaren NPN- und PNP-Modus mit automatischer Erkennung umgestellt.<\/li>\n<li>Der Steuerausgang wurde von einem NPN-Ausgang auf drei Typen erweitert: NPN, PNP und Push-Pull.<\/li>\n<li>Es wurde eine Ein-\/Ausschaltverz\u00f6gerung f\u00fcr den Steuerausgangsanschluss hinzugef\u00fcgt, die von 0,0 bis 99,9 s eingestellt werden kann.<\/li>\n<li>Es wurden gesteuerte Ausgabemodi hinzugef\u00fcgt, Verz\u00f6gerungsmodus und Haltemodus k\u00f6nnen eingestellt werden.<\/li>\n<li>Es wurde eine Messfunktion hinzugef\u00fcgt, mit der die Temperatur, die Busspannung, der Ausgangsstrom, die Spannung des Fernsteuerungsanschlusses, die Spannung des Smart-Photosensor-Anschlusses, die Spannung des Schaltsensor-Anschlusses, die Spannung des DC-Steuerungsausgangsanschlusses und die +24-V-Versorgungsspannung \u00fcberwacht werden k\u00f6nnen.<\/li>\n<\/ul>\n<p>Inhalt des Sets: Steuerger\u00e4t, Kabel mit Netzstecker, Kabel zum Anschluss der Vibrationsbasis, Bedienungsanleitung in polnischer Sprache.<\/p>\n<table class=\"bordered\">\n<tbody>\n<tr>\n<th colspan=\"2\">Eigenschaften<\/th>\n<\/tr>\n<tr>\n<td>\n<ul>\n<li>Frequenzkontrolle,<\/li>\n<li>Spannungsregelung mit einer Genauigkeit von 1 V,<\/li>\n<li>Einstellbarer Sanftanlauf,<\/li>\n<li>Fernsteuerung m\u00f6glich,<\/li>\n<li>M\u00f6glichkeit des Anschlusses von externen Sensoren zur Kontrolle des Zubringerbetriebs,<\/li>\n<li>Steuerausgang 24V DC,<\/li>\n<li>Einstellungen sperren,<\/li>\n<li>Schutz vor \u00dcberhitzung,<\/li>\n<li>Kurzschlussschutz,<\/li>\n<li>Zur\u00fccksetzen auf Werksparameter.<\/li>\n<\/ul>\n<\/td>\n<\/tr>\n<\/tbody>\n<\/table>\n<div class=\"elementor-divider\"><img decoding=\"async\" class=\"size-full wp-image-3402\" title=\"Punkttrennzeichen\" src=\"https:\/\/tarpak.pl\/wp-content\/uploads\/2024\/11\/separator_dot.png\" alt=\"Punkttrennzeichen\" width=\"184\" height=\"50\" \/><\/div>\n<div class=\"medium_title\">\n<h3>Spezifikation<\/h3>\n<\/div>\n<table class=\"bordered\">\n<tbody>\n<tr>\n<th><strong>Parameter<\/strong><\/th>\n<th><strong>Einheit<\/strong><\/th>\n<th><strong>Umfang<\/strong><\/th>\n<th><strong>Kommentare<\/strong><\/th>\n<\/tr>\n<tr>\n<td>Versorgungsspannung<\/td>\n<td>V AC<\/td>\n<td>85-250<\/td>\n<td><\/td>\n<\/tr>\n<tr>\n<td>Einstellbare Ausgangsspannung<\/td>\n<td>V<\/td>\n<td>0-260<\/td>\n<td>Maximale Versorgungsspannung des 150%<\/td>\n<\/tr>\n<tr>\n<td>Skala zur Einstellung der Ausgangsspannung<\/td>\n<td>V<\/td>\n<td>1<\/td>\n<td><\/td>\n<\/tr>\n<tr>\n<td>Ausgangsstrom<\/td>\n<td>A<\/td>\n<td>0-1,5<\/p>\n<p>0-3<\/td>\n<td>SDVC311-S<\/p>\n<p>SDVC311-M<\/td>\n<\/tr>\n<tr>\n<td>Ausgangsleistung<\/td>\n<td>VA<\/td>\n<td>0-330<\/p>\n<p>0-660<\/td>\n<td>SDVC311-S<\/p>\n<p>SDVC311-M<\/td>\n<\/tr>\n<tr>\n<td>Ausgangsfrequenz<\/td>\n<td>Hz<\/td>\n<td>5-400<\/td>\n<td><\/td>\n<\/tr>\n<tr>\n<td>Tonh\u00f6he der Ausgangsfrequenzregelung<\/td>\n<td>Hz<\/td>\n<td>0,1<\/td>\n<td><\/td>\n<\/tr>\n<tr>\n<td>Basislinie<\/td>\n<td><\/td>\n<td>Sinus<\/td>\n<td><\/td>\n<\/tr>\n<tr>\n<td>Sanftanlaufzeit<\/td>\n<td>s<\/td>\n<td>0-10<\/td>\n<td><\/td>\n<\/tr>\n<tr>\n<td>Ein\/Aus-Verz\u00f6gerung<\/td>\n<td>s<\/td>\n<td>0-99,9<\/td>\n<td><\/td>\n<\/tr>\n<tr>\n<td>Einstellschritt f\u00fcr die Ein-\/Ausschaltverz\u00f6gerung.<\/td>\n<td>s<\/td>\n<td>0,1<\/td>\n<td><\/td>\n<\/tr>\n<tr>\n<td>Schutzausl\u00f6setemperatur<br \/>\ngegen \u00dcberhitzung<\/td>\n<td>\u00b0C<\/td>\n<td>60<\/td>\n<td><\/td>\n<\/tr>\n<tr>\n<td>DC-Ausgangsspannung<\/td>\n<td>V<\/td>\n<td>22-26<\/td>\n<td>Die 24-V-DC-Stromversorgung erm\u00f6glicht den Anschluss von<br \/>\nexterne Steuerung<\/td>\n<\/tr>\n<tr>\n<td>DC-Ausgangsstrom<\/td>\n<td>mA<\/td>\n<td>0-400<\/td>\n<td>Die 24-V-DC-Stromversorgung erm\u00f6glicht den Anschluss von<br \/>\nexterne Steuerung<\/td>\n<\/tr>\n<tr>\n<td>Leistungsaufnahme im Standby-Modus<\/td>\n<td>W<\/td>\n<td>3<\/td>\n<td><\/td>\n<\/tr>\n<tr>\n<td>Umgebungstemperatur w\u00e4hrend des Betriebs<\/td>\n<td>\u00b0C<\/td>\n<td>0-40<\/td>\n<td><\/td>\n<\/tr>\n<tr>\n<td>Umgebungsfeuchtigkeit w\u00e4hrend des Betriebs<\/td>\n<td>%<\/td>\n<td>10-85<\/td>\n<td>Kein Kondenswasser<\/td>\n<\/tr>\n<tr>\n<td>Lagertemperatur<\/td>\n<td>\u00b0C<\/td>\n<td>-20-85<\/td>\n<td><\/td>\n<\/tr>\n<\/tbody>\n<\/table>\n<\/div>","protected":false},"excerpt":{"rendered":"<p>Controller <strong>SDVC311-M<\/strong> ist ein kompakter, universell einsetzbarer Schwingf\u00f6rderer-Regler f\u00fcr Magnetspulenf\u00f6rderer. Die Steuerungen sind nach dem neuesten Stand der Technik mit einer pr\u00e4zisen digitalen Frequenz- und Spannungsregelung f\u00fcr die Versorgung des Schwingf\u00f6rderers ausgestattet.<\/p>","protected":false},"featured_media":1069,"template":"","meta":{"_bst_post_transparent":"default","_bst_post_title":"","_bst_post_layout":"default","_bst_post_sidebar_id":"","_bst_post_content_style":"default","_bst_post_vertical_padding":"default","_bst_post_feature":"","_bst_post_feature_position":"","_bst_post_header":false,"_bst_post_footer":false},"product_cat":[91],"product_tag":[],"class_list":{"0":"post-1044","1":"product","2":"type-product","3":"status-publish","4":"has-post-thumbnail","6":"product_cat-kontrolery","7":"product_shipping_class-kurier","9":"first","10":"instock","11":"taxable","12":"shipping-taxable","13":"purchasable","14":"product-type-simple","15":"entry","16":"content-bg","17":"loop-entry"},"yoast_head":"<!-- This site is optimized with the Yoast SEO plugin v24.3 - https:\/\/yoast.com\/wordpress\/plugins\/seo\/ -->\n<title>Kontroler SDVC311-M - TARPAK - Maszyny pakuj\u0105ce | kartoniarki i flowpacki<\/title>\n<meta name=\"robots\" content=\"index, follow, max-snippet:-1, max-image-preview:large, max-video-preview:-1\" \/>\n<link rel=\"canonical\" href=\"https:\/\/tarpak.pl\/de\/product\/kontroler-sdvc311-m\/\" \/>\n<meta property=\"og:locale\" content=\"de_DE\" \/>\n<meta property=\"og:type\" content=\"article\" \/>\n<meta property=\"og:title\" content=\"Kontroler SDVC311-M - TARPAK - Maszyny pakuj\u0105ce | kartoniarki i flowpacki\" \/>\n<meta property=\"og:description\" content=\"Kontroler SDVC311-M to podstawowy kompaktowy sterownik podajnika wibracyjnego, og\u00f3lnego zastosowania, przeznaczony do podajnik\u00f3w z cewk\u0105 elektromagnetyczn\u0105. Dzi\u0119ki zastosowaniu najnowszej technologii kontrolery s\u0105 wyposa\u017cone w precyzyjne systemy cyfrowej regulacji cz\u0119stotliwo\u015bci i napi\u0119cia zasilaj\u0105cego podajnik wibracyjny.\" \/>\n<meta property=\"og:url\" content=\"https:\/\/tarpak.pl\/de\/product\/kontroler-sdvc311-m\/\" \/>\n<meta property=\"og:site_name\" content=\"TARPAK - Maszyny pakuj\u0105ce | kartoniarki i flowpacki\" \/>\n<meta property=\"article:modified_time\" content=\"2025-01-16T07:18:07+00:00\" \/>\n<meta property=\"og:image\" content=\"https:\/\/tarpak.pl\/wp-content\/uploads\/2024\/11\/SDVC311-M-Front.jpg\" \/>\n\t<meta property=\"og:image:width\" content=\"2000\" \/>\n\t<meta property=\"og:image:height\" content=\"2000\" \/>\n\t<meta property=\"og:image:type\" content=\"image\/jpeg\" \/>\n<meta name=\"twitter:card\" content=\"summary_large_image\" \/>\n<meta name=\"twitter:label1\" content=\"Gesch\u00e4tzte Lesezeit\" \/>\n\t<meta name=\"twitter:data1\" content=\"3\u00a0Minuten\" \/>\n<script type=\"application\/ld+json\" class=\"yoast-schema-graph\">{\"@context\":\"https:\/\/schema.org\",\"@graph\":[{\"@type\":\"WebPage\",\"@id\":\"https:\/\/tarpak.pl\/produkt\/kontroler-sdvc311-m\/\",\"url\":\"https:\/\/tarpak.pl\/produkt\/kontroler-sdvc311-m\/\",\"name\":\"Kontroler SDVC311-M - TARPAK - Maszyny pakuj\u0105ce | kartoniarki i flowpacki\",\"isPartOf\":{\"@id\":\"https:\/\/tarpak.pl\/#website\"},\"primaryImageOfPage\":{\"@id\":\"https:\/\/tarpak.pl\/produkt\/kontroler-sdvc311-m\/#primaryimage\"},\"image\":{\"@id\":\"https:\/\/tarpak.pl\/produkt\/kontroler-sdvc311-m\/#primaryimage\"},\"thumbnailUrl\":\"https:\/\/tarpak.pl\/wp-content\/uploads\/2024\/11\/SDVC311-M-Front.jpg\",\"datePublished\":\"2024-11-06T12:44:16+00:00\",\"dateModified\":\"2025-01-16T07:18:07+00:00\",\"breadcrumb\":{\"@id\":\"https:\/\/tarpak.pl\/produkt\/kontroler-sdvc311-m\/#breadcrumb\"},\"inLanguage\":\"de\",\"potentialAction\":[{\"@type\":\"ReadAction\",\"target\":[\"https:\/\/tarpak.pl\/produkt\/kontroler-sdvc311-m\/\"]}]},{\"@type\":\"ImageObject\",\"inLanguage\":\"de\",\"@id\":\"https:\/\/tarpak.pl\/produkt\/kontroler-sdvc311-m\/#primaryimage\",\"url\":\"https:\/\/tarpak.pl\/wp-content\/uploads\/2024\/11\/SDVC311-M-Front.jpg\",\"contentUrl\":\"https:\/\/tarpak.pl\/wp-content\/uploads\/2024\/11\/SDVC311-M-Front.jpg\",\"width\":2000,\"height\":2000},{\"@type\":\"BreadcrumbList\",\"@id\":\"https:\/\/tarpak.pl\/produkt\/kontroler-sdvc311-m\/#breadcrumb\",\"itemListElement\":[{\"@type\":\"ListItem\",\"position\":1,\"name\":\"Strona g\u0142\u00f3wna\",\"item\":\"https:\/\/tarpak.pl\/\"},{\"@type\":\"ListItem\",\"position\":2,\"name\":\"Sklep\",\"item\":\"https:\/\/tarpak.pl\/sklep\/\"},{\"@type\":\"ListItem\",\"position\":3,\"name\":\"Kontroler SDVC311-M\"}]},{\"@type\":\"WebSite\",\"@id\":\"https:\/\/tarpak.pl\/#website\",\"url\":\"https:\/\/tarpak.pl\/\",\"name\":\"TARPAK - Maszyny pakuj\u0105ce | kartoniarki i flowpacki\",\"description\":\"Maszyny pakuj\u0105ce | kartoniarki i flowpacki\",\"publisher\":{\"@id\":\"https:\/\/tarpak.pl\/#organization\"},\"potentialAction\":[{\"@type\":\"SearchAction\",\"target\":{\"@type\":\"EntryPoint\",\"urlTemplate\":\"https:\/\/tarpak.pl\/?s={search_term_string}\"},\"query-input\":{\"@type\":\"PropertyValueSpecification\",\"valueRequired\":true,\"valueName\":\"search_term_string\"}}],\"inLanguage\":\"de\"},{\"@type\":\"Organization\",\"@id\":\"https:\/\/tarpak.pl\/#organization\",\"name\":\"TARPAK - Maszyny pakuj\u0105ce | kartoniarki i flowpacki\",\"url\":\"https:\/\/tarpak.pl\/\",\"logo\":{\"@type\":\"ImageObject\",\"inLanguage\":\"de\",\"@id\":\"https:\/\/tarpak.pl\/#\/schema\/logo\/image\/\",\"url\":\"https:\/\/tarpak.pl\/wp-content\/uploads\/2024\/10\/logo-main-2.png\",\"contentUrl\":\"https:\/\/tarpak.pl\/wp-content\/uploads\/2024\/10\/logo-main-2.png\",\"width\":140,\"height\":47,\"caption\":\"TARPAK - Maszyny pakuj\u0105ce | kartoniarki i flowpacki\"},\"image\":{\"@id\":\"https:\/\/tarpak.pl\/#\/schema\/logo\/image\/\"}}]}<\/script>\n<!-- \/ Yoast SEO plugin. -->","yoast_head_json":{"title":"SDVC311-M Steuerung - TARPAK - Verpackungsmaschinen | Kartonierer und Flowpacks","robots":{"index":"index","follow":"follow","max-snippet":"max-snippet:-1","max-image-preview":"max-image-preview:large","max-video-preview":"max-video-preview:-1"},"canonical":"https:\/\/tarpak.pl\/de\/product\/kontroler-sdvc311-m\/","og_locale":"de_DE","og_type":"article","og_title":"Kontroler SDVC311-M - TARPAK - Maszyny pakuj\u0105ce | kartoniarki i flowpacki","og_description":"Kontroler SDVC311-M to podstawowy kompaktowy sterownik podajnika wibracyjnego, og\u00f3lnego zastosowania, przeznaczony do podajnik\u00f3w z cewk\u0105 elektromagnetyczn\u0105. Dzi\u0119ki zastosowaniu najnowszej technologii kontrolery s\u0105 wyposa\u017cone w precyzyjne systemy cyfrowej regulacji cz\u0119stotliwo\u015bci i napi\u0119cia zasilaj\u0105cego podajnik wibracyjny.","og_url":"https:\/\/tarpak.pl\/de\/product\/kontroler-sdvc311-m\/","og_site_name":"TARPAK - Maszyny pakuj\u0105ce | kartoniarki i flowpacki","article_modified_time":"2025-01-16T07:18:07+00:00","og_image":[{"width":2000,"height":2000,"url":"https:\/\/tarpak.pl\/wp-content\/uploads\/2024\/11\/SDVC311-M-Front.jpg","type":"image\/jpeg"}],"twitter_card":"summary_large_image","twitter_misc":{"Gesch\u00e4tzte Lesezeit":"3\u00a0Minuten"},"schema":{"@context":"https:\/\/schema.org","@graph":[{"@type":"WebPage","@id":"https:\/\/tarpak.pl\/produkt\/kontroler-sdvc311-m\/","url":"https:\/\/tarpak.pl\/produkt\/kontroler-sdvc311-m\/","name":"SDVC311-M Steuerung - TARPAK - Verpackungsmaschinen | Kartonierer und Flowpacks","isPartOf":{"@id":"https:\/\/tarpak.pl\/#website"},"primaryImageOfPage":{"@id":"https:\/\/tarpak.pl\/produkt\/kontroler-sdvc311-m\/#primaryimage"},"image":{"@id":"https:\/\/tarpak.pl\/produkt\/kontroler-sdvc311-m\/#primaryimage"},"thumbnailUrl":"https:\/\/tarpak.pl\/wp-content\/uploads\/2024\/11\/SDVC311-M-Front.jpg","datePublished":"2024-11-06T12:44:16+00:00","dateModified":"2025-01-16T07:18:07+00:00","breadcrumb":{"@id":"https:\/\/tarpak.pl\/produkt\/kontroler-sdvc311-m\/#breadcrumb"},"inLanguage":"de","potentialAction":[{"@type":"ReadAction","target":["https:\/\/tarpak.pl\/produkt\/kontroler-sdvc311-m\/"]}]},{"@type":"ImageObject","inLanguage":"de","@id":"https:\/\/tarpak.pl\/produkt\/kontroler-sdvc311-m\/#primaryimage","url":"https:\/\/tarpak.pl\/wp-content\/uploads\/2024\/11\/SDVC311-M-Front.jpg","contentUrl":"https:\/\/tarpak.pl\/wp-content\/uploads\/2024\/11\/SDVC311-M-Front.jpg","width":2000,"height":2000},{"@type":"BreadcrumbList","@id":"https:\/\/tarpak.pl\/produkt\/kontroler-sdvc311-m\/#breadcrumb","itemListElement":[{"@type":"ListItem","position":1,"name":"Strona g\u0142\u00f3wna","item":"https:\/\/tarpak.pl\/"},{"@type":"ListItem","position":2,"name":"Sklep","item":"https:\/\/tarpak.pl\/sklep\/"},{"@type":"ListItem","position":3,"name":"Kontroler SDVC311-M"}]},{"@type":"WebSite","@id":"https:\/\/tarpak.pl\/#website","url":"https:\/\/tarpak.pl\/","name":"TARPAK - Verpackungsmaschinen | Kartonierer und Flowpacks","description":"Verpackungsmaschinen | Kartonierer und Flowpacks","publisher":{"@id":"https:\/\/tarpak.pl\/#organization"},"potentialAction":[{"@type":"SearchAction","target":{"@type":"EntryPoint","urlTemplate":"https:\/\/tarpak.pl\/?s={search_term_string}"},"query-input":{"@type":"PropertyValueSpecification","valueRequired":true,"valueName":"search_term_string"}}],"inLanguage":"de"},{"@type":"Organization","@id":"https:\/\/tarpak.pl\/#organization","name":"TARPAK - Verpackungsmaschinen | Kartonierer und Flowpacks","url":"https:\/\/tarpak.pl\/","logo":{"@type":"ImageObject","inLanguage":"de","@id":"https:\/\/tarpak.pl\/#\/schema\/logo\/image\/","url":"https:\/\/tarpak.pl\/wp-content\/uploads\/2024\/10\/logo-main-2.png","contentUrl":"https:\/\/tarpak.pl\/wp-content\/uploads\/2024\/10\/logo-main-2.png","width":140,"height":47,"caption":"TARPAK - Maszyny pakuj\u0105ce | kartoniarki i flowpacki"},"image":{"@id":"https:\/\/tarpak.pl\/#\/schema\/logo\/image\/"}}]}},"_links":{"self":[{"href":"https:\/\/tarpak.pl\/de\/wp-json\/wp\/v2\/product\/1044"}],"collection":[{"href":"https:\/\/tarpak.pl\/de\/wp-json\/wp\/v2\/product"}],"about":[{"href":"https:\/\/tarpak.pl\/de\/wp-json\/wp\/v2\/types\/product"}],"version-history":[{"count":0,"href":"https:\/\/tarpak.pl\/de\/wp-json\/wp\/v2\/product\/1044\/revisions"}],"wp:featuredmedia":[{"embeddable":true,"href":"https:\/\/tarpak.pl\/de\/wp-json\/wp\/v2\/media\/1069"}],"wp:attachment":[{"href":"https:\/\/tarpak.pl\/de\/wp-json\/wp\/v2\/media?parent=1044"}],"wp:term":[{"taxonomy":"product_cat","embeddable":true,"href":"https:\/\/tarpak.pl\/de\/wp-json\/wp\/v2\/product_cat?post=1044"},{"taxonomy":"product_tag","embeddable":true,"href":"https:\/\/tarpak.pl\/de\/wp-json\/wp\/v2\/product_tag?post=1044"}],"curies":[{"name":"wp","href":"https:\/\/api.w.org\/{rel}","templated":true}]}}