{"id":1039,"date":"2024-11-06T12:44:15","date_gmt":"2024-11-06T12:44:15","guid":{"rendered":"https:\/\/tarpak.pl\/?post_type=product&#038;p=1039"},"modified":"2025-01-12T10:49:11","modified_gmt":"2025-01-12T10:49:11","slug":"kartoniarka-fpk-500","status":"publish","type":"product","link":"https:\/\/tarpak.pl\/de\/product\/kartoniarka-fpk-500\/","title":{"rendered":"Kartonherstellungsmaschine FPK-500"},"content":{"rendered":"<div class=\"row\">\n<p>Eine Faltschachtelmaschine ist eine automatische Maschine, die Kartons f\u00fcr die Verpackung vorbereitet. Die Maschine entnimmt den fertigen flachen Karton aus einem Magazin, formt ihn zu einem Quader, schlie\u00dft dann die Bodenlaschen des Kartons und versiegelt den Boden. Der Karton verl\u00e4sst den Sammelpacker, bereit zum Verpacken der Waren. Der verpackungsfertige Karton ist aufgefaltet, steht aufrecht und ist am Boden verschlossen. Die Kartoniermaschine erkennt die Entnahme des Kartons aus der Maschine und bereitet automatisch den n\u00e4chsten Karton zur Entnahme vor. Der Kartonierer ist universell einsetzbar, kann f\u00fcr viele Kartongr\u00f6\u00dfen verwendet werden und die Umstellung dauert nur wenige Minuten, optional kann der Kartonierer mit einem automatischen Formatwechselsystem ausgestattet werden. Die FPK-50 Kartoniermaschine ist mit zus\u00e4tzlichen Werkzeugen ausgestattet, um gr\u00f6\u00dfere Kartons falten zu k\u00f6nnen, beh\u00e4lt aber die F\u00e4higkeit, kleinere Kartons zu falten.<\/p>\n<p>Die Faltmaschine hat ein breites Anwendungsspektrum in vielen Branchen, insbesondere f\u00fcr das Verpacken in Masterboxen. Der Sammelpacker kann zum Verpacken von Lebensmitteln, Industrieg\u00fctern, elektronischem Spielzeug, Autozubeh\u00f6r, Bauzubeh\u00f6r, wei\u00dfer Ware und mehr verwendet werden.<\/p>\n<table class=\"bordered\">\n<tbody>\n<tr>\n<th colspan=\"2\">Eigenschaften<\/th>\n<\/tr>\n<tr>\n<td>\n<ul>\n<li>Steuerung \u00fcber eine SPS,<\/li>\n<li>Gro\u00dfes Magazin,<\/li>\n<li>Gro\u00dfe und kleine Kartons k\u00f6nnen gefaltet werden,<\/li>\n<li>F\u00e4higkeit, eigenst\u00e4ndig oder in Verbindung mit einer Linie zu arbeiten,<\/li>\n<li>Kann mit einer automatischen Formatwechsel-Funktion ausgestattet werden,<\/li>\n<li>Optionale Rollenbahn am Maschinenausgang,<\/li>\n<li>Einfach zu bedienen.<\/li>\n<\/ul>\n<\/td>\n<\/tr>\n<\/tbody>\n<\/table>\n<div class=\"elementor-divider\">\n<img decoding=\"async\" class=\"size-full wp-image-3402\" title=\"Punkttrennzeichen\" src=\"https:\/\/tarpak.pl\/wp-content\/uploads\/2024\/11\/separator_dot.png\" alt=\"Punkttrennzeichen\" width=\"184\" height=\"50\" \/>\n<\/div>\n<table class=\"bordered\">\n<tbody>\n<tr>\n<th colspan=\"2\">FPK-500 Spezifikationen<\/th>\n<th colspan=\"6\"><\/th>\n<\/tr>\n<tr>\n<td><strong>Modell<\/strong><\/td>\n<td><strong>Versiegeln<\/strong><\/td>\n<td><strong>Kapazit\u00e4t des Magazins im Karton<\/strong><\/td>\n<td><strong>Anpassung der Gr\u00f6\u00dfe<\/strong><\/td>\n<td><strong>Konvertierung in ein anderes Format<\/strong><\/td>\n<td><strong>Leistung<\/strong><\/td>\n<td><strong>Breite des Klebebandes<\/strong><\/td>\n<td><strong>Kompression 0,5-0,7 (MPa)<\/strong><\/td>\n<\/tr>\n<tr>\n<td>FPK-500<\/td>\n<td>untere Klappen<\/td>\n<td>80-100 St\u00fcck<\/td>\n<td>Handbuch<\/td>\n<td>5 Minuten<\/td>\n<td>bis zu 10 St\u00fcck\/min<\/td>\n<td>48\/60\/75 mm<\/td>\n<td>500 NL\/min<\/td>\n<\/tr>\n<\/tbody>\n<\/table>\n<\/div>","protected":false},"excerpt":{"rendered":"<p>Automatische Kartonfaltmaschine f\u00fcr gr\u00f6\u00dfere Kartons. Die Maschine bereitet die Kartons zum Verpacken vor, faltet die Kartons auf und verschlie\u00dft den Boden.<\/p>","protected":false},"featured_media":1054,"template":"","meta":{"_bst_post_transparent":"default","_bst_post_title":"","_bst_post_layout":"default","_bst_post_sidebar_id":"","_bst_post_content_style":"default","_bst_post_vertical_padding":"default","_bst_post_feature":"","_bst_post_feature_position":"","_bst_post_header":false,"_bst_post_footer":false},"product_cat":[67],"product_tag":[],"class_list":{"0":"post-1039","1":"product","2":"type-product","3":"status-publish","4":"has-post-thumbnail","6":"product_cat-kartoniarki","8":"first","9":"onbackorder","10":"sold-individually","11":"taxable","12":"shipping-taxable","13":"purchasable","14":"product-type-simple","15":"entry","16":"content-bg","17":"loop-entry"},"yoast_head":"<!-- This site is optimized with the Yoast SEO plugin v24.3 - https:\/\/yoast.com\/wordpress\/plugins\/seo\/ -->\n<title>Kartoniarka FPK-500 - TARPAK - Maszyny pakuj\u0105ce | kartoniarki i flowpacki<\/title>\n<meta name=\"robots\" content=\"index, follow, max-snippet:-1, max-image-preview:large, max-video-preview:-1\" \/>\n<link rel=\"canonical\" href=\"https:\/\/tarpak.pl\/de\/product\/kartoniarka-fpk-500\/\" \/>\n<meta property=\"og:locale\" content=\"de_DE\" \/>\n<meta property=\"og:type\" content=\"article\" \/>\n<meta property=\"og:title\" content=\"Kartoniarka FPK-500 - TARPAK - Maszyny pakuj\u0105ce | kartoniarki i flowpacki\" \/>\n<meta property=\"og:description\" content=\"Automatyczna sk\u0142adarka karton\u00f3w przeznaczona do karton\u00f3w o wi\u0119kszych rozmiarach. Maszyna przygotowuje kartony do pakowania, rozk\u0142ada kartony i zakleja ich dno.\" \/>\n<meta property=\"og:url\" content=\"https:\/\/tarpak.pl\/de\/product\/kartoniarka-fpk-500\/\" \/>\n<meta property=\"og:site_name\" content=\"TARPAK - Maszyny pakuj\u0105ce | kartoniarki i flowpacki\" \/>\n<meta property=\"article:modified_time\" content=\"2025-01-12T10:49:11+00:00\" \/>\n<meta property=\"og:image\" content=\"https:\/\/tarpak.pl\/wp-content\/uploads\/2024\/11\/2FPK-500.png\" \/>\n\t<meta property=\"og:image:width\" content=\"833\" \/>\n\t<meta property=\"og:image:height\" content=\"560\" \/>\n\t<meta property=\"og:image:type\" content=\"image\/png\" \/>\n<meta name=\"twitter:card\" content=\"summary_large_image\" \/>\n<meta name=\"twitter:label1\" content=\"Gesch\u00e4tzte Lesezeit\" \/>\n\t<meta name=\"twitter:data1\" content=\"2\u00a0Minuten\" \/>\n<script type=\"application\/ld+json\" class=\"yoast-schema-graph\">{\"@context\":\"https:\/\/schema.org\",\"@graph\":[{\"@type\":\"WebPage\",\"@id\":\"https:\/\/tarpak.pl\/produkt\/kartoniarka-fpk-500\/\",\"url\":\"https:\/\/tarpak.pl\/produkt\/kartoniarka-fpk-500\/\",\"name\":\"Kartoniarka FPK-500 - TARPAK - Maszyny pakuj\u0105ce | kartoniarki i flowpacki\",\"isPartOf\":{\"@id\":\"https:\/\/tarpak.pl\/#website\"},\"primaryImageOfPage\":{\"@id\":\"https:\/\/tarpak.pl\/produkt\/kartoniarka-fpk-500\/#primaryimage\"},\"image\":{\"@id\":\"https:\/\/tarpak.pl\/produkt\/kartoniarka-fpk-500\/#primaryimage\"},\"thumbnailUrl\":\"https:\/\/tarpak.pl\/wp-content\/uploads\/2024\/11\/2FPK-500.png\",\"datePublished\":\"2024-11-06T12:44:15+00:00\",\"dateModified\":\"2025-01-12T10:49:11+00:00\",\"breadcrumb\":{\"@id\":\"https:\/\/tarpak.pl\/produkt\/kartoniarka-fpk-500\/#breadcrumb\"},\"inLanguage\":\"de\",\"potentialAction\":[{\"@type\":\"ReadAction\",\"target\":[\"https:\/\/tarpak.pl\/produkt\/kartoniarka-fpk-500\/\"]}]},{\"@type\":\"ImageObject\",\"inLanguage\":\"de\",\"@id\":\"https:\/\/tarpak.pl\/produkt\/kartoniarka-fpk-500\/#primaryimage\",\"url\":\"https:\/\/tarpak.pl\/wp-content\/uploads\/2024\/11\/2FPK-500.png\",\"contentUrl\":\"https:\/\/tarpak.pl\/wp-content\/uploads\/2024\/11\/2FPK-500.png\",\"width\":833,\"height\":560},{\"@type\":\"BreadcrumbList\",\"@id\":\"https:\/\/tarpak.pl\/produkt\/kartoniarka-fpk-500\/#breadcrumb\",\"itemListElement\":[{\"@type\":\"ListItem\",\"position\":1,\"name\":\"Strona g\u0142\u00f3wna\",\"item\":\"https:\/\/tarpak.pl\/\"},{\"@type\":\"ListItem\",\"position\":2,\"name\":\"Sklep\",\"item\":\"https:\/\/tarpak.pl\/sklep\/\"},{\"@type\":\"ListItem\",\"position\":3,\"name\":\"Kartoniarka FPK-500\"}]},{\"@type\":\"WebSite\",\"@id\":\"https:\/\/tarpak.pl\/#website\",\"url\":\"https:\/\/tarpak.pl\/\",\"name\":\"TARPAK - Maszyny pakuj\u0105ce | kartoniarki i flowpacki\",\"description\":\"Maszyny pakuj\u0105ce | kartoniarki i flowpacki\",\"publisher\":{\"@id\":\"https:\/\/tarpak.pl\/#organization\"},\"potentialAction\":[{\"@type\":\"SearchAction\",\"target\":{\"@type\":\"EntryPoint\",\"urlTemplate\":\"https:\/\/tarpak.pl\/?s={search_term_string}\"},\"query-input\":{\"@type\":\"PropertyValueSpecification\",\"valueRequired\":true,\"valueName\":\"search_term_string\"}}],\"inLanguage\":\"de\"},{\"@type\":\"Organization\",\"@id\":\"https:\/\/tarpak.pl\/#organization\",\"name\":\"TARPAK - Maszyny pakuj\u0105ce | kartoniarki i flowpacki\",\"url\":\"https:\/\/tarpak.pl\/\",\"logo\":{\"@type\":\"ImageObject\",\"inLanguage\":\"de\",\"@id\":\"https:\/\/tarpak.pl\/#\/schema\/logo\/image\/\",\"url\":\"https:\/\/tarpak.pl\/wp-content\/uploads\/2024\/10\/logo-main-2.png\",\"contentUrl\":\"https:\/\/tarpak.pl\/wp-content\/uploads\/2024\/10\/logo-main-2.png\",\"width\":140,\"height\":47,\"caption\":\"TARPAK - Maszyny pakuj\u0105ce | kartoniarki i flowpacki\"},\"image\":{\"@id\":\"https:\/\/tarpak.pl\/#\/schema\/logo\/image\/\"}}]}<\/script>\n<!-- \/ Yoast SEO plugin. -->","yoast_head_json":{"title":"Sammelpacker FPK-500 - TARPAK - Verpackungsmaschinen | Sammelpacker und Schlauchbeutelmaschinen","robots":{"index":"index","follow":"follow","max-snippet":"max-snippet:-1","max-image-preview":"max-image-preview:large","max-video-preview":"max-video-preview:-1"},"canonical":"https:\/\/tarpak.pl\/de\/product\/kartoniarka-fpk-500\/","og_locale":"de_DE","og_type":"article","og_title":"Kartoniarka FPK-500 - TARPAK - Maszyny pakuj\u0105ce | kartoniarki i flowpacki","og_description":"Automatyczna sk\u0142adarka karton\u00f3w przeznaczona do karton\u00f3w o wi\u0119kszych rozmiarach. Maszyna przygotowuje kartony do pakowania, rozk\u0142ada kartony i zakleja ich dno.","og_url":"https:\/\/tarpak.pl\/de\/product\/kartoniarka-fpk-500\/","og_site_name":"TARPAK - Maszyny pakuj\u0105ce | kartoniarki i flowpacki","article_modified_time":"2025-01-12T10:49:11+00:00","og_image":[{"width":833,"height":560,"url":"https:\/\/tarpak.pl\/wp-content\/uploads\/2024\/11\/2FPK-500.png","type":"image\/png"}],"twitter_card":"summary_large_image","twitter_misc":{"Gesch\u00e4tzte Lesezeit":"2\u00a0Minuten"},"schema":{"@context":"https:\/\/schema.org","@graph":[{"@type":"WebPage","@id":"https:\/\/tarpak.pl\/produkt\/kartoniarka-fpk-500\/","url":"https:\/\/tarpak.pl\/produkt\/kartoniarka-fpk-500\/","name":"Sammelpacker FPK-500 - TARPAK - Verpackungsmaschinen | Sammelpacker und Schlauchbeutelmaschinen","isPartOf":{"@id":"https:\/\/tarpak.pl\/#website"},"primaryImageOfPage":{"@id":"https:\/\/tarpak.pl\/produkt\/kartoniarka-fpk-500\/#primaryimage"},"image":{"@id":"https:\/\/tarpak.pl\/produkt\/kartoniarka-fpk-500\/#primaryimage"},"thumbnailUrl":"https:\/\/tarpak.pl\/wp-content\/uploads\/2024\/11\/2FPK-500.png","datePublished":"2024-11-06T12:44:15+00:00","dateModified":"2025-01-12T10:49:11+00:00","breadcrumb":{"@id":"https:\/\/tarpak.pl\/produkt\/kartoniarka-fpk-500\/#breadcrumb"},"inLanguage":"de","potentialAction":[{"@type":"ReadAction","target":["https:\/\/tarpak.pl\/produkt\/kartoniarka-fpk-500\/"]}]},{"@type":"ImageObject","inLanguage":"de","@id":"https:\/\/tarpak.pl\/produkt\/kartoniarka-fpk-500\/#primaryimage","url":"https:\/\/tarpak.pl\/wp-content\/uploads\/2024\/11\/2FPK-500.png","contentUrl":"https:\/\/tarpak.pl\/wp-content\/uploads\/2024\/11\/2FPK-500.png","width":833,"height":560},{"@type":"BreadcrumbList","@id":"https:\/\/tarpak.pl\/produkt\/kartoniarka-fpk-500\/#breadcrumb","itemListElement":[{"@type":"ListItem","position":1,"name":"Strona g\u0142\u00f3wna","item":"https:\/\/tarpak.pl\/"},{"@type":"ListItem","position":2,"name":"Sklep","item":"https:\/\/tarpak.pl\/sklep\/"},{"@type":"ListItem","position":3,"name":"Kartoniarka FPK-500"}]},{"@type":"WebSite","@id":"https:\/\/tarpak.pl\/#website","url":"https:\/\/tarpak.pl\/","name":"TARPAK - Verpackungsmaschinen | Kartonierer und Flowpacks","description":"Verpackungsmaschinen | Kartonierer und Flowpacks","publisher":{"@id":"https:\/\/tarpak.pl\/#organization"},"potentialAction":[{"@type":"SearchAction","target":{"@type":"EntryPoint","urlTemplate":"https:\/\/tarpak.pl\/?s={search_term_string}"},"query-input":{"@type":"PropertyValueSpecification","valueRequired":true,"valueName":"search_term_string"}}],"inLanguage":"de"},{"@type":"Organization","@id":"https:\/\/tarpak.pl\/#organization","name":"TARPAK - Verpackungsmaschinen | Kartonierer und Flowpacks","url":"https:\/\/tarpak.pl\/","logo":{"@type":"ImageObject","inLanguage":"de","@id":"https:\/\/tarpak.pl\/#\/schema\/logo\/image\/","url":"https:\/\/tarpak.pl\/wp-content\/uploads\/2024\/10\/logo-main-2.png","contentUrl":"https:\/\/tarpak.pl\/wp-content\/uploads\/2024\/10\/logo-main-2.png","width":140,"height":47,"caption":"TARPAK - Maszyny pakuj\u0105ce | kartoniarki i flowpacki"},"image":{"@id":"https:\/\/tarpak.pl\/#\/schema\/logo\/image\/"}}]}},"_links":{"self":[{"href":"https:\/\/tarpak.pl\/de\/wp-json\/wp\/v2\/product\/1039"}],"collection":[{"href":"https:\/\/tarpak.pl\/de\/wp-json\/wp\/v2\/product"}],"about":[{"href":"https:\/\/tarpak.pl\/de\/wp-json\/wp\/v2\/types\/product"}],"version-history":[{"count":0,"href":"https:\/\/tarpak.pl\/de\/wp-json\/wp\/v2\/product\/1039\/revisions"}],"wp:featuredmedia":[{"embeddable":true,"href":"https:\/\/tarpak.pl\/de\/wp-json\/wp\/v2\/media\/1054"}],"wp:attachment":[{"href":"https:\/\/tarpak.pl\/de\/wp-json\/wp\/v2\/media?parent=1039"}],"wp:term":[{"taxonomy":"product_cat","embeddable":true,"href":"https:\/\/tarpak.pl\/de\/wp-json\/wp\/v2\/product_cat?post=1039"},{"taxonomy":"product_tag","embeddable":true,"href":"https:\/\/tarpak.pl\/de\/wp-json\/wp\/v2\/product_tag?post=1039"}],"curies":[{"name":"wp","href":"https:\/\/api.w.org\/{rel}","templated":true}]}}