{"id":1000,"date":"2024-11-06T12:43:54","date_gmt":"2024-11-06T12:43:54","guid":{"rendered":"https:\/\/tarpak.pl\/?post_type=product&#038;p=1000"},"modified":"2025-01-10T10:54:30","modified_gmt":"2025-01-10T10:54:30","slug":"zaklejarka-kartonow-fpa-500p","status":"publish","type":"product","link":"https:\/\/tarpak.pl\/de\/product\/zaklejarka-kartonow-fpa-500p\/","title":{"rendered":"Kartonverschlie\u00dfmaschine FPA 500P"},"content":{"rendered":"<div class=\"row\">\nDer Karton wird durch Riemen auf beiden Seiten angetrieben, die einen reibungslosen Betrieb ohne St\u00f6rungen gew\u00e4hrleisten. Die einfache manuelle Einstellung gew\u00e4hrleistet eine schnelle Umstellung auf ein neues Format und eine hohe Produktivit\u00e4t. Die Verschlie\u00dfmaschine ist ideal f\u00fcr leichte Verpackungen, spart Kosten und steigert die Produktionseffizienz. Die Maschine kann in den meisten Branchen eingesetzt werden, z. B. f\u00fcr Lebensmittelverpackungen, Haushaltschemikalien, wei\u00dfe Ware, Spielzeug und Elektronik.<\/p>\n<table class=\"bordered\">\n<tbody>\n<tr>\n<th colspan=\"2\">Eigenschaften<\/th>\n<\/tr>\n<tr>\n<td>\n<ul>\n<li>Schnelle manuelle Einstellung von H\u00f6he und Breite des Kartons,<\/li>\n<li>Seitliche, obere und untere Antriebsriemen,<\/li>\n<li>Versiegelung von oben und unten mit der M\u00f6glichkeit der Abschaltung,<\/li>\n<li>Sicheres Gurtabschneidesystem zum Schutz der H\u00e4nde des Bedieners vor Unf\u00e4llen,<\/li>\n<li>F\u00e4higkeit, selbstst\u00e4ndig oder im Verbund mit anderen Maschinen zu arbeiten.<\/li>\n<\/ul>\n<\/td>\n<\/tr>\n<\/tbody>\n<\/table>\n<div class=\"elementor-divider\">\n<img decoding=\"async\" class=\"size-full wp-image-3402\" title=\"Punkttrennzeichen\" src=\"https:\/\/tarpak.pl\/wp-content\/uploads\/2024\/11\/separator_dot.png\" alt=\"Punkttrennzeichen\" width=\"184\" height=\"50\" \/>\n<\/div>\n<table class=\"bordered\">\n<tbody>\n<tr>\n<th colspan=\"2\">Spezifikation FPA-500<\/th>\n<th colspan=\"5\"><\/th>\n<\/tr>\n<tr>\n<td><strong>Modell<\/strong><\/td>\n<td><strong>Versiegeln<\/strong><\/td>\n<td><strong>Antriebsriemen<\/strong><\/td>\n<td><strong>Anpassung der Gr\u00f6\u00dfe<\/strong><\/td>\n<td><strong>Geschwindigkeit des F\u00f6rderbandes<\/strong><\/td>\n<td><strong>Breite des Klebebandes<\/strong><\/td>\n<td><strong>Arbeitsh\u00f6he<\/strong><\/td>\n<\/tr>\n<tr>\n<td>FPA-500P<\/td>\n<td>oben und unten<\/td>\n<td>vier Seiten<\/td>\n<td>Handbuch<\/td>\n<td>20m\/min<\/td>\n<td>48\/60\/75 mm<\/td>\n<td>600 +\/- 150 mm<\/td>\n<\/tr>\n<\/tbody>\n<\/table>\n<\/div>","protected":false},"excerpt":{"rendered":"<p>Halbautomatische Kartonverschlie\u00dfmaschine mit vier Antriebsriemen, die den Karton von oben und von den Seiten anpressen.<\/p>","protected":false},"featured_media":1050,"template":"","meta":{"_bst_post_transparent":"default","_bst_post_title":"","_bst_post_layout":"default","_bst_post_sidebar_id":"","_bst_post_content_style":"default","_bst_post_vertical_padding":"default","_bst_post_feature":"","_bst_post_feature_position":"","_bst_post_header":false,"_bst_post_footer":false},"product_cat":[103],"product_tag":[],"class_list":{"0":"post-1000","1":"product","2":"type-product","3":"status-publish","4":"has-post-thumbnail","6":"product_cat-zaklejarki-kartonow","8":"first","9":"onbackorder","10":"sold-individually","11":"taxable","12":"shipping-taxable","13":"purchasable","14":"product-type-simple","15":"entry","16":"content-bg","17":"loop-entry"},"yoast_head":"<!-- This site is optimized with the Yoast SEO plugin v24.3 - https:\/\/yoast.com\/wordpress\/plugins\/seo\/ -->\n<title>Zaklejarka karton\u00f3w FPA 500P - TARPAK - Maszyny pakuj\u0105ce | kartoniarki i flowpacki<\/title>\n<meta name=\"robots\" content=\"index, follow, max-snippet:-1, max-image-preview:large, max-video-preview:-1\" \/>\n<link rel=\"canonical\" href=\"https:\/\/tarpak.pl\/de\/product\/zaklejarka-kartonow-fpa-500p\/\" \/>\n<meta property=\"og:locale\" content=\"de_DE\" \/>\n<meta property=\"og:type\" content=\"article\" \/>\n<meta property=\"og:title\" content=\"Zaklejarka karton\u00f3w FPA 500P - TARPAK - Maszyny pakuj\u0105ce | kartoniarki i flowpacki\" \/>\n<meta property=\"og:description\" content=\"P\u00f3\u0142automatyczna zaklejarka karton\u00f3w z czterema pasami nap\u0119dowymi, dociskaj\u0105cymi karton od g\u00f3ry i od bok\u00f3w.\" \/>\n<meta property=\"og:url\" content=\"https:\/\/tarpak.pl\/de\/product\/zaklejarka-kartonow-fpa-500p\/\" \/>\n<meta property=\"og:site_name\" content=\"TARPAK - Maszyny pakuj\u0105ce | kartoniarki i flowpacki\" \/>\n<meta property=\"article:modified_time\" content=\"2025-01-10T10:54:30+00:00\" \/>\n<meta property=\"og:image\" content=\"https:\/\/tarpak.pl\/wp-content\/uploads\/2024\/11\/2FPA-500P.png\" \/>\n\t<meta property=\"og:image:width\" content=\"808\" \/>\n\t<meta property=\"og:image:height\" content=\"686\" \/>\n\t<meta property=\"og:image:type\" content=\"image\/png\" \/>\n<meta name=\"twitter:card\" content=\"summary_large_image\" \/>\n<meta name=\"twitter:label1\" content=\"Gesch\u00e4tzte Lesezeit\" \/>\n\t<meta name=\"twitter:data1\" content=\"2\u00a0Minuten\" \/>\n<script type=\"application\/ld+json\" class=\"yoast-schema-graph\">{\"@context\":\"https:\/\/schema.org\",\"@graph\":[{\"@type\":\"WebPage\",\"@id\":\"https:\/\/tarpak.pl\/produkt\/zaklejarka-kartonow-fpa-500p\/\",\"url\":\"https:\/\/tarpak.pl\/produkt\/zaklejarka-kartonow-fpa-500p\/\",\"name\":\"Zaklejarka karton\u00f3w FPA 500P - TARPAK - Maszyny pakuj\u0105ce | kartoniarki i flowpacki\",\"isPartOf\":{\"@id\":\"https:\/\/tarpak.pl\/#website\"},\"primaryImageOfPage\":{\"@id\":\"https:\/\/tarpak.pl\/produkt\/zaklejarka-kartonow-fpa-500p\/#primaryimage\"},\"image\":{\"@id\":\"https:\/\/tarpak.pl\/produkt\/zaklejarka-kartonow-fpa-500p\/#primaryimage\"},\"thumbnailUrl\":\"https:\/\/tarpak.pl\/wp-content\/uploads\/2024\/11\/2FPA-500P.png\",\"datePublished\":\"2024-11-06T12:43:54+00:00\",\"dateModified\":\"2025-01-10T10:54:30+00:00\",\"breadcrumb\":{\"@id\":\"https:\/\/tarpak.pl\/produkt\/zaklejarka-kartonow-fpa-500p\/#breadcrumb\"},\"inLanguage\":\"de\",\"potentialAction\":[{\"@type\":\"ReadAction\",\"target\":[\"https:\/\/tarpak.pl\/produkt\/zaklejarka-kartonow-fpa-500p\/\"]}]},{\"@type\":\"ImageObject\",\"inLanguage\":\"de\",\"@id\":\"https:\/\/tarpak.pl\/produkt\/zaklejarka-kartonow-fpa-500p\/#primaryimage\",\"url\":\"https:\/\/tarpak.pl\/wp-content\/uploads\/2024\/11\/2FPA-500P.png\",\"contentUrl\":\"https:\/\/tarpak.pl\/wp-content\/uploads\/2024\/11\/2FPA-500P.png\",\"width\":808,\"height\":686},{\"@type\":\"BreadcrumbList\",\"@id\":\"https:\/\/tarpak.pl\/produkt\/zaklejarka-kartonow-fpa-500p\/#breadcrumb\",\"itemListElement\":[{\"@type\":\"ListItem\",\"position\":1,\"name\":\"Strona g\u0142\u00f3wna\",\"item\":\"https:\/\/tarpak.pl\/\"},{\"@type\":\"ListItem\",\"position\":2,\"name\":\"Sklep\",\"item\":\"https:\/\/tarpak.pl\/sklep\/\"},{\"@type\":\"ListItem\",\"position\":3,\"name\":\"Zaklejarka karton\u00f3w FPA 500P\"}]},{\"@type\":\"WebSite\",\"@id\":\"https:\/\/tarpak.pl\/#website\",\"url\":\"https:\/\/tarpak.pl\/\",\"name\":\"TARPAK - Maszyny pakuj\u0105ce | kartoniarki i flowpacki\",\"description\":\"Maszyny pakuj\u0105ce | kartoniarki i flowpacki\",\"publisher\":{\"@id\":\"https:\/\/tarpak.pl\/#organization\"},\"potentialAction\":[{\"@type\":\"SearchAction\",\"target\":{\"@type\":\"EntryPoint\",\"urlTemplate\":\"https:\/\/tarpak.pl\/?s={search_term_string}\"},\"query-input\":{\"@type\":\"PropertyValueSpecification\",\"valueRequired\":true,\"valueName\":\"search_term_string\"}}],\"inLanguage\":\"de\"},{\"@type\":\"Organization\",\"@id\":\"https:\/\/tarpak.pl\/#organization\",\"name\":\"TARPAK - Maszyny pakuj\u0105ce | kartoniarki i flowpacki\",\"url\":\"https:\/\/tarpak.pl\/\",\"logo\":{\"@type\":\"ImageObject\",\"inLanguage\":\"de\",\"@id\":\"https:\/\/tarpak.pl\/#\/schema\/logo\/image\/\",\"url\":\"https:\/\/tarpak.pl\/wp-content\/uploads\/2024\/10\/logo-main-2.png\",\"contentUrl\":\"https:\/\/tarpak.pl\/wp-content\/uploads\/2024\/10\/logo-main-2.png\",\"width\":140,\"height\":47,\"caption\":\"TARPAK - Maszyny pakuj\u0105ce | kartoniarki i flowpacki\"},\"image\":{\"@id\":\"https:\/\/tarpak.pl\/#\/schema\/logo\/image\/\"}}]}<\/script>\n<!-- \/ Yoast SEO plugin. -->","yoast_head_json":{"title":"Kartonverschlie\u00dfer FPA 500P - TARPAK - Verpackungsmaschinen | Kartonagen und Flowpacks","robots":{"index":"index","follow":"follow","max-snippet":"max-snippet:-1","max-image-preview":"max-image-preview:large","max-video-preview":"max-video-preview:-1"},"canonical":"https:\/\/tarpak.pl\/de\/product\/zaklejarka-kartonow-fpa-500p\/","og_locale":"de_DE","og_type":"article","og_title":"Zaklejarka karton\u00f3w FPA 500P - TARPAK - Maszyny pakuj\u0105ce | kartoniarki i flowpacki","og_description":"P\u00f3\u0142automatyczna zaklejarka karton\u00f3w z czterema pasami nap\u0119dowymi, dociskaj\u0105cymi karton od g\u00f3ry i od bok\u00f3w.","og_url":"https:\/\/tarpak.pl\/de\/product\/zaklejarka-kartonow-fpa-500p\/","og_site_name":"TARPAK - Maszyny pakuj\u0105ce | kartoniarki i flowpacki","article_modified_time":"2025-01-10T10:54:30+00:00","og_image":[{"width":808,"height":686,"url":"https:\/\/tarpak.pl\/wp-content\/uploads\/2024\/11\/2FPA-500P.png","type":"image\/png"}],"twitter_card":"summary_large_image","twitter_misc":{"Gesch\u00e4tzte Lesezeit":"2\u00a0Minuten"},"schema":{"@context":"https:\/\/schema.org","@graph":[{"@type":"WebPage","@id":"https:\/\/tarpak.pl\/produkt\/zaklejarka-kartonow-fpa-500p\/","url":"https:\/\/tarpak.pl\/produkt\/zaklejarka-kartonow-fpa-500p\/","name":"Kartonverschlie\u00dfer FPA 500P - TARPAK - Verpackungsmaschinen | Kartonagen und Flowpacks","isPartOf":{"@id":"https:\/\/tarpak.pl\/#website"},"primaryImageOfPage":{"@id":"https:\/\/tarpak.pl\/produkt\/zaklejarka-kartonow-fpa-500p\/#primaryimage"},"image":{"@id":"https:\/\/tarpak.pl\/produkt\/zaklejarka-kartonow-fpa-500p\/#primaryimage"},"thumbnailUrl":"https:\/\/tarpak.pl\/wp-content\/uploads\/2024\/11\/2FPA-500P.png","datePublished":"2024-11-06T12:43:54+00:00","dateModified":"2025-01-10T10:54:30+00:00","breadcrumb":{"@id":"https:\/\/tarpak.pl\/produkt\/zaklejarka-kartonow-fpa-500p\/#breadcrumb"},"inLanguage":"de","potentialAction":[{"@type":"ReadAction","target":["https:\/\/tarpak.pl\/produkt\/zaklejarka-kartonow-fpa-500p\/"]}]},{"@type":"ImageObject","inLanguage":"de","@id":"https:\/\/tarpak.pl\/produkt\/zaklejarka-kartonow-fpa-500p\/#primaryimage","url":"https:\/\/tarpak.pl\/wp-content\/uploads\/2024\/11\/2FPA-500P.png","contentUrl":"https:\/\/tarpak.pl\/wp-content\/uploads\/2024\/11\/2FPA-500P.png","width":808,"height":686},{"@type":"BreadcrumbList","@id":"https:\/\/tarpak.pl\/produkt\/zaklejarka-kartonow-fpa-500p\/#breadcrumb","itemListElement":[{"@type":"ListItem","position":1,"name":"Strona g\u0142\u00f3wna","item":"https:\/\/tarpak.pl\/"},{"@type":"ListItem","position":2,"name":"Sklep","item":"https:\/\/tarpak.pl\/sklep\/"},{"@type":"ListItem","position":3,"name":"Zaklejarka karton\u00f3w FPA 500P"}]},{"@type":"WebSite","@id":"https:\/\/tarpak.pl\/#website","url":"https:\/\/tarpak.pl\/","name":"TARPAK - Verpackungsmaschinen | Kartonierer und Flowpacks","description":"Verpackungsmaschinen | Kartonierer und Flowpacks","publisher":{"@id":"https:\/\/tarpak.pl\/#organization"},"potentialAction":[{"@type":"SearchAction","target":{"@type":"EntryPoint","urlTemplate":"https:\/\/tarpak.pl\/?s={search_term_string}"},"query-input":{"@type":"PropertyValueSpecification","valueRequired":true,"valueName":"search_term_string"}}],"inLanguage":"de"},{"@type":"Organization","@id":"https:\/\/tarpak.pl\/#organization","name":"TARPAK - Verpackungsmaschinen | Kartonierer und Flowpacks","url":"https:\/\/tarpak.pl\/","logo":{"@type":"ImageObject","inLanguage":"de","@id":"https:\/\/tarpak.pl\/#\/schema\/logo\/image\/","url":"https:\/\/tarpak.pl\/wp-content\/uploads\/2024\/10\/logo-main-2.png","contentUrl":"https:\/\/tarpak.pl\/wp-content\/uploads\/2024\/10\/logo-main-2.png","width":140,"height":47,"caption":"TARPAK - Maszyny pakuj\u0105ce | kartoniarki i flowpacki"},"image":{"@id":"https:\/\/tarpak.pl\/#\/schema\/logo\/image\/"}}]}},"_links":{"self":[{"href":"https:\/\/tarpak.pl\/de\/wp-json\/wp\/v2\/product\/1000"}],"collection":[{"href":"https:\/\/tarpak.pl\/de\/wp-json\/wp\/v2\/product"}],"about":[{"href":"https:\/\/tarpak.pl\/de\/wp-json\/wp\/v2\/types\/product"}],"version-history":[{"count":0,"href":"https:\/\/tarpak.pl\/de\/wp-json\/wp\/v2\/product\/1000\/revisions"}],"wp:featuredmedia":[{"embeddable":true,"href":"https:\/\/tarpak.pl\/de\/wp-json\/wp\/v2\/media\/1050"}],"wp:attachment":[{"href":"https:\/\/tarpak.pl\/de\/wp-json\/wp\/v2\/media?parent=1000"}],"wp:term":[{"taxonomy":"product_cat","embeddable":true,"href":"https:\/\/tarpak.pl\/de\/wp-json\/wp\/v2\/product_cat?post=1000"},{"taxonomy":"product_tag","embeddable":true,"href":"https:\/\/tarpak.pl\/de\/wp-json\/wp\/v2\/product_tag?post=1000"}],"curies":[{"name":"wp","href":"https:\/\/api.w.org\/{rel}","templated":true}]}}