{"id":3,"date":"2024-10-30T11:19:29","date_gmt":"2024-10-30T11:19:29","guid":{"rendered":"https:\/\/tarpak.pl\/?page_id=3"},"modified":"2025-11-04T11:37:22","modified_gmt":"2025-11-04T10:37:22","slug":"polityka-prywatnosci","status":"publish","type":"page","link":"https:\/\/tarpak.pl\/de\/polityka-prywatnosci\/","title":{"rendered":"Datenschutzbestimmungen"},"content":{"rendered":"<h2 class=\"wp-block-heading\">PRIVACY POLICY<\/h2><p><strong>(Datenschutzpolitik)<\/strong><\/p><ol class=\"wp-block-list\"><li>Der Verwalter der personenbezogenen Daten, die in dem Umfang und zu dem Zweck verarbeitet werden, die f\u00fcr die Erbringung von Dienstleistungen und den Verkauf von Waren erforderlich sind, ist TARPAK Sp\u00f3\u0142ka z ograniczon\u0105 odpowiedzialno\u015bci\u0105 Sp. k. mit Sitz und Anschrift in Pozna\u0144,\u00a0<strong>Wo\u0142owska 92A\/313, 60-166 Pozna\u0144, NIP: 7792506953, REGON: 383699055, E-Mail:\u00a0<a href=\"mailto:office@tarpak.pl\">office@tarpak.pl<\/a> tel: <a href=\"tel:+48533322252\">+48 533 322\u00a0252<\/a><\/strong>\u00a0(Anschlusskosten nach dem Tarif des Betreibers des Kunden), f\u00fcr die die Registrierungsakten beim Bezirksgericht Pozna\u0144-Nowe Miasto und Wilda, VIII.\u00a0<strong>KRS 0000791390<\/strong>\u00a0(\"Verwalter\").<\/li><\/ol><ol start=\"2\" class=\"wp-block-list\"><li>Die Daten werden zum Zweck der Erbringung von Dienstleistungen und des Verkaufs von Waren sowie in den F\u00e4llen verarbeitet, in denen dies f\u00fcr die Erf\u00fcllung der rechtlich begr\u00fcndeten Zwecke des Verwalters erforderlich ist, insbesondere f\u00fcr die Zwecke der Direktvermarktung der eigenen Produkte oder Dienstleistungen des Verwalters oder f\u00fcr andere Zwecke, f\u00fcr die der Nutzer seine Zustimmung erteilt, sofern dies nach den geltenden Rechtsvorschriften erforderlich ist. Dies kann insbesondere die Zustimmung zum Erhalt von Korrespondenz und kommerzieller Kommunikation \u00fcber die eigenen Produkte und Dienstleistungen des Verwalters und der Kooperationspartner des Verwalters per E-Mail und Telefon umfassen. Die betroffene Person hat das Recht, ihre Zustimmung jederzeit zu widerrufen.<\/li><\/ol><ol start=\"3\" class=\"wp-block-list\"><li>Der f\u00fcr die Verarbeitung Verantwortliche verarbeitet die Daten rechtm\u00e4\u00dfig, erhebt sie f\u00fcr festgelegte rechtm\u00e4\u00dfige Zwecke und unterwirft sie keiner mit diesen Zwecken unvereinbaren Weiterverarbeitung. Die Daten werden nur in dem Umfang erhoben, der im Hinblick auf die Zwecke, f\u00fcr die sie verarbeitet werden, angemessen, notwendig und erforderlich ist. Der f\u00fcr die Verarbeitung Verantwortliche verarbeitet keine besonderen Kategorien von personenbezogenen Daten.<\/li><\/ol><ol start=\"4\" class=\"wp-block-list\"><li>Der Administrator unternimmt alle Anstrengungen, um die personenbezogenen Daten der Kunden und Nutzer vor dem unbefugten Zugriff Dritter zu sch\u00fctzen und wendet in diesem Zusammenhang hohe organisatorische und technische Sicherheitsma\u00dfnahmen an. Der Verwalter stellt personenbezogene Daten gem\u00e4\u00df den zwingenden gesetzlichen Bestimmungen nicht unbefugten Empf\u00e4ngern zur Verf\u00fcgung.  Der Verwalter kann durch eine schriftliche Vereinbarung eine andere Stelle mit der Verarbeitung personenbezogener Daten im Namen des Verwalters betrauen. Die Daten d\u00fcrfen nur an Stellen weitergegeben werden, die nach den zwingenden gesetzlichen Bestimmungen zum Empfang berechtigt sind.<\/li><\/ol><ol start=\"5\" class=\"wp-block-list\"><li>Der f\u00fcr die Verarbeitung Verantwortliche bewahrt die Daten so lange auf, wie es f\u00fcr die Erf\u00fcllung des Vertrags erforderlich ist, und so lange, wie es in den einschl\u00e4gigen Rechtsvorschriften vorgesehen ist, und nicht l\u00e4nger, als es f\u00fcr die Zwecke erforderlich ist, die sich aus den von dem f\u00fcr die Verarbeitung Verantwortlichen oder einem Dritten verfolgten berechtigten Interessen ergeben, d. h. unter anderem f\u00fcr die Geltendmachung von Anspr\u00fcchen in Bezug auf das Gesch\u00e4ft. F\u00fcr Zwecke, f\u00fcr die die betroffene Person in die Verarbeitung ihrer personenbezogenen Daten eingewilligt hat, werden die Daten gespeichert, bis die Einwilligung widerrufen wird.<\/li><\/ol><ol start=\"6\" class=\"wp-block-list\"><li>Die betroffene Person hat das Recht, von dem f\u00fcr die Verarbeitung Verantwortlichen Auskunft \u00fcber den Inhalt ihrer personenbezogenen Daten zu verlangen, sowie das Recht auf Berichtigung, L\u00f6schung oder Einschr\u00e4nkung der Verarbeitung und das Recht, in gesetzlich festgelegten F\u00e4llen Widerspruch gegen die Verarbeitung einzulegen, sowie das Recht auf Daten\u00fcbertragbarkeit. Die betroffene Person hat au\u00dferdem das Recht, sich bei einer Aufsichtsbeh\u00f6rde zu beschweren, wenn eine unrechtm\u00e4\u00dfige Verarbeitung ihrer personenbezogenen Daten festgestellt wird.<\/li><\/ol><ol start=\"7\" class=\"wp-block-list\"><li>Hat die betroffene Person in die Verarbeitung ihrer personenbezogenen Daten f\u00fcr einen oder mehrere bestimmte Zwecke eingewilligt, so hat sie das Recht, ihre Einwilligung jederzeit zu widerrufen.<\/li><\/ol><ol start=\"8\" class=\"wp-block-list\"><li>Die Bereitstellung personenbezogener Daten ist freiwillig, die Nichtbereitstellung der als notwendig gekennzeichneten Daten macht jedoch eine Registrierung oder Bestellung unm\u00f6glich. Ist die Verarbeitung der Daten zur Erf\u00fcllung eines Vertrages, dessen Vertragspartei die betroffene Person ist, oder zur Durchf\u00fchrung einer Ma\u00dfnahme auf Antrag der betroffenen Person vor Abschluss eines Vertrages erforderlich, so ist die Bereitstellung der erforderlichen und spezifizierten Daten notwendig.<\/li><\/ol><ol start=\"9\" class=\"wp-block-list\"><li>Der Administrator verwendet kein Profiling.<\/li><\/ol><ol start=\"10\" class=\"wp-block-list\"><li>F\u00fcr weitere Informationen zu dieser Datenschutzerkl\u00e4rung und zu Fragen der Grunds\u00e4tze der Verarbeitung und des Schutzes personenbezogener Daten bei der f\u00fcr die Verarbeitung Verantwortlichen wenden Sie sich bitte an den Datenschutzbeauftragten.<br><\/li><\/ol><ol start=\"11\" class=\"wp-block-list\"><li>Cookies. Der Administrator kann Cookies verwenden, wenn ein Nutzer die \u00fcber die Website verf\u00fcgbaren Dienste in Anspruch nimmt. Die Cookies, die auf der Website verwendet werden k\u00f6nnen, sind nur mit dem Browser eines bestimmten Computers verbunden - der Benutzer ist anonym (ohne Angabe des Benutzernamens). Es handelt sich um Informationen, die vom Server des Administrators auf dem Computer des Nutzers gespeichert werden und die vom Server des Administrators jedes Mal gelesen werden k\u00f6nnen, wenn der Computer des Nutzers angeschlossen wird. Cookies liefern statistische Daten \u00fcber den Verkehr der Nutzer und ihre Nutzung der verschiedenen Seiten der Website des Administrators. Der Verwalter kann auch Cookies setzen, um den Benutzerverkehr auf der Website zu \u00fcberwachen. Der Nutzer kann jederzeit w\u00e4hlen, wie er mit Cookies im Webbereich umgehen m\u00f6chte, indem er die automatische Handhabung von Cookies durch eine individuelle Handhabung ersetzt (Nutzereinstellungen). Detaillierte Informationen hierzu werden von den Anbietern der Webzonen-Software (Browser) zur Verf\u00fcgung gestellt, in der Regel unter \"Internetoptionen\" oder \u00e4hnlichem. Die Deaktivierung der Option des Nutzers, Cookies in seinem Browser zu akzeptieren - das Blockieren, das Auffordern dazu kann die Nutzung einiger Dienste des Administrators erschweren oder gar unm\u00f6glich machen.<\/li><\/ol>","protected":false},"excerpt":{"rendered":"<p>PRIVACY POLICY (Datenschutzpolitik)<\/p>","protected":false},"author":1,"featured_media":0,"parent":0,"menu_order":0,"comment_status":"closed","ping_status":"closed","template":"","meta":{"_bst_post_transparent":"","_bst_post_title":"","_bst_post_layout":"","_bst_post_sidebar_id":"","_bst_post_content_style":"","_bst_post_vertical_padding":"","_bst_post_feature":"","_bst_post_feature_position":"","_bst_post_header":false,"_bst_post_footer":false,"footnotes":""},"class_list":["post-3","page","type-page","status-publish","hentry"],"yoast_head":"<!-- This site is optimized with the Yoast SEO plugin v24.3 - https:\/\/yoast.com\/wordpress\/plugins\/seo\/ -->\n<title>Polityka prywatno\u015bci - TARPAK - Maszyny pakuj\u0105ce | kartoniarki i flowpacki<\/title>\n<meta name=\"robots\" content=\"index, follow, max-snippet:-1, max-image-preview:large, max-video-preview:-1\" \/>\n<link rel=\"canonical\" href=\"https:\/\/tarpak.pl\/de\/polityka-prywatnosci\/\" \/>\n<meta property=\"og:locale\" content=\"de_DE\" \/>\n<meta property=\"og:type\" content=\"article\" \/>\n<meta property=\"og:title\" content=\"Polityka prywatno\u015bci - TARPAK - Maszyny pakuj\u0105ce | kartoniarki i flowpacki\" \/>\n<meta property=\"og:description\" content=\"POLITYKA PRYWATNO\u015aCI (Polityka ochrony danych osobowych)\" \/>\n<meta property=\"og:url\" content=\"https:\/\/tarpak.pl\/de\/polityka-prywatnosci\/\" \/>\n<meta property=\"og:site_name\" content=\"TARPAK - Maszyny pakuj\u0105ce | kartoniarki i flowpacki\" \/>\n<meta property=\"article:modified_time\" content=\"2025-11-04T10:37:22+00:00\" \/>\n<meta name=\"twitter:card\" content=\"summary_large_image\" \/>\n<meta name=\"twitter:label1\" content=\"Gesch\u00e4tzte Lesezeit\" \/>\n\t<meta name=\"twitter:data1\" content=\"4\u00a0Minuten\" \/>\n<script type=\"application\/ld+json\" class=\"yoast-schema-graph\">{\"@context\":\"https:\/\/schema.org\",\"@graph\":[{\"@type\":\"WebPage\",\"@id\":\"https:\/\/tarpak.pl\/polityka-prywatnosci\/\",\"url\":\"https:\/\/tarpak.pl\/polityka-prywatnosci\/\",\"name\":\"Polityka prywatno\u015bci - TARPAK - Maszyny pakuj\u0105ce | kartoniarki i flowpacki\",\"isPartOf\":{\"@id\":\"https:\/\/tarpak.pl\/#website\"},\"datePublished\":\"2024-10-30T11:19:29+00:00\",\"dateModified\":\"2025-11-04T10:37:22+00:00\",\"breadcrumb\":{\"@id\":\"https:\/\/tarpak.pl\/polityka-prywatnosci\/#breadcrumb\"},\"inLanguage\":\"de\",\"potentialAction\":[{\"@type\":\"ReadAction\",\"target\":[\"https:\/\/tarpak.pl\/polityka-prywatnosci\/\"]}]},{\"@type\":\"BreadcrumbList\",\"@id\":\"https:\/\/tarpak.pl\/polityka-prywatnosci\/#breadcrumb\",\"itemListElement\":[{\"@type\":\"ListItem\",\"position\":1,\"name\":\"Strona g\u0142\u00f3wna\",\"item\":\"https:\/\/tarpak.pl\/\"},{\"@type\":\"ListItem\",\"position\":2,\"name\":\"Polityka prywatno\u015bci\"}]},{\"@type\":\"WebSite\",\"@id\":\"https:\/\/tarpak.pl\/#website\",\"url\":\"https:\/\/tarpak.pl\/\",\"name\":\"TARPAK - Maszyny pakuj\u0105ce | kartoniarki i flowpacki\",\"description\":\"Maszyny pakuj\u0105ce | kartoniarki i flowpacki\",\"publisher\":{\"@id\":\"https:\/\/tarpak.pl\/#organization\"},\"potentialAction\":[{\"@type\":\"SearchAction\",\"target\":{\"@type\":\"EntryPoint\",\"urlTemplate\":\"https:\/\/tarpak.pl\/?s={search_term_string}\"},\"query-input\":{\"@type\":\"PropertyValueSpecification\",\"valueRequired\":true,\"valueName\":\"search_term_string\"}}],\"inLanguage\":\"de\"},{\"@type\":\"Organization\",\"@id\":\"https:\/\/tarpak.pl\/#organization\",\"name\":\"TARPAK - Maszyny pakuj\u0105ce | kartoniarki i flowpacki\",\"url\":\"https:\/\/tarpak.pl\/\",\"logo\":{\"@type\":\"ImageObject\",\"inLanguage\":\"de\",\"@id\":\"https:\/\/tarpak.pl\/#\/schema\/logo\/image\/\",\"url\":\"https:\/\/tarpak.pl\/wp-content\/uploads\/2024\/10\/logo-main-2.png\",\"contentUrl\":\"https:\/\/tarpak.pl\/wp-content\/uploads\/2024\/10\/logo-main-2.png\",\"width\":140,\"height\":47,\"caption\":\"TARPAK - Maszyny pakuj\u0105ce | kartoniarki i flowpacki\"},\"image\":{\"@id\":\"https:\/\/tarpak.pl\/#\/schema\/logo\/image\/\"}}]}<\/script>\n<!-- \/ Yoast SEO plugin. -->","yoast_head_json":{"title":"Datenschutzerkl\u00e4rung - TARPAK - Verpackungsmaschinen | Kartonierer und Flowpacks","robots":{"index":"index","follow":"follow","max-snippet":"max-snippet:-1","max-image-preview":"max-image-preview:large","max-video-preview":"max-video-preview:-1"},"canonical":"https:\/\/tarpak.pl\/de\/polityka-prywatnosci\/","og_locale":"de_DE","og_type":"article","og_title":"Polityka prywatno\u015bci - TARPAK - Maszyny pakuj\u0105ce | kartoniarki i flowpacki","og_description":"POLITYKA PRYWATNO\u015aCI (Polityka ochrony danych osobowych)","og_url":"https:\/\/tarpak.pl\/de\/polityka-prywatnosci\/","og_site_name":"TARPAK - Maszyny pakuj\u0105ce | kartoniarki i flowpacki","article_modified_time":"2025-11-04T10:37:22+00:00","twitter_card":"summary_large_image","twitter_misc":{"Gesch\u00e4tzte Lesezeit":"4\u00a0Minuten"},"schema":{"@context":"https:\/\/schema.org","@graph":[{"@type":"WebPage","@id":"https:\/\/tarpak.pl\/polityka-prywatnosci\/","url":"https:\/\/tarpak.pl\/polityka-prywatnosci\/","name":"Datenschutzerkl\u00e4rung - TARPAK - Verpackungsmaschinen | Kartonierer und Flowpacks","isPartOf":{"@id":"https:\/\/tarpak.pl\/#website"},"datePublished":"2024-10-30T11:19:29+00:00","dateModified":"2025-11-04T10:37:22+00:00","breadcrumb":{"@id":"https:\/\/tarpak.pl\/polityka-prywatnosci\/#breadcrumb"},"inLanguage":"de","potentialAction":[{"@type":"ReadAction","target":["https:\/\/tarpak.pl\/polityka-prywatnosci\/"]}]},{"@type":"BreadcrumbList","@id":"https:\/\/tarpak.pl\/polityka-prywatnosci\/#breadcrumb","itemListElement":[{"@type":"ListItem","position":1,"name":"Strona g\u0142\u00f3wna","item":"https:\/\/tarpak.pl\/"},{"@type":"ListItem","position":2,"name":"Polityka prywatno\u015bci"}]},{"@type":"WebSite","@id":"https:\/\/tarpak.pl\/#website","url":"https:\/\/tarpak.pl\/","name":"TARPAK - Verpackungsmaschinen | Kartonierer und Flowpacks","description":"Verpackungsmaschinen | Kartonierer und Flowpacks","publisher":{"@id":"https:\/\/tarpak.pl\/#organization"},"potentialAction":[{"@type":"SearchAction","target":{"@type":"EntryPoint","urlTemplate":"https:\/\/tarpak.pl\/?s={search_term_string}"},"query-input":{"@type":"PropertyValueSpecification","valueRequired":true,"valueName":"search_term_string"}}],"inLanguage":"de"},{"@type":"Organization","@id":"https:\/\/tarpak.pl\/#organization","name":"TARPAK - Verpackungsmaschinen | Kartonierer und Flowpacks","url":"https:\/\/tarpak.pl\/","logo":{"@type":"ImageObject","inLanguage":"de","@id":"https:\/\/tarpak.pl\/#\/schema\/logo\/image\/","url":"https:\/\/tarpak.pl\/wp-content\/uploads\/2024\/10\/logo-main-2.png","contentUrl":"https:\/\/tarpak.pl\/wp-content\/uploads\/2024\/10\/logo-main-2.png","width":140,"height":47,"caption":"TARPAK - Maszyny pakuj\u0105ce | kartoniarki i flowpacki"},"image":{"@id":"https:\/\/tarpak.pl\/#\/schema\/logo\/image\/"}}]}},"_links":{"self":[{"href":"https:\/\/tarpak.pl\/de\/wp-json\/wp\/v2\/pages\/3"}],"collection":[{"href":"https:\/\/tarpak.pl\/de\/wp-json\/wp\/v2\/pages"}],"about":[{"href":"https:\/\/tarpak.pl\/de\/wp-json\/wp\/v2\/types\/page"}],"author":[{"embeddable":true,"href":"https:\/\/tarpak.pl\/de\/wp-json\/wp\/v2\/users\/1"}],"replies":[{"embeddable":true,"href":"https:\/\/tarpak.pl\/de\/wp-json\/wp\/v2\/comments?post=3"}],"version-history":[{"count":1,"href":"https:\/\/tarpak.pl\/de\/wp-json\/wp\/v2\/pages\/3\/revisions"}],"predecessor-version":[{"id":4682,"href":"https:\/\/tarpak.pl\/de\/wp-json\/wp\/v2\/pages\/3\/revisions\/4682"}],"wp:attachment":[{"href":"https:\/\/tarpak.pl\/de\/wp-json\/wp\/v2\/media?parent=3"}],"curies":[{"name":"wp","href":"https:\/\/api.w.org\/{rel}","templated":true}]}}