{"id":2857,"date":"2025-01-08T11:19:05","date_gmt":"2025-01-08T11:19:05","guid":{"rendered":"https:\/\/tarpak.pl\/?page_id=2857"},"modified":"2025-01-27T17:44:53","modified_gmt":"2025-01-27T17:44:53","slug":"jak-wybrac-odpowiedni-podajnik-wibracyjny","status":"publish","type":"page","link":"https:\/\/tarpak.pl\/de\/jak-wybrac-odpowiedni-podajnik-wibracyjny\/","title":{"rendered":"Wie w\u00e4hle ich den richtigen Vibrationsf\u00f6rderer aus?"},"content":{"rendered":"<div data-elementor-type=\"wp-page\" data-elementor-id=\"2857\" class=\"elementor elementor-2857\" data-elementor-post-type=\"page\">\n\t\t\t\t<div class=\"elementor-element elementor-element-3af7ed3 e-flex e-con-boxed e-con e-parent\" data-id=\"3af7ed3\" data-element_type=\"container\">\n\t\t\t\t\t<div class=\"e-con-inner\">\n\t\t<div class=\"elementor-element elementor-element-a0470ff e-con-full e-flex e-con e-child\" data-id=\"a0470ff\" data-element_type=\"container\">\n\t\t\t\t<div class=\"elementor-element elementor-element-050165f watermark elementor-widget elementor-widget-heading\" data-id=\"050165f\" data-element_type=\"widget\" data-settings=\"{&quot;motion_fx_motion_fx_scrolling&quot;:&quot;yes&quot;,&quot;motion_fx_translateX_effect&quot;:&quot;yes&quot;,&quot;motion_fx_translateX_direction&quot;:&quot;negative&quot;,&quot;motion_fx_translateX_speed&quot;:{&quot;unit&quot;:&quot;px&quot;,&quot;size&quot;:3,&quot;sizes&quot;:[]},&quot;motion_fx_translateX_affectedRange&quot;:{&quot;unit&quot;:&quot;%&quot;,&quot;size&quot;:&quot;&quot;,&quot;sizes&quot;:{&quot;start&quot;:0,&quot;end&quot;:100}},&quot;motion_fx_devices&quot;:[&quot;desktop&quot;,&quot;tablet&quot;,&quot;mobile&quot;]}\" data-widget_type=\"heading.default\">\n\t\t\t\t<div class=\"elementor-widget-container\">\n\t\t\t\t\t<h3 class=\"elementor-heading-title elementor-size-default\">Wie w\u00e4hle ich den richtigen Vibrationsf\u00f6rderer aus?<\/h3>\t\t\t\t<\/div>\n\t\t\t\t<\/div>\n\t\t\t\t<div class=\"elementor-element elementor-element-5cef8a7 elementor-widget elementor-widget-heading\" data-id=\"5cef8a7\" data-element_type=\"widget\" data-widget_type=\"heading.default\">\n\t\t\t\t<div class=\"elementor-widget-container\">\n\t\t\t\t\t<h2 class=\"elementor-heading-title elementor-size-default\">Wie w\u00e4hle ich den richtigen Vibrationsf\u00f6rderer aus?<\/h2>\t\t\t\t<\/div>\n\t\t\t\t<\/div>\n\t\t\t\t<div class=\"elementor-element elementor-element-1b25975 elementor-widget elementor-widget-heading\" data-id=\"1b25975\" data-element_type=\"widget\" data-widget_type=\"heading.default\">\n\t\t\t\t<div class=\"elementor-widget-container\">\n\t\t\t\t\t<h3 class=\"elementor-heading-title elementor-size-default\">Um den besten Vibrationsf\u00f6rderer auszuw\u00e4hlen, beantworten Sie bitte folgende\nFragen:<\/h3>\t\t\t\t<\/div>\n\t\t\t\t<\/div>\n\t\t\t\t<div class=\"elementor-element elementor-element-c781075 elementor-widget elementor-widget-text-editor\" data-id=\"c781075\" data-element_type=\"widget\" data-widget_type=\"text-editor.default\">\n\t\t\t\t<div class=\"elementor-widget-container\">\n\t\t\t\t\t\t\t\t\t<ul>\n<li>Eine Zeichnung der zu liefernden Teile, einschlie\u00dflich Toleranzen, ist erforderlich (vorzugsweise sind auch Fotos der genauen Teile akzeptabel).\nAm besten ist es, wenn Sie uns auch die Teile zusenden, Fotos mit genauen Abmessungen sind akzeptabel.\nAbmessungen).<\/li>\n<li>Genaue Informationen \u00fcber die gew\u00fcnschte Ausrichtung - die Position des Werkst\u00fccks, wenn es\npositioniert werden muss.<\/li>\n<li>Wie hoch ist die erforderliche Zuf\u00fchrungsrate - St\u00fcck\/Min. oder die Zykluszeit der Maschine\nzur Aufnahme der Werkst\u00fccke?<\/li>\n<li>Was sind die Anforderungen an die Autonomie des Futterautomaten - wie oft muss der Futterautomat nachgef\u00fcllt werden und wie?\nund wie (manuell oder automatisch)?<\/li>\n<li>Welche L\u00e4nge sollte der Linearf\u00f6rderer haben?<\/li>\n<li>Wie wird das Werkst\u00fcck aufgenommen (Roboter, Roboter, manuell)?<\/li>\n<li>Es besteht die M\u00f6glichkeit, unsere Ger\u00e4te in einer Rohversion zur Selbstmontage und Endbearbeitung zu liefern.\nMontage und Endbearbeitung auf Ihren speziellen Wunsch - welche Variante w\u00fcnschen Sie?\nwas ist Ihr Interesse?<\/li>\n<li>Was sind die Vorgaben f\u00fcr den Stand oder die Strecke, auf der die\n(Skizze der gesamten Strecke, Fotos der in Betrieb befindlichen Strecke oder Kurzfilm)?<\/li>\n<li>Es w\u00e4re hilfreich, Informationen \u00fcber die angegebenen Details zu haben, wie z. B.: fettig,\n\u00f6lig, staubig, leicht zu besch\u00e4digen, usw. sind hilfreich.<\/li>\n<li>Zus\u00e4tzliche Hinweise auf besondere Anforderungen, z. B. zul\u00e4ssiger\nL\u00e4rmpegel, Handhabung von Werkst\u00fccken in gro\u00dfer H\u00f6he oder Entfernung, Anforderungen f\u00fcr die\nLebensmittel- oder Pharmaindustrie (FDA-Zulassungen) oder andere\ndie f\u00fcr Sie relevant sind.<\/li>\n<\/ul>\t\t\t\t\t\t\t\t<\/div>\n\t\t\t\t<\/div>\n\t\t\t\t<\/div>\n\t\t\t\t\t<\/div>\n\t\t\t\t<\/div>\n\t\t\t\t<\/div>","protected":false},"excerpt":{"rendered":"<p>Wie w\u00e4hlt man den richtigen Vibrationsf\u00f6rderer aus? Wie w\u00e4hle ich den richtigen Vibrationsf\u00f6rderer aus? Um den besten Vibrationsf\u00f6rderer auszuw\u00e4hlen, beantworten Sie bitte die folgenden Fragen: Eine Zeichnung der zuzuf\u00fchrenden Teile mit Toleranzen ist erforderlich (am besten schicken Sie die Teile mit, Fotos mit genauen Abmessungen sind akzeptabel). Genaue Angaben \u00fcber die gew\u00fcnschte Ausrichtung - Position des Werkst\u00fccks ist erforderlich, wenn sie...<\/p>","protected":false},"author":1,"featured_media":0,"parent":0,"menu_order":0,"comment_status":"closed","ping_status":"closed","template":"","meta":{"_bst_post_transparent":"","_bst_post_title":"default","_bst_post_layout":"default","_bst_post_sidebar_id":"","_bst_post_content_style":"unboxed","_bst_post_vertical_padding":"default","_bst_post_feature":"hide","_bst_post_feature_position":"","_bst_post_header":false,"_bst_post_footer":false,"footnotes":""},"class_list":["post-2857","page","type-page","status-publish","hentry"],"yoast_head":"<!-- This site is optimized with the Yoast SEO plugin v24.3 - https:\/\/yoast.com\/wordpress\/plugins\/seo\/ -->\n<title>Jak wybra\u0107 odpowiedni podajnik wibracyjny? - TARPAK - Maszyny pakuj\u0105ce | kartoniarki i flowpacki<\/title>\n<meta name=\"robots\" content=\"index, follow, max-snippet:-1, max-image-preview:large, max-video-preview:-1\" \/>\n<link rel=\"canonical\" href=\"https:\/\/tarpak.pl\/de\/jak-wybrac-odpowiedni-podajnik-wibracyjny\/\" \/>\n<meta property=\"og:locale\" content=\"de_DE\" \/>\n<meta property=\"og:type\" content=\"article\" \/>\n<meta property=\"og:title\" content=\"Jak wybra\u0107 odpowiedni podajnik wibracyjny? - TARPAK - Maszyny pakuj\u0105ce | kartoniarki i flowpacki\" \/>\n<meta property=\"og:description\" content=\"Jak wybra\u0107 odpowiedni podajnik wibracyjny? Jak wybra\u0107 odpowiedni podajnik wibracyjny? W celu dobrania najlepszego podajnika wibracyjnego prosz\u0119 o odpowied\u017a na poni\u017cej zadane pytania: Konieczny jest rysunek podawanych cz\u0119\u015bci wraz z tolerancjami (najlepszym rozwi\u0105zaniem jest przes\u0142anie r\u00f3wnie\u017c cz\u0119\u015bci, dopuszczalne s\u0105 zdj\u0119cia z dok\u0142adnymi wymiarami). Niezb\u0119dna jest precyzyjna informacja o \u017c\u0105danej orientacji \u2013 pozycji detalu, je\u015bli wymagaj\u0105...\" \/>\n<meta property=\"og:url\" content=\"https:\/\/tarpak.pl\/de\/jak-wybrac-odpowiedni-podajnik-wibracyjny\/\" \/>\n<meta property=\"og:site_name\" content=\"TARPAK - Maszyny pakuj\u0105ce | kartoniarki i flowpacki\" \/>\n<meta property=\"article:modified_time\" content=\"2025-01-27T17:44:53+00:00\" \/>\n<meta name=\"twitter:card\" content=\"summary_large_image\" \/>\n<meta name=\"twitter:label1\" content=\"Gesch\u00e4tzte Lesezeit\" \/>\n\t<meta name=\"twitter:data1\" content=\"1\u00a0Minute\" \/>\n<script type=\"application\/ld+json\" class=\"yoast-schema-graph\">{\"@context\":\"https:\/\/schema.org\",\"@graph\":[{\"@type\":\"WebPage\",\"@id\":\"https:\/\/tarpak.pl\/jak-wybrac-odpowiedni-podajnik-wibracyjny\/\",\"url\":\"https:\/\/tarpak.pl\/jak-wybrac-odpowiedni-podajnik-wibracyjny\/\",\"name\":\"Jak wybra\u0107 odpowiedni podajnik wibracyjny? - TARPAK - Maszyny pakuj\u0105ce | kartoniarki i flowpacki\",\"isPartOf\":{\"@id\":\"https:\/\/tarpak.pl\/#website\"},\"datePublished\":\"2025-01-08T11:19:05+00:00\",\"dateModified\":\"2025-01-27T17:44:53+00:00\",\"breadcrumb\":{\"@id\":\"https:\/\/tarpak.pl\/jak-wybrac-odpowiedni-podajnik-wibracyjny\/#breadcrumb\"},\"inLanguage\":\"de\",\"potentialAction\":[{\"@type\":\"ReadAction\",\"target\":[\"https:\/\/tarpak.pl\/jak-wybrac-odpowiedni-podajnik-wibracyjny\/\"]}]},{\"@type\":\"BreadcrumbList\",\"@id\":\"https:\/\/tarpak.pl\/jak-wybrac-odpowiedni-podajnik-wibracyjny\/#breadcrumb\",\"itemListElement\":[{\"@type\":\"ListItem\",\"position\":1,\"name\":\"Strona g\u0142\u00f3wna\",\"item\":\"https:\/\/tarpak.pl\/\"},{\"@type\":\"ListItem\",\"position\":2,\"name\":\"Jak wybra\u0107 odpowiedni podajnik wibracyjny?\"}]},{\"@type\":\"WebSite\",\"@id\":\"https:\/\/tarpak.pl\/#website\",\"url\":\"https:\/\/tarpak.pl\/\",\"name\":\"TARPAK - Maszyny pakuj\u0105ce | kartoniarki i flowpacki\",\"description\":\"Maszyny pakuj\u0105ce | kartoniarki i flowpacki\",\"publisher\":{\"@id\":\"https:\/\/tarpak.pl\/#organization\"},\"potentialAction\":[{\"@type\":\"SearchAction\",\"target\":{\"@type\":\"EntryPoint\",\"urlTemplate\":\"https:\/\/tarpak.pl\/?s={search_term_string}\"},\"query-input\":{\"@type\":\"PropertyValueSpecification\",\"valueRequired\":true,\"valueName\":\"search_term_string\"}}],\"inLanguage\":\"de\"},{\"@type\":\"Organization\",\"@id\":\"https:\/\/tarpak.pl\/#organization\",\"name\":\"TARPAK - Maszyny pakuj\u0105ce | kartoniarki i flowpacki\",\"url\":\"https:\/\/tarpak.pl\/\",\"logo\":{\"@type\":\"ImageObject\",\"inLanguage\":\"de\",\"@id\":\"https:\/\/tarpak.pl\/#\/schema\/logo\/image\/\",\"url\":\"https:\/\/tarpak.pl\/wp-content\/uploads\/2024\/10\/logo-main-2.png\",\"contentUrl\":\"https:\/\/tarpak.pl\/wp-content\/uploads\/2024\/10\/logo-main-2.png\",\"width\":140,\"height\":47,\"caption\":\"TARPAK - Maszyny pakuj\u0105ce | kartoniarki i flowpacki\"},\"image\":{\"@id\":\"https:\/\/tarpak.pl\/#\/schema\/logo\/image\/\"}}]}<\/script>\n<!-- \/ Yoast SEO plugin. -->","yoast_head_json":{"title":"Wie w\u00e4hlt man den richtigen Vibrationsf\u00f6rderer? - TARPAK - Verpackungsmaschinen | Kartonierer und Flowpacks","robots":{"index":"index","follow":"follow","max-snippet":"max-snippet:-1","max-image-preview":"max-image-preview:large","max-video-preview":"max-video-preview:-1"},"canonical":"https:\/\/tarpak.pl\/de\/jak-wybrac-odpowiedni-podajnik-wibracyjny\/","og_locale":"de_DE","og_type":"article","og_title":"Jak wybra\u0107 odpowiedni podajnik wibracyjny? - TARPAK - Maszyny pakuj\u0105ce | kartoniarki i flowpacki","og_description":"Jak wybra\u0107 odpowiedni podajnik wibracyjny? Jak wybra\u0107 odpowiedni podajnik wibracyjny? W celu dobrania najlepszego podajnika wibracyjnego prosz\u0119 o odpowied\u017a na poni\u017cej zadane pytania: Konieczny jest rysunek podawanych cz\u0119\u015bci wraz z tolerancjami (najlepszym rozwi\u0105zaniem jest przes\u0142anie r\u00f3wnie\u017c cz\u0119\u015bci, dopuszczalne s\u0105 zdj\u0119cia z dok\u0142adnymi wymiarami). Niezb\u0119dna jest precyzyjna informacja o \u017c\u0105danej orientacji \u2013 pozycji detalu, je\u015bli wymagaj\u0105...","og_url":"https:\/\/tarpak.pl\/de\/jak-wybrac-odpowiedni-podajnik-wibracyjny\/","og_site_name":"TARPAK - Maszyny pakuj\u0105ce | kartoniarki i flowpacki","article_modified_time":"2025-01-27T17:44:53+00:00","twitter_card":"summary_large_image","twitter_misc":{"Gesch\u00e4tzte Lesezeit":"1\u00a0Minute"},"schema":{"@context":"https:\/\/schema.org","@graph":[{"@type":"WebPage","@id":"https:\/\/tarpak.pl\/jak-wybrac-odpowiedni-podajnik-wibracyjny\/","url":"https:\/\/tarpak.pl\/jak-wybrac-odpowiedni-podajnik-wibracyjny\/","name":"Wie w\u00e4hlt man den richtigen Vibrationsf\u00f6rderer? - TARPAK - Verpackungsmaschinen | Kartonierer und Flowpacks","isPartOf":{"@id":"https:\/\/tarpak.pl\/#website"},"datePublished":"2025-01-08T11:19:05+00:00","dateModified":"2025-01-27T17:44:53+00:00","breadcrumb":{"@id":"https:\/\/tarpak.pl\/jak-wybrac-odpowiedni-podajnik-wibracyjny\/#breadcrumb"},"inLanguage":"de","potentialAction":[{"@type":"ReadAction","target":["https:\/\/tarpak.pl\/jak-wybrac-odpowiedni-podajnik-wibracyjny\/"]}]},{"@type":"BreadcrumbList","@id":"https:\/\/tarpak.pl\/jak-wybrac-odpowiedni-podajnik-wibracyjny\/#breadcrumb","itemListElement":[{"@type":"ListItem","position":1,"name":"Strona g\u0142\u00f3wna","item":"https:\/\/tarpak.pl\/"},{"@type":"ListItem","position":2,"name":"Jak wybra\u0107 odpowiedni podajnik wibracyjny?"}]},{"@type":"WebSite","@id":"https:\/\/tarpak.pl\/#website","url":"https:\/\/tarpak.pl\/","name":"TARPAK - Verpackungsmaschinen | Kartonierer und Flowpacks","description":"Verpackungsmaschinen | Kartonierer und Flowpacks","publisher":{"@id":"https:\/\/tarpak.pl\/#organization"},"potentialAction":[{"@type":"SearchAction","target":{"@type":"EntryPoint","urlTemplate":"https:\/\/tarpak.pl\/?s={search_term_string}"},"query-input":{"@type":"PropertyValueSpecification","valueRequired":true,"valueName":"search_term_string"}}],"inLanguage":"de"},{"@type":"Organization","@id":"https:\/\/tarpak.pl\/#organization","name":"TARPAK - Verpackungsmaschinen | Kartonierer und Flowpacks","url":"https:\/\/tarpak.pl\/","logo":{"@type":"ImageObject","inLanguage":"de","@id":"https:\/\/tarpak.pl\/#\/schema\/logo\/image\/","url":"https:\/\/tarpak.pl\/wp-content\/uploads\/2024\/10\/logo-main-2.png","contentUrl":"https:\/\/tarpak.pl\/wp-content\/uploads\/2024\/10\/logo-main-2.png","width":140,"height":47,"caption":"TARPAK - Maszyny pakuj\u0105ce | kartoniarki i flowpacki"},"image":{"@id":"https:\/\/tarpak.pl\/#\/schema\/logo\/image\/"}}]}},"_links":{"self":[{"href":"https:\/\/tarpak.pl\/de\/wp-json\/wp\/v2\/pages\/2857"}],"collection":[{"href":"https:\/\/tarpak.pl\/de\/wp-json\/wp\/v2\/pages"}],"about":[{"href":"https:\/\/tarpak.pl\/de\/wp-json\/wp\/v2\/types\/page"}],"author":[{"embeddable":true,"href":"https:\/\/tarpak.pl\/de\/wp-json\/wp\/v2\/users\/1"}],"replies":[{"embeddable":true,"href":"https:\/\/tarpak.pl\/de\/wp-json\/wp\/v2\/comments?post=2857"}],"version-history":[{"count":0,"href":"https:\/\/tarpak.pl\/de\/wp-json\/wp\/v2\/pages\/2857\/revisions"}],"wp:attachment":[{"href":"https:\/\/tarpak.pl\/de\/wp-json\/wp\/v2\/media?parent=2857"}],"curies":[{"name":"wp","href":"https:\/\/api.w.org\/{rel}","templated":true}]}}